{"id":8780,"date":"2025-04-10T16:22:21","date_gmt":"2025-04-10T14:22:21","guid":{"rendered":"https:\/\/dynamicsberatung2025.live-website.com\/?page_id=8780"},"modified":"2025-05-24T10:13:50","modified_gmt":"2025-05-24T08:13:50","slug":"styleguide","status":"publish","type":"page","link":"https:\/\/navision-beratung.de\/pl\/tests-spaeter-loeschen\/styleguide\/","title":{"rendered":"StyleGuide"},"content":{"rendered":"<div data-elementor-type=\"wp-page\" data-elementor-id=\"8780\" class=\"elementor elementor-8780\" data-elementor-post-type=\"page\">\n\t\t\t\t<div class=\"elementor-element elementor-element-07e0eea e-flex e-con-boxed e-con e-parent\" data-id=\"07e0eea\" data-element_type=\"container\" data-settings=\"{&quot;background_background&quot;:&quot;classic&quot;}\">\n\t\t\t\t\t<div class=\"e-con-inner\">\n\t\t\t\t\t<\/div>\n\t\t\t\t<\/div>\n\t\t<div class=\"elementor-element elementor-element-64f6cd1 e-flex e-con-boxed e-con e-parent\" data-id=\"64f6cd1\" data-element_type=\"container\">\n\t\t\t\t\t<div class=\"e-con-inner\">\n\t\t\t\t<div class=\"elementor-element elementor-element-0807ab6 elementor-widget elementor-widget-heading\" data-id=\"0807ab6\" data-element_type=\"widget\" data-widget_type=\"heading.default\">\n\t\t\t\t\t<h1 class=\"elementor-heading-title elementor-size-default\">Gib hier deine \u00dcberschrift ein <\/h1>\t\t\t\t<\/div>\n\t\t\t\t<div class=\"elementor-element elementor-element-23936c5 elementor-widget elementor-widget-heading\" data-id=\"23936c5\" data-element_type=\"widget\" data-widget_type=\"heading.default\">\n\t\t\t\t\t<h2 class=\"elementor-heading-title elementor-size-default\">Gib hier deine \u00dcberschrift ein<\/h2>\t\t\t\t<\/div>\n\t\t\t\t<div class=\"elementor-element elementor-element-03ce993 elementor-widget elementor-widget-heading\" data-id=\"03ce993\" data-element_type=\"widget\" data-widget_type=\"heading.default\">\n\t\t\t\t\t<h3 class=\"elementor-heading-title elementor-size-default\">Gib hier deine \u00dcberschrift ein<\/h3>\t\t\t\t<\/div>\n\t\t\t\t<div class=\"elementor-element elementor-element-84039b1 elementor-widget elementor-widget-heading\" data-id=\"84039b1\" data-element_type=\"widget\" data-widget_type=\"heading.default\">\n\t\t\t\t\t<h4 class=\"elementor-heading-title elementor-size-default\">Gib hier deine \u00dcberschrift ein<\/h4>\t\t\t\t<\/div>\n\t\t\t\t<div class=\"elementor-element elementor-element-8c14401 elementor-widget elementor-widget-heading\" data-id=\"8c14401\" data-element_type=\"widget\" data-widget_type=\"heading.default\">\n\t\t\t\t\t<h5 class=\"elementor-heading-title elementor-size-default\">Gib hier deine \u00dcberschrift ein<\/h5>\t\t\t\t<\/div>\n\t\t\t\t<div class=\"elementor-element elementor-element-dfb58c2 elementor-widget elementor-widget-text-editor\" data-id=\"dfb58c2\" data-element_type=\"widget\" data-widget_type=\"text-editor.default\">\n\t\t\t\t\t\t\t\t\t<p>Lorem ipsum dolor sit amet, consectetur adipiscing elit. Ut elit tellus, luctus nec ullamcorper mattis, pulvinar dapibus leo. Bavaria ipsum dolor sit amet aba auf der Oim, da gibt\u2019s koa S\u00fcnd, Broadwurschtbudn. A bissal wos gehd ollaweil Ma\u00dfkruag Brotzeit, nix Gwiass woass ma ned:\u00a0Di Schdarmbeaga See Watschnbaam eam Kaiwe, resch Schmankal:\u00a0Goa\u00dfma\u00df Almrausch ned schnacksln no af Kaiwe helfgod. Des is schee Klampfn Goa\u00dfma\u00df eana!\u00a0<\/p>\t\t\t\t\t\t\t\t<\/div>\n\t\t\t\t\t<\/div>\n\t\t\t\t<\/div>\n\t\t<div class=\"elementor-element elementor-element-d2e21c8 e-flex e-con-boxed e-con e-parent\" data-id=\"d2e21c8\" data-element_type=\"container\">\n\t\t\t\t\t<div class=\"e-con-inner\">\n\t\t\t\t<div class=\"elementor-element elementor-element-d58308b elementor-widget elementor-widget-image\" data-id=\"d58308b\" data-element_type=\"widget\" data-widget_type=\"image.default\">\n\t\t\t\t\t\t\t\t\t\t\t\t\t\t\t<img alt=\"\" fetchpriority=\"high\" decoding=\"async\" width=\"800\" height=\"225\" src=\"https:\/\/navision-beratung.de\/wp-content\/uploads\/2025\/04\/brAG_Logo_gr_Black_RGB.svg\" class=\"attachment-large size-large wp-image-8811\" \/>\t\t\t\t\t\t\t\t\t\t\t\t\t\t\t<\/div>\n\t\t\t\t<div class=\"elementor-element elementor-element-ea7d7a1 elementor-widget elementor-widget-heading\" data-id=\"ea7d7a1\" data-element_type=\"widget\" data-widget_type=\"heading.default\">\n\t\t\t\t\t<h1 class=\"elementor-heading-title elementor-size-default\">Dynamics Beratung<\/h1>\t\t\t\t<\/div>\n\t\t\t\t<div class=\"elementor-element elementor-element-c223b6e elementor-widget elementor-widget-text-editor\" data-id=\"c223b6e\" data-element_type=\"widget\" data-widget_type=\"text-editor.default\">\n\t\t\t\t\t\t\t\t\t<p>Lorem ipsum dolor sit amet, consectetur adipiscing elit. Ut elit tellus, luctus nec ullamcorper mattis, pulvinar dapibus leo. Bavaria ipsum dolor sit amet aba auf der Oim, da gibt\u2019s koa S\u00fcnd, Broadwurschtbudn. A bissal wos gehd ollaweil Ma\u00dfkruag Brotzeit, nix Gwiass woass ma ned:\u00a0Di Schdarmbeaga See Watschnbaam eam Kaiwe, resch Schmankal:\u00a0Goa\u00dfma\u00df Almrausch ned schnacksln no af Kaiwe helfgod. Des is schee Klampfn Goa\u00dfma\u00df eana!\u00a0<\/p>\t\t\t\t\t\t\t\t<\/div>\n\t\t\t\t\t<\/div>\n\t\t\t\t<\/div>\n\t\t\t\t<\/div>","protected":false},"excerpt":{"rendered":"<p>Gib hier deine \u00dcberschrift ein Gib hier deine \u00dcberschrift ein Gib hier deine \u00dcberschrift ein Gib hier deine \u00dcberschrift ein Gib hier deine \u00dcberschrift ein Lorem ipsum dolor sit amet, consectetur adipiscing elit. Ut elit tellus, luctus nec ullamcorper mattis, pulvinar dapibus leo. Bavaria ipsum dolor sit amet aba auf der Oim, da gibt\u2019s koa [&hellip;]<\/p>","protected":false},"author":1,"featured_media":0,"parent":9306,"menu_order":0,"comment_status":"closed","ping_status":"closed","template":"","meta":{"_seopress_robots_primary_cat":"","_seopress_titles_title":"Erlebe Bayerns Kultur: Von Brotzeit bis zu Goa\u00dfma\u00df","_seopress_titles_desc":"Genie\u00dfe bayerische Spezialit\u00e4ten auf der Alm. Entdecke Traditionen und Schmankerl in bezaubernder Bergkulisse. Ma\u00dfkrug und Brotzeit erwarten dich!","_seopress_robots_index":"","footnotes":""},"categories":[],"tags":[],"class_list":["post-8780","page","type-page","status-publish","hentry"],"_links":{"self":[{"href":"https:\/\/navision-beratung.de\/pl\/wp-json\/wp\/v2\/pages\/8780","targetHints":{"allow":["GET"]}}],"collection":[{"href":"https:\/\/navision-beratung.de\/pl\/wp-json\/wp\/v2\/pages"}],"about":[{"href":"https:\/\/navision-beratung.de\/pl\/wp-json\/wp\/v2\/types\/page"}],"author":[{"embeddable":true,"href":"https:\/\/navision-beratung.de\/pl\/wp-json\/wp\/v2\/users\/1"}],"replies":[{"embeddable":true,"href":"https:\/\/navision-beratung.de\/pl\/wp-json\/wp\/v2\/comments?post=8780"}],"version-history":[{"count":0,"href":"https:\/\/navision-beratung.de\/pl\/wp-json\/wp\/v2\/pages\/8780\/revisions"}],"up":[{"embeddable":true,"href":"https:\/\/navision-beratung.de\/pl\/wp-json\/wp\/v2\/pages\/9306"}],"wp:attachment":[{"href":"https:\/\/navision-beratung.de\/pl\/wp-json\/wp\/v2\/media?parent=8780"}],"wp:term":[{"taxonomy":"category","embeddable":true,"href":"https:\/\/navision-beratung.de\/pl\/wp-json\/wp\/v2\/categories?post=8780"},{"taxonomy":"post_tag","embeddable":true,"href":"https:\/\/navision-beratung.de\/pl\/wp-json\/wp\/v2\/tags?post=8780"}],"curies":[{"name":"wp","href":"https:\/\/api.w.org\/{rel}","templated":true}]}}