{"id":8555,"date":"2024-12-12T11:46:20","date_gmt":"2024-12-12T11:46:20","guid":{"rendered":"https:\/\/navision-beratung.de\/?page_id=8555"},"modified":"2025-05-26T23:16:59","modified_gmt":"2025-05-26T21:16:59","slug":"das-sagen-unsere-kunden","status":"publish","type":"page","link":"https:\/\/navision-beratung.de\/pl\/das-sagen-unsere-kunden\/","title":{"rendered":"Das sagen unsere Kunden"},"content":{"rendered":"<div data-elementor-type=\"wp-page\" data-elementor-id=\"8555\" class=\"elementor elementor-8555\" data-elementor-post-type=\"page\">\n\t\t\t\t<div class=\"elementor-element elementor-element-21d30d0 e-flex e-con-boxed e-con e-parent\" data-id=\"21d30d0\" data-element_type=\"container\" data-settings=\"{&quot;background_background&quot;:&quot;gradient&quot;}\">\n\t\t\t\t\t<div class=\"e-con-inner\">\n\t\t<div class=\"elementor-element elementor-element-06b5d7e e-con-full e-flex e-con e-child\" data-id=\"06b5d7e\" data-element_type=\"container\">\n\t\t\t\t<div class=\"elementor-element elementor-element-20a0b00 elementor-widget__width-initial elementor-widget elementor-widget-heading\" data-id=\"20a0b00\" data-element_type=\"widget\" data-widget_type=\"heading.default\">\n\t\t\t\t\t<h2 class=\"elementor-heading-title elementor-size-default\">Co m\u00f3wi\u0105 o nas nasi klienci<\/h2>\t\t\t\t<\/div>\n\t\t\t\t<\/div>\n\t\t<div class=\"elementor-element elementor-element-29e2b61 e-con-full e-flex e-con e-child\" data-id=\"29e2b61\" data-element_type=\"container\">\n\t\t\t\t<div class=\"elementor-element elementor-element-853cc11 elementor-absolute elementor-widget elementor-widget-image\" data-id=\"853cc11\" data-element_type=\"widget\" data-settings=\"{&quot;_position&quot;:&quot;absolute&quot;}\" data-widget_type=\"image.default\">\n\t\t\t\t\t\t\t\t\t\t\t\t\t\t\t<img alt=\"\" fetchpriority=\"high\" decoding=\"async\" width=\"758\" height=\"837\" src=\"https:\/\/navision-beratung.de\/wp-content\/uploads\/2025\/04\/brAG_Play-Icon_RGB.svg\" class=\"attachment-large size-large wp-image-9176\" \/>\t\t\t\t\t\t\t\t\t\t\t\t\t\t\t<\/div>\n\t\t\t\t<div class=\"elementor-element elementor-element-9bbe2a6 elementor-widget elementor-widget-image\" data-id=\"9bbe2a6\" data-element_type=\"widget\" data-widget_type=\"image.default\">\n\t\t\t\t\t\t\t\t\t\t\t\t\t\t\t<img alt=\"\" decoding=\"async\" width=\"800\" height=\"534\" src=\"https:\/\/navision-beratung.de\/wp-content\/uploads\/2025\/04\/br-AG-Stock-105-1024x683.jpg\" class=\"attachment-large size-large wp-image-9628\" srcset=\"https:\/\/navision-beratung.de\/wp-content\/uploads\/2025\/04\/br-AG-Stock-105-1024x683.jpg 1024w, https:\/\/navision-beratung.de\/wp-content\/uploads\/2025\/04\/br-AG-Stock-105-300x200.jpg 300w, https:\/\/navision-beratung.de\/wp-content\/uploads\/2025\/04\/br-AG-Stock-105-768x512.jpg 768w, https:\/\/navision-beratung.de\/wp-content\/uploads\/2025\/04\/br-AG-Stock-105-1536x1025.jpg 1536w, https:\/\/navision-beratung.de\/wp-content\/uploads\/2025\/04\/br-AG-Stock-105.jpg 2000w\" sizes=\"(max-width: 800px) 100vw, 800px\" \/>\t\t\t\t\t\t\t\t\t\t\t\t\t\t\t<\/div>\n\t\t\t\t<\/div>\n\t\t\t\t\t<\/div>\n\t\t\t\t<\/div>\n\t\t<div class=\"elementor-element elementor-element-e3c3941 e-flex e-con-boxed e-con e-parent\" data-id=\"e3c3941\" data-element_type=\"container\" data-settings=\"{&quot;background_background&quot;:&quot;classic&quot;}\">\n\t\t\t\t\t<div class=\"e-con-inner\">\n\t\t\t\t<div class=\"elementor-element elementor-element-0ca2e3d elementor-widget__width-initial elementor-widget elementor-widget-heading\" data-id=\"0ca2e3d\" data-element_type=\"widget\" data-widget_type=\"heading.default\">\n\t\t\t\t\t<h1 class=\"elementor-heading-title elementor-size-default\">Opinie klient\u00f3w<\/h1>\t\t\t\t<\/div>\n\t\t\t\t\t<\/div>\n\t\t\t\t<\/div>\n\t\t<div class=\"elementor-element elementor-element-f6fe5cc e-grid e-con-boxed e-con e-parent\" data-id=\"f6fe5cc\" data-element_type=\"container\" data-settings=\"{&quot;background_background&quot;:&quot;classic&quot;}\">\n\t\t\t\t\t<div class=\"e-con-inner\">\n\t\t<div class=\"elementor-element elementor-element-c8d001c e-con-full e-flex e-con e-child\" data-id=\"c8d001c\" data-element_type=\"container\" data-settings=\"{&quot;background_background&quot;:&quot;classic&quot;}\">\n\t\t\t\t<div class=\"elementor-element elementor-element-caa81a9 elementor-widget elementor-widget-text-editor\" data-id=\"caa81a9\" data-element_type=\"widget\" data-widget_type=\"text-editor.default\">\n\t\t\t\t\t\t\t\t\t<p><em>Realizacja z\u0142o\u017conych transformacji wymaga do\u015bwiadczonych os\u00f3b, kt\u00f3re opanowa\u0142y wymagania biznesowe, innowacyjne technologie i zwi\u0105zane z nimi zarz\u0105dzanie zmian\u0105.<\/em><br \/><em>Nasi partnerzy z bartolome roeder udowadniaj\u0105 to w codziennej wsp\u00f3\u0142pracy.<\/em><\/p>\t\t\t\t\t\t\t\t<\/div>\n\t\t\t\t<div class=\"elementor-element elementor-element-17db5cd elementor-widget elementor-widget-heading\" data-id=\"17db5cd\" data-element_type=\"widget\" data-widget_type=\"heading.default\">\n\t\t\t\t\t<h5 class=\"elementor-heading-title elementor-size-default\">Siemens AG<\/h5>\t\t\t\t<\/div>\n\t\t\t\t<div class=\"elementor-element elementor-element-3021f5a elementor-widget elementor-widget-heading\" data-id=\"3021f5a\" data-element_type=\"widget\" data-widget_type=\"heading.default\">\n\t\t\t\t\t<h6 class=\"elementor-heading-title elementor-size-default\"><b>Michael Tobai<\/b>, , Siemens AG Digital Industries, Business Transformation Lead<\/h6>\t\t\t\t<\/div>\n\t\t\t\t<\/div>\n\t\t<div class=\"elementor-element elementor-element-8a17116 e-con-full e-flex e-con e-child\" data-id=\"8a17116\" data-element_type=\"container\" data-settings=\"{&quot;background_background&quot;:&quot;classic&quot;}\">\n\t\t\t\t<div class=\"elementor-element elementor-element-24d0e86 elementor-widget elementor-widget-text-editor\" data-id=\"24d0e86\" data-element_type=\"widget\" data-widget_type=\"text-editor.default\">\n\t\t\t\t\t\t\t\t\t<p><em data-renderer-mark=\"true\">Przy przej\u015bciu z Navision na Business Central, BR AG wspiera\u0142 nas od koncepcji do uruchomienia. Dzi\u0119ki fachowemu doradztwu i podej\u015bciu zorientowanemu na rozwi\u0105zania byli\u015bmy w stanie pomy\u015blnie zako\u0144czy\u0107 projekt. BR AG nadal wspiera nas jako partner, a dzi\u0119ki przyjaznemu i zorientowanemu na klienta wsparciu b\u0119dziemy mogli wsp\u00f3lnie sprosta\u0107 przysz\u0142ym wyzwaniom zwi\u0105zanym z systemem<\/em>.<\/p>\t\t\t\t\t\t\t\t<\/div>\n\t\t\t\t<div class=\"elementor-element elementor-element-fc11f4a elementor-widget elementor-widget-heading\" data-id=\"fc11f4a\" data-element_type=\"widget\" data-widget_type=\"heading.default\">\n\t\t\t\t\t<h5 class=\"elementor-heading-title elementor-size-default\">EQS Group AG<\/h5>\t\t\t\t<\/div>\n\t\t\t\t<div class=\"elementor-element elementor-element-ef14bc6 elementor-widget elementor-widget-heading\" data-id=\"ef14bc6\" data-element_type=\"widget\" data-widget_type=\"heading.default\">\n\t\t\t\t\t<h6 class=\"elementor-heading-title elementor-size-default\"><b>Clarissa J\u00f6rg,<\/b> Kierownik dzia\u0142u ksi\u0119gowo\u015bci \/ wewn\u0119trzny doradca podatkowy<\/h6>\t\t\t\t<\/div>\n\t\t\t\t<\/div>\n\t\t<div class=\"elementor-element elementor-element-36ad4b8 e-con-full e-flex e-con e-child\" data-id=\"36ad4b8\" data-element_type=\"container\" data-settings=\"{&quot;background_background&quot;:&quot;classic&quot;}\">\n\t\t\t\t<div class=\"elementor-element elementor-element-0e2e184 elementor-widget elementor-widget-text-editor\" data-id=\"0e2e184\" data-element_type=\"widget\" data-widget_type=\"text-editor.default\">\n\t\t\t\t\t\t\t\t\t<p><em data-renderer-mark=\"true\">Przez lata nasi koledzy z bartolome r\u00f6der AG charakteryzowali si\u0119 elastyczno\u015bci\u0105, profesjonalizmem, niezawodno\u015bci\u0105, szybko\u015bci\u0105, dok\u0142adno\u015bci\u0105 i kolegialno\u015bci\u0105. Wsp\u00f3\u0142praca z nimi jest zawsze przyjemno\u015bci\u0105.<\/em><\/p>\t\t\t\t\t\t\t\t<\/div>\n\t\t\t\t<div class=\"elementor-element elementor-element-0d1b646 elementor-widget elementor-widget-heading\" data-id=\"0d1b646\" data-element_type=\"widget\" data-widget_type=\"heading.default\">\n\t\t\t\t\t<h5 class=\"elementor-heading-title elementor-size-default\">LOYALTY PARTNER GmbH<\/h5>\t\t\t\t<\/div>\n\t\t\t\t<div class=\"elementor-element elementor-element-57b3cea elementor-widget elementor-widget-heading\" data-id=\"57b3cea\" data-element_type=\"widget\" data-widget_type=\"heading.default\">\n\t\t\t\t\t<h6 class=\"elementor-heading-title elementor-size-default\"><b>Kopalnia Kaba<\/b>Dyrektor ds. system\u00f3w i rozwi\u0105za\u0144 komercyjnych<\/h6>\t\t\t\t<\/div>\n\t\t\t\t<\/div>\n\t\t<div class=\"elementor-element elementor-element-97c37c2 e-con-full e-flex e-con e-child\" data-id=\"97c37c2\" data-element_type=\"container\" data-settings=\"{&quot;background_background&quot;:&quot;classic&quot;}\">\n\t\t\t\t<div class=\"elementor-element elementor-element-d166631 elementor-widget elementor-widget-text-editor\" data-id=\"d166631\" data-element_type=\"widget\" data-widget_type=\"text-editor.default\">\n\t\t\t\t\t\t\t\t\t<p><em>Do\u015bwiadczenie BR AG r\u00f3wnie\u017c okaza\u0142o si\u0119 decyduj\u0105c\u0105 zalet\u0105 w tym projekcie. Z\u0142o\u017cony projekt zosta\u0142 zrealizowany ku naszemu pe\u0142nemu zadowoleniu w najkr\u00f3tszym mo\u017cliwym czasie. Postawione przez nas wymagania zosta\u0142y spe\u0142nione szybko i niezawodnie. Decyduj\u0105cym czynnikiem jest tutaj fakt, \u017ce jeste\u015bmy wspierani przez tego samego dewelopera od 2009 roku. My, PSP Pack GmbH, mo\u017cemy z czystym sumieniem poleci\u0107 BR AG.<\/em><\/p>\t\t\t\t\t\t\t\t<\/div>\n\t\t\t\t<div class=\"elementor-element elementor-element-9c8451b elementor-widget elementor-widget-heading\" data-id=\"9c8451b\" data-element_type=\"widget\" data-widget_type=\"heading.default\">\n\t\t\t\t\t<h5 class=\"elementor-heading-title elementor-size-default\">PSP Pack GmbH<\/h5>\t\t\t\t<\/div>\n\t\t\t\t<div class=\"elementor-element elementor-element-002fe29 elementor-widget elementor-widget-heading\" data-id=\"002fe29\" data-element_type=\"widget\" data-widget_type=\"heading.default\">\n\t\t\t\t\t<h6 class=\"elementor-heading-title elementor-size-default\"><b>Michael Schmidt<\/b>, , PSP Pack GmbH, kierownik operacyjny<\/h6>\t\t\t\t<\/div>\n\t\t\t\t<\/div>\n\t\t<div class=\"elementor-element elementor-element-ecf19c4 e-con-full e-flex e-con e-child\" data-id=\"ecf19c4\" data-element_type=\"container\" data-settings=\"{&quot;background_background&quot;:&quot;classic&quot;}\">\n\t\t\t\t<div class=\"elementor-element elementor-element-2176ca0 elementor-widget elementor-widget-text-editor\" data-id=\"2176ca0\" data-element_type=\"widget\" data-widget_type=\"text-editor.default\">\n\t\t\t\t\t\t\t\t\t<p><em data-renderer-mark=\"true\">bartolome r\u00f6der AG charakteryzuje si\u0119 bezpo\u015bredni\u0105 komunikacj\u0105 i wdra\u017caniem rozwi\u0105za\u0144.<\/em><\/p>\t\t\t\t\t\t\t\t<\/div>\n\t\t\t\t<div class=\"elementor-element elementor-element-b6bf8f8 elementor-widget elementor-widget-heading\" data-id=\"b6bf8f8\" data-element_type=\"widget\" data-widget_type=\"heading.default\">\n\t\t\t\t\t<h5 class=\"elementor-heading-title elementor-size-default\">Gabor Shoes AG<\/h5>\t\t\t\t<\/div>\n\t\t\t\t<div class=\"elementor-element elementor-element-d1e1301 elementor-widget elementor-widget-heading\" data-id=\"d1e1301\" data-element_type=\"widget\" data-widget_type=\"heading.default\">\n\t\t\t\t\t<h6 class=\"elementor-heading-title elementor-size-default\"><b>Marc Kitowski<\/b>IT Manager<\/h6>\t\t\t\t<\/div>\n\t\t\t\t<\/div>\n\t\t<div class=\"elementor-element elementor-element-4b0b719 e-con-full e-flex e-con e-child\" data-id=\"4b0b719\" data-element_type=\"container\" data-settings=\"{&quot;background_background&quot;:&quot;classic&quot;}\">\n\t\t\t\t<div class=\"elementor-element elementor-element-5d67fa8 elementor-widget elementor-widget-text-editor\" data-id=\"5d67fa8\" data-element_type=\"widget\" data-widget_type=\"text-editor.default\">\n\t\t\t\t\t\t\t\t\t<p><em data-renderer-mark=\"true\">W przypadku problem\u00f3w mo\u017cemy poinformowa\u0107 naszych doradc\u00f3w o problemie za po\u015brednictwem poczty elektronicznej, a doradcy zazwyczaj do\u015b\u0107 szybko dostarcz\u0105 rozwi\u0105zanie.<\/em><\/p>\t\t\t\t\t\t\t\t<\/div>\n\t\t\t\t<div class=\"elementor-element elementor-element-5010b68 elementor-widget elementor-widget-heading\" data-id=\"5010b68\" data-element_type=\"widget\" data-widget_type=\"heading.default\">\n\t\t\t\t\t<h5 class=\"elementor-heading-title elementor-size-default\">Gabor Shoes AG<\/h5>\t\t\t\t<\/div>\n\t\t\t\t<div class=\"elementor-element elementor-element-e86b83c elementor-widget elementor-widget-heading\" data-id=\"e86b83c\" data-element_type=\"widget\" data-widget_type=\"heading.default\">\n\t\t\t\t\t<h6 class=\"elementor-heading-title elementor-size-default\"><b>Georg Kirchbeck<\/b>Finanse<\/h6>\t\t\t\t<\/div>\n\t\t\t\t<\/div>\n\t\t<div class=\"elementor-element elementor-element-0e05500 e-con-full e-flex e-con e-child\" data-id=\"0e05500\" data-element_type=\"container\" data-settings=\"{&quot;background_background&quot;:&quot;classic&quot;}\">\n\t\t\t\t<div class=\"elementor-element elementor-element-a929f68 elementor-widget elementor-widget-text-editor\" data-id=\"a929f68\" data-element_type=\"widget\" data-widget_type=\"text-editor.default\">\n\t\t\t\t\t\t\t\t\t<p><em data-renderer-mark=\"true\">To, co szczeg\u00f3lnie doceniam w pracy z bartolome r\u00f6der AG, to zorganizowane podej\u015bcie oraz przyjemny i profesjonalny spos\u00f3b pracy.<\/em><\/p>\t\t\t\t\t\t\t\t<\/div>\n\t\t\t\t<div class=\"elementor-element elementor-element-a2b1c20 elementor-widget elementor-widget-heading\" data-id=\"a2b1c20\" data-element_type=\"widget\" data-widget_type=\"heading.default\">\n\t\t\t\t\t<h5 class=\"elementor-heading-title elementor-size-default\">Ricosta Schuhfabriken GmbH<\/h5>\t\t\t\t<\/div>\n\t\t\t\t<div class=\"elementor-element elementor-element-a256c15 elementor-widget elementor-widget-heading\" data-id=\"a256c15\" data-element_type=\"widget\" data-widget_type=\"heading.default\">\n\t\t\t\t\t<h6 class=\"elementor-heading-title elementor-size-default\"><b>Martina Schneider<\/b>dyrektor ds. handlu elektronicznego<\/h6>\t\t\t\t<\/div>\n\t\t\t\t<\/div>\n\t\t<div class=\"elementor-element elementor-element-d9557e3 e-con-full e-flex e-con e-child\" data-id=\"d9557e3\" data-element_type=\"container\" data-settings=\"{&quot;background_background&quot;:&quot;classic&quot;}\">\n\t\t\t\t<div class=\"elementor-element elementor-element-f17ef89 elementor-widget elementor-widget-text-editor\" data-id=\"f17ef89\" data-element_type=\"widget\" data-widget_type=\"text-editor.default\">\n\t\t\t\t\t\t\t\t\t<p><em data-renderer-mark=\"true\">Dzi\u0119ki przyjaznemu i kompetentnemu doradztwu i wdro\u017ceniu podczas migracji ERP do Microsoft Business Central, uda\u0142o nam si\u0119 wdro\u017cy\u0107 nowy system ERP w pierwszym wydawnictwie w mniej ni\u017c 2 lata.<\/em><\/p>\t\t\t\t\t\t\t\t<\/div>\n\t\t\t\t<div class=\"elementor-element elementor-element-2949ea0 elementor-widget elementor-widget-heading\" data-id=\"2949ea0\" data-element_type=\"widget\" data-widget_type=\"heading.default\">\n\t\t\t\t\t<h5 class=\"elementor-heading-title elementor-size-default\">Forum Media Group GmbH<\/h5>\t\t\t\t<\/div>\n\t\t\t\t<div class=\"elementor-element elementor-element-6d47dd6 elementor-widget elementor-widget-heading\" data-id=\"6d47dd6\" data-element_type=\"widget\" data-widget_type=\"heading.default\">\n\t\t\t\t\t<h6 class=\"elementor-heading-title elementor-size-default\"><b>Anne-Christin Amlinger<\/b>Dyrektor ds. informacji<\/h6>\t\t\t\t<\/div>\n\t\t\t\t<\/div>\n\t\t<div class=\"elementor-element elementor-element-66577e3 e-con-full e-flex e-con e-child\" data-id=\"66577e3\" data-element_type=\"container\" data-settings=\"{&quot;background_background&quot;:&quot;classic&quot;}\">\n\t\t\t\t<div class=\"elementor-element elementor-element-3b77ae9 elementor-widget elementor-widget-text-editor\" data-id=\"3b77ae9\" data-element_type=\"widget\" data-widget_type=\"text-editor.default\">\n\t\t\t\t\t\t\t\t\t<p><em data-renderer-mark=\"true\">Bardzo dzi\u0119kujemy za profesjonalne doradztwo i realizacj\u0119 naszego projektu. Pomimo bardzo napi\u0119tych ram czasowych, zawsze mogli\u015bmy polega\u0107 na Twoim wsparciu i uruchomi\u0107 system na czas!<\/em><\/p>\t\t\t\t\t\t\t\t<\/div>\n\t\t\t\t<div class=\"elementor-element elementor-element-c36ef13 elementor-widget elementor-widget-heading\" data-id=\"c36ef13\" data-element_type=\"widget\" data-widget_type=\"heading.default\">\n\t\t\t\t\t<h5 class=\"elementor-heading-title elementor-size-default\">Avanquest pdfforge GmbH<\/h5>\t\t\t\t<\/div>\n\t\t\t\t<div class=\"elementor-element elementor-element-6866572 elementor-widget elementor-widget-heading\" data-id=\"6866572\" data-element_type=\"widget\" data-widget_type=\"heading.default\">\n\t\t\t\t\t<h6 class=\"elementor-heading-title elementor-size-default\"><b>Claudia Helldobler<\/b>upowa\u017cniony sygnatariusz<\/h6>\t\t\t\t<\/div>\n\t\t\t\t<\/div>\n\t\t<div class=\"elementor-element elementor-element-62d9f71 e-con-full e-flex e-con e-child\" data-id=\"62d9f71\" data-element_type=\"container\" data-settings=\"{&quot;background_background&quot;:&quot;classic&quot;}\">\n\t\t\t\t<div class=\"elementor-element elementor-element-9f3eb6f elementor-widget elementor-widget-text-editor\" data-id=\"9f3eb6f\" data-element_type=\"widget\" data-widget_type=\"text-editor.default\">\n\t\t\t\t\t\t\t\t\t<p><em data-renderer-mark=\"true\">Dzi\u0119ki firmie bartolome r\u00f6der AG nasze specyficzne dla bran\u017cy wymagania zosta\u0142y wdro\u017cone w spos\u00f3b kompetentny i przyjazny dla u\u017cytkownika w zaplanowanych ramach czasowych podczas wprowadzania Dynamics 365 Business Central. Wszelkie poprawki wymagane w p\u00f3\u017aniejszym terminie zosta\u0142y r\u00f3wnie\u017c wdro\u017cone w kr\u00f3tkim czasie.<\/em><\/p>\t\t\t\t\t\t\t\t<\/div>\n\t\t\t\t<div class=\"elementor-element elementor-element-0b0c43e elementor-widget elementor-widget-heading\" data-id=\"0b0c43e\" data-element_type=\"widget\" data-widget_type=\"heading.default\">\n\t\t\t\t\t<h5 class=\"elementor-heading-title elementor-size-default\">MERO Germany GmbH<\/h5>\t\t\t\t<\/div>\n\t\t\t\t<div class=\"elementor-element elementor-element-915dda0 elementor-widget elementor-widget-heading\" data-id=\"915dda0\" data-element_type=\"widget\" data-widget_type=\"heading.default\">\n\t\t\t\t\t<h6 class=\"elementor-heading-title elementor-size-default\"><b>Hanns-Joachim Roggenbuck<\/b>dyrektor handlowy<\/h6>\t\t\t\t<\/div>\n\t\t\t\t<\/div>\n\t\t<div class=\"elementor-element elementor-element-db17fb3 e-con-full e-flex e-con e-child\" data-id=\"db17fb3\" data-element_type=\"container\" data-settings=\"{&quot;background_background&quot;:&quot;classic&quot;}\">\n\t\t\t\t<div class=\"elementor-element elementor-element-f00eeff elementor-widget elementor-widget-text-editor\" data-id=\"f00eeff\" data-element_type=\"widget\" data-widget_type=\"text-editor.default\">\n\t\t\t\t\t\t\t\t\t<p><em data-renderer-mark=\"true\">Od ponad 10 lat polegamy na do\u015bwiadczeniu i niezawodno\u015bci bartolome r\u00f6der AG. Jako firma \u015bredniej wielko\u015bci czerpiemy du\u017ce korzy\u015bci z doradztwa zorientowanego na rozwi\u0105zania, a tak\u017ce kr\u00f3tkich czas\u00f3w reakcji i mo\u017cemy gor\u0105co poleci\u0107 bartolome r\u00f6der AG jako partnera IT na poziomie oczu!<\/em><\/p>\t\t\t\t\t\t\t\t<\/div>\n\t\t\t\t<div class=\"elementor-element elementor-element-43dd50d elementor-widget elementor-widget-heading\" data-id=\"43dd50d\" data-element_type=\"widget\" data-widget_type=\"heading.default\">\n\t\t\t\t\t<h5 class=\"elementor-heading-title elementor-size-default\">M\u00fchlen Sohn GmbH &amp; Co. KG<\/h5>\t\t\t\t<\/div>\n\t\t\t\t<div class=\"elementor-element elementor-element-220af72 elementor-widget elementor-widget-heading\" data-id=\"220af72\" data-element_type=\"widget\" data-widget_type=\"heading.default\">\n\t\t\t\t\t<h6 class=\"elementor-heading-title elementor-size-default\"><b>Alexandra Hubmann<\/b>, autoryzowany sygnatariusz, odpowiedzialny za SCM, IT i sprzeda\u017c wewn\u0119trzn\u0105<\/h6>\t\t\t\t<\/div>\n\t\t\t\t<\/div>\n\t\t<div class=\"elementor-element elementor-element-2344473 e-con-full e-flex e-con e-child\" data-id=\"2344473\" data-element_type=\"container\" data-settings=\"{&quot;background_background&quot;:&quot;classic&quot;}\">\n\t\t\t\t<div class=\"elementor-element elementor-element-653b01b elementor-widget elementor-widget-text-editor\" data-id=\"653b01b\" data-element_type=\"widget\" data-widget_type=\"text-editor.default\">\n\t\t\t\t\t\t\t\t\t<p><em data-renderer-mark=\"true\">Jestem pe\u0142en uznania dla waszej firmy i wyj\u0105tkowych us\u0142ug, kt\u00f3re \u015bwiadczycie. Chcia\u0142bym szczeg\u00f3lnie podkre\u015bli\u0107 wasz\u0105 fachowo\u015b\u0107, pomocno\u015b\u0107 i dyspozycyjno\u015b\u0107.<\/em><br \/><em data-renderer-mark=\"true\">Zawsze byli\u015bmy wspierani we wszystkich sprawach, z uwag\u0105 i otwartym uchem. Problemy i wymagania, kt\u00f3re opisali\u015bmy, zosta\u0142y natychmiast rozpoznane i bez wyj\u0105tku znaleziono najlepsze i najbardziej praktyczne rozwi\u0105zania dla naszej firmy z wyczuciem i zrozumieniem oraz wdro\u017cono je w mo\u017cliwie najkr\u00f3tszym czasie.<\/em><br \/><em data-renderer-mark=\"true\">Jestem naprawd\u0119 pod wra\u017ceniem waszych us\u0142ug. Rzadko mo\u017cna znale\u017a\u0107 co\u015b takiego w dzisiejszych czasach.<\/em><\/p>\t\t\t\t\t\t\t\t<\/div>\n\t\t\t\t<div class=\"elementor-element elementor-element-949599a elementor-widget elementor-widget-heading\" data-id=\"949599a\" data-element_type=\"widget\" data-widget_type=\"heading.default\">\n\t\t\t\t\t<h5 class=\"elementor-heading-title elementor-size-default\">Dr Wilfried M\u00fcller GmbH<\/h5>\t\t\t\t<\/div>\n\t\t\t\t<div class=\"elementor-element elementor-element-1cba83d elementor-widget elementor-widget-heading\" data-id=\"1cba83d\" data-element_type=\"widget\" data-widget_type=\"heading.default\">\n\t\t\t\t\t<h6 class=\"elementor-heading-title elementor-size-default\"><b>Carolin Junger <\/b>Asystent ds. sprzeda\u017cy i zakup\u00f3w<\/h6>\t\t\t\t<\/div>\n\t\t\t\t<\/div>\n\t\t\t\t\t<\/div>\n\t\t\t\t<\/div>\n\t\t\t\t<\/div>","protected":false},"excerpt":{"rendered":"<p>Was unsere Kunden \u00fcber uns sagen Kundenstimmen Die Umsetzung komplexer Transformationen erfordert Erfahrungstr\u00e4ger, die gesch\u00e4ftliche Anforderungen, innovative Technologie und das dazugeh\u00f6rte Change Management beherrschen.Dies stellen unsere Partner von bartolome roeder in der t\u00e4glichen Zusammenarbeit unter Beweis. Siemens AG Michael Tobai, , Siemens AG Digital Industries, Business Transformation Lead Mit dem Wechsel von Navision zu Business [&hellip;]<\/p>","protected":false},"author":1,"featured_media":8567,"parent":0,"menu_order":0,"comment_status":"closed","ping_status":"closed","template":"","meta":{"_seopress_robots_primary_cat":"","_seopress_titles_title":"Erfahrungen mit bartolome r\u00f6der AG: Kompetenz und Support","_seopress_titles_desc":"Erleben Sie zuverl\u00e4ssige und innovative L\u00f6sungen mit der Bartolome R\u00f6der AG. Experten f\u00fcr Transformation, Change Management und ERP-Migration.","_seopress_robots_index":"","footnotes":""},"categories":[],"tags":[],"class_list":["post-8555","page","type-page","status-publish","has-post-thumbnail","hentry"],"_links":{"self":[{"href":"https:\/\/navision-beratung.de\/pl\/wp-json\/wp\/v2\/pages\/8555","targetHints":{"allow":["GET"]}}],"collection":[{"href":"https:\/\/navision-beratung.de\/pl\/wp-json\/wp\/v2\/pages"}],"about":[{"href":"https:\/\/navision-beratung.de\/pl\/wp-json\/wp\/v2\/types\/page"}],"author":[{"embeddable":true,"href":"https:\/\/navision-beratung.de\/pl\/wp-json\/wp\/v2\/users\/1"}],"replies":[{"embeddable":true,"href":"https:\/\/navision-beratung.de\/pl\/wp-json\/wp\/v2\/comments?post=8555"}],"version-history":[{"count":0,"href":"https:\/\/navision-beratung.de\/pl\/wp-json\/wp\/v2\/pages\/8555\/revisions"}],"wp:featuredmedia":[{"embeddable":true,"href":"https:\/\/navision-beratung.de\/pl\/wp-json\/"}],"wp:attachment":[{"href":"https:\/\/navision-beratung.de\/pl\/wp-json\/wp\/v2\/media?parent=8555"}],"wp:term":[{"taxonomy":"category","embeddable":true,"href":"https:\/\/navision-beratung.de\/pl\/wp-json\/wp\/v2\/categories?post=8555"},{"taxonomy":"post_tag","embeddable":true,"href":"https:\/\/navision-beratung.de\/pl\/wp-json\/wp\/v2\/tags?post=8555"}],"curies":[{"name":"wp","href":"https:\/\/api.w.org\/{rel}","templated":true}]}}