{"id":852,"date":"2014-10-17T09:38:13","date_gmt":"2014-10-17T09:38:13","guid":{"rendered":"http:\/\/navisionberatung.apps-1and1.net\/?page_id=852"},"modified":"2025-10-13T09:42:49","modified_gmt":"2025-10-13T07:42:49","slug":"bartolome-roeder-ag","status":"publish","type":"page","link":"https:\/\/navision-beratung.de\/pl\/bartolome-roeder-ag\/","title":{"rendered":"bartolome r\u00f6der AG"},"content":{"rendered":"<div data-elementor-type=\"wp-page\" data-elementor-id=\"852\" class=\"elementor elementor-852\" data-elementor-post-type=\"page\">\n\t\t\t\t<div class=\"elementor-element elementor-element-1d634b8 e-flex e-con-boxed e-con e-parent\" data-id=\"1d634b8\" data-element_type=\"container\" data-settings=\"{&quot;background_background&quot;:&quot;gradient&quot;}\">\n\t\t\t\t\t<div class=\"e-con-inner\">\n\t\t\t\t<div class=\"elementor-element elementor-element-be69afc elementor-widget-mobile__width-initial elementor-widget elementor-widget-image\" data-id=\"be69afc\" data-element_type=\"widget\" data-widget_type=\"image.default\">\n\t\t\t\t\t\t\t\t\t\t\t\t\t\t\t<img alt=\"\" fetchpriority=\"high\" decoding=\"async\" width=\"716\" height=\"716\" src=\"https:\/\/navision-beratung.de\/wp-content\/uploads\/2025\/04\/brAG_Dynamics_Kreis_RGB.svg\" class=\"attachment-large size-large wp-image-9174\" \/>\t\t\t\t\t\t\t\t\t\t\t\t\t\t\t<\/div>\n\t\t\t\t\t<\/div>\n\t\t\t\t<\/div>\n\t\t<div class=\"elementor-element elementor-element-e62b240 e-flex e-con-boxed e-con e-parent\" data-id=\"e62b240\" data-element_type=\"container\" data-settings=\"{&quot;background_background&quot;:&quot;classic&quot;}\">\n\t\t\t\t\t<div class=\"e-con-inner\">\n\t\t<div class=\"elementor-element elementor-element-f3a2a27 e-con-full e-flex e-con e-child\" data-id=\"f3a2a27\" data-element_type=\"container\">\n\t\t<div class=\"elementor-element elementor-element-763646c e-con-full e-flex e-con e-child\" data-id=\"763646c\" data-element_type=\"container\">\n\t\t\t\t<div class=\"elementor-element elementor-element-ce465fb elementor-widget elementor-widget-image\" data-id=\"ce465fb\" data-element_type=\"widget\" data-widget_type=\"image.default\">\n\t\t\t\t\t\t\t\t\t\t\t\t\t\t\t<img alt=\"\" decoding=\"async\" width=\"800\" height=\"225\" src=\"https:\/\/navision-beratung.de\/wp-content\/uploads\/2025\/04\/brAG_Logo_gr_RGB.svg\" class=\"attachment-large size-large wp-image-8812\" \/>\t\t\t\t\t\t\t\t\t\t\t\t\t\t\t<\/div>\n\t\t\t\t<div class=\"elementor-element elementor-element-9d31724 elementor-widget__width-initial elementor-widget elementor-widget-heading\" data-id=\"9d31724\" data-element_type=\"widget\" data-widget_type=\"heading.default\">\n\t\t\t\t\t<h1 class=\"elementor-heading-title elementor-size-default\">Doradztwo z nastawieniem<\/h1>\t\t\t\t<\/div>\n\t\t\t\t<\/div>\n\t\t\t\t<\/div>\n\t\t\t\t\t<\/div>\n\t\t\t\t<\/div>\n\t\t<div class=\"elementor-element elementor-element-3841edd e-flex e-con-boxed e-con e-parent\" data-id=\"3841edd\" data-element_type=\"container\" data-settings=\"{&quot;background_background&quot;:&quot;classic&quot;}\">\n\t\t\t\t\t<div class=\"e-con-inner\">\n\t\t\t\t<div class=\"elementor-element elementor-element-4a28aad elementor-widget elementor-widget-text-editor\" data-id=\"4a28aad\" data-element_type=\"widget\" data-widget_type=\"text-editor.default\">\n\t\t\t\t\t\t\t\t\t<p>bartolome r\u00f6der AG od 25 lat jest niezawodnym partnerem w zakresie zarz\u0105dzania i doradztwa IT w projektach korporacyjnych, M\u015aP i start-upach. Specjalizujemy si\u0119 w doradztwie SAP i Microsoft Dynamics, zarz\u0105dzaniu mi\u0119dzynarodowymi rolloutami oraz opracowywaniu niestandardowych rozwi\u0105za\u0144 mobilnych i inteligentnych zakup\u00f3w. \u0141\u0105czymy doradztwo strategiczne z wiedz\u0105 technologiczn\u0105 - praktyczn\u0105, przysz\u0142o\u015bciow\u0105 i zawsze w \u015bcis\u0142ym dialogu z naszymi klientami. Jako firma zarz\u0105dzana przez w\u0142a\u015bciciela, polegamy na silnym partnerstwie, elastycznej pracy projektowej i dog\u0142\u0119bnej znajomo\u015bci bran\u017cy.<\/p>\t\t\t\t\t\t\t\t<\/div>\n\t\t\t\t\t<\/div>\n\t\t\t\t<\/div>\n\t\t<div class=\"elementor-element elementor-element-6352751 e-flex e-con-boxed e-con e-parent\" data-id=\"6352751\" data-element_type=\"container\">\n\t\t\t\t\t<div class=\"e-con-inner\">\n\t\t<div class=\"elementor-element elementor-element-8a872d5 e-con-full e-flex e-con e-child\" data-id=\"8a872d5\" data-element_type=\"container\">\n\t\t\t\t<div class=\"elementor-element elementor-element-5995136 elementor-widget elementor-widget-image\" data-id=\"5995136\" data-element_type=\"widget\" data-widget_type=\"image.default\">\n\t\t\t\t\t\t\t\t\t\t\t\t\t\t\t<img decoding=\"async\" width=\"800\" height=\"800\" src=\"https:\/\/navision-beratung.de\/wp-content\/uploads\/2025\/05\/br-AG-6P9A8868-Square-1024x1024.jpg\" class=\"attachment-large size-large wp-image-12074\" alt=\"Werbeflyer f\u00fcr Live-Webinar mit QR-Code\" srcset=\"https:\/\/navision-beratung.de\/wp-content\/uploads\/2025\/05\/br-AG-6P9A8868-Square-1024x1024.jpg 1024w, https:\/\/navision-beratung.de\/wp-content\/uploads\/2025\/05\/br-AG-6P9A8868-Square-300x300.jpg 300w, https:\/\/navision-beratung.de\/wp-content\/uploads\/2025\/05\/br-AG-6P9A8868-Square-150x150.jpg 150w, https:\/\/navision-beratung.de\/wp-content\/uploads\/2025\/05\/br-AG-6P9A8868-Square-768x768.jpg 768w, https:\/\/navision-beratung.de\/wp-content\/uploads\/2025\/05\/br-AG-6P9A8868-Square.jpg 1194w\" sizes=\"(max-width: 800px) 100vw, 800px\" \/>\t\t\t\t\t\t\t\t\t\t\t\t\t\t\t<\/div>\n\t\t\t\t<\/div>\n\t\t<div class=\"elementor-element elementor-element-7eab995 e-con-full e-flex e-con e-child\" data-id=\"7eab995\" data-element_type=\"container\">\n\t\t\t\t<div class=\"elementor-element elementor-element-840cf54 elementor-widget elementor-widget-heading\" data-id=\"840cf54\" data-element_type=\"widget\" data-widget_type=\"heading.default\">\n\t\t\t\t\t<h3 class=\"elementor-heading-title elementor-size-default\">Nasze warto\u015bci\n<\/h3>\t\t\t\t<\/div>\n\t\t\t\t<div class=\"elementor-element elementor-element-f95e98c elementor-widget elementor-widget-text-editor\" data-id=\"f95e98c\" data-element_type=\"widget\" data-widget_type=\"text-editor.default\">\n\t\t\t\t\t\t\t\t\t<p data-start=\"1208\" data-end=\"1459\">To, co nas wyr\u00f3\u017cnia, to nie tylko nasza wiedza specjalistyczna, ale tak\u017ce nasze nastawienie. Uczciwo\u015b\u0107, odpowiedzialno\u015b\u0107, wolno\u015b\u0107, uznanie, otwarto\u015b\u0107 i dalekowzroczno\u015b\u0107 charakteryzuj\u0105 nasze codzienne interakcje - zar\u00f3wno w zespole, jak i z naszymi klientami. Promujemy kultur\u0119 zaufania, przejrzysto\u015bci i wsp\u00f3\u0142tworzenia.\u00a0<\/p><p data-start=\"1208\" data-end=\"1459\">Nasi pracownicy ciesz\u0105 si\u0119 wolno\u015bci\u0105, bior\u0105 na siebie odpowiedzialno\u015b\u0107 i wnosz\u0105 sw\u00f3j wk\u0142ad. W ten spos\u00f3b tworzymy \u015brodowisko, kt\u00f3re promuje wydajno\u015b\u0107, umo\u017cliwia rozw\u00f3j i wspiera d\u0142ugoterminow\u0105 wsp\u00f3\u0142prac\u0119 na r\u00f3wnych zasadach.<\/p>\t\t\t\t\t\t\t\t<\/div>\n\t\t\t\t<\/div>\n\t\t\t\t\t<\/div>\n\t\t\t\t<\/div>\n\t\t<div class=\"elementor-element elementor-element-f248bfa e-grid e-con-boxed e-con e-parent\" data-id=\"f248bfa\" data-element_type=\"container\" data-settings=\"{&quot;background_background&quot;:&quot;classic&quot;}\">\n\t\t\t\t\t<div class=\"e-con-inner\">\n\t\t<div class=\"elementor-element elementor-element-004860a e-con-full e-flex e-con e-child\" data-id=\"004860a\" data-element_type=\"container\" data-settings=\"{&quot;background_background&quot;:&quot;classic&quot;}\">\n\t\t\t\t<div class=\"elementor-element elementor-element-639a012 elementor-align-left elementor-widget elementor-widget-lottie\" data-id=\"639a012\" data-element_type=\"widget\" data-settings=\"{&quot;source_json&quot;:{&quot;url&quot;:&quot;https:\\\/\\\/navision-beratung.de\\\/wp-content\\\/uploads\\\/2025\\\/05\\\/Drawer.json&quot;,&quot;id&quot;:10086,&quot;size&quot;:&quot;&quot;,&quot;alt&quot;:&quot;&quot;,&quot;source&quot;:&quot;library&quot;},&quot;source&quot;:&quot;media_file&quot;,&quot;caption_source&quot;:&quot;none&quot;,&quot;link_to&quot;:&quot;none&quot;,&quot;trigger&quot;:&quot;arriving_to_viewport&quot;,&quot;viewport&quot;:{&quot;unit&quot;:&quot;%&quot;,&quot;size&quot;:&quot;&quot;,&quot;sizes&quot;:{&quot;start&quot;:0,&quot;end&quot;:100}},&quot;play_speed&quot;:{&quot;unit&quot;:&quot;px&quot;,&quot;size&quot;:1,&quot;sizes&quot;:[]},&quot;start_point&quot;:{&quot;unit&quot;:&quot;%&quot;,&quot;size&quot;:0,&quot;sizes&quot;:[]},&quot;end_point&quot;:{&quot;unit&quot;:&quot;%&quot;,&quot;size&quot;:100,&quot;sizes&quot;:[]},&quot;renderer&quot;:&quot;svg&quot;}\" data-widget_type=\"lottie.default\">\n\t\t\t\t\t<div class=\"e-lottie__container\"><div class=\"e-lottie__animation\"><\/div><\/div>\t\t\t\t<\/div>\n\t\t\t\t<div class=\"elementor-element elementor-element-992fed9 elementor-widget elementor-widget-heading\" data-id=\"992fed9\" data-element_type=\"widget\" data-widget_type=\"heading.default\">\n\t\t\t\t\t<h4 class=\"elementor-heading-title elementor-size-default\">Zarz\u0105dzanie projektami ERP z jednego \u017ar\u00f3d\u0142a<\/h4>\t\t\t\t<\/div>\n\t\t\t\t<div class=\"elementor-element elementor-element-0a42ff6 elementor-widget elementor-widget-text-editor\" data-id=\"0a42ff6\" data-element_type=\"widget\" data-widget_type=\"text-editor.default\">\n\t\t\t\t\t\t\t\t\t<p>Wspieramy Ci\u0119 przez ca\u0142y cykl \u017cycia systemu ERP - od pocz\u0105tkowego wdro\u017cenia po bie\u017c\u0105ce wsparcie.<\/p>\t\t\t\t\t\t\t\t<\/div>\n\t\t\t\t<\/div>\n\t\t<div class=\"elementor-element elementor-element-d8248de e-con-full e-flex e-con e-child\" data-id=\"d8248de\" data-element_type=\"container\" data-settings=\"{&quot;background_background&quot;:&quot;classic&quot;}\">\n\t\t\t\t<div class=\"elementor-element elementor-element-923891b elementor-align-left elementor-widget elementor-widget-lottie\" data-id=\"923891b\" data-element_type=\"widget\" data-settings=\"{&quot;source_json&quot;:{&quot;url&quot;:&quot;https:\\\/\\\/navision-beratung.de\\\/wp-content\\\/uploads\\\/2025\\\/05\\\/Directions-1.json&quot;,&quot;id&quot;:10088,&quot;size&quot;:&quot;&quot;,&quot;alt&quot;:&quot;&quot;,&quot;source&quot;:&quot;library&quot;},&quot;source&quot;:&quot;media_file&quot;,&quot;caption_source&quot;:&quot;none&quot;,&quot;link_to&quot;:&quot;none&quot;,&quot;trigger&quot;:&quot;arriving_to_viewport&quot;,&quot;viewport&quot;:{&quot;unit&quot;:&quot;%&quot;,&quot;size&quot;:&quot;&quot;,&quot;sizes&quot;:{&quot;start&quot;:0,&quot;end&quot;:100}},&quot;play_speed&quot;:{&quot;unit&quot;:&quot;px&quot;,&quot;size&quot;:1,&quot;sizes&quot;:[]},&quot;start_point&quot;:{&quot;unit&quot;:&quot;%&quot;,&quot;size&quot;:0,&quot;sizes&quot;:[]},&quot;end_point&quot;:{&quot;unit&quot;:&quot;%&quot;,&quot;size&quot;:100,&quot;sizes&quot;:[]},&quot;renderer&quot;:&quot;svg&quot;}\" data-widget_type=\"lottie.default\">\n\t\t\t\t\t<div class=\"e-lottie__container\"><div class=\"e-lottie__animation\"><\/div><\/div>\t\t\t\t<\/div>\n\t\t\t\t<div class=\"elementor-element elementor-element-3982803 elementor-widget elementor-widget-heading\" data-id=\"3982803\" data-element_type=\"widget\" data-widget_type=\"heading.default\">\n\t\t\t\t\t<h4 class=\"elementor-heading-title elementor-size-default\">Wsparcie 360\u00b0 dla Microsoft Dynamics 365 Business Central<\/h4>\t\t\t\t<\/div>\n\t\t\t\t<div class=\"elementor-element elementor-element-e6fec3e elementor-widget elementor-widget-text-editor\" data-id=\"e6fec3e\" data-element_type=\"widget\" data-widget_type=\"text-editor.default\">\n\t\t\t\t\t\t\t\t\t<p>Nasze us\u0142ugi obejmuj\u0105 wdro\u017cenie, wsparcie, \u017c\u0105dania zmian, zarz\u0105dzanie licencjami i aktualizacje do nowych wersji.<\/p>\t\t\t\t\t\t\t\t<\/div>\n\t\t\t\t<\/div>\n\t\t<div class=\"elementor-element elementor-element-e56089b e-con-full e-flex e-con e-child\" data-id=\"e56089b\" data-element_type=\"container\" data-settings=\"{&quot;background_background&quot;:&quot;classic&quot;}\">\n\t\t\t\t<div class=\"elementor-element elementor-element-7916652 elementor-align-left elementor-widget elementor-widget-lottie\" data-id=\"7916652\" data-element_type=\"widget\" data-settings=\"{&quot;source_json&quot;:{&quot;url&quot;:&quot;https:\\\/\\\/navision-beratung.de\\\/wp-content\\\/uploads\\\/2025\\\/05\\\/Message.json&quot;,&quot;id&quot;:10075,&quot;size&quot;:&quot;&quot;,&quot;alt&quot;:&quot;&quot;,&quot;source&quot;:&quot;library&quot;},&quot;source&quot;:&quot;media_file&quot;,&quot;caption_source&quot;:&quot;none&quot;,&quot;link_to&quot;:&quot;none&quot;,&quot;trigger&quot;:&quot;arriving_to_viewport&quot;,&quot;viewport&quot;:{&quot;unit&quot;:&quot;%&quot;,&quot;size&quot;:&quot;&quot;,&quot;sizes&quot;:{&quot;start&quot;:0,&quot;end&quot;:100}},&quot;play_speed&quot;:{&quot;unit&quot;:&quot;px&quot;,&quot;size&quot;:1,&quot;sizes&quot;:[]},&quot;start_point&quot;:{&quot;unit&quot;:&quot;%&quot;,&quot;size&quot;:0,&quot;sizes&quot;:[]},&quot;end_point&quot;:{&quot;unit&quot;:&quot;%&quot;,&quot;size&quot;:100,&quot;sizes&quot;:[]},&quot;renderer&quot;:&quot;svg&quot;}\" data-widget_type=\"lottie.default\">\n\t\t\t\t\t<div class=\"e-lottie__container\"><div class=\"e-lottie__animation\"><\/div><\/div>\t\t\t\t<\/div>\n\t\t\t\t<div class=\"elementor-element elementor-element-42ff340 elementor-widget elementor-widget-heading\" data-id=\"42ff340\" data-element_type=\"widget\" data-widget_type=\"heading.default\">\n\t\t\t\t\t<h4 class=\"elementor-heading-title elementor-size-default\">Do\u015bwiadczenie w projektach mi\u0119dzybran\u017cowych<\/h4>\t\t\t\t<\/div>\n\t\t\t\t<div class=\"elementor-element elementor-element-daa44c7 elementor-widget elementor-widget-text-editor\" data-id=\"daa44c7\" data-element_type=\"widget\" data-widget_type=\"text-editor.default\">\n\t\t\t\t\t\t\t\t\t<p>Dzi\u0119ki dog\u0142\u0119bnemu do\u015bwiadczeniu zdobytemu w licznych projektach w wielu bran\u017cach, szybko i precyzyjnie rozumiemy Twoje wymagania.<\/p>\t\t\t\t\t\t\t\t<\/div>\n\t\t\t\t<\/div>\n\t\t<div class=\"elementor-element elementor-element-b1e9756 e-con-full e-flex e-con e-child\" data-id=\"b1e9756\" data-element_type=\"container\" data-settings=\"{&quot;background_background&quot;:&quot;classic&quot;}\">\n\t\t\t\t<div class=\"elementor-element elementor-element-83bbe7d elementor-align-left elementor-widget elementor-widget-lottie\" data-id=\"83bbe7d\" data-element_type=\"widget\" data-settings=\"{&quot;source_json&quot;:{&quot;url&quot;:&quot;https:\\\/\\\/navision-beratung.de\\\/wp-content\\\/uploads\\\/2025\\\/05\\\/Connection.json&quot;,&quot;id&quot;:10094,&quot;size&quot;:&quot;&quot;,&quot;alt&quot;:&quot;&quot;,&quot;source&quot;:&quot;library&quot;},&quot;source&quot;:&quot;media_file&quot;,&quot;caption_source&quot;:&quot;none&quot;,&quot;link_to&quot;:&quot;none&quot;,&quot;trigger&quot;:&quot;arriving_to_viewport&quot;,&quot;viewport&quot;:{&quot;unit&quot;:&quot;%&quot;,&quot;size&quot;:&quot;&quot;,&quot;sizes&quot;:{&quot;start&quot;:0,&quot;end&quot;:100}},&quot;play_speed&quot;:{&quot;unit&quot;:&quot;px&quot;,&quot;size&quot;:1,&quot;sizes&quot;:[]},&quot;start_point&quot;:{&quot;unit&quot;:&quot;%&quot;,&quot;size&quot;:0,&quot;sizes&quot;:[]},&quot;end_point&quot;:{&quot;unit&quot;:&quot;%&quot;,&quot;size&quot;:100,&quot;sizes&quot;:[]},&quot;renderer&quot;:&quot;svg&quot;}\" data-widget_type=\"lottie.default\">\n\t\t\t\t\t<div class=\"e-lottie__container\"><div class=\"e-lottie__animation\"><\/div><\/div>\t\t\t\t<\/div>\n\t\t\t\t<div class=\"elementor-element elementor-element-5cfc689 elementor-widget elementor-widget-heading\" data-id=\"5cfc689\" data-element_type=\"widget\" data-widget_type=\"heading.default\">\n\t\t\t\t\t<h4 class=\"elementor-heading-title elementor-size-default\">Wsparcie dla wszystkich modu\u0142\u00f3w i wersji<\/h4>\t\t\t\t<\/div>\n\t\t\t\t<div class=\"elementor-element elementor-element-e142e6e elementor-widget elementor-widget-text-editor\" data-id=\"e142e6e\" data-element_type=\"widget\" data-widget_type=\"text-editor.default\">\n\t\t\t\t\t\t\t\t\t<p>Nasi certyfikowani konsultanci s\u0105 zawsze na bie\u017c\u0105co - dla Microsoft Dynamics 365 Business Central na ka\u017cdym etapie rozwoju.<\/p>\t\t\t\t\t\t\t\t<\/div>\n\t\t\t\t<\/div>\n\t\t<div class=\"elementor-element elementor-element-9c2eaa1 e-con-full e-flex e-con e-child\" data-id=\"9c2eaa1\" data-element_type=\"container\" data-settings=\"{&quot;background_background&quot;:&quot;classic&quot;}\">\n\t\t\t\t<div class=\"elementor-element elementor-element-a89dfe6 elementor-align-left elementor-widget elementor-widget-lottie\" data-id=\"a89dfe6\" data-element_type=\"widget\" data-settings=\"{&quot;source_json&quot;:{&quot;url&quot;:&quot;https:\\\/\\\/navision-beratung.de\\\/wp-content\\\/uploads\\\/2025\\\/05\\\/Article-Writing.json&quot;,&quot;id&quot;:10105,&quot;size&quot;:&quot;&quot;,&quot;alt&quot;:&quot;&quot;,&quot;source&quot;:&quot;library&quot;},&quot;source&quot;:&quot;media_file&quot;,&quot;caption_source&quot;:&quot;none&quot;,&quot;link_to&quot;:&quot;none&quot;,&quot;trigger&quot;:&quot;arriving_to_viewport&quot;,&quot;viewport&quot;:{&quot;unit&quot;:&quot;%&quot;,&quot;size&quot;:&quot;&quot;,&quot;sizes&quot;:{&quot;start&quot;:0,&quot;end&quot;:100}},&quot;play_speed&quot;:{&quot;unit&quot;:&quot;px&quot;,&quot;size&quot;:1,&quot;sizes&quot;:[]},&quot;start_point&quot;:{&quot;unit&quot;:&quot;%&quot;,&quot;size&quot;:0,&quot;sizes&quot;:[]},&quot;end_point&quot;:{&quot;unit&quot;:&quot;%&quot;,&quot;size&quot;:100,&quot;sizes&quot;:[]},&quot;renderer&quot;:&quot;svg&quot;}\" data-widget_type=\"lottie.default\">\n\t\t\t\t\t<div class=\"e-lottie__container\"><div class=\"e-lottie__animation\"><\/div><\/div>\t\t\t\t<\/div>\n\t\t\t\t<div class=\"elementor-element elementor-element-ca61dec elementor-widget elementor-widget-heading\" data-id=\"ca61dec\" data-element_type=\"widget\" data-widget_type=\"heading.default\">\n\t\t\t\t\t<h4 class=\"elementor-heading-title elementor-size-default\">W\u0142asne dodatki zwi\u0119kszaj\u0105ce wydajno\u015b\u0107<\/h4>\t\t\t\t<\/div>\n\t\t\t\t<div class=\"elementor-element elementor-element-aa844e5 elementor-widget elementor-widget-text-editor\" data-id=\"aa844e5\" data-element_type=\"widget\" data-widget_type=\"text-editor.default\">\n\t\t\t\t\t\t\t\t\t<p>Opracowujemy praktyczne rozszerzenia, kt\u00f3re funkcjonalnie uzupe\u0142niaj\u0105 standardowe rozwi\u0105zanie - modu\u0142owe, stabilne, przysz\u0142o\u015bciowe.<\/p>\t\t\t\t\t\t\t\t<\/div>\n\t\t\t\t<\/div>\n\t\t<div class=\"elementor-element elementor-element-8a464a2 e-con-full e-flex e-con e-child\" data-id=\"8a464a2\" data-element_type=\"container\" data-settings=\"{&quot;background_background&quot;:&quot;classic&quot;}\">\n\t\t\t\t<div class=\"elementor-element elementor-element-74b91ad elementor-align-left elementor-widget elementor-widget-lottie\" data-id=\"74b91ad\" data-element_type=\"widget\" data-settings=\"{&quot;source_json&quot;:{&quot;url&quot;:&quot;https:\\\/\\\/navision-beratung.de\\\/wp-content\\\/uploads\\\/2025\\\/05\\\/Article-Writing.json&quot;,&quot;id&quot;:10105,&quot;size&quot;:&quot;&quot;,&quot;alt&quot;:&quot;&quot;,&quot;source&quot;:&quot;library&quot;},&quot;source&quot;:&quot;media_file&quot;,&quot;caption_source&quot;:&quot;none&quot;,&quot;link_to&quot;:&quot;none&quot;,&quot;trigger&quot;:&quot;arriving_to_viewport&quot;,&quot;viewport&quot;:{&quot;unit&quot;:&quot;%&quot;,&quot;size&quot;:&quot;&quot;,&quot;sizes&quot;:{&quot;start&quot;:0,&quot;end&quot;:100}},&quot;play_speed&quot;:{&quot;unit&quot;:&quot;px&quot;,&quot;size&quot;:1,&quot;sizes&quot;:[]},&quot;start_point&quot;:{&quot;unit&quot;:&quot;%&quot;,&quot;size&quot;:0,&quot;sizes&quot;:[]},&quot;end_point&quot;:{&quot;unit&quot;:&quot;%&quot;,&quot;size&quot;:100,&quot;sizes&quot;:[]},&quot;renderer&quot;:&quot;svg&quot;}\" data-widget_type=\"lottie.default\">\n\t\t\t\t\t<div class=\"e-lottie__container\"><div class=\"e-lottie__animation\"><\/div><\/div>\t\t\t\t<\/div>\n\t\t\t\t<div class=\"elementor-element elementor-element-0117986 elementor-widget elementor-widget-heading\" data-id=\"0117986\" data-element_type=\"widget\" data-widget_type=\"heading.default\">\n\t\t\t\t\t<h4 class=\"elementor-heading-title elementor-size-default\">Elastyczne wsparcie dla projekt\u00f3w<\/h4>\t\t\t\t<\/div>\n\t\t\t\t<div class=\"elementor-element elementor-element-e7b642f elementor-widget elementor-widget-text-editor\" data-id=\"e7b642f\" data-element_type=\"widget\" data-widget_type=\"text-editor.default\">\n\t\t\t\t\t\t\t\t\t<p>Chwilowo brakuje Ci zasob\u00f3w? Mo\u017cemy zapewni\u0107 Ci do\u015bwiadczony personel projektowy - dok\u0142adnie wtedy, gdy go potrzebujesz.<\/p>\t\t\t\t\t\t\t\t<\/div>\n\t\t\t\t<\/div>\n\t\t\t\t\t<\/div>\n\t\t\t\t<\/div>\n\t\t\t\t<\/div>","protected":false},"excerpt":{"rendered":"<p>Beratung mit Haltung Die bartolome r\u00f6der AG ist seit 25 Jahren verl\u00e4sslicher Partner f\u00fcr Management- und IT-Beratung in Konzernprojekten, im Mittelstand und bei Start-ups. Unsere Schwerpunkte liegen in der SAP- und Microsoft-Dynamics-Beratung, im internationalen Rollout-Management sowie in der Entwicklung individueller Mobile- und Smart-Shopping-L\u00f6sungen. Dabei verbinden wir strategische Beratung mit technologischem Know-how \u2013 praxisnah, zukunftsorientiert und [&hellip;]<\/p>","protected":false},"author":1,"featured_media":0,"parent":0,"menu_order":0,"comment_status":"closed","ping_status":"open","template":"","meta":{"_seopress_robots_primary_cat":"","_seopress_titles_title":"SAP- & Microsoft-Dynamics-Experten f\u00fcr Unternehmen","_seopress_titles_desc":"Verl\u00e4ssliche Beratung & Projekte in SAP & Microsoft Dynamics. Individuelle L\u00f6sungen f\u00fcr Konzerne, Mittelstand & Start-ups seit 25 Jahren!","_seopress_robots_index":"","footnotes":""},"categories":[],"tags":[],"class_list":["post-852","page","type-page","status-publish","hentry"],"_links":{"self":[{"href":"https:\/\/navision-beratung.de\/pl\/wp-json\/wp\/v2\/pages\/852","targetHints":{"allow":["GET"]}}],"collection":[{"href":"https:\/\/navision-beratung.de\/pl\/wp-json\/wp\/v2\/pages"}],"about":[{"href":"https:\/\/navision-beratung.de\/pl\/wp-json\/wp\/v2\/types\/page"}],"author":[{"embeddable":true,"href":"https:\/\/navision-beratung.de\/pl\/wp-json\/wp\/v2\/users\/1"}],"replies":[{"embeddable":true,"href":"https:\/\/navision-beratung.de\/pl\/wp-json\/wp\/v2\/comments?post=852"}],"version-history":[{"count":9,"href":"https:\/\/navision-beratung.de\/pl\/wp-json\/wp\/v2\/pages\/852\/revisions"}],"predecessor-version":[{"id":17646,"href":"https:\/\/navision-beratung.de\/pl\/wp-json\/wp\/v2\/pages\/852\/revisions\/17646"}],"wp:attachment":[{"href":"https:\/\/navision-beratung.de\/pl\/wp-json\/wp\/v2\/media?parent=852"}],"wp:term":[{"taxonomy":"category","embeddable":true,"href":"https:\/\/navision-beratung.de\/pl\/wp-json\/wp\/v2\/categories?post=852"},{"taxonomy":"post_tag","embeddable":true,"href":"https:\/\/navision-beratung.de\/pl\/wp-json\/wp\/v2\/tags?post=852"}],"curies":[{"name":"wp","href":"https:\/\/api.w.org\/{rel}","templated":true}]}}