{"id":7510,"date":"2023-05-24T09:06:18","date_gmt":"2023-05-24T09:06:18","guid":{"rendered":"https:\/\/navision-beratung.de\/?page_id=7510"},"modified":"2025-05-24T09:26:41","modified_gmt":"2025-05-24T07:26:41","slug":"end-user-license-agreement-eula","status":"publish","type":"page","link":"https:\/\/navision-beratung.de\/pl\/end-user-license-agreement-eula\/","title":{"rendered":"Umowa licencyjna u\u017cytkownika ko\u0144cowego (EULA)"},"content":{"rendered":"<div data-elementor-type=\"wp-page\" data-elementor-id=\"7510\" class=\"elementor elementor-7510\" data-elementor-post-type=\"page\">\n\t\t\t\t<div class=\"elementor-element elementor-element-2d27b860 e-flex e-con-boxed e-con e-parent\" data-id=\"2d27b860\" data-element_type=\"container\">\n\t\t\t\t\t<div class=\"e-con-inner\">\n\t\t\t\t<div class=\"elementor-element elementor-element-0c0fc3e elementor-widget elementor-widget-heading\" data-id=\"0c0fc3e\" data-element_type=\"widget\" data-widget_type=\"heading.default\">\n\t\t\t\t\t<h1 class=\"elementor-heading-title elementor-size-default\">Umowa licencyjna u\u017cytkownika ko\u0144cowego (EULA)<\/h1>\t\t\t\t<\/div>\n\t\t\t\t<div class=\"elementor-element elementor-element-251537c0 elementor-widget elementor-widget-text-editor\" data-id=\"251537c0\" data-element_type=\"widget\" data-widget_type=\"text-editor.default\">\n\t\t\t\t\t\t\t\t\t<p>KLIENT gwarantuje, \u017ce posiada wszelkie niezb\u0119dne uprawnienia, prawa, zezwolenia i zgody na zawarcie Umowy oraz na Zawarto\u015b\u0107 i wszelkie systemy lub us\u0142ugi stron trzecich, z kt\u00f3rych korzysta w zwi\u0105zku z Us\u0142ugami. KLIENT b\u0119dzie przestrzega\u0107 warunk\u00f3w licencji na oprogramowanie oraz Zasad dopuszczalnego u\u017cytkowania i Umowy z klientem dla ca\u0142ego oprogramowania i us\u0142ug stanowi\u0105cych cz\u0119\u015b\u0107 Us\u0142ug. KLIENT upewni si\u0119, \u017ce warunki licencji lub Umowy licencyjne u\u017cytkownika ko\u0144cowego (EULA) wszelkiego innego oprogramowania u\u017cywanego przez KLIENTA w zwi\u0105zku z Us\u0142ugami zezwalaj\u0105 na takie u\u017cycie. KLIENT zwolni bartolome roeder AG z odpowiedzialno\u015bci i zabezpieczy bartolome roeder AG przed roszczeniami stron trzecich, w tym Microsoft, opartymi na naruszeniu obowi\u0105zuj\u0105cych warunk\u00f3w stron trzecich, takich jak EULA. KLIENT zapewni, \u017ce wszyscy Autoryzowani U\u017cytkownicy s\u0105 wystarczaj\u0105co kompetentni, aby spe\u0142ni\u0107 odpowiednie obowi\u0105zki KLIENTA okre\u015blone w Umowie.<\/p><p>KLIENT zapewni, \u017ce wszyscy Autoryzowani U\u017cytkownicy s\u0105 \u015bwiadomi, \u017ce polityka prywatno\u015bci ma zastosowanie do Umowy i Harmonogram\u00f3w, w tym warunk\u00f3w stron trzecich, i b\u0119dzie przestrzega\u0107 wszelkich obowi\u0105zuj\u0105cych warunk\u00f3w i Zasad \u015bwiadczenia us\u0142ug. KLIENT ponosi odpowiedzialno\u015b\u0107 za dzia\u0142ania, zaniechania i Op\u0142aty poniesione przez Upowa\u017cnionych U\u017cytkownik\u00f3w. KLIENT b\u0119dzie przestrzega\u0107 Warunk\u00f3w \u015bwiadczenia us\u0142ug i nie b\u0119dzie uzyskiwa\u0107 dost\u0119pu, przechowywa\u0107, rozpowszechnia\u0107 ani przesy\u0142a\u0107 \u017cadnych Tre\u015bci budz\u0105cych zastrze\u017cenia ani korzysta\u0107 z Us\u0142ug do jakichkolwiek dzia\u0142a\u0144 lub cel\u00f3w budz\u0105cych zastrze\u017cenia. KLIENT nie b\u0119dzie wprowadza\u0107 \u017cadnego rodzaju szkodliwego oprogramowania, z\u0142o\u015bliwego oprogramowania, wirus\u00f3w, koni troja\u0144skich, robak\u00f3w, bomb czasowych, cancelbot\u00f3w do system\u00f3w lub us\u0142ug bartolome roeder AG, jej dostawc\u00f3w lub KLIENT\u00d3W. KLIENT musi zachowa\u0107 poufno\u015b\u0107 i bezpiecze\u0144stwo wszystkich danych logowania oraz szczeg\u00f3\u0142\u00f3w dotycz\u0105cych korzystania z konta KLIENTA. KLIENT jest odpowiedzialny za wszelkie Op\u0142aty poniesione w wyniku nieautoryzowanego dost\u0119pu do jego konta, chyba \u017ce taki nieautoryzowany dost\u0119p zosta\u0142 spowodowany wy\u0142\u0105cznie przez bartolome roeder AG. Je\u015bli KLIENT odkryje nieautoryzowany dost\u0119p, musi natychmiast poprosi\u0107 bartolome roeder AG o zawieszenie konta KLIENTA. Klient b\u0119dzie stosowa\u0142 og\u00f3lne najlepsze praktyki w zakresie bezpiecze\u0144stwa w zwi\u0105zku z rozwojem i korzystaniem ze wszystkich Us\u0142ug i\/lub oprogramowania i\/lub materia\u0142\u00f3w opracowanych przy u\u017cyciu technologii bartolome roeder AG i b\u0119dzie przez ca\u0142y czas przestrzega\u0142 wymog\u00f3w bartolome roeder AG w zakresie bezpiecze\u0144stwa i prywatno\u015bci danych dostarczanych okresowo przez bartolome roeder AG. Nie ograniczaj\u0105c powy\u017cszego, KLIENT wdro\u017cy techniczne, administracyjne i operacyjne \u015brodki bezpiecze\u0144stwa odpowiednie do zachowania poufno\u015bci, integralno\u015bci i bezpiecze\u0144stwa danych KLIENTA. KLIENT nie b\u0119dzie podejmowa\u0142 pr\u00f3b obej\u015bcia jakichkolwiek \u015brodk\u00f3w bezpiecze\u0144stwa zwi\u0105zanych z Us\u0142ugami lub infrastruktur\u0105 ani nie b\u0119dzie uzyskiwa\u0142 dost\u0119pu do infrastruktury bartolome roeder AG, chyba \u017ce zgodnie z instrukcjami i interfejsami API okre\u015blonymi przez bartolome roeder AG. KLIENT ponosi wy\u0142\u0105czn\u0105 odpowiedzialno\u015b\u0107 za zamawianie i utrzymywanie swoich system\u00f3w i us\u0142ug od i do granicy us\u0142ug bartolome roeder AG. KLIENT ponosi wy\u0142\u0105czn\u0105 odpowiedzialno\u015b\u0107 za rozw\u00f3j, obs\u0142ug\u0119, konserwacj\u0119 i korzystanie z Tre\u015bci oraz za zgodno\u015b\u0107 z wszelkimi Zasadami dopuszczalnego u\u017cytkowania stron trzecich lub innymi politykami, przepisami lub prawami z nimi zwi\u0105zanymi. KLIENT korzysta z produkt\u00f3w i us\u0142ug stron trzecich w zwi\u0105zku z Us\u0142ugami na w\u0142asne ryzyko i ponosi odpowiedzialno\u015b\u0107 za wszelkie koszty poniesione przez bartolome roeder AG w wyniku korzystania z nich przez KLIENTA. KLIENT jest odpowiedzialny za prawid\u0142ow\u0105 konfiguracj\u0119 i korzystanie z Us\u0142ug oraz podejmowanie w\u0142asnych krok\u00f3w w celu utrzymania odpowiedniego bezpiecze\u0144stwa, ochrony i tworzenia kopii zapasowych Tre\u015bci, co mo\u017ce obejmowa\u0107 wykorzystanie technologii szyfrowania w celu ochrony Tre\u015bci przed nieautoryzowanym dost\u0119pem i rutynow\u0105 archiwizacj\u0105. O ile Us\u0142ugi nie obejmuj\u0105 us\u0142ug tworzenia kopii zapasowych, bartolome roeder AG zaleca, aby KLIENT utrzymywa\u0142 aktualn\u0105 kopi\u0119 Tre\u015bci w inny spos\u00f3b. KLIENT jest odpowiedzialny za zapewnienie wszelkiego wsparcia swoim u\u017cytkownikom i partnerom biznesowym.<\/p><p>KLIENT mo\u017ce korzysta\u0107 z Us\u0142ug w celu \u015bwiadczenia us\u0142ug w\u0142asnym partnerom lub klientom ko\u0144cowym w ramach zwyk\u0142ej dzia\u0142alno\u015bci KLIENTA. Klient nie mo\u017ce wykorzystywa\u0107 Us\u0142ug. KLIENT akceptuje, \u017ce bartolome roeder AG mo\u017ce by\u0107 prawnie zobowi\u0105zana do monitorowania Tre\u015bci i korzystania z Us\u0142ug oraz do dostarczania szczeg\u00f3\u0142owych informacji na ten temat, kt\u00f3re mog\u0105 obejmowa\u0107 identyfikacj\u0119 danych logowania i ich wykorzystanie. bartolome roeder AG nie ponosi odpowiedzialno\u015bci za jakikolwiek wp\u0142yw na Us\u0142ugi spowodowany obowi\u0105zkiem spe\u0142nienia jakichkolwiek \u017c\u0105da\u0144 zg\u0142oszonych na mocy jakiegokolwiek organu ustawowego. KLIENT zgadza si\u0119, \u017ce bez uszczerbku, bartolome roeder AG mo\u017ce r\u00f3wnie\u017c monitorowa\u0107 korzystanie z Us\u0142ug przez KLIENTA i gromadzi\u0107 statystyki do cel\u00f3w zwi\u0105zanych z Umow\u0105 oraz w celu rozwoju i ulepszania Us\u0142ug.<\/p><p>Czekamy na komentarze lub pytania dotycz\u0105ce niniejszych Warunk\u00f3w Licencji Oprogramowania (SLT). Mo\u017cna r\u00f3wnie\u017c skontaktowa\u0107 si\u0119 z nami pod adresem:<\/p><p>bartolome roeder AG ATTN: Dzia\u0142 licencji Ridlerstr. 11<\/p><p>D-80339 Monachium Niemcy<\/p>\t\t\t\t\t\t\t\t<\/div>\n\t\t\t\t\t<\/div>\n\t\t\t\t<\/div>\n\t\t\t\t<\/div>","protected":false},"excerpt":{"rendered":"<p>End User License Agreement (EULA) The CUSTOMER warrants that it has and all necessary authority, rights, permissions and consents to enter into the Agreement and to the Content and to any third party systems or services that it uses in connection with the Services. The CUSTOMER will abide by the software license terms and conditions [&hellip;]<\/p>","protected":false},"author":1,"featured_media":7410,"parent":0,"menu_order":0,"comment_status":"closed","ping_status":"closed","template":"","meta":{"_seopress_robots_primary_cat":"","_seopress_titles_title":"EULA: Sicherer Lizenzvertrag erfolgreich nutzen","_seopress_titles_desc":"Sorgen Sie f\u00fcr sicheren Datenumgang und Einhaltung von EULA und Nutzungsbedingungen. Sch\u00fctzen Sie Systeme vor unautorisiertem Zugriff und Schadsoftware.","_seopress_robots_index":"","footnotes":""},"categories":[],"tags":[],"class_list":["post-7510","page","type-page","status-publish","has-post-thumbnail","hentry"],"_links":{"self":[{"href":"https:\/\/navision-beratung.de\/pl\/wp-json\/wp\/v2\/pages\/7510","targetHints":{"allow":["GET"]}}],"collection":[{"href":"https:\/\/navision-beratung.de\/pl\/wp-json\/wp\/v2\/pages"}],"about":[{"href":"https:\/\/navision-beratung.de\/pl\/wp-json\/wp\/v2\/types\/page"}],"author":[{"embeddable":true,"href":"https:\/\/navision-beratung.de\/pl\/wp-json\/wp\/v2\/users\/1"}],"replies":[{"embeddable":true,"href":"https:\/\/navision-beratung.de\/pl\/wp-json\/wp\/v2\/comments?post=7510"}],"version-history":[{"count":0,"href":"https:\/\/navision-beratung.de\/pl\/wp-json\/wp\/v2\/pages\/7510\/revisions"}],"wp:featuredmedia":[{"embeddable":true,"href":"https:\/\/navision-beratung.de\/pl\/wp-json\/wp\/v2\/media\/7410"}],"wp:attachment":[{"href":"https:\/\/navision-beratung.de\/pl\/wp-json\/wp\/v2\/media?parent=7510"}],"wp:term":[{"taxonomy":"category","embeddable":true,"href":"https:\/\/navision-beratung.de\/pl\/wp-json\/wp\/v2\/categories?post=7510"},{"taxonomy":"post_tag","embeddable":true,"href":"https:\/\/navision-beratung.de\/pl\/wp-json\/wp\/v2\/tags?post=7510"}],"curies":[{"name":"wp","href":"https:\/\/api.w.org\/{rel}","templated":true}]}}