{"id":7381,"date":"2023-03-15T11:44:37","date_gmt":"2023-03-15T11:44:37","guid":{"rendered":"https:\/\/navision-beratung.de\/?page_id=7381"},"modified":"2025-05-26T10:35:04","modified_gmt":"2025-05-26T08:35:04","slug":"referenzprojekt-implementierung-projektmodul","status":"publish","type":"page","link":"https:\/\/navision-beratung.de\/pl\/referenzen\/referenzprojekt-implementierung-projektmodul\/","title":{"rendered":"Projekt referencyjny: Wdro\u017cenie modu\u0142u projektu"},"content":{"rendered":"<p data-renderer-start-pos=\"1\">Dzi\u015b chcieliby\u015bmy zaprezentowa\u0107 projekt na stronie <strong data-renderer-mark=\"true\">EQS Group AG<\/strong>wiod\u0105cy mi\u0119dzynarodowy dostawca us\u0142ug w chmurze w obszarach zgodno\u015bci korporacyjnej, relacji inwestorskich i raportowania zr\u00f3wnowa\u017conego rozwoju (ESG Tech), z siedzib\u0105 w Monachium.<\/p>\n<h2 id=\"Der-Scope\" data-renderer-start-pos=\"246\">Zakres<\/h2>\n<p data-renderer-start-pos=\"257\">Firma, kt\u00f3ra specjalizuje si\u0119 w innowacyjnych us\u0142ugach dla sp\u00f3\u0142ek gie\u0142dowych i ma oko\u0142o 500 u\u017cytkownik\u00f3w, zdecydowa\u0142a si\u0119 zast\u0105pi\u0107 dodatek EasyProject i wdro\u017cy\u0107 scentralizowan\u0105 rejestracj\u0119 czasu pracy dla wszystkich projekt\u00f3w u wszystkich klient\u00f3w.<\/p>\n<h2 id=\"Die-Zielsetzung\" data-renderer-start-pos=\"496\">Cel<\/h2>\n<p data-renderer-start-pos=\"513\">Celem by\u0142a poprawa wydajno\u015bci i dok\u0142adno\u015bci zarz\u0105dzania projektami oraz zmniejszenie obci\u0105\u017cenia pracownik\u00f3w.<\/p>\n<h2 id=\"Die-Implementierung\" data-renderer-start-pos=\"648\">Wdro\u017cenie<\/h2>\n<p data-renderer-start-pos=\"669\">Wdro\u017cenie obejmowa\u0142o utworzenie danych podstawowych dla zasob\u00f3w, grup zasob\u00f3w, wymiar\u00f3w i innych wymaganych informacji w centralnym kliencie. Dane te by\u0142y automatycznie dystrybuowane do wszystkich klient\u00f3w docelowych za po\u015brednictwem dodatku Multi Entity Management (MEM). Projekty i zadania projektowe z informacjami wymaganymi do rejestracji czasu zosta\u0142y r\u00f3wnie\u017c utworzone w kliencie centralnym. Oznacza\u0142o to, \u017ce projekty mog\u0142y by\u0107 automatycznie przesy\u0142ane do klient\u00f3w docelowych i tam wzbogacane.<\/p>\n<p data-renderer-start-pos=\"1193\">Aby u\u0142atwi\u0107 alokacj\u0119 projekt\u00f3w mi\u0119dzy firmami, tabela cen grupy zasob\u00f3w zosta\u0142a rozszerzona o r\u00f3\u017cne stawki alokacji. Zaimplementowano logik\u0119 alokacji projekt\u00f3w mi\u0119dzy firmami, a ceny zosta\u0142y dostosowane w celu okre\u015blenia prawid\u0142owej ceny transferu IC (np. zas\u00f3b A od klienta A przyczynia si\u0119 do projektu od klienta B).<\/p>\n<p data-renderer-start-pos=\"1562\">Wprowadzono scentralizowan\u0105 rejestracj\u0119 czasu projektu w kliencie, dzi\u0119ki czemu pracownicy nie musz\u0105 ju\u017c rejestrowa\u0107 czasu osobno w ka\u017cdym kliencie. Linie ewidencji czasu pracy s\u0105 teraz automatycznie przenoszone do odpowiedniego docelowego klienta projektu, gdzie mo\u017cna je zaimportowa\u0107 i zaksi\u0119gowa\u0107 w arkuszu ksi\u0119gi projektu za pomoc\u0105 niestandardowej funkcji, dzi\u0119ki czemu pozycje mog\u0105 by\u0107 tworzone i oceniane w kliencie docelowym. Widoki projektu i zadania zosta\u0142y dostosowane do wy\u015bwietlania prawid\u0142owych sum (otwartych\/wprowadzonych\/zatwierdzonych\/zaksi\u0119gowanych) globalnych kart czasu pracy.<\/p>\n<p data-renderer-start-pos=\"2158\">Kierownicy projekt\u00f3w otrzymuj\u0105 teraz autoryzacj\u0119 wyd\u0142u\u017conego czasu pracy na poziomie linii, co upraszcza proces zatwierdzania. Wdro\u017cono dodatkowe procedury umo\u017cliwiaj\u0105ce przenoszenie kompletnych projekt\u00f3w, w tym element\u00f3w, do innego klienta. Udost\u0119pniono mi\u0119dzy innymi szablony szybkiego startu, umo\u017cliwiaj\u0105ce szybki import cen grup zasob\u00f3w do odpowiednich klient\u00f3w za po\u015brednictwem programu Excel.<\/p>\n<p data-renderer-start-pos=\"2586\">Aby optymalnie wspiera\u0107 r\u00f3\u017cne obszary odpowiedzialno\u015bci i role pracownik\u00f3w, interfejs klienta internetowego (centrum r\u00f3l, paski menu) zosta\u0142 dostosowany do wymaga\u0144 i uprawnie\u0144 r\u00f3\u017cnych grup u\u017cytkownik\u00f3w (kierownik\u00f3w projekt\u00f3w, os\u00f3b zatwierdzaj\u0105cych lub pracownik\u00f3w projektu).<\/p>\n<h2 id=\"Der-Benefit-f\u00fcr-den-Kunden\" data-renderer-start-pos=\"2880\">Korzy\u015bci dla klienta<\/h2>\n<p data-renderer-start-pos=\"2908\">Wdro\u017cenie scentralizowanego systemu rejestracji czasu pracy i zast\u0105pienie dodatku EasyProject znacznie poprawi wydajno\u015b\u0107 i dok\u0142adno\u015b\u0107 zarz\u0105dzania projektami w EQS Group AG. Pracownicy zostan\u0105 odci\u0105\u017ceni, a administracja stanie si\u0119 bardziej wydajna dzi\u0119ki automatyzacji proces\u00f3w.<\/p>\n<p data-renderer-start-pos=\"3205\">","protected":false},"excerpt":{"rendered":"<p>Dzisiaj chcieliby\u015bmy przedstawi\u0107 Pa\u0144stwu projekt realizowany w EQS Group AG, wiod\u0105cym mi\u0119dzynarodowym dostawcy us\u0142ug w chmurze w zakresie zgodno\u015bci korporacyjnej, relacji inwestorskich i raportowania zr\u00f3wnowa\u017conego rozwoju (ESG Tech), z siedzib\u0105 w Monachium. Zakres Firma, kt\u00f3ra \u015bwiadczy innowacyjne us\u0142ugi dla sp\u00f3\u0142ek gie\u0142dowych z oko\u0142o 500 u\u017cytkownikami, postanowi\u0142a zast\u0105pi\u0107 dodatek EasyProject i wdro\u017cy\u0107 scentralizowan\u0105 rejestracj\u0119 czasu [...].<\/p>","protected":false},"author":1,"featured_media":11834,"parent":8787,"menu_order":0,"comment_status":"closed","ping_status":"closed","template":"","meta":{"_seopress_robots_primary_cat":"","_seopress_titles_title":"Optimierte Projektzeitverwaltung bei EQS Group AG","_seopress_titles_desc":"Erfahren Sie, wie die neue zentrale Zeiterfassung die Projektverwaltung der EQS Group AG optimiert und den Mitarbeitern den Arbeitsalltag erleichtert.","_seopress_robots_index":"","footnotes":""},"categories":[52],"tags":[],"class_list":["post-7381","page","type-page","status-publish","has-post-thumbnail","hentry","category-referenzen"],"_links":{"self":[{"href":"https:\/\/navision-beratung.de\/pl\/wp-json\/wp\/v2\/pages\/7381","targetHints":{"allow":["GET"]}}],"collection":[{"href":"https:\/\/navision-beratung.de\/pl\/wp-json\/wp\/v2\/pages"}],"about":[{"href":"https:\/\/navision-beratung.de\/pl\/wp-json\/wp\/v2\/types\/page"}],"author":[{"embeddable":true,"href":"https:\/\/navision-beratung.de\/pl\/wp-json\/wp\/v2\/users\/1"}],"replies":[{"embeddable":true,"href":"https:\/\/navision-beratung.de\/pl\/wp-json\/wp\/v2\/comments?post=7381"}],"version-history":[{"count":0,"href":"https:\/\/navision-beratung.de\/pl\/wp-json\/wp\/v2\/pages\/7381\/revisions"}],"up":[{"embeddable":true,"href":"https:\/\/navision-beratung.de\/pl\/wp-json\/wp\/v2\/pages\/8787"}],"wp:featuredmedia":[{"embeddable":true,"href":"https:\/\/navision-beratung.de\/pl\/wp-json\/wp\/v2\/media\/11834"}],"wp:attachment":[{"href":"https:\/\/navision-beratung.de\/pl\/wp-json\/wp\/v2\/media?parent=7381"}],"wp:term":[{"taxonomy":"category","embeddable":true,"href":"https:\/\/navision-beratung.de\/pl\/wp-json\/wp\/v2\/categories?post=7381"},{"taxonomy":"post_tag","embeddable":true,"href":"https:\/\/navision-beratung.de\/pl\/wp-json\/wp\/v2\/tags?post=7381"}],"curies":[{"name":"wp","href":"https:\/\/api.w.org\/{rel}","templated":true}]}}