{"id":7243,"date":"2022-11-16T11:55:56","date_gmt":"2022-11-16T11:55:56","guid":{"rendered":"https:\/\/navision-beratung.de\/?page_id=7243"},"modified":"2022-11-16T11:55:56","modified_gmt":"2022-11-16T11:55:56","slug":"bartolome-roder-ag-sorgt-fur-marktplatz-intelligenz","status":"publish","type":"page","link":"https:\/\/navision-beratung.de\/pl\/bartolome-roder-ag-sorgt-fur-marktplatz-intelligenz\/","title":{"rendered":"bartolome r\u00f6der AG zapewnia informacje rynkowe"},"content":{"rendered":"<figure id=\"attachment_7256\" aria-describedby=\"caption-attachment-7256\" style=\"width: 785px\" class=\"wp-caption alignnone\"><img alt=\"\" fetchpriority=\"high\" decoding=\"async\" class=\"size-full wp-image-7256\" src=\"https:\/\/navision-beratung.de\/wp-content\/uploads\/2022\/11\/gabor-unternehmen-zentrale-rosenheim.jpg\" width=\"785\" height=\"442\" srcset=\"https:\/\/navision-beratung.de\/wp-content\/uploads\/2022\/11\/gabor-unternehmen-zentrale-rosenheim.jpg 785w, https:\/\/navision-beratung.de\/wp-content\/uploads\/2022\/11\/gabor-unternehmen-zentrale-rosenheim-300x169.jpg 300w, https:\/\/navision-beratung.de\/wp-content\/uploads\/2022\/11\/gabor-unternehmen-zentrale-rosenheim-768x432.jpg 768w\" sizes=\"(max-width: 785px) 100vw, 785px\" \/><figcaption id=\"caption-attachment-7256\" class=\"wp-caption-text\">\u0179r\u00f3d\u0142o: Gabor Shoes AG<\/figcaption><\/figure>\n<h1 id=\"NL|ReferenzartikelGabor-\u201aKaufm\u00e4nnischesHerz\u2018verbindetGabor-Marktplatzmitstation\u00e4renHandelspartnern.1\"><strong>\"Handlowe serce\" \u0142\u0105czy rynek Gabor ze stacjonarnymi partnerami detalicznymi<\/strong><\/h1>\n<p><strong>Marka obuwnicza Gabor reaguje na trend direct-to-consumer na sw\u00f3j w\u0142asny spos\u00f3b: Na\u00a0<a class=\"external-link extlink\" href=\"http:\/\/Gabor.de\" target=\"_blank\" rel=\"nofollow noopener\" data-ext-link-init=\"true\">Gabor.com<\/a> konsumenci mog\u0105 zamawia\u0107 wszystkie modele. Jednocze\u015bnie Gabor Shoes AG integruje stacjonarn\u0105 sprzeda\u017c detaliczn\u0105 ze sprzeda\u017c\u0105 cyfrow\u0105. Jest to mo\u017cliwe dzi\u0119ki inteligentnemu rozwi\u0105zaniu marketplace<a href=\"https:\/\/navision-beratung.de\/pl\/e4m-engine-4-marketplace-central-workflow-controller\/\">Engine 4 Marketplace\" (E4M)<\/a>opracowany przez bartolome r\u00f6der AG.<\/strong><\/p>\n<p>Gabor Shoes AG produkuje wysokiej jako\u015bci obuwie m\u0119skie i damskie i jest jedn\u0105 z najbardziej znanych marek obuwniczych w niemieckoj\u0119zycznym \u015bwiecie. W roku obrotowym 2020 firma z siedzib\u0105 w Rosenheim w Bawarii wygenerowa\u0142a sprzeda\u017c w wysoko\u015bci 301 milion\u00f3w euro. Sprzeda\u017c detaliczna online staje si\u0119 coraz wa\u017cniejszym kana\u0142em sprzeda\u017cy. Gabor wykorzystuje atrakcyjno\u015b\u0107 i \u015bwiadomo\u015b\u0107 w\u0142asnej marki i prezentuje ca\u0142\u0105 gam\u0119 produkt\u00f3w online. Entuzja\u015bci obuwia mog\u0105 znale\u017a\u0107 szerok\u0105 gam\u0119 but\u00f3w na <em><a class=\"external-link extlink\" href=\"http:\/\/Gabor.de\" target=\"_blank\" rel=\"nofollow noopener\" data-ext-link-init=\"true\">Gabor.com<\/a><\/em> marka Gabor dla obuwia damskiego oraz marki rollingsoft i Pius Gabor, marka obuwia m\u0119skiego firmy, a tak\u017ce torebki marki Gabor bags.<\/p>\n<p>Podczas gdy inni producenci konkuruj\u0105 ze swoimi tradycyjnymi partnerami detalicznymi w Internecie, Gabor przyjmuje inne podej\u015bcie dzi\u0119ki specjalnie opracowanemu rynkowi: sklep internetowy Gabor anga\u017cuje lokalne sklepy obuwnicze w Niemczech, Austrii, a wkr\u00f3tce tak\u017ce w Holandii w sprzeda\u017c cyfrow\u0105. Kiedy zam\u00f3wienie jest sk\u0142adane za po\u015brednictwem <a class=\"external-link extlink\" href=\"http:\/\/Gabor.de\" target=\"_blank\" rel=\"nofollow noopener\" data-ext-link-init=\"true\">Gabor.com<\/a> Nast\u0119pnie jest on przekazywany do jednego z partner\u00f3w rynkowych Gabor. Powi\u0105zani stacjonarni sprzedawcy obuwia przejmuj\u0105 realizacj\u0119 zam\u00f3wie\u0144 online, generuj\u0105c w ten spos\u00f3b dodatkow\u0105 sprzeda\u017c online.<\/p>\n<h2>Wyzwanie<\/h2>\n<p>W marketplace zaanga\u017cowanych jest kilku uczestnik\u00f3w: stacjonarni sprzedawcy detaliczni, dostawcy us\u0142ug wysy\u0142kowych, dostawcy us\u0142ug p\u0142atniczych i sama firma Gabor. Celem by\u0142o zatem wprowadzenie scentralizowanego systemu kontroli procesu obs\u0142ugi zam\u00f3wie\u0144 i zwrot\u00f3w za po\u015brednictwem Gabor Marketplace\" - m\u00f3wi Thorsten B\u00e4hre, dyrektor ds. handlu elektronicznego w Gabor Shoes AG.<\/p>\n<p>Doprowadzi\u0142o to do decyzji o wdro\u017ceniu nowego rozwi\u0105zania. \"Potrzebowali\u015bmy komercyjnego \"serca\", systemu zarz\u0105dzania towarami, kt\u00f3ry mapowa\u0142by wszystkie procesy\" - wyja\u015bnia B\u00e4hre. Wyznaczy\u0142 trzy cele dla nowego rozwi\u0105zania: Bezpiecze\u0144stwo proces\u00f3w, stabilno\u015b\u0107 proces\u00f3w i mo\u017cliwo\u015b\u0107 skalowania w celu wsparcia planowanego rozwoju kana\u0142u sprzeda\u017cy online.<\/p>\n<h2>Gabor i bartolome r\u00f6der AG<\/h2>\n<p>W ci\u0105gu trzech miesi\u0119cy poprzedni system zarz\u0105dzania zam\u00f3wieniami zosta\u0142 zast\u0105piony nowym rozwi\u0105zaniem. Zosta\u0142o ono zaprojektowane i wdro\u017cone przez firm\u0119 konsultingow\u0105 bartolome r\u00f6der AG z Monachium. Austriacka agencja internetowa oferuj\u0105ca pe\u0142en zakres us\u0142ug <a class=\"external-link extlink\" href=\"http:\/\/elements.at\" target=\"_blank\" rel=\"nofollow noopener\" data-ext-link-init=\"true\">elements.at<\/a> Firma New Media Solutions GmbH dostarczy\u0142a nowy front-end.<\/p>\n<h2>Rozwi\u0105zanie<\/h2>\n<p>Dzi\u0119ki E4M firma bartolome r\u00f6der AG opracowa\u0142a scentralizowany system przetwarzania zam\u00f3wie\u0144.<\/p>\n<p>E4M, centralny kontroler przep\u0142ywu pracy, dzia\u0142a jako centralny organ kontrolny dla rynku <a class=\"external-link extlink\" href=\"http:\/\/Gabor.de\" target=\"_blank\" rel=\"nofollow noopener\" data-ext-link-init=\"true\">Gabor.com<\/a> zadania, takie jak kierowanie zam\u00f3wie\u0144 lub kontrola procesu zam\u00f3wie\u0144. Sprzedawcy dziel\u0105 si\u0119 <a class=\"external-link extlink\" href=\"http:\/\/Gabor.de\" target=\"_blank\" rel=\"nofollow noopener\" data-ext-link-init=\"true\">Gabor.com<\/a> ich zapas\u00f3w. Przychodz\u0105ce zam\u00f3wienia online s\u0105 przetwarzane przez <a class=\"external-link extlink\" href=\"http:\/\/Gabor.de\" target=\"_blank\" rel=\"nofollow noopener\" data-ext-link-init=\"true\">Gabor.com<\/a> przekazywane partnerom. \"Gabor zdo\u0142a\u0142 wej\u015b\u0107 na rynek sprzeda\u017cy mi\u0119dzy przedsi\u0119biorstwami a konsumentami, a jednocze\u015bnie przyci\u0105gn\u0105\u0107 do siebie tradycyjnych sprzedawc\u00f3w detalicznych\" - m\u00f3wi B\u00e4hre, opisuj\u0105c filozofi\u0119 sprzeda\u017cy firmy.<\/p>\n<p>Je\u015bli zam\u00f3wienie online spe\u0142nia <a class=\"external-link extlink\" href=\"http:\/\/Gabor.de\" target=\"_blank\" rel=\"nofollow noopener\" data-ext-link-init=\"true\">Gabor.com<\/a> Algorytm decyduje, kt\u00f3ry partner handlowy zrealizuje zam\u00f3wienie. Je\u015bli zostanie on zaakceptowany, zam\u00f3wienie jest do niego przekazywane. Sprzedawca wysy\u0142a towar ze swojego magazynu do klienta - oczywi\u015bcie z logo Gabor. Klienci otrzymuj\u0105 faktur\u0119 za zam\u00f3wienie online od Gabor Shoes. \"Dzi\u0119ki temu rozwi\u0105zaniu mo\u017cemy wyra\u017anie odwzorowa\u0107 wieloetapowy proces sprzeda\u017cy i wszystkie przep\u0142ywy dokument\u00f3w - w tym wysy\u0142k\u0119, p\u0142atno\u015bci i zwroty\" - m\u00f3wi o E4M Bernd R\u00f6der, partner w bartolome r\u00f6der AG.<\/p>\n<h2>Wynik<\/h2>\n<p>Dzi\u0119ki E4M wszystkie etapy zam\u00f3wienia s\u0105 teraz przejrzyste. \"Dzi\u0119ki temu rozwi\u0105zaniu zawsze mamy przegl\u0105d sytuacji\" - podkre\u015bla B\u00e4hre, kierownik ds. e-commerce. Wymienia nast\u0119puj\u0105ce konkretne przyk\u0142ady: prawid\u0142owe poziomy zapas\u00f3w w sklepie, aktualny status zam\u00f3wienia, prawid\u0142owe dane klienta. B\u00e4hre jest zadowolony: \"Mo\u017cemy teraz monitorowa\u0107 wszystkie procesy\". Wewn\u0119trzne opinie s\u0105 bardzo pozytywne. Partnerzy handlowi r\u00f3wnie\u017c korzystaj\u0105 z zasady marketplace firmy Gabor. Zw\u0142aszcza podczas lockdownu spowodowanego pandemi\u0105 koronawirusa, marketplace <a class=\"external-link extlink\" href=\"http:\/\/Gabor.de\" target=\"_blank\" rel=\"nofollow noopener\" data-ext-link-init=\"true\">Gabor.com<\/a> udowodnione, m\u00f3wi B\u00e4hre.<\/p>\n<p>Chwali wsp\u00f3\u0142prac\u0119 z bartolome r\u00f6der AG: \"Partnerzy s\u0105 kluczowi w tak z\u0142o\u017conym projekcie. Jakie maj\u0105 zrozumienie procesu? Jaki maj\u0105 wgl\u0105d w planowanie? Potrzebujemy rozwi\u0105za\u0144, kt\u00f3re s\u0105 elastyczne i szybkie, a za nimi stoj\u0105 w\u0142a\u015bciwe umys\u0142y\". Zesp\u00f3\u0142 projektowy z Gabor Shoes AG, bartolome r\u00f6der AG i <a class=\"external-link extlink\" href=\"http:\/\/elements.at\" target=\"_blank\" rel=\"nofollow noopener\" data-ext-link-init=\"true\">elements.at<\/a> wsp\u00f3\u0142praca uk\u0142ada\u0142a si\u0119 \"rewelacyjnie\", m\u00f3wi z zadowoleniem B\u00e4hre.<\/p>\n<p>Dwa z trzech cel\u00f3w projektu zosta\u0142y osi\u0105gni\u0119te: rozwi\u0105zanie jest stabilne i wy\u015bwietla wszystkie procesy w przejrzysty spos\u00f3b. B\u00e4hre koncentruje si\u0119 teraz na rozwoju kana\u0142u online.<\/p>\n<h2 id=\"NL|MicrosoftDynamics365BusinessCentralWave22022-HabenwirIhrInteressegeweckt?\">Czy wzbudzili\u015bmy twoje zainteresowanie?<\/h2>\n<p>Je\u015bli jeste\u015b zainteresowany naszym <strong>Marketplace Controller <a href=\"https:\/\/navision-beratung.de\/pl\/e4m-engine-4-marketplace-central-workflow-controller\/\">Engine 4 Marketplace\" (E4M)<\/a><\/strong> Je\u015bli chcesz uzyska\u0107 wi\u0119cej informacji, skontaktuj si\u0119 z nami!<\/p>\n<p><strong>Telefon: +49 (89) 21 111 848<\/strong><br \/>\n<strong>E-mail:<\/strong> <a class=\"external-link extlink\" href=\"mailto:vertrieb@br-ag.com\" target=\"_blank\" rel=\"nofollow noopener\" data-ext-link-init=\"true\">vertrieb@br-ag.com<\/a><\/p>","protected":false},"excerpt":{"rendered":"<p>\u201aKaufm\u00e4nnisches Herz\u2018 verbindet Gabor-Marktplatz mit station\u00e4ren Handelspartnern Dem Direct-to-Consumer-Trend begegnet die Schuhmarke Gabor auf eigene Weise: Auf\u00a0Gabor.de k\u00f6nnen Verbraucherinnen und Verbraucher alle Modelle ordern. Gleichzeitig bindet die Gabor Shoes AG den station\u00e4ren Handel in den digitalen Vertrieb ein. M\u00f6glich wird das durch die intelligente Marktplatz-L\u00f6sung\u201a Engine 4 Marketplace\u2018 (E4M), entwickelt von der bartolome r\u00f6der AG. [&hellip;]<\/p>","protected":false},"author":1,"featured_media":7249,"parent":0,"menu_order":0,"comment_status":"closed","ping_status":"closed","template":"","meta":{"_seopress_robots_primary_cat":"","_seopress_titles_title":"Gabor: Marktplatz verbindet Online- und Einzelhandel","_seopress_titles_desc":"Entdecken Sie Gabor.de: Online Schuhe kaufen und gleichzeitig lokale H\u00e4ndler unterst\u00fctzen durch die innovative Engine 4 Marketplace-L\u00f6sung.","_seopress_robots_index":"","footnotes":""},"categories":[],"tags":[],"class_list":["post-7243","page","type-page","status-publish","has-post-thumbnail","hentry"],"_links":{"self":[{"href":"https:\/\/navision-beratung.de\/pl\/wp-json\/wp\/v2\/pages\/7243","targetHints":{"allow":["GET"]}}],"collection":[{"href":"https:\/\/navision-beratung.de\/pl\/wp-json\/wp\/v2\/pages"}],"about":[{"href":"https:\/\/navision-beratung.de\/pl\/wp-json\/wp\/v2\/types\/page"}],"author":[{"embeddable":true,"href":"https:\/\/navision-beratung.de\/pl\/wp-json\/wp\/v2\/users\/1"}],"replies":[{"embeddable":true,"href":"https:\/\/navision-beratung.de\/pl\/wp-json\/wp\/v2\/comments?post=7243"}],"version-history":[{"count":0,"href":"https:\/\/navision-beratung.de\/pl\/wp-json\/wp\/v2\/pages\/7243\/revisions"}],"wp:featuredmedia":[{"embeddable":true,"href":"https:\/\/navision-beratung.de\/pl\/wp-json\/wp\/v2\/media\/7249"}],"wp:attachment":[{"href":"https:\/\/navision-beratung.de\/pl\/wp-json\/wp\/v2\/media?parent=7243"}],"wp:term":[{"taxonomy":"category","embeddable":true,"href":"https:\/\/navision-beratung.de\/pl\/wp-json\/wp\/v2\/categories?post=7243"},{"taxonomy":"post_tag","embeddable":true,"href":"https:\/\/navision-beratung.de\/pl\/wp-json\/wp\/v2\/tags?post=7243"}],"curies":[{"name":"wp","href":"https:\/\/api.w.org\/{rel}","templated":true}]}}