{"id":7108,"date":"2022-09-15T08:02:47","date_gmt":"2022-09-15T08:02:47","guid":{"rendered":"https:\/\/navision-beratung.de\/?page_id=7108"},"modified":"2025-05-26T10:18:42","modified_gmt":"2025-05-26T08:18:42","slug":"referenzprojekt-eqs-group-ag","status":"publish","type":"page","link":"https:\/\/navision-beratung.de\/pl\/referenzen\/referenzprojekt-eqs-group-ag\/","title":{"rendered":"Projekt referencyjny: Nowe wprowadzenie Business Central w wersji 18"},"content":{"rendered":"<p>Dzi\u015b chcieliby\u015bmy zaprezentowa\u0107 projekt na stronie <strong>EQS Group AG<\/strong>wiod\u0105cy mi\u0119dzynarodowy dostawca us\u0142ug w chmurze w zakresie zgodno\u015bci korporacyjnej, relacji inwestorskich i raportowania zr\u00f3wnowa\u017conego rozwoju (ESG Tech), z siedzib\u0105 w Monachium. Firma, kt\u00f3ra specjalizuje si\u0119 w innowacyjnych us\u0142ugach dla sp\u00f3\u0142ek gie\u0142dowych z oko\u0142o 500 u\u017cytkownikami, wprowadzi\u0142a Business Central w wersji 18 i przeprowadzi\u0142a cz\u0119\u015bciowy transfer danych ze starszego systemu NAV.<\/p>\n<p><strong>Jakie by\u0142o wyzwanie?<\/strong><\/p>\n<p>EQS Group AG korzysta\u0142a z wysoce zmodyfikowanego systemu z wieloma dodatkami innych firm, wi\u0119c przed aktualizacj\u0105 by\u0142o sporo obaw ze wzgl\u0119du na wysoki poziom z\u0142o\u017cono\u015bci.<br \/>Celem by\u0142o przywr\u00f3cenie oprogramowania u\u017cywanego z licznymi interfejsami do standardu w jak najwi\u0119kszym stopniu oraz skonsolidowanie lub zast\u0105pienie dodatk\u00f3w innych firm. Ponadto istniej\u0105ce funkcje, kt\u00f3re nadal by\u0142y analizowane jako niezb\u0119dne, mia\u0142y by\u0107 rozs\u0105dnie rozmieszczone w r\u00f3\u017cnych aplikacjach\/rozszerzeniach.<\/p>\n<p><strong>Infrastruktura techniczna<\/strong><\/p>\n<p>Zainstalowany system to instalacja lokalna hostowana przez com:3000 IT-Services GmbH z siedzib\u0105 w F\u00fcrstenfeldbruck, rozproszona na kilku serwerach (serwerach baz danych i aplikacji) w chmurze prywatnej.<\/p>\n<p><strong>Najwa\u017cniejsze elementy projektu<\/strong><\/p>\n<ul>\n<li>Rozszerzenie modu\u0142u um\u00f3w serwisowych w celu umo\u017cliwienia mapowania typ\u00f3w um\u00f3w EQS Group AG.<\/li>\n<li>Import danych klient\u00f3w i um\u00f3w z Microsoft CRM \/ integracja przez Dateverse<\/li>\n<li>Wprowadzenie interfejsu us\u0142ugi internetowej do importowania i przetwarzania danych transakcyjnych i danych rozliczeniowych z portalu w chmurze.<\/li>\n<li>Pod\u0142\u0105czenie zewn\u0119trznego rozwi\u0105zania zakupowego<\/li>\n<li>Mapowanie rejestracji czasu pracy w projektach r\u00f3\u017cnych klient\u00f3w w centralnym kliencie dla wszystkich projekt\u00f3w.<\/li>\n<li>Dostosowania wprowadzone dla automatycznej wysy\u0142ki wiadomo\u015bci e-mail (r\u00f3\u017cne szablony wiadomo\u015bci e-mail w zale\u017cno\u015bci od j\u0119zyka i grupy klient\u00f3w)<\/li>\n<li>Wdro\u017cenie niestandardowego obiegu dokument\u00f3w przychodz\u0105cych w Continia Document Capture<\/li>\n<li>Dostosowywanie lub tworzenie profili dla grup u\u017cytkownik\u00f3w i koncepcji autoryzacji<\/li>\n<\/ul>\n<p><strong>Cechy<\/strong><\/p>\n<p>Wszystkie dostosowania zosta\u0142y dostarczone jako aplikacje rozszerzaj\u0105ce. Poniewa\u017c standardowe obiekty nie zosta\u0142y dostosowane, klient mo\u017ce teraz znacznie \u0142atwiej dokona\u0107 aktualizacji. Ponadto wszystkie zmiany w kodzie s\u0105 monitorowane przez system wersjonowania (Git). Uko\u0144czone dostosowania s\u0105 wydawane zgodnie z zasad\u0105 podw\u00f3jnej kontroli i s\u0105 wdra\u017cane za po\u015brednictwem DevOps w CI\/CD (<strong>C<\/strong>ontinuos <strong>I<\/strong>Integracja, <strong>C<\/strong>ontinuos <strong>D<\/strong>eployment) jest automatycznie dostarczany w systemie testowym. Po przetestowaniu i zatwierdzeniu zaimportowanych dostosowa\u0144 przez EQS Group AG, s\u0105 one wdra\u017cane w dzia\u0142aj\u0105cym systemie.<\/p>\n<p><strong>U\u017cywane dodatki innych firm<\/strong><\/p>\n<p>EQS Group AG korzysta z nast\u0119puj\u0105cych dodatk\u00f3w:<\/p>\n<ul>\n<li>ForNAV<\/li>\n<li>OPplus<\/li>\n<li>Przechwytywanie dokument\u00f3w Continia<\/li>\n<li>XtensionIT - Zarz\u0105dzanie wieloma podmiotami<\/li>\n<\/ul>\n<p><strong>Model projektu<\/strong><\/p>\n<p>Po przeanalizowaniu wymaga\u0144 i zdefiniowaniu pakiet\u00f3w migracyjnych, zastosowali\u015bmy zwinny model rozwoju, iteracyjnie wdra\u017caj\u0105c i demonstruj\u0105c poprawki (iteracyjne prototypowanie). Migracja danych odby\u0142a si\u0119 w kilku etapach. Po przeszkoleniu pracownik\u00f3w i obszernej fazie testowej z testami funkcjonalnymi, integracyjnymi i akceptacyjnymi, uruchomienie odby\u0142o si\u0119 pomy\u015blnie i zgodnie z planem.<\/p>\n\n\n<blockquote class=\"wp-block-quote is-layout-flow wp-block-quote-is-layout-flow\"><p><em>Przy przej\u015bciu z Navision na Business Central, BR AG wspiera\u0142 nas od koncepcji do uruchomienia. Dzi\u0119ki fachowemu doradztwu i podej\u015bciu zorientowanemu na rozwi\u0105zania byli\u015bmy w stanie pomy\u015blnie zako\u0144czy\u0107 projekt. BR AG nadal wspiera nas jako partner, a dzi\u0119ki przyjaznemu i zorientowanemu na klienta wsparciu b\u0119dziemy mogli wsp\u00f3lnie sprosta\u0107 przysz\u0142ym wyzwaniom zwi\u0105zanym z systemem<\/em>.<\/p><cite><strong>Clarissa J\u00f6rg, <\/strong>Kierownik dzia\u0142u ksi\u0119gowo\u015bci, EQS Group AG<\/cite><\/blockquote>","protected":false},"excerpt":{"rendered":"<p>Dzi\u015b chcieliby\u015bmy przedstawi\u0107 Pa\u0144stwu projekt realizowany przez EQS Group AG, wiod\u0105cego mi\u0119dzynarodowego dostawc\u0119 us\u0142ug w chmurze w zakresie zgodno\u015bci korporacyjnej, relacji inwestorskich i raportowania zr\u00f3wnowa\u017conego rozwoju (ESG Tech), z siedzib\u0105 w Monachium. Firma, kt\u00f3ra specjalizuje si\u0119 w innowacyjnych us\u0142ugach dla sp\u00f3\u0142ek gie\u0142dowych z oko\u0142o 500 u\u017cytkownikami, wdro\u017cy\u0142a Business Central Version 18 i cz\u0119\u015bciowy transfer danych [...]<\/p>","protected":false},"author":1,"featured_media":11496,"parent":8787,"menu_order":0,"comment_status":"closed","ping_status":"closed","template":"","meta":{"_seopress_robots_primary_cat":"","_seopress_titles_title":"EQS Group AG: Erfolgreiche Cloud-Integration bei ERP","_seopress_titles_desc":"Erleben Sie die erfolgreiche Einf\u00fchrung von Business Central bei EQS Group AG, einem f\u00fchrenden Cloud-Anbieter, und wie sie Komplexit\u00e4t meisterten.","_seopress_robots_index":"","footnotes":""},"categories":[52],"tags":[],"class_list":["post-7108","page","type-page","status-publish","has-post-thumbnail","hentry","category-referenzen"],"_links":{"self":[{"href":"https:\/\/navision-beratung.de\/pl\/wp-json\/wp\/v2\/pages\/7108","targetHints":{"allow":["GET"]}}],"collection":[{"href":"https:\/\/navision-beratung.de\/pl\/wp-json\/wp\/v2\/pages"}],"about":[{"href":"https:\/\/navision-beratung.de\/pl\/wp-json\/wp\/v2\/types\/page"}],"author":[{"embeddable":true,"href":"https:\/\/navision-beratung.de\/pl\/wp-json\/wp\/v2\/users\/1"}],"replies":[{"embeddable":true,"href":"https:\/\/navision-beratung.de\/pl\/wp-json\/wp\/v2\/comments?post=7108"}],"version-history":[{"count":0,"href":"https:\/\/navision-beratung.de\/pl\/wp-json\/wp\/v2\/pages\/7108\/revisions"}],"up":[{"embeddable":true,"href":"https:\/\/navision-beratung.de\/pl\/wp-json\/wp\/v2\/pages\/8787"}],"wp:featuredmedia":[{"embeddable":true,"href":"https:\/\/navision-beratung.de\/pl\/wp-json\/wp\/v2\/media\/11496"}],"wp:attachment":[{"href":"https:\/\/navision-beratung.de\/pl\/wp-json\/wp\/v2\/media?parent=7108"}],"wp:term":[{"taxonomy":"category","embeddable":true,"href":"https:\/\/navision-beratung.de\/pl\/wp-json\/wp\/v2\/categories?post=7108"},{"taxonomy":"post_tag","embeddable":true,"href":"https:\/\/navision-beratung.de\/pl\/wp-json\/wp\/v2\/tags?post=7108"}],"curies":[{"name":"wp","href":"https:\/\/api.w.org\/{rel}","templated":true}]}}