{"id":5616,"date":"2020-04-23T13:04:43","date_gmt":"2020-04-23T13:04:43","guid":{"rendered":"https:\/\/navision-beratung.de\/?page_id=5616"},"modified":"2025-05-26T10:27:12","modified_gmt":"2025-05-26T08:27:12","slug":"referenzprojekt-logistikloesung-in-dynamics-365-business-central-am-beispiel-eines-kunden","status":"publish","type":"page","link":"https:\/\/navision-beratung.de\/pl\/referenzen\/referenzprojekt-logistikloesung-in-dynamics-365-business-central-am-beispiel-eines-kunden\/","title":{"rendered":"Projekt referencyjny: Rozwi\u0105zanie logistyczne w Dynamics 365 Business Central"},"content":{"rendered":"<p>Dzi\u015b chcieliby\u015bmy zaprezentowa\u0107 <strong>Rozwi\u0105zanie logistyczne<\/strong> naszych klient\u00f3w <strong>PSP Pack GmbH<\/strong>dostawca us\u0142ug logistycznych m.in. dla bran\u017cy motoryzacyjnej i o\u015bwietleniowej z g\u00f3rnobawarskiego powiatu Eichst\u00e4tt w samym sercu Bawarii.<\/p>\n<p>PSP Pack GmbH oferuje kompletn\u0105 us\u0142ug\u0119 logistyczn\u0105, tj. mo\u017cliwo\u015b\u0107 mapowania ca\u0142ej gospodarki magazynowej (magazynowanie, przenoszenie, pobieranie, transport itp.).<\/p>\n<p>Aby m\u00f3c zaopatrywa\u0107 swoich g\u0142\u00f3wnych klient\u00f3w w systemie JIT (\"just in time\"), firma PSP Pack GmbH zainwestowa\u0142a w du\u017cy, nowoczesny magazyn o pojemno\u015bci 7000 miejsc paletowych. Na ka\u017cdej zmianie mo\u017cna tu przeprowadzi\u0107 500 operacji magazynowych (za\u0142adunek lub roz\u0142adunek materia\u0142\u00f3w). Przez ca\u0142y dzie\u0144 kilka poci\u0105g\u00f3w ci\u0119\u017carowych podr\u00f3\u017cuje z magazynu do odpowiedniego klienta i z powrotem, aby na czas dostarczy\u0107 materia\u0142 do odpowiednich zak\u0142ad\u00f3w. Ci\u0119\u017car\u00f3wki zaopatruj\u0105 zak\u0142ady i s\u0105 r\u00f3wnie\u017c \u0142adowane w odpowiednim zak\u0142adzie w drodze powrotnej z cz\u0119\u015bciowymi ilo\u015bciami, kt\u00f3re musz\u0105 by\u0107 ponownie przechowywane w magazynie.<\/p>\n<p>Jako system ERP wykorzystywany jest Microsoft Dynamics 365 Business Central.<\/p>\n<h2>Jaka technologia jest u\u017cywana?<\/h2>\n<p>PSP Pack GmbH opiera si\u0119 na nowoczesnych technologiach umo\u017cliwiaj\u0105cych jednoznaczn\u0105 identyfikacj\u0119 miejsc przechowywania i materia\u0142\u00f3w, np. <strong>RFID (R<\/strong>adio-<strong>F<\/strong>cz\u0119stotliwo\u015b\u0107<strong> Id<\/strong>entyfikacja<strong>) - Technologia, <\/strong>tj. lokalizacja i automatyczna identyfikacja za pomoc\u0105 fal radiowych. Do zastosowania wymagany jest system sk\u0142adaj\u0105cy si\u0119 z nadajnika (transpondera) i odbiornika (czytnika). Etykiety i znaczniki RFID w miejscu przechowywania s\u0105 odczytywane za pomoc\u0105 czytnik\u00f3w na w\u00f3zku wid\u0142owym w sta\u0142ej pozycji. Ponadto, r\u00f3\u017cne <strong>Skaner kod\u00f3w kreskowych<\/strong> zautomatyzowa\u0107 gromadzenie danych mobilnych w jak najwi\u0119kszym stopniu.<\/p>\n<p>The <strong>Po\u0142\u0105czenie techniczne<\/strong> do danego klienta odbywa si\u0119 poprzez bezpo\u015brednie po\u0142\u0105czenie z baz\u0105 danych za po\u015brednictwem interfejsu. To z kolei oznacza, \u017ce <strong>Business Central<\/strong> Baza danych PSP Pack GmbH jest stale po\u0142\u0105czona z zewn\u0119trzn\u0105 baz\u0105 danych klienta za po\u015brednictwem tunelu VPN. Te zewn\u0119trzne tabele bazy danych s\u0105 p\u0142ynnie zintegrowane z Business Central przy u\u017cyciu specjalnych technologii.<\/p>\n<h2>Jakie wiadomo\u015bci s\u0105 przesy\u0142ane?<\/h2>\n<ol>\n<li>Odpowiedni klient wprowadza dzienne rezerwacje (zapotrzebowanie na materia\u0142y). Wprowadza, kt\u00f3ry materia\u0142 jest wymagany w jakiej ilo\u015bci i o kt\u00f3rej godzinie.<\/li>\n<li>Przesy\u0142ane s\u0105 zwroty, kt\u00f3re zosta\u0142y odes\u0142ane do magazynu przez klienta.<\/li>\n<li>Przekazywane s\u0105 towary przychodz\u0105ce od dostawc\u00f3w zewn\u0119trznych.<\/li>\n<li>Bie\u017c\u0105cy poziom zapas\u00f3w jest przesy\u0142any raz w nocy (poniewa\u017c nie ma tu \u017cadnych ruch\u00f3w materia\u0142\u00f3w).<br \/>\nWa\u017cne: Zapytania o zapasy ad-hoc s\u0105 mo\u017cliwe w ka\u017cdej chwili!<\/li>\n<\/ol>\n<h2>Inne specjalne cechy rozwi\u0105zania logistycznego<\/h2>\n<ul>\n<li><strong>Wyb\u00f3r FEFO: <\/strong>Materia\u0142 jest usuwany zgodnie z zasad\u0105 \"First Expired First Out\". Oznacza to, \u017ce to, co by\u0142o przechowywane najd\u0142u\u017cej, jest wybierane jako pierwsze do usuni\u0119cia. Jest to realizowane za pomoc\u0105 numer\u00f3w partii z automatyczn\u0105 dat\u0105 wa\u017cno\u015bci.<\/li>\n<li><strong>Obliczanie ilo\u015bci materia\u0142u:<\/strong> Materia\u0142y s\u0105 pobierane z magazynu w kartonach, tj. jako kompletne pojemniki. Klient zarezerwowa\u0142 jednak okre\u015blon\u0105 ilo\u015b\u0107. Pojemniki do pobrania s\u0105 nast\u0119pnie automatycznie obliczane na podstawie zawarto\u015bci konkretnego pojemnika magazynowego.<\/li>\n<li><strong>R\u00f3\u017cne kokpity <\/strong>do zarz\u0105dzania rezerwacjami, zwrotami i przychodz\u0105cymi towarami:<br \/>\n- Przegl\u0105d statusu<br \/>\n- Przetwarzanie b\u0142\u0119d\u00f3w<br \/>\n- Wyszukiwanie zapas\u00f3w (np. w\u0142asne widoki dla numer\u00f3w partii i daty wa\u017cno\u015bci)<br \/>\n- Wyb\u00f3r rezerwacji dla partii (przetwarzanie partii) dla poszczeg\u00f3lnych dostaw ci\u0119\u017car\u00f3wek<br \/>\nKonkretnie, proces za po\u015brednictwem kokpitu wygl\u0105da nast\u0119puj\u0105co:<br \/>\nPracownik magazynu sprawdza rano sw\u00f3j kokpit w Business Central. Natychmiast widzi, jakie materia\u0142y zosta\u0142y zam\u00f3wione. Nast\u0119pnie mo\u017ce posortowa\u0107 je wed\u0142ug daty i godziny oraz sprawdzi\u0107, kt\u00f3re materia\u0142y s\u0105 dost\u0119pne. Nast\u0119pnie mo\u017cna utworzy\u0107 proces wsadowy dla ka\u017cdej ci\u0119\u017car\u00f3wki i natychmiast rozpocz\u0105\u0107 proces kompletacji. Pracownicy magazynu widz\u0105 swoj\u0105 \"list\u0119 robocz\u0105\" bezpo\u015brednio na swoich tabletach.<\/li>\n<li><strong>Dostosowane centrum r\u00f3l:<\/strong> Ka\u017cda grupa pracownik\u00f3w ma dostosowane centrum r\u00f3l (ekran startowy w Business Central z wymaganymi funkcjami) do przetwarzania logistyki.<\/li>\n<li><strong>Automatyczne tworzenie paragon\u00f3w z kodami kreskowymi:<\/strong><br \/>\n- Dokumenty \u017ar\u00f3d\u0142owe: zam\u00f3wienia zakupu, zam\u00f3wienia sprzeda\u017cy, reklamacje.<br \/>\n- Dokumenty logistyczne: przyj\u0119cia towar\u00f3w, wydania towar\u00f3w, odstawienia i kompletacja zam\u00f3wie\u0144,<br \/>\nEtykiety<\/li>\n<li><strong>Automatyczne sugestie lokalizacji pami\u0119ci masowej <\/strong>do demonta\u017cu i przechowywania.<\/li>\n<li><strong>Korzystanie z urz\u0105dze\u0144 mobilnych (tablet\u00f3w) z funkcj\u0105 skanowania kod\u00f3w kreskowych: <\/strong>PSP Pack GmbH u\u017cywa tablet\u00f3w przemys\u0142owych z uchwytem na w\u00f3zku wid\u0142owym z zasilaniem. Wy\u015bwietlacz danych Business Central jest dostosowany do urz\u0105dze\u0144 mobilnych.<\/li>\n<li><strong>Zapewnienie jako\u015bci:<\/strong> Kontrola wiarygodno\u015bci i kompletno\u015bci za pomoc\u0105 skanowania kod\u00f3w kreskowych. Gdy towary s\u0105 usuwane, system skanuje, czy zosta\u0142y one usuni\u0119te z w\u0142a\u015bciwej lokalizacji magazynowej. Artyku\u0142 jest r\u00f3wnie\u017c skanowany w celu sprawdzenia, czy jest to w\u0142a\u015bciwy artyku\u0142.<\/li>\n<\/ul>\n<h2>Architektura techniczna<\/h2>\n<p>PSP Pack GmbH posiada <strong>Microsoft Dynamics Business Central w wersji 14<\/strong> na miejscu w u\u017cyciu. Wszystkie dostosowania logistyczne zosta\u0142y wdro\u017cone jako <strong>Aplikacja rozszerzaj\u0105ca<\/strong> zrealizowane. Zosta\u0142o to zrobione <strong>Brak zmian w standardowych obiektach<\/strong>U\u0142atwia to znacznie aktualizacj\u0119 do nowszych wersji. W przypadku generowania dokument\u00f3w z kodami kreskowymi <strong>Dodatek dla NAV<\/strong> np. etykiety do przechowywania i wyszukiwania.<\/p>\n<h2>Zastosowana technologia<\/h2>\n<ul>\n<li>Etykiety\/etykiety RFID w miejscu przechowywania, czytnik od Sick (<a class=\"external-link extlink\" href=\"http:\/\/sick.com\" target=\"_blank\" rel=\"nofollow noopener noreferrer\" data-ext-link-init=\"true\">http:\/\/sick.com<\/a>) na w\u00f3zku wid\u0142owym w sta\u0142ej pozycji<\/li>\n<li>Tablety Windows 10 ze zintegrowanym skanerem kod\u00f3w kreskowych: tablety przemys\u0142owe Bluechip (tablet zewn\u0119trzny T11 (<a class=\"external-link extlink\" href=\"https:\/\/www.bluechip.de\/mobil\/tablets\/12830\/bluechip-travelline-t11-i3-outdoor\" target=\"_blank\" rel=\"nofollow noopener noreferrer\" data-ext-link-init=\"true\">https:\/\/www.bluechip.de\/mobil\/tablets\/12830\/bluechip-travelline-t11-i3-outdoor<\/a>)), uchwyt na w\u00f3zek wid\u0142owy z zasilaczem<\/li>\n<li>Dodatkowe skanery r\u0119czne: Skaner Bluetooth: Zebra LI3678 (<a class=\"external-link extlink\" href=\"https:\/\/www.zebra.com\/de\/de\/products\/scanners\/ultra-rugged-scanners\/3600-series\/li36x8-sr.html\" target=\"_blank\" rel=\"nofollow noopener noreferrer\" data-ext-link-init=\"true\">https:\/\/www.zebra.com\/de\/de\/products\/scanners\/ultra-rugged-scanners\/3600-series\/li36x8-sr.html<\/a>)<\/li>\n<li>Drukarka etykiet: CAB (<a class=\"external-link extlink\" href=\"https:\/\/www.cab.de\/de\/kennzeichnung\/etikettendrucker\/\" target=\"_blank\" rel=\"nofollow noopener noreferrer\" data-ext-link-init=\"true\">https:\/\/www.cab.de\/de\/kennzeichnung\/etikettendrucker\/<\/a>)<\/li>\n<\/ul>\n<p>Czy jeste\u015b r\u00f3wnie\u017c zainteresowany rozwi\u0105zaniem logistycznym w Business Central lub Dynamics NAV lub chcia\u0142by\u015b zleci\u0107 zarz\u0105dzanie magazynem na zewn\u0105trz? Skontaktuj si\u0119 z nami pod adresem <a href=\"zoiper:\/\/08921111848\">089 &#8211; 21 111 848<\/a> lub poczt\u0105 elektroniczn\u0105 na adres <a class=\"external-link extlink\" href=\"mailto:vertrieb@br-ag.com\" target=\"_blank\" rel=\"nofollow noopener noreferrer\" data-ext-link-init=\"true\">vertrieb@br-ag.com<\/a> w kontakcie! Z przyjemno\u015bci\u0105 doradzimy!<\/p>","protected":false},"excerpt":{"rendered":"<p>Dzi\u015b chcieliby\u015bmy przedstawi\u0107 rozwi\u0105zanie logistyczne naszego klienta PSP Pack GmbH, dostawcy us\u0142ug logistycznych m.in. dla przemys\u0142u motoryzacyjnego i o\u015bwietleniowego, z g\u00f3rnobawarskiego powiatu Eichst\u00e4tt w sercu Bawarii. PSP Pack GmbH oferuje kompletne us\u0142ugi logistyczne, tj. mo\u017cliwo\u015b\u0107 mapowania ca\u0142ej gospodarki magazynowej (magazynowanie, relokacja, odzyskiwanie, transport itp.). Aby zaoferowa\u0107 swoim g\u0142\u00f3wnym klientom JIT [...]<\/p>","protected":false},"author":1,"featured_media":11460,"parent":8787,"menu_order":0,"comment_status":"closed","ping_status":"closed","template":"","meta":{"_seopress_robots_primary_cat":"","_seopress_titles_title":"PSP Pack GmbH: Moderne Logistikl\u00f6sungen in Bayern","_seopress_titles_desc":"Erleben Sie effiziente Logistik mit unserer FEFO-Kommissionierung, RFID-Technologie und mehr. Perfekt f\u00fcr Automobil- und Beleuchtungsindustrie!","_seopress_robots_index":"","footnotes":""},"categories":[52],"tags":[],"class_list":["post-5616","page","type-page","status-publish","has-post-thumbnail","hentry","category-referenzen"],"_links":{"self":[{"href":"https:\/\/navision-beratung.de\/pl\/wp-json\/wp\/v2\/pages\/5616","targetHints":{"allow":["GET"]}}],"collection":[{"href":"https:\/\/navision-beratung.de\/pl\/wp-json\/wp\/v2\/pages"}],"about":[{"href":"https:\/\/navision-beratung.de\/pl\/wp-json\/wp\/v2\/types\/page"}],"author":[{"embeddable":true,"href":"https:\/\/navision-beratung.de\/pl\/wp-json\/wp\/v2\/users\/1"}],"replies":[{"embeddable":true,"href":"https:\/\/navision-beratung.de\/pl\/wp-json\/wp\/v2\/comments?post=5616"}],"version-history":[{"count":0,"href":"https:\/\/navision-beratung.de\/pl\/wp-json\/wp\/v2\/pages\/5616\/revisions"}],"up":[{"embeddable":true,"href":"https:\/\/navision-beratung.de\/pl\/wp-json\/wp\/v2\/pages\/8787"}],"wp:featuredmedia":[{"embeddable":true,"href":"https:\/\/navision-beratung.de\/pl\/wp-json\/wp\/v2\/media\/11460"}],"wp:attachment":[{"href":"https:\/\/navision-beratung.de\/pl\/wp-json\/wp\/v2\/media?parent=5616"}],"wp:term":[{"taxonomy":"category","embeddable":true,"href":"https:\/\/navision-beratung.de\/pl\/wp-json\/wp\/v2\/categories?post=5616"},{"taxonomy":"post_tag","embeddable":true,"href":"https:\/\/navision-beratung.de\/pl\/wp-json\/wp\/v2\/tags?post=5616"}],"curies":[{"name":"wp","href":"https:\/\/api.w.org\/{rel}","templated":true}]}}