{"id":5551,"date":"2020-01-26T12:39:32","date_gmt":"2020-01-26T12:39:32","guid":{"rendered":"https:\/\/navision-beratung.de\/?page_id=5551"},"modified":"2025-05-26T10:14:28","modified_gmt":"2025-05-26T08:14:28","slug":"referenzprojekt-ebanf","status":"publish","type":"page","link":"https:\/\/navision-beratung.de\/pl\/referenzen\/referenzprojekt-ebanf\/","title":{"rendered":"Projekt referencyjny: eBANF"},"content":{"rendered":"<div id=\"main-content\" class=\"wiki-content\">\n<p>W naszym kwietniowym biuletynie informowali\u015bmy ju\u017c szczeg\u00f3\u0142owo o procedurze autoryzacji w procesie zam\u00f3wie\u0144 publicznych. Nasz <strong>Rozwi\u0105zanie eBANF dla Dynamics NAV\/Business Central<\/strong>kt\u00f3ry jest rozszerzeniem standardu NAV\/BC, mo\u017ce przyspieszy\u0107 proces zaopatrzenia dzi\u0119ki zweryfikowanemu wprowadzaniu danych. Poprzez zdefiniowane przep\u0142ywy pracy, BANF przechodzi przez jeden lub wi\u0119cej etap\u00f3w zatwierdzania, zanim mo\u017ce zosta\u0107 przetworzony w zam\u00f3wienie zakupu.<\/p>\n<p>Kiedy procedura BANF jest przedmiotem zainteresowania? Zasadniczo materia\u0142y produkcyjne nie podlegaj\u0105 procedurze BANF. Natomiast materia\u0142y eksploatacyjne (np. materia\u0142y biurowe) cz\u0119sto podlegaj\u0105 procesowi autoryzacji, a procedura BANF jest r\u00f3wnie\u017c stosowana w badaniach i rozwoju oraz, rzadziej, w konserwacji (np. cz\u0119\u015bci zamienne).<\/p>\n<p>Dzisiaj chcieliby\u015bmy zaprezentowa\u0107 nasze rozwi\u0105zanie eBANF dla Dynamics NAV \/ Business Central na przyk\u0142adzie du\u017cej firmy. <strong>Grupa firm z bran\u017cy produkcyjnej<\/strong> kt\u00f3ra z powodzeniem wdro\u017cy\u0142a nasze rozwi\u0105zanie.<\/p>\n<p>Przyk\u0142adem zastosowania jest zamawianie r\u00f3\u017cnego rodzaju produkt\u00f3w IT. Klient ma procedur\u0119 <strong>\"Okre\u015blanie punkt\u00f3w uwalniania zgodnie z grup\u0105 uwalniania z limitem warto\u015bci\"<\/strong> w u\u017cyciu. Co to oznacza?<br \/>Warto\u015b\u0107 towar\u00f3w, kt\u00f3re maj\u0105 zosta\u0107 dopuszczone, okre\u015bla procedur\u0119. Konkretnie mo\u017ce to wygl\u0105da\u0107 nast\u0119puj\u0105co:<\/p>\n<p>Do warto\u015bci towaru 10.000 euro zatwierdza kierownictwo ds. zakup\u00f3w, od warto\u015bci towaru powy\u017cej 10.000 euro zatwierdza dzia\u0142 zakup\u00f3w i dodatkowo kierownictwo. Zatwierdzanie jest zatem przeprowadzane szeregowo; od warto\u015bci towar\u00f3w wynosz\u0105cej 10 000 euro i wi\u0119cej wymagane s\u0105 teraz dwa etapy zatwierdzania.<\/p>\n<p>G\u0142\u00f3wn\u0105 zalet\u0105 opisanej powy\u017cej procedury wydania jest to, \u017ce kroki wydania i ich osoby zatwierdzaj\u0105ce mog\u0105 by\u0107 okre\u015blane dynamicznie. Utrzymanie strategii wydania jest celowo bardzo proste.<\/p>\n<p>Nawiasem m\u00f3wi\u0105c, kontrastuje to z drug\u0105 strategi\u0105, w kt\u00f3rej autoryzatorzy s\u0105 okre\u015blani na podstawie punkt\u00f3w zwolnienia.<\/p>\n<p>Strategia reguluje zatem, ile i kt\u00f3re etapy procesu zatwierdzania s\u0105 stosowane. Liczba strategii zdefiniowanych dla firmy zale\u017cy od wielu czynnik\u00f3w, np:<\/p>\n<ul>\n<li>Wielko\u015b\u0107 firmy<\/li>\n<li>Liczba dzia\u0142\u00f3w<\/li>\n<li>Scentralizowane\/decentralne zakupy<\/li>\n<\/ul>\n<p>Co si\u0119 stanie, je\u015bli osoba zatwierdzaj\u0105ca nie b\u0119dzie dost\u0119pna podczas procesu zatwierdzania? W tym miejscu pojawia si\u0119 zast\u0119pca danego zatwierdzaj\u0105cego, kt\u00f3rego mo\u017cna wyznaczy\u0107 w swojej firmie. Mo\u017cesz u\u017cy\u0107 funkcji \"Deleguj\" w Dynamics NAV, aby przenie\u015b\u0107 zatwierdzenie do swojego zast\u0119pcy.<\/p>\n<p>Oto g\u0142\u00f3wne zalety naszego rozwi\u0105zania eBANF dla NAV\/BC:<\/p>\n<ul>\n<li>Przyspieszenie procesu zam\u00f3wie\u0144 dzi\u0119ki zweryfikowanemu wprowadzaniu danych i eliminacji czynno\u015bci wykonywanych r\u0119cznie.<\/li>\n<li>Automatyczne okre\u015blanie nast\u0119pnego procesora<\/li>\n<li>Proces autoryzacji bez u\u017cycia papieru<\/li>\n<li>Automatyczne powiadomienie o krokach, kt\u00f3re nale\u017cy podj\u0105\u0107 w celu zwolnienia<\/li>\n<li>Standaryzacja proces\u00f3w organizacyjnych dla powiadomie\u0144 o wymaganiach<\/li>\n<li>Przejrzysto\u015b\u0107 i identyfikowalno\u015b\u0107 procesu autoryzacji przez ca\u0142y czas<\/li>\n<li>Gwarancja zgodno\u015bci z kana\u0142ami autoryzacji<\/li>\n<li>Proces zatwierdzania podlega sta\u0142emu monitorowaniu poprzez zaplanowane monitorowanie przep\u0142yw\u00f3w pracy na wszystkich poziomach.<\/li>\n<\/ul>\n<p>Czy zainteresowali\u015bmy Ci\u0119 naszym rozwi\u0105zaniem eBANF dla Dynamics NAV\/Business Central? Skontaktuj si\u0119 z nami!<\/p>\n<\/div>\n\n\n<p><\/p>","protected":false},"excerpt":{"rendered":"<p>W naszym kwietniowym biuletynie informowali\u015bmy ju\u017c szczeg\u00f3\u0142owo o procedurze autoryzacji w procesie zaopatrzenia. Nasze rozwi\u0105zanie eBANF dla Dynamics NAV\/Business Central, kt\u00f3re jest rozszerzeniem standardu NAV\/BC, mo\u017ce przyspieszy\u0107 proces zaopatrzenia dzi\u0119ki zweryfikowanemu wprowadzaniu danych. Poprzez zdefiniowane przep\u0142ywy pracy, BANF przechodzi przez jeden lub wi\u0119cej etap\u00f3w zatwierdzania, zanim b\u0119dzie m\u00f3g\u0142 by\u0107 dalej przetwarzany w zam\u00f3wienie. Kiedy proces BANF jest interesuj\u0105cy? [...]<\/p>","protected":false},"author":1,"featured_media":11476,"parent":8787,"menu_order":0,"comment_status":"closed","ping_status":"closed","template":"","meta":{"_seopress_robots_primary_cat":"","_seopress_titles_title":"Effiziente eBANF-L\u00f6sung f\u00fcr Dynamics NAV\/BC entdecken","_seopress_titles_desc":"Beschleunigen Sie Ihren Beschaffungsprozess in Dynamics NAV\/Business Central mit eBANF. Effiziente Genehmigungen und Transparenz garantiert!","_seopress_robots_index":"","footnotes":""},"categories":[52],"tags":[],"class_list":["post-5551","page","type-page","status-publish","has-post-thumbnail","hentry","category-referenzen"],"_links":{"self":[{"href":"https:\/\/navision-beratung.de\/pl\/wp-json\/wp\/v2\/pages\/5551","targetHints":{"allow":["GET"]}}],"collection":[{"href":"https:\/\/navision-beratung.de\/pl\/wp-json\/wp\/v2\/pages"}],"about":[{"href":"https:\/\/navision-beratung.de\/pl\/wp-json\/wp\/v2\/types\/page"}],"author":[{"embeddable":true,"href":"https:\/\/navision-beratung.de\/pl\/wp-json\/wp\/v2\/users\/1"}],"replies":[{"embeddable":true,"href":"https:\/\/navision-beratung.de\/pl\/wp-json\/wp\/v2\/comments?post=5551"}],"version-history":[{"count":0,"href":"https:\/\/navision-beratung.de\/pl\/wp-json\/wp\/v2\/pages\/5551\/revisions"}],"up":[{"embeddable":true,"href":"https:\/\/navision-beratung.de\/pl\/wp-json\/wp\/v2\/pages\/8787"}],"wp:featuredmedia":[{"embeddable":true,"href":"https:\/\/navision-beratung.de\/pl\/wp-json\/wp\/v2\/media\/11476"}],"wp:attachment":[{"href":"https:\/\/navision-beratung.de\/pl\/wp-json\/wp\/v2\/media?parent=5551"}],"wp:term":[{"taxonomy":"category","embeddable":true,"href":"https:\/\/navision-beratung.de\/pl\/wp-json\/wp\/v2\/categories?post=5551"},{"taxonomy":"post_tag","embeddable":true,"href":"https:\/\/navision-beratung.de\/pl\/wp-json\/wp\/v2\/tags?post=5551"}],"curies":[{"name":"wp","href":"https:\/\/api.w.org\/{rel}","templated":true}]}}