{"id":54,"date":"2024-04-24T09:33:49","date_gmt":"2024-04-24T09:33:49","guid":{"rendered":"http:\/\/navisionberatung.apps-1and1.net\/?page_id=54"},"modified":"2025-07-21T15:07:52","modified_gmt":"2025-07-21T13:07:52","slug":"produktsupport","status":"publish","type":"page","link":"https:\/\/navision-beratung.de\/pl\/produktsupport\/","title":{"rendered":"Interwa\u0142y konserwacji firmy Microsoft wed\u0142ug wersji produktu"},"content":{"rendered":"<div data-elementor-type=\"wp-page\" data-elementor-id=\"54\" class=\"elementor elementor-54\" data-elementor-post-type=\"page\">\n\t\t\t\t<div class=\"elementor-element elementor-element-7af935c e-flex e-con-boxed e-con e-parent\" data-id=\"7af935c\" data-element_type=\"container\" data-settings=\"{&quot;background_background&quot;:&quot;gradient&quot;}\">\n\t\t\t\t\t<div class=\"e-con-inner\">\n\t\t<div class=\"elementor-element elementor-element-9a04680 e-con-full e-flex e-con e-child\" data-id=\"9a04680\" data-element_type=\"container\" data-settings=\"{&quot;background_background&quot;:&quot;slideshow&quot;,&quot;background_slideshow_gallery&quot;:[{&quot;id&quot;:11539,&quot;url&quot;:&quot;https:\\\/\\\/navision-beratung.de\\\/wp-content\\\/uploads\\\/2025\\\/05\\\/br-AG-Stock-III-300.jpg&quot;},{&quot;id&quot;:11549,&quot;url&quot;:&quot;https:\\\/\\\/navision-beratung.de\\\/wp-content\\\/uploads\\\/2025\\\/05\\\/br-AG-Stock-III-310.jpg&quot;}],&quot;background_slideshow_slide_duration&quot;:8000,&quot;background_slideshow_transition_duration&quot;:1500,&quot;background_slideshow_ken_burns&quot;:&quot;yes&quot;,&quot;background_slideshow_loop&quot;:&quot;yes&quot;,&quot;background_slideshow_slide_transition&quot;:&quot;fade&quot;,&quot;background_slideshow_ken_burns_zoom_direction&quot;:&quot;in&quot;}\">\n\t\t\t\t<\/div>\n\t\t<div class=\"elementor-element elementor-element-5c90957 e-con-full e-flex e-con e-child\" data-id=\"5c90957\" data-element_type=\"container\">\n\t\t\t\t<div class=\"elementor-element elementor-element-c496c20 elementor-widget__width-initial elementor-widget elementor-widget-heading\" data-id=\"c496c20\" data-element_type=\"widget\" data-widget_type=\"heading.default\">\n\t\t\t\t\t<h2 class=\"elementor-heading-title elementor-size-default\">Cz\u0119stotliwo\u015b\u0107 konserwacji wed\u0142ug wersji produktu<\/h2>\t\t\t\t<\/div>\n\t\t\t\t<\/div>\n\t\t\t\t\t<\/div>\n\t\t\t\t<\/div>\n\t\t<div class=\"elementor-element elementor-element-74bdcc1 e-flex e-con-boxed e-con e-parent\" data-id=\"74bdcc1\" data-element_type=\"container\" data-settings=\"{&quot;background_background&quot;:&quot;classic&quot;}\">\n\t\t\t\t\t<div class=\"e-con-inner\">\n\t\t\t\t<div class=\"elementor-element elementor-element-b6dfe6f elementor-widget__width-initial elementor-widget elementor-widget-heading\" data-id=\"b6dfe6f\" data-element_type=\"widget\" data-widget_type=\"heading.default\">\n\t\t\t\t\t<h2 class=\"elementor-heading-title elementor-size-default\">Cykl \u017cycia Dynamics NAV i BC\nMicrosoft <\/h2>\t\t\t\t<\/div>\n\t\t\t\t<div class=\"elementor-element elementor-element-278efac elementor-widget elementor-widget-text-editor\" data-id=\"278efac\" data-element_type=\"widget\" data-widget_type=\"text-editor.default\">\n\t\t\t\t\t\t\t\t\t<p>Microsoft Dynamics 365 Business Central jest zgodny z Modern Lifecycle Policy (dla chmury i aktualnych wersji lokalnych) lub Fixed Lifecycle Policy (dla starszych wersji lokalnych i NAV), w zale\u017cno\u015bci od formy wdro\u017cenia.<\/p>\n<p>Oznacza to, \u017ce ka\u017cdy, kto planuje, migruje lub ponownie uruchamia system, powinien zna\u0107 dok\u0142adne okresy wsparcia dla swojej wersji. Poni\u017cej znajduje si\u0119 przegl\u0105d wszystkich aktualnych wersji Business Central i okres\u00f3w wsparcia dla Dynamics NAV. Pozwala to na szybkie sprawdzenie, kt\u00f3ra wersja b\u0119dzie otrzymywa\u0107 aktualizacje i poprawki bezpiecze\u0144stwa do kiedy - i kiedy najp\u00f3\u017aniej nast\u0105pi zmiana.<\/p>\t\t\t\t\t\t\t\t<\/div>\n\t\t\t\t\t<\/div>\n\t\t\t\t<\/div>\n\t\t<div class=\"elementor-element elementor-element-4bfd2e5 e-flex e-con-boxed e-con e-parent\" data-id=\"4bfd2e5\" data-element_type=\"container\">\n\t\t\t\t\t<div class=\"e-con-inner\">\n\t\t<div class=\"elementor-element elementor-element-586fefe e-con-full e-flex e-con e-child\" data-id=\"586fefe\" data-element_type=\"container\">\n\t\t\t\t<div class=\"elementor-element elementor-element-58f6405 elementor-widget elementor-widget-image\" data-id=\"58f6405\" data-element_type=\"widget\" data-widget_type=\"image.default\">\n\t\t\t\t\t\t\t\t\t\t\t\t\t\t\t<img alt=\"\" fetchpriority=\"high\" decoding=\"async\" width=\"769\" height=\"525\" src=\"https:\/\/navision-beratung.de\/wp-content\/uploads\/2024\/04\/lifecycle-.png\" class=\"attachment-large size-large wp-image-7899\" srcset=\"https:\/\/navision-beratung.de\/wp-content\/uploads\/2024\/04\/lifecycle-.png 769w, https:\/\/navision-beratung.de\/wp-content\/uploads\/2024\/04\/lifecycle--300x205.png 300w\" sizes=\"(max-width: 769px) 100vw, 769px\" \/>\t\t\t\t\t\t\t\t\t\t\t\t\t\t\t<\/div>\n\t\t\t\t<\/div>\n\t\t<div class=\"elementor-element elementor-element-6a0d38c e-con-full e-flex e-con e-child\" data-id=\"6a0d38c\" data-element_type=\"container\">\n\t\t\t\t<div class=\"elementor-element elementor-element-108aaaa elementor-widget elementor-widget-heading\" data-id=\"108aaaa\" data-element_type=\"widget\" data-widget_type=\"heading.default\">\n\t\t\t\t\t<h3 class=\"elementor-heading-title elementor-size-default\">Nowoczesna polityka cyklu \u017cycia<\/h3>\t\t\t\t<\/div>\n\t\t\t\t<div class=\"elementor-element elementor-element-e010e7f elementor-widget elementor-widget-text-editor\" data-id=\"e010e7f\" data-element_type=\"widget\" data-widget_type=\"text-editor.default\">\n\t\t\t\t\t\t\t\t\t<p>Microsoft wydaje now\u0105 wersj\u0119 Dynamics 365 Business Central co sze\u015b\u0107 miesi\u0119cy. Ka\u017cda wersja jest wspierana \u0142\u0105cznie przez 18 miesi\u0119cy - 6 miesi\u0119cy z nowymi funkcjami, a nast\u0119pnie 6 miesi\u0119cy z poprawkami zabezpiecze\u0144 i b\u0142\u0119d\u00f3w. Regularne aktualizacje zapewniaj\u0105 d\u0142ugoterminowe wsparcie i mo\u017cliwo\u015b\u0107 korzystania ze wszystkich ulepsze\u0144.<\/p>\n<p>Odwied\u017a stron\u0119 <a href=\"https:\/\/learn.microsoft.com\/de-de\/lifecycle\/products\/dynamics-365-business-central-onpremises-modern-policy\" target=\"_blank\" rel=\"noopener\">Strona cyklu \u017cycia<\/a>aby znale\u017a\u0107 szczeg\u00f3\u0142owe informacje na temat r\u00f3\u017cnych produkt\u00f3w Microsoft.<\/p>\t\t\t\t\t\t\t\t<\/div>\n\t\t\t\t<\/div>\n\t\t\t\t\t<\/div>\n\t\t\t\t<\/div>\n\t\t<div class=\"elementor-element elementor-element-a5ef703 e-flex e-con-boxed e-con e-parent\" data-id=\"a5ef703\" data-element_type=\"container\">\n\t\t\t\t\t<div class=\"e-con-inner\">\n\t\t<div class=\"elementor-element elementor-element-1629080 e-con-full e-flex e-con e-child\" data-id=\"1629080\" data-element_type=\"container\">\n\t\t\t\t<div class=\"elementor-element elementor-element-c575676 elementor-widget elementor-widget-heading\" data-id=\"c575676\" data-element_type=\"widget\" data-widget_type=\"heading.default\">\n\t\t\t\t\t<h3 class=\"elementor-heading-title elementor-size-default\">Okresy wsparcia - nowoczesna polityka<\/h3>\t\t\t\t<\/div>\n\t\t\t\t<div class=\"elementor-element elementor-element-588c5b9 elementor-widget elementor-widget-text-editor\" data-id=\"588c5b9\" data-element_type=\"widget\" data-widget_type=\"text-editor.default\">\n\t\t\t\t\t\t\t\t\t<p>Microsoft wydaje Dynamics 365 Business Central co sze\u015b\u0107 miesi\u0119cy. Ka\u017cda wersja jest w pe\u0142ni obs\u0142ugiwana przez 18 miesi\u0119cy - z nowymi funkcjami, aktualizacjami zabezpiecze\u0144 i regulacjami prawnymi. Poni\u017cszy przegl\u0105d przedstawia oficjalne daty rozpocz\u0119cia i zako\u0144czenia poszczeg\u00f3lnych wyda\u0144 zgodnie z Modern Lifecycle Policy.<\/p>\t\t\t\t\t\t\t\t<\/div>\n\t\t\t\t<\/div>\n\t\t<div class=\"elementor-element elementor-element-7936067 e-con-full e-flex e-con e-child\" data-id=\"7936067\" data-element_type=\"container\">\n\t\t\t\t<div class=\"elementor-element elementor-element-025ae13 elementor-widget elementor-widget-image\" data-id=\"025ae13\" data-element_type=\"widget\" data-widget_type=\"image.default\">\n\t\t\t\t\t\t\t\t\t\t\t\t\t\t\t<img alt=\"\" decoding=\"async\" width=\"800\" height=\"800\" src=\"https:\/\/navision-beratung.de\/wp-content\/uploads\/2025\/05\/br-AG-Stock-III-square-230-1024x1024.jpg\" class=\"attachment-large size-large wp-image-11117\" srcset=\"https:\/\/navision-beratung.de\/wp-content\/uploads\/2025\/05\/br-AG-Stock-III-square-230-1024x1024.jpg 1024w, https:\/\/navision-beratung.de\/wp-content\/uploads\/2025\/05\/br-AG-Stock-III-square-230-300x300.jpg 300w, https:\/\/navision-beratung.de\/wp-content\/uploads\/2025\/05\/br-AG-Stock-III-square-230-150x150.jpg 150w, https:\/\/navision-beratung.de\/wp-content\/uploads\/2025\/05\/br-AG-Stock-III-square-230-768x768.jpg 768w, https:\/\/navision-beratung.de\/wp-content\/uploads\/2025\/05\/br-AG-Stock-III-square-230.jpg 1500w\" sizes=\"(max-width: 800px) 100vw, 800px\" \/>\t\t\t\t\t\t\t\t\t\t\t\t\t\t\t<\/div>\n\t\t\t\t<\/div>\n\t\t\t\t\t<\/div>\n\t\t\t\t<\/div>\n\t\t<div class=\"elementor-element elementor-element-c91f8af e-flex e-con-boxed e-con e-parent\" data-id=\"c91f8af\" data-element_type=\"container\">\n\t\t\t\t\t<div class=\"e-con-inner\">\n\t\t\t\t<div class=\"elementor-element elementor-element-d9c52ff elementor-widget elementor-widget-text-editor\" data-id=\"d9c52ff\" data-element_type=\"widget\" data-widget_type=\"text-editor.default\">\n\t\t\t\t\t\t\t\t\t<table class=\"table\" aria-label=\"Zwolnienia\">\n<thead>\n<tr>\n<th>Wersja<\/th>\n<th align=\"right\">Data rozpocz\u0119cia<\/th>\n<th align=\"right\">Data zako\u0144czenia<\/th>\n<\/tr>\n<\/thead>\n<tbody>\n<tr>\n<td>2025 wydanie wave 1, wersja 26.x<\/td>\n<td align=\"right\">1 kwietnia 2025 r.<\/td>\n<td align=\"right\">13 pa\u017adziernika 2026 r.<\/td>\n<\/tr>\n<tr>\n<td>2024 wydanie wave 2, wersja 25.x<\/td>\n<td align=\"right\">1 pa\u017adziernika 2024 r.<\/td>\n<td align=\"right\">4 kwietnia 2026 r.<\/td>\n<\/tr>\n<tr>\n<td>2024 wydanie wave 1, wersja 24.x<\/td>\n<td align=\"right\">2 kwietnia 2024 r.<\/td>\n<td align=\"right\">7 pa\u017adziernika 2025 r.<\/td>\n<\/tr>\n<tr>\n<td>Wydanie 2023 fala 2, wersja 23.x<\/td>\n<td align=\"right\">2 pa\u017adziernika 2023 r.<\/td>\n<td align=\"right\">2 kwietnia 2025 r.<\/td>\n<\/tr>\n<tr>\n<td>2023 wydanie wave 1, wersja 22.x<\/td>\n<td align=\"right\">3 kwietnia 2023 r.<\/td>\n<td align=\"right\">8 pa\u017adziernika 2024 r.<\/td>\n<\/tr>\n<tr>\n<td>2022 wydanie wave 2, wersja 21.x<\/td>\n<td align=\"right\">3 pa\u017adziernika 2022 r.<\/td>\n<td align=\"right\">14 kwietnia 2024 r.<\/td>\n<\/tr>\n<tr>\n<td>2022 wydanie wave 1, wersja 20.x<\/td>\n<td align=\"right\">1 kwietnia 2022 r.<\/td>\n<td align=\"right\">10 pa\u017adziernika 2023 r.<\/td>\n<\/tr>\n<\/tbody>\n<\/table>\t\t\t\t\t\t\t\t<\/div>\n\t\t\t\t\t<\/div>\n\t\t\t\t<\/div>\n\t\t<div class=\"elementor-element elementor-element-00cb9fa e-flex e-con-boxed e-con e-parent\" data-id=\"00cb9fa\" data-element_type=\"container\">\n\t\t\t\t\t<div class=\"e-con-inner\">\n\t\t<div class=\"elementor-element elementor-element-e9d0231 e-con-full e-flex e-con e-child\" data-id=\"e9d0231\" data-element_type=\"container\">\n\t\t\t\t<div class=\"elementor-element elementor-element-afe66c8 elementor-widget elementor-widget-image\" data-id=\"afe66c8\" data-element_type=\"widget\" data-widget_type=\"image.default\">\n\t\t\t\t\t\t\t\t\t\t\t\t\t\t\t<img decoding=\"async\" width=\"800\" height=\"800\" src=\"https:\/\/navision-beratung.de\/wp-content\/uploads\/2025\/07\/lifecycle-1024x1024.png\" class=\"attachment-large size-large wp-image-14500\" alt=\"lifecycle\" srcset=\"https:\/\/navision-beratung.de\/wp-content\/uploads\/2025\/07\/lifecycle-1024x1024.png 1024w, https:\/\/navision-beratung.de\/wp-content\/uploads\/2025\/07\/lifecycle-300x300.png 300w, https:\/\/navision-beratung.de\/wp-content\/uploads\/2025\/07\/lifecycle-150x150.png 150w, https:\/\/navision-beratung.de\/wp-content\/uploads\/2025\/07\/lifecycle-768x768.png 768w, https:\/\/navision-beratung.de\/wp-content\/uploads\/2025\/07\/lifecycle.png 1500w\" sizes=\"(max-width: 800px) 100vw, 800px\" \/>\t\t\t\t\t\t\t\t\t\t\t\t\t\t\t<\/div>\n\t\t\t\t<\/div>\n\t\t<div class=\"elementor-element elementor-element-df22f33 e-con-full e-flex e-con e-child\" data-id=\"df22f33\" data-element_type=\"container\">\n\t\t\t\t<div class=\"elementor-element elementor-element-8f18000 elementor-widget elementor-widget-heading\" data-id=\"8f18000\" data-element_type=\"widget\" data-widget_type=\"heading.default\">\n\t\t\t\t\t<h3 class=\"elementor-heading-title elementor-size-default\">Polityka sta\u0142ego cyklu \u017cycia<\/h3>\t\t\t\t<\/div>\n\t\t\t\t<div class=\"elementor-element elementor-element-b9f077c elementor-widget elementor-widget-text-editor\" data-id=\"b9f077c\" data-element_type=\"widget\" data-widget_type=\"text-editor.default\">\n\t\t\t\t\t\t\t\t\t<p>Wersje Dynamics 365 Business Central (On-Premises) z pa\u017adziernika '18 i kwietnia '19 nadal podlegaj\u0105 tak zwanej sta\u0142ej polityce cyklu \u017cycia.<\/p>\n<p>W przeciwie\u0144stwie do nowoczesnej polityki, tutaj obowi\u0105zuj\u0105 sta\u0142e okresy wsparcia. Microsoft oferuje pi\u0119\u0107 lat g\u0142\u00f3wnego wsparcia dla tych wersji z aktualizacjami i nowymi funkcjami, a nast\u0119pnie kolejne pi\u0119\u0107 lat rozszerzonego wsparcia z aktualizacjami zwi\u0105zanymi z bezpiecze\u0144stwem. Firmy, kt\u00f3re nadal pracuj\u0105 z tymi wersjami, powinny zaplanowa\u0107 aktualizacj\u0119, aby nadal korzysta\u0107 z dalszego rozwoju i kompleksowego wsparcia w przysz\u0142o\u015bci.<\/p>\t\t\t\t\t\t\t\t<\/div>\n\t\t\t\t<\/div>\n\t\t\t\t\t<\/div>\n\t\t\t\t<\/div>\n\t\t<div class=\"elementor-element elementor-element-ff41bc9 e-flex e-con-boxed e-con e-parent\" data-id=\"ff41bc9\" data-element_type=\"container\" data-settings=\"{&quot;background_background&quot;:&quot;classic&quot;}\">\n\t\t\t\t\t<div class=\"e-con-inner\">\n\t\t\t\t<div class=\"elementor-element elementor-element-4a3e2f9e elementor-widget elementor-widget-text-editor\" data-id=\"4a3e2f9e\" data-element_type=\"widget\" data-widget_type=\"text-editor.default\">\n\t\t\t\t\t\t\t\t\t\n<figure class=\"wp-block-table is-style-stripes\">\n<table>\n<thead>\n<tr>\n<th>Dost\u0119pne produkty<\/th>\n<th>Data rozpocz\u0119cia cyklu \u017cycia<\/th>\n<th>Data zako\u0144czenia podstawowego wsparcia<\/th>\n<th>Data zako\u0144czenia przed\u0142u\u017conego wsparcia<\/th>\n<\/tr>\n<\/thead>\n<tbody>\n<tr>\n<td>Dynamics 365 Business Central On-Premise<br \/>Wersja 14.x (aktualizacja z kwietnia '19)<\/td>\n<td>\u00a0<\/td>\n<td>10.10.2023<\/td>\n<td>\u00a0<\/td>\n<\/tr>\n<tr>\n<td>Dynamics 365 Business Central (lokalnie)<br \/>Wersja 13.x (aktualizacja z pa\u017adziernika'18)<\/td>\n<td>\u00a0<\/td>\n<td>Aby otrzyma\u0107 g\u0142\u00f3wne wsparcie po 14 kwietnia 2020 r., klienci musz\u0105 uaktualni\u0107 do wersji z kwietnia 2019 r. lub p\u00f3\u017aniejszej aktualizacji do wersji z kwietnia 2019 r.<\/td>\n<td>\u00a0<\/td>\n<\/tr>\n<tr>\n<td>Microsoft Dynamics NAV 2018<\/td>\n<td>01.12.2017<\/td>\n<td>10.01.2023<\/td>\n<td>11.01.2028<\/td>\n<\/tr>\n<tr>\n<td>Microsoft Dynamics NAV 2017<\/td>\n<td>27.10.2016<\/td>\n<td>11.01.2022<\/td>\n<td>11.01.2027<\/td>\n<\/tr>\n<tr>\n<td>Microsoft Dynamics NAV 2016<\/td>\n<td>03.01.2016<\/td>\n<td>13.04.2021<\/td>\n<td>14.04.2026<\/td>\n<\/tr>\n<tr>\n<td>Microsoft Dynamics NAV 2015<\/td>\n<td>17.12.2014<\/td>\n<td>20.01.2020<\/td>\n<td>14.01.2025<\/td>\n<\/tr>\n<\/tbody>\n<\/table>\n<\/figure>\n\n\n\n<p>\u0179r\u00f3d\u0142o i dalsze informacje mo\u017cna znale\u017a\u0107 na stronie <a href=\"https:\/\/docs.microsoft.com\/en-us\/dynamics365\/business-central\/dev-itpro\/terms\/lifecycle-policy-on-premises\" target=\"_blank\" rel=\"noopener\">tutaj<\/a>.<\/p>\n\t\t\t\t\t\t\t\t<\/div>\n\t\t\t\t\t<\/div>\n\t\t\t\t<\/div>\n\t\t<div class=\"elementor-element elementor-element-902ab8e e-con-full e-flex e-con e-parent\" data-id=\"902ab8e\" data-element_type=\"container\">\n\t\t\t\t<div class=\"elementor-element elementor-element-4d28439 elementor-widget elementor-widget-template\" data-id=\"4d28439\" data-element_type=\"widget\" data-widget_type=\"template.default\">\n\t\t\t\t<div class=\"elementor-widget-container\">\n\t\t\t\t\t\t\t<div class=\"elementor-template\">\n\t\t\t\t\t<div data-elementor-type=\"container\" data-elementor-id=\"10222\" class=\"elementor elementor-10222\" data-elementor-post-type=\"elementor_library\">\n\t\t\t\t<div class=\"elementor-element elementor-element-2856d5c2 e-flex e-con-boxed e-con e-parent\" data-id=\"2856d5c2\" data-element_type=\"container\" data-settings=\"{&quot;background_background&quot;:&quot;gradient&quot;}\">\n\t\t\t\t\t<div class=\"e-con-inner\">\n\t\t<div class=\"elementor-element elementor-element-22a1c1c3 e-con-full e-flex e-con e-child\" data-id=\"22a1c1c3\" data-element_type=\"container\">\n\t\t\t\t<div class=\"elementor-element elementor-element-1b1be51 elementor-absolute elementor-widget elementor-widget-image\" data-id=\"1b1be51\" data-element_type=\"widget\" data-settings=\"{&quot;_position&quot;:&quot;absolute&quot;}\" data-widget_type=\"image.default\">\n\t\t\t\t\t\t\t\t\t\t\t\t\t\t\t<img alt=\"\" loading=\"lazy\" decoding=\"async\" width=\"758\" height=\"837\" src=\"https:\/\/navision-beratung.de\/wp-content\/uploads\/2025\/04\/brAG_Play-Icon_neg_RGB.svg\" class=\"attachment-large size-large wp-image-9175\" \/>\t\t\t\t\t\t\t\t\t\t\t\t\t\t\t<\/div>\n\t\t\t\t<div class=\"elementor-element elementor-element-22ced99b elementor-widget elementor-widget-image\" data-id=\"22ced99b\" data-element_type=\"widget\" data-widget_type=\"image.default\">\n\t\t\t\t\t\t\t\t\t\t\t\t\t\t\t<img loading=\"lazy\" decoding=\"async\" width=\"800\" height=\"642\" src=\"https:\/\/navision-beratung.de\/wp-content\/uploads\/2025\/07\/bc-beratung-1024x822.png\" class=\"attachment-large size-large wp-image-13048\" alt=\"bc beratung\" srcset=\"https:\/\/navision-beratung.de\/wp-content\/uploads\/2025\/07\/bc-beratung-1024x822.png 1024w, https:\/\/navision-beratung.de\/wp-content\/uploads\/2025\/07\/bc-beratung-300x241.png 300w, https:\/\/navision-beratung.de\/wp-content\/uploads\/2025\/07\/bc-beratung-768x617.png 768w, https:\/\/navision-beratung.de\/wp-content\/uploads\/2025\/07\/bc-beratung-1536x1233.png 1536w, https:\/\/navision-beratung.de\/wp-content\/uploads\/2025\/07\/bc-beratung.png 2000w\" sizes=\"(max-width: 800px) 100vw, 800px\" \/>\t\t\t\t\t\t\t\t\t\t\t\t\t\t\t<\/div>\n\t\t\t\t<\/div>\n\t\t<div class=\"elementor-element elementor-element-1e68351e e-con-full e-flex e-con e-child\" data-id=\"1e68351e\" data-element_type=\"container\">\n\t\t\t\t<div class=\"elementor-element elementor-element-35b8e3c6 elementor-widget elementor-widget-heading\" data-id=\"35b8e3c6\" data-element_type=\"widget\" data-widget_type=\"heading.default\">\n\t\t\t\t\t<h3 class=\"elementor-heading-title elementor-size-default\">Zainteresowanie <br>Dynamics 365 Business Central?<\/h3>\t\t\t\t<\/div>\n\t\t\t\t<div class=\"elementor-element elementor-element-42de9026 elementor-widget elementor-widget-text-editor\" data-id=\"42de9026\" data-element_type=\"widget\" data-widget_type=\"text-editor.default\">\n\t\t\t\t\t\t\t\t\t<p>Testuj Dynamics 365 Business Central przez 30 dni bezp\u0142atnie - jako osobist\u0105 wersj\u0119 demonstracyjn\u0105 w chmurze lub na w\u0142asnym sprz\u0119cie, je\u015bli wolisz.<\/p><p>Lub pozw\u00f3l nam pokaza\u0107 Ci najwa\u017cniejsze funkcje w kr\u00f3tkim webinarium - dostosowanym bezpo\u015brednio do Twoich wymaga\u0144.<\/p>\t\t\t\t\t\t\t\t<\/div>\n\t\t\t\t<div class=\"elementor-element elementor-element-6e0ebe8 elementor-widget elementor-widget-button\" data-id=\"6e0ebe8\" data-element_type=\"widget\" data-widget_type=\"button.default\">\n\t\t\t\t\t\t\t\t\t\t<a class=\"elementor-button elementor-button-link elementor-size-sm\" href=\"https:\/\/navision-beratung.de\/pl\/kontakt\/\">\n\t\t\t\t\t\t<span class=\"elementor-button-content-wrapper\">\n\t\t\t\t\t\t<span class=\"elementor-button-icon\">\n\t\t\t\t<svg aria-hidden=\"true\" class=\"e-font-icon-svg e-fas-angle-right\" viewbox=\"0 0 256 512\" xmlns=\"http:\/\/www.w3.org\/2000\/svg\"><path d=\"M224.3 273l-136 136c-9.4 9.4-24.6 9.4-33.9 0l-22.6-22.6c-9.4-9.4-9.4-24.6 0-33.9l96.4-96.4-96.4-96.4c-9.4-9.4-9.4-24.6 0-33.9L54.3 103c9.4-9.4 24.6-9.4 33.9 0l136 136c9.5 9.4 9.5 24.6.1 34z\"><\/path><\/svg>\t\t\t<\/span>\n\t\t\t\t\t\t\t\t\t<span class=\"elementor-button-text\">Zapytaj teraz<\/span>\n\t\t\t\t\t<\/span>\n\t\t\t\t\t<\/a>\n\t\t\t\t\t\t\t\t<\/div>\n\t\t\t\t<\/div>\n\t\t\t\t\t<\/div>\n\t\t\t\t<\/div>\n\t\t\t\t<\/div>\n\t\t\t\t<\/div>\n\t\t\t\t\t\t<\/div>\n\t\t\t\t<\/div>\n\t\t\t\t<\/div>\n\t\t<div class=\"elementor-element elementor-element-1d3e712 e-flex e-con-boxed e-con e-parent\" data-id=\"1d3e712\" data-element_type=\"container\" data-settings=\"{&quot;background_background&quot;:&quot;classic&quot;}\">\n\t\t\t\t\t<div class=\"e-con-inner\">\n\t\t<div class=\"elementor-element elementor-element-e3ec8be e-con-full e-flex e-con e-child\" data-id=\"e3ec8be\" data-element_type=\"container\">\n\t\t<div class=\"elementor-element elementor-element-919106d e-con-full e-flex e-con e-child\" data-id=\"919106d\" data-element_type=\"container\">\n\t\t\t\t<div class=\"elementor-element elementor-element-fa7c791 elementor-widget__width-initial elementor-widget elementor-widget-heading\" data-id=\"fa7c791\" data-element_type=\"widget\" data-widget_type=\"heading.default\">\n\t\t\t\t\t<h5 class=\"elementor-heading-title elementor-size-default\">bartolome r\u00f6der AG<\/h5>\t\t\t\t<\/div>\n\t\t\t\t<div class=\"elementor-element elementor-element-e0bb3be elementor-widget__width-initial elementor-widget elementor-widget-heading\" data-id=\"e0bb3be\" data-element_type=\"widget\" data-widget_type=\"heading.default\">\n\t\t\t\t\t<h3 class=\"elementor-heading-title elementor-size-default\">Mamy oko na twoj\u0105 wersj\u0119<\/h3>\t\t\t\t<\/div>\n\t\t\t\t<div class=\"elementor-element elementor-element-28ee2bf elementor-widget elementor-widget-text-editor\" data-id=\"28ee2bf\" data-element_type=\"widget\" data-widget_type=\"text-editor.default\">\n\t\t\t\t\t\t\t\t\t<p>\"\u015aledzimy terminy wsparcia, cykle aktualizacji i wytyczne firmy Microsoft. Wsp\u00f3lnie sprawdzamy, z kt\u00f3rej wersji obecnie korzystasz i jak d\u0142ugo b\u0119dzie ona wspierana - aby nie by\u0142o przykrych niespodzianek. Na tej podstawie doradzimy, czy aktualizacja jest konieczna, kiedy b\u0119dzie najlepszy moment i jakie konkretne kroki s\u0105 wymagane\".<\/p>\n<p>Niezale\u017cnie od tego, czy jest to nowoczesny cykl \u017cycia, czy sta\u0142a polityka - zapewniamy, \u017ce Twoje rozwi\u0105zanie zostanie zmodernizowane w odpowiednim czasie, pozostanie wspierane i b\u0119dzie mog\u0142o by\u0107 bezpiecznie obs\u0142ugiwane w perspektywie d\u0142ugoterminowej. Zajmujemy si\u0119 nie tylko wdro\u017ceniem technicznym, ale tak\u017ce zapewniamy strategiczne wsparcie podczas zmiany.<\/p>\t\t\t\t\t\t\t\t<\/div>\n\t\t\t\t<div class=\"elementor-element elementor-element-0c6d85c elementor-widget elementor-widget-button\" data-id=\"0c6d85c\" data-element_type=\"widget\" data-widget_type=\"button.default\">\n\t\t\t\t\t\t\t\t\t\t<a class=\"elementor-button elementor-button-link elementor-size-sm\" href=\"https:\/\/navision-beratung.de\/pl\/bartolome-roeder-ag\/\">\n\t\t\t\t\t\t<span class=\"elementor-button-content-wrapper\">\n\t\t\t\t\t\t<span class=\"elementor-button-icon\">\n\t\t\t\t<svg aria-hidden=\"true\" class=\"e-font-icon-svg e-fas-angle-right\" viewbox=\"0 0 256 512\" xmlns=\"http:\/\/www.w3.org\/2000\/svg\"><path d=\"M224.3 273l-136 136c-9.4 9.4-24.6 9.4-33.9 0l-22.6-22.6c-9.4-9.4-9.4-24.6 0-33.9l96.4-96.4-96.4-96.4c-9.4-9.4-9.4-24.6 0-33.9L54.3 103c9.4-9.4 24.6-9.4 33.9 0l136 136c9.5 9.4 9.5 24.6.1 34z\"><\/path><\/svg>\t\t\t<\/span>\n\t\t\t\t\t\t\t\t\t<span class=\"elementor-button-text\">Wi\u0119cej o nas<\/span>\n\t\t\t\t\t<\/span>\n\t\t\t\t\t<\/a>\n\t\t\t\t\t\t\t\t<\/div>\n\t\t\t\t<\/div>\n\t\t\t\t<\/div>\n\t\t\t\t\t<\/div>\n\t\t\t\t<\/div>\n\t\t\t\t<\/div>","protected":false},"excerpt":{"rendered":"<p>Wartungsintervalle nach Produktversionen Lifecycle von Dynamics NAV und BC Microsoft Microsoft Dynamics 365 Business Central folgt \u2013 je nach Bereitstellungsform \u2013 entweder der Modern Lifecycle-Richtlinie (f\u00fcr Cloud- und aktuelle On-Prem-Versionen) oder der Fixed Lifecycle Policy (f\u00fcr \u00e4ltere On-Prem-Versionen und NAV). Das bedeutet: Wer heute plant, migriert oder neu startet, sollte die Supportzeitr\u00e4ume seiner Version genau [&hellip;]<\/p>","protected":false},"author":1,"featured_media":6501,"parent":0,"menu_order":0,"comment_status":"closed","ping_status":"closed","template":"","meta":{"_seopress_robots_primary_cat":"","_seopress_titles_title":"Microsoft Dynamics 365 BC: Support und Updates im \u00dcberblick","_seopress_titles_desc":"Erfahren Sie alles \u00fcber die Lifecycle-Policies und Supportzeitr\u00e4ume von Dynamics 365 Business Central und NAV. Bleiben Sie immer gut informiert!","_seopress_robots_index":"","footnotes":""},"categories":[],"tags":[],"class_list":["post-54","page","type-page","status-publish","has-post-thumbnail","hentry"],"_links":{"self":[{"href":"https:\/\/navision-beratung.de\/pl\/wp-json\/wp\/v2\/pages\/54","targetHints":{"allow":["GET"]}}],"collection":[{"href":"https:\/\/navision-beratung.de\/pl\/wp-json\/wp\/v2\/pages"}],"about":[{"href":"https:\/\/navision-beratung.de\/pl\/wp-json\/wp\/v2\/types\/page"}],"author":[{"embeddable":true,"href":"https:\/\/navision-beratung.de\/pl\/wp-json\/wp\/v2\/users\/1"}],"replies":[{"embeddable":true,"href":"https:\/\/navision-beratung.de\/pl\/wp-json\/wp\/v2\/comments?post=54"}],"version-history":[{"count":3,"href":"https:\/\/navision-beratung.de\/pl\/wp-json\/wp\/v2\/pages\/54\/revisions"}],"predecessor-version":[{"id":14507,"href":"https:\/\/navision-beratung.de\/pl\/wp-json\/wp\/v2\/pages\/54\/revisions\/14507"}],"wp:featuredmedia":[{"embeddable":true,"href":"https:\/\/navision-beratung.de\/pl\/wp-json\/wp\/v2\/media\/6501"}],"wp:attachment":[{"href":"https:\/\/navision-beratung.de\/pl\/wp-json\/wp\/v2\/media?parent=54"}],"wp:term":[{"taxonomy":"category","embeddable":true,"href":"https:\/\/navision-beratung.de\/pl\/wp-json\/wp\/v2\/categories?post=54"},{"taxonomy":"post_tag","embeddable":true,"href":"https:\/\/navision-beratung.de\/pl\/wp-json\/wp\/v2\/tags?post=54"}],"curies":[{"name":"wp","href":"https:\/\/api.w.org\/{rel}","templated":true}]}}