{"id":5371,"date":"2019-07-16T12:33:41","date_gmt":"2019-07-16T12:33:41","guid":{"rendered":"https:\/\/navision-beratung.de\/?page_id=5371"},"modified":"2025-05-26T10:17:38","modified_gmt":"2025-05-26T08:17:38","slug":"referenzprojekt-industriedienstleistungen","status":"publish","type":"page","link":"https:\/\/navision-beratung.de\/pl\/referenzen\/referenzprojekt-industriedienstleistungen\/","title":{"rendered":"Projekt referencyjny: Us\u0142ugi przemys\u0142owe"},"content":{"rendered":"<div id=\"main-content\" class=\"wiki-content\"><br \/>\n<p>Firma zatrudniaj\u0105ca 10-50 pracownik\u00f3w dokona\u0142a aktualizacji z NAV 5.0 do Dynamics 365 Business Central (wersja 14 \"Spring Release 2019\").<\/p>\n<p>Firma z sektora handlu i logistyki, kt\u00f3ra sk\u0142ada si\u0119 z kilku sp\u00f3\u0142ek, oferuje us\u0142ugi przemys\u0142owe, kt\u00f3re mo\u017cna podsumowa\u0107 pod terminami zarz\u0105dzanie magazynem, us\u0142ugi monta\u017cowe i pakowania. \u015awiadczy r\u00f3wnie\u017c szereg us\u0142ug cateringowych dla szk\u00f3\u0142 i firm. Firma korzysta z modu\u0142\u00f3w zakup\u00f3w\/sprzeda\u017cy (handel detaliczny), produkcji, planowania projekt\u00f3w i logistyki w standardzie NAV. Ponadto wykorzystywane s\u0105 specjalnie zaprogramowane dla klienta modu\u0142y ksi\u0119gowo\u015bci p\u0142acowej i importu zam\u00f3wie\u0144 SAP. Wewn\u0119trzne rozwi\u0105zanie (aplikacja dla Labelscan) zosta\u0142o r\u00f3wnie\u017c opracowane dla logistyki. Jest to rozwi\u0105zanie offline online: kierowca transportowy skanuje towary przed ich za\u0142adowaniem na ci\u0119\u017car\u00f3wk\u0119, a towary s\u0105 skanowane ponownie po ich roz\u0142adowaniu. Umo\u017cliwia to okre\u015blenie, czy towary zosta\u0142y przewiezione w ca\u0142o\u015bci. Wynik jest synchronizowany z baz\u0105 danych w centrali, dzi\u0119ki czemu towary mog\u0105 zosta\u0107 ponownie zam\u00f3wione i dostarczone natychmiast, je\u015bli zajdzie taka potrzeba.<\/p>\n<h2>Wyzwania zwi\u0105zane z aktualizacj\u0105<\/h2>\n<p>Projekt aktualizacji postawi\u0142 nas przed wyzwaniem przeniesienia ca\u0142ej starej struktury danych z NAV 5.0 do Business Central Spring Release (wersja 14). Nast\u0119puj\u0105ce obiekty r\u00f3wnie\u017c musia\u0142y zosta\u0107 przekonwertowane:<br \/>A) Konwertowanie formularzy na strony.<br \/>B) Przekonwertuj DataPorts na porty XML.<br \/>C) Konwersja raport\u00f3w na raporty ForNAV z wykorzystaniem kod\u00f3w kreskowych przez ForNAV.<br \/>D) Tworzenie rozszerzenia AL: Wreszcie, ca\u0142kowite przeprojektowanie kodu jako rozszerzenia AL (bez rozwoju hybrydowego AL - C\/AL) postawi\u0142o przed nami wyzwania.<\/p>\n<h2>Poszczeg\u00f3lne etapy aktualizacji<\/h2>\n<p>Aktualizacja trwa\u0142a oko\u0142o 2 miesi\u0119cy i zosta\u0142a przeprowadzona w nast\u0119puj\u0105cych etapach:<\/p>\n<ul>\n<li>Uko\u0144czenie nowej instalacji Dynamics 365 Business Central<\/li>\n<li>Konwersja niestandardowych obiekt\u00f3w do AL<\/li>\n<li>Transfer danych ze starego systemu za pomoc\u0105 \"Rapid Start\". Rapid Start\" to narz\u0119dzie do definiowania pakiet\u00f3w danych, np. danych podstawowych artyku\u0142\u00f3w, eksportowania ich do programu Excel, a nast\u0119pnie importowania ich do nowego systemu poprzez masowe przesy\u0142anie.<br \/>Aktualizacja obejmowa\u0142a r\u00f3wnie\u017c zmian\u0119 modelu licencji i zwi\u0105zane z tym dostosowanie modelu autoryzacji (np. usuni\u0119cie tabel i dodanie nowych tabel itp.).<\/li>\n<li>Test z now\u0105 licencj\u0105<\/li>\n<li>Szkolenie pracownik\u00f3w w nowym \u015brodowisku Business Central<\/li>\n<\/ul>\n<h2>Wnioski<\/h2>\n<p>Podsumowuj\u0105c, nie napotkali\u015bmy \u017cadnych \"przeszk\u00f3d\" podczas przechodzenia na technologi\u0119 rozszerze\u0144 podczas aktualizacji do Business Central. Rozwi\u0105zanie mo\u017cna by\u0142o przenie\u015b\u0107 1:1 do Business Central bez wi\u0119kszych komplikacji.<\/p>\n<p><strong>G\u0142\u00f3wn\u0105 korzy\u015bci\u0105 dla klienta wynikaj\u0105c\u0105 z przej\u015bcia na programowanie rozszerze\u0144 jest to, \u017ce \u017caden z obiekt\u00f3w dostarczonych przez Microsoft nie jest modyfikowany, zamiast tego wszystkie zmiany s\u0105 wprowadzane w oddzielnych obiektach rozszerze\u0144. Oszcz\u0119dza to kosztownego wysi\u0142ku zwi\u0105zanego z \u0142\u0105czeniem (por\u00f3wnywanie obiekt\u00f3w i dostosowywanie obiekt\u00f3w) w przysz\u0142ych aktualizacjach wersji!<\/strong><\/p>\n<\/div>\n\n\n<p><\/p>","protected":false},"excerpt":{"rendered":"<p>Firma zatrudniaj\u0105ca 10-50 pracownik\u00f3w dokona\u0142a aktualizacji z NAV 5.0 do Dynamics 365 Business Central (wersja 14 \"Spring Release 2019\"). Firma z bran\u017cy handlowej i logistycznej, kt\u00f3ra sk\u0142ada si\u0119 z kilku sp\u00f3\u0142ek, oferuje us\u0142ugi przemys\u0142owe, kt\u00f3re mo\u017cna podsumowa\u0107 pod poj\u0119ciem zarz\u0105dzania magazynem, us\u0142ug monta\u017cowych i pakowania. Oferuje r\u00f3wnie\u017c szereg us\u0142ug cateringowych [...]<\/p>","protected":false},"author":1,"featured_media":11457,"parent":8787,"menu_order":0,"comment_status":"closed","ping_status":"closed","template":"","meta":{"_seopress_robots_primary_cat":"","_seopress_titles_title":"Effektives Upgrade auf Dynamics 365 Business Central","_seopress_titles_desc":"Optimiertes Lagermanagement und nahtlose SAP-Integration: So profitierte unser Mittelstandsunternehmen vom Upgrade auf Business Central.","_seopress_robots_index":"","footnotes":""},"categories":[52],"tags":[],"class_list":["post-5371","page","type-page","status-publish","has-post-thumbnail","hentry","category-referenzen"],"_links":{"self":[{"href":"https:\/\/navision-beratung.de\/pl\/wp-json\/wp\/v2\/pages\/5371","targetHints":{"allow":["GET"]}}],"collection":[{"href":"https:\/\/navision-beratung.de\/pl\/wp-json\/wp\/v2\/pages"}],"about":[{"href":"https:\/\/navision-beratung.de\/pl\/wp-json\/wp\/v2\/types\/page"}],"author":[{"embeddable":true,"href":"https:\/\/navision-beratung.de\/pl\/wp-json\/wp\/v2\/users\/1"}],"replies":[{"embeddable":true,"href":"https:\/\/navision-beratung.de\/pl\/wp-json\/wp\/v2\/comments?post=5371"}],"version-history":[{"count":0,"href":"https:\/\/navision-beratung.de\/pl\/wp-json\/wp\/v2\/pages\/5371\/revisions"}],"up":[{"embeddable":true,"href":"https:\/\/navision-beratung.de\/pl\/wp-json\/wp\/v2\/pages\/8787"}],"wp:featuredmedia":[{"embeddable":true,"href":"https:\/\/navision-beratung.de\/pl\/wp-json\/wp\/v2\/media\/11457"}],"wp:attachment":[{"href":"https:\/\/navision-beratung.de\/pl\/wp-json\/wp\/v2\/media?parent=5371"}],"wp:term":[{"taxonomy":"category","embeddable":true,"href":"https:\/\/navision-beratung.de\/pl\/wp-json\/wp\/v2\/categories?post=5371"},{"taxonomy":"post_tag","embeddable":true,"href":"https:\/\/navision-beratung.de\/pl\/wp-json\/wp\/v2\/tags?post=5371"}],"curies":[{"name":"wp","href":"https:\/\/api.w.org\/{rel}","templated":true}]}}