{"id":5314,"date":"2019-06-24T13:57:35","date_gmt":"2019-06-24T13:57:35","guid":{"rendered":"https:\/\/navision-beratung.de\/?page_id=5314"},"modified":"2025-05-26T10:28:03","modified_gmt":"2025-05-26T08:28:03","slug":"referenzprojekt-produktionsvorgang-mit-barcode-scanner","status":"publish","type":"page","link":"https:\/\/navision-beratung.de\/pl\/referenzen\/referenzprojekt-produktionsvorgang-mit-barcode-scanner\/","title":{"rendered":"Projekt referencyjny: Proces produkcji ze skanerem kod\u00f3w kreskowych"},"content":{"rendered":"<p id=\"bachmaierGmbH-Referenzanonymisiert-Referenzprojekt:ProduktionsvorgangmitBarcodeScanner\u2013VollintegrierteL\u00f6sungf\u00fcrMicrosoftDynamicsNAVamBeispieleinesGeh\u00f6rschutzexperten\"><strong>W pe\u0142ni zintegrowane rozwi\u0105zanie dla Microsoft Dynamics NAV na przyk\u0142adzie eksperta ds. ochrony s\u0142uchu<\/strong><\/p>\n<p>Szybkie wprowadzanie danych i po\u0142\u0105czenie z systemem ERP s\u0105 niezb\u0119dne, zw\u0142aszcza w bran\u017cy produkcyjnej. Nasz obecny klient referencyjny - ekspert w dziedzinie ochrony s\u0142uchu - przeszed\u0142 na er\u0119 cyfrow\u0105. Pomimo niestandardowej produkcji i zwi\u0105zanych z ni\u0105 wysokich koszt\u00f3w produkcji, etapy pracy mo\u017cna teraz przegl\u0105da\u0107 w systemie w dowolnym momencie.<\/p>\n<p>Portfolio produkt\u00f3w firmy, kt\u00f3ra obecnie zatrudnia 55 os\u00f3b i stale si\u0119 rozwija, obejmuje wk\u0142adki uszne i s\u0142uchawki douszne, a tak\u017ce \u015brodki ochrony s\u0142uchu. Znakiem rozpoznawczym jako\u015bci firmy jest personalizacja.<\/p>\n<p>Z <strong>Wprowadzenie do Dynamics NAV<\/strong> Wiosn\u0105 2019 r. wprowadzono r\u00f3wnie\u017c technologi\u0119 skaner\u00f3w kod\u00f3w kreskowych. Oznacza to, \u017ce ka\u017cdy etap produkcji jest teraz rejestrowany i digitalizowany za pomoc\u0105 kod\u00f3w kreskowych.<\/p>\n<p>Klient otrzymuje du\u017c\u0105 liczb\u0119 zam\u00f3wie\u0144 na spersonalizowane produkty ochrony s\u0142uchu, kt\u00f3re ka\u017cdego dnia trafiaj\u0105 do produkcji. Sekwencyjny przep\u0142yw pracy jest cz\u0119\u015bci\u0105 codziennej pracy.<\/p>\n<p>Z pomoc\u0105 <strong>ForNAV Designer<\/strong> Kody kreskowe z numerem seryjnym produktu s\u0105 generowane i drukowane na karcie pracy. Ten odcinek roboczy jest automatycznie generowany i drukowany dla danego produktu po otrzymaniu zam\u00f3wienia drog\u0105 elektroniczn\u0105.<\/p>\n<p>Pracownicy skanuj\u0105 kod kreskowy, kt\u00f3ry zawiera poszczeg\u00f3lne etapy pracy, po zako\u0144czeniu ka\u017cdego procesu produkcyjnego. Ka\u017cdy etap produkcji jest w ten spos\u00f3b dokumentowany, a dane trafiaj\u0105 bezpo\u015brednio do systemu ERP Dynamics NAV. Oznacza to, \u017ce firma mo\u017ce w ka\u017cdej chwili sprawdzi\u0107 status produkcji ka\u017cdego produktu w czasie rzeczywistym.<\/p>\n<h2 id=\"bachmaierGmbH-Referenzanonymisiert-FassenwirdiewesentlichenElementedesVorgangszusammen:\">Podsumujmy najwa\u017cniejsze elementy tego procesu:<\/h2>\n<ol>\n<li>Elektroniczne wprowadzanie zam\u00f3wie\u0144 poprzez interfejs w Dynamics NAV<\/li>\n<li>Kontrola zam\u00f3wie\u0144<\/li>\n<li>Wydanie zam\u00f3wienia<br \/>\n-&gt; Utworzono zlecenie produkcyjne<br \/>\n-&gt; drukowany jest odcinek roboczy (automatycznie)<\/li>\n<li>Po ka\u017cdym etapie pracy karta pracy jest skanowana przez pracownika za pomoc\u0105 kodu kreskowego, co oznacza pomy\u015blne zako\u0144czenie etapu pracy<\/li>\n<li>Przegl\u0105d statusu zam\u00f3wienia przez ca\u0142y czas<\/li>\n<\/ol>\n<p>Technologia skaner\u00f3w kod\u00f3w kreskowych odgrywa r\u00f3wnie\u017c wa\u017cn\u0105 rol\u0119 w wysy\u0142ce. Po zeskanowaniu dokumentu wychodz\u0105cego towaru pracownik otrzymuje informacj\u0119, czy w produkcji znajduj\u0105 si\u0119 inne produkty od tego samego klienta. Po wyprodukowaniu wszystkich produkt\u00f3w s\u0105 one przekazywane do procesu pakowania.<\/p>\n<h2 id=\"bachmaierGmbH-Referenzanonymisiert-DiewesentlichenVorteilederBarcode-Scanner-Technologiehiernocheinmalinder\u00dcbersicht:\">Oto przegl\u0105d g\u0142\u00f3wnych zalet technologii skaner\u00f3w kod\u00f3w kreskowych:<\/h2>\n<ul>\n<li>Unikanie b\u0142\u0119d\u00f3w przy wprowadzaniu danych dzi\u0119ki technologii skanera kod\u00f3w kreskowych<\/li>\n<li>Status produkcji mo\u017ce by\u0107 wywo\u0142ywany w czasie rzeczywistym w dowolnym momencie.<\/li>\n<li>Towary s\u0105 wysy\u0142ane dopiero po zako\u0144czeniu produkcji wszystkich powi\u0105zanych produkt\u00f3w.<\/li>\n<li>Przyspiesz procesy robocze w produkcji<\/li>\n<li>Unika si\u0119 niepotrzebnych etap\u00f3w pracy<\/li>\n<\/ul>\n<p>Czy jeste\u015b r\u00f3wnie\u017c zainteresowany optymalizacj\u0105 proces\u00f3w produkcyjnych za pomoc\u0105 technologii kod\u00f3w kreskowych? Ch\u0119tnie doradzimy pod numerem +49 (89) 211 11 848 lub skontaktujemy si\u0119 z nami za po\u015brednictwem poczty elektronicznej pod adresem <a class=\"external-link extlink\" href=\"mailto:vertrieb@br-ag.com\" target=\"_blank\" rel=\"nofollow noopener noreferrer\" data-ext-link-init=\"true\">vertrieb@br-ag.com<\/a><\/p>","protected":false},"excerpt":{"rendered":"<p>Szybkie wprowadzanie danych i po\u0142\u0105czenie z systemem ERP s\u0105 niezb\u0119dne, zw\u0142aszcza w bran\u017cy produkcyjnej. Nasz obecny klient referencyjny - ekspert w dziedzinie ochrony s\u0142uchu - przeszed\u0142 na er\u0119 cyfrow\u0105. Pomimo niestandardowej produkcji i zwi\u0105zanych z ni\u0105 wysokich koszt\u00f3w produkcji, etapy pracy mo\u017cna teraz przegl\u0105da\u0107 w systemie w dowolnym momencie. 55 pracownik\u00f3w pracuje obecnie dla firmy, kt\u00f3ra stale si\u0119 rozwija, a jej portfolio produkt\u00f3w obejmuje ochron\u0119 s\u0142uchu, wk\u0142adki uszne i s\u0142uchawki douszne. Cech\u0105 charakterystyczn\u0105 jest produkcja dostosowana do potrzeb klienta.<\/p>","protected":false},"author":1,"featured_media":11818,"parent":8787,"menu_order":0,"comment_status":"closed","ping_status":"closed","template":"","meta":{"_seopress_robots_primary_cat":"","_seopress_titles_title":"Effiziente Produktion mit Microsoft Dynamics NAV","_seopress_titles_desc":"Nutzen Sie die Barcode-Scanner-Technologie, um Produktionsdaten effizient mit Dynamics NAV zu verkn\u00fcpfen. Erfahren Sie Echtzeit-Produktions\u00fcbersicht!","_seopress_robots_index":"","footnotes":""},"categories":[52],"tags":[],"class_list":["post-5314","page","type-page","status-publish","has-post-thumbnail","hentry","category-referenzen"],"_links":{"self":[{"href":"https:\/\/navision-beratung.de\/pl\/wp-json\/wp\/v2\/pages\/5314","targetHints":{"allow":["GET"]}}],"collection":[{"href":"https:\/\/navision-beratung.de\/pl\/wp-json\/wp\/v2\/pages"}],"about":[{"href":"https:\/\/navision-beratung.de\/pl\/wp-json\/wp\/v2\/types\/page"}],"author":[{"embeddable":true,"href":"https:\/\/navision-beratung.de\/pl\/wp-json\/wp\/v2\/users\/1"}],"replies":[{"embeddable":true,"href":"https:\/\/navision-beratung.de\/pl\/wp-json\/wp\/v2\/comments?post=5314"}],"version-history":[{"count":0,"href":"https:\/\/navision-beratung.de\/pl\/wp-json\/wp\/v2\/pages\/5314\/revisions"}],"up":[{"embeddable":true,"href":"https:\/\/navision-beratung.de\/pl\/wp-json\/wp\/v2\/pages\/8787"}],"wp:featuredmedia":[{"embeddable":true,"href":"https:\/\/navision-beratung.de\/pl\/wp-json\/wp\/v2\/media\/11818"}],"wp:attachment":[{"href":"https:\/\/navision-beratung.de\/pl\/wp-json\/wp\/v2\/media?parent=5314"}],"wp:term":[{"taxonomy":"category","embeddable":true,"href":"https:\/\/navision-beratung.de\/pl\/wp-json\/wp\/v2\/categories?post=5314"},{"taxonomy":"post_tag","embeddable":true,"href":"https:\/\/navision-beratung.de\/pl\/wp-json\/wp\/v2\/tags?post=5314"}],"curies":[{"name":"wp","href":"https:\/\/api.w.org\/{rel}","templated":true}]}}