{"id":5250,"date":"2019-05-02T12:02:30","date_gmt":"2019-05-02T12:02:30","guid":{"rendered":"https:\/\/navision-beratung.de\/?page_id=5250"},"modified":"2019-05-02T12:02:30","modified_gmt":"2019-05-02T12:02:30","slug":"partner","status":"publish","type":"page","link":"https:\/\/navision-beratung.de\/pl\/partner\/","title":{"rendered":"Dodatkowy partner"},"content":{"rendered":"<div id=\"pl-5250\"  class=\"panel-layout\" >\n<div id=\"pg-5250-0\"  class=\"panel-grid panel-no-style\"  data-style=\"{&quot;background_image_attachment&quot;:false,&quot;background_display&quot;:&quot;tile&quot;,&quot;cell_alignment&quot;:&quot;flex-start&quot;}\"  data-ratio=\"1\"  data-ratio-direction=\"right\" >\n<div id=\"pgc-5250-0-0\"  class=\"panel-grid-cell\"  data-weight=\"0.5\" >\n<div id=\"panel-5250-0-0-0\" class=\"so-panel widget widget_black-studio-tinymce widget_black_studio_tinymce panel-first-child\" data-index=\"0\" data-style=\"{&quot;background_image_attachment&quot;:false,&quot;background_display&quot;:&quot;tile&quot;,&quot;background_image_size&quot;:&quot;full&quot;,&quot;border_thickness&quot;:&quot;1px&quot;}\" >\n<div class=\"textwidget\"><img alt=\"\" decoding=\"async\" class=\"alignnone wp-image-7293 size-full\" src=\"https:\/\/navision-beratung.de\/wp-content\/uploads\/2022\/12\/continia_logo_2022.png\" width=\"250\" height=\"167\" \/><\/div>\n<\/div>\n<div id=\"panel-5250-0-0-1\" class=\"so-panel widget widget_black-studio-tinymce widget_black_studio_tinymce panel-last-child\" data-index=\"1\" data-style=\"{&quot;background_image_attachment&quot;:false,&quot;background_display&quot;:&quot;tile&quot;,&quot;background_image_size&quot;:&quot;full&quot;,&quot;border_thickness&quot;:&quot;1px&quot;}\" >\n<h3 class=\"widget-title\">Continia Software<\/h3>\n<div class=\"textwidget\"><strong>Continia<\/strong> opracowuje dodatkowe rozwi\u0105zania dla Microsoft Dynamics Business Central w celu wydajnej i oszcz\u0119dzaj\u0105cej czas organizacji proces\u00f3w finansowych - It's About Time.<br \/>\nRozwi\u0105zania <strong>Przechwytywanie dokument\u00f3w<\/strong>, <strong>OPplus<\/strong>, <strong>Zarz\u0105dzanie wydatkami<\/strong>t i <strong>Dokument wyj\u015bciowy<\/strong> oferuj\u0105 u\u017cytkownikom Business Central na ca\u0142ym \u015bwiecie warto\u015b\u0107 dodan\u0105 w ich codziennej pracy.<\/div>\n<\/div>\n<\/div>\n<div id=\"pgc-5250-0-1\"  class=\"panel-grid-cell\"  data-weight=\"0.5\" >\n<div id=\"panel-5250-0-1-0\" class=\"so-panel widget widget_black-studio-tinymce widget_black_studio_tinymce panel-first-child\" data-index=\"2\" data-style=\"{&quot;background_image_attachment&quot;:false,&quot;background_display&quot;:&quot;tile&quot;}\" >\n<div class=\"textwidget\"><img alt=\"\" decoding=\"async\" class=\"size-full wp-image-5256 alignleft\" src=\"https:\/\/navision-beratung.de\/wp-content\/uploads\/2019\/05\/ForNAV-1.png\" width=\"250\" height=\"167\" \/><\/div>\n<\/div>\n<div id=\"panel-5250-0-1-1\" class=\"so-panel widget widget_black-studio-tinymce widget_black_studio_tinymce panel-last-child\" data-index=\"3\" data-style=\"{&quot;background_image_attachment&quot;:false,&quot;background_display&quot;:&quot;tile&quot;}\" >\n<h3 class=\"widget-title\">ForNAV Niemcy<\/h3>\n<div class=\"textwidget\">\n<p style=\"text-align: left;\">\"Reports ForNAV Designer\" i \"Reports ForNAV Converter\" od naszego dodatkowego partnera <strong>ForNAV Niemcy<\/strong> s\u0105 niezwykle pomocnymi narz\u0119dziami do tworzenia i modyfikowania raport\u00f3w w Dynamics 365 Business Central lub Dynamics NAV.<\/p>\n<\/div>\n<\/div>\n<\/div>\n<\/div>\n<div id=\"pg-5250-1\"  class=\"panel-grid panel-no-style\"  data-style=\"{&quot;background_image_attachment&quot;:false,&quot;background_display&quot;:&quot;tile&quot;,&quot;cell_alignment&quot;:&quot;flex-start&quot;}\"  data-ratio=\"1\"  data-ratio-direction=\"right\" >\n<div id=\"pgc-5250-1-0\"  class=\"panel-grid-cell\"  data-weight=\"0.5\" >\n<div id=\"panel-5250-1-0-0\" class=\"so-panel widget widget_black-studio-tinymce widget_black_studio_tinymce panel-first-child\" data-index=\"4\" data-style=\"{&quot;background_image_attachment&quot;:false,&quot;background_display&quot;:&quot;tile&quot;}\" >\n<div class=\"textwidget\"><img alt=\"\" decoding=\"async\" class=\"size-full wp-image-5255 alignleft\" src=\"https:\/\/navision-beratung.de\/wp-content\/uploads\/2019\/05\/CKL.png\" width=\"250\" height=\"167\" \/><\/div>\n<\/div>\n<div id=\"panel-5250-1-0-1\" class=\"so-panel widget widget_black-studio-tinymce widget_black_studio_tinymce panel-last-child\" data-index=\"5\" data-style=\"{&quot;background_image_attachment&quot;:false,&quot;background_display&quot;:&quot;tile&quot;}\" >\n<h3 class=\"widget-title\">CKL<\/h3>\n<div class=\"textwidget\"><strong>CKL<\/strong> specjalizuje si\u0119 we wszystkich aspektach rachunkowo\u015bci finansowej i przep\u0142ywu warto\u015bci, ze szczeg\u00f3lnym uwzgl\u0119dnieniem rachunku koszt\u00f3w i dzia\u0142a\u0144 oraz kontroli zapas\u00f3w.<\/div>\n<\/div>\n<\/div>\n<div id=\"pgc-5250-1-1\"  class=\"panel-grid-cell\"  data-weight=\"0.5\" >\n<div id=\"panel-5250-1-1-0\" class=\"so-panel widget widget_black-studio-tinymce widget_black_studio_tinymce panel-first-child\" data-index=\"6\" data-style=\"{&quot;background_image_attachment&quot;:false,&quot;background_display&quot;:&quot;tile&quot;}\" >\n<div class=\"textwidget\"><img alt=\"\" loading=\"lazy\" decoding=\"async\" src=\"https:\/\/navision-beratung.de\/wp-content\/uploads\/2019\/05\/windata.png\" width=\"250\" height=\"167\" class=\"alignnone size-full wp-image-5271\" \/><\/div>\n<\/div>\n<div id=\"panel-5250-1-1-1\" class=\"so-panel widget widget_black-studio-tinymce widget_black_studio_tinymce panel-last-child\" data-index=\"7\" data-style=\"{&quot;background_image_attachment&quot;:false,&quot;background_display&quot;:&quot;tile&quot;}\" >\n<h3 class=\"widget-title\">windata<\/h3>\n<div class=\"textwidget\">Dzi\u0119ki modu\u0142owym rozwi\u0105zaniom nasz partner oferuje <strong>windata GmbH &amp; Co. KG<\/strong> Rozwi\u0105zania dla krajowych i mi\u0119dzynarodowych transakcji p\u0142atniczych z najnowszymi standardami p\u0142atno\u015bci i aktualnymi procedurami bezpiecze\u0144stwa, w tym konfipay jako us\u0142uga internetowa do automatyzacji proces\u00f3w biznesowych w cyfrowych transakcjach p\u0142atniczych.<\/div>\n<\/div>\n<\/div>\n<\/div>\n<div id=\"pg-5250-2\"  class=\"panel-grid panel-no-style\"  data-style=\"{&quot;background_image_attachment&quot;:false,&quot;background_display&quot;:&quot;tile&quot;,&quot;cell_alignment&quot;:&quot;flex-start&quot;}\"  data-ratio=\"1\"  data-ratio-direction=\"right\" >\n<div id=\"pgc-5250-2-0\"  class=\"panel-grid-cell\"  data-weight=\"0.5\" >\n<div id=\"panel-5250-2-0-0\" class=\"so-panel widget widget_black-studio-tinymce widget_black_studio_tinymce panel-first-child\" data-index=\"8\" data-style=\"{&quot;background_image_attachment&quot;:false,&quot;background_display&quot;:&quot;tile&quot;}\" >\n<div class=\"textwidget\"><img alt=\"\" loading=\"lazy\" decoding=\"async\" class=\"size-full wp-image-5262 alignleft\" src=\"https:\/\/navision-beratung.de\/wp-content\/uploads\/2019\/05\/haveldata.png\" width=\"250\" height=\"167\" \/><\/div>\n<\/div>\n<div id=\"panel-5250-2-0-1\" class=\"so-panel widget widget_black-studio-tinymce widget_black_studio_tinymce panel-last-child\" data-index=\"9\" data-style=\"{&quot;background_image_attachment&quot;:false,&quot;background_display&quot;:&quot;tile&quot;}\" >\n<h3 class=\"widget-title\">haveldata GmbH<\/h3>\n<div class=\"textwidget\">Dzi\u0119ki \"NACO6-Cost Accounting\" do wszystkich wewn\u0119trznych zada\u0144 ksi\u0119gowych i \"NAPA3-Personnel Management\" do zarz\u0105dzania personelem, zarz\u0105dzania czasem i rozliczania p\u0142ac, nasz dodatkowy partner <strong>haveldata GmbH<\/strong> dwa pot\u0119\u017cne, kompletne rozwi\u0105zania dla aplikacji Dynamics 365 Business Central lub NAV.<\/div>\n<\/div>\n<\/div>\n<div id=\"pgc-5250-2-1\"  class=\"panel-grid-cell\"  data-weight=\"0.5\" >\n<div id=\"panel-5250-2-1-0\" class=\"so-panel widget widget_black-studio-tinymce widget_black_studio_tinymce panel-first-child\" data-index=\"10\" data-style=\"{&quot;background_image_attachment&quot;:false,&quot;background_display&quot;:&quot;tile&quot;}\" >\n<div class=\"textwidget\"><img alt=\"\" loading=\"lazy\" decoding=\"async\" class=\"alignnone size-full wp-image-5310\" src=\"https:\/\/navision-beratung.de\/wp-content\/uploads\/2019\/05\/idyn_logo.png\" width=\"250\" height=\"167\" \/><\/div>\n<\/div>\n<div id=\"panel-5250-2-1-1\" class=\"so-panel widget widget_black-studio-tinymce widget_black_studio_tinymce panel-last-child\" data-index=\"11\" data-style=\"{&quot;background_image_attachment&quot;:false,&quot;background_display&quot;:&quot;tile&quot;}\" >\n<h3 class=\"widget-title\">idyn<\/h3>\n<div class=\"textwidget\">Nasz dodatkowy partner <strong>idyn<\/strong> zapewnia pot\u0119\u017cne narz\u0119dzie dla programist\u00f3w Dynamics NAV w postaci \"Object Mangager Advanced\" (w skr\u00f3cie OMA) - pozwalaj\u0105ce znacznie podnie\u015b\u0107 jako\u015b\u0107 pracy programistycznej.<\/div>\n<\/div>\n<\/div>\n<\/div>\n<div id=\"pg-5250-3\"  class=\"panel-grid panel-no-style\"  data-style=\"{&quot;background_image_attachment&quot;:false,&quot;background_display&quot;:&quot;tile&quot;,&quot;cell_alignment&quot;:&quot;flex-start&quot;}\"  data-ratio=\"1\"  data-ratio-direction=\"right\" >\n<div id=\"pgc-5250-3-0\"  class=\"panel-grid-cell panel-grid-cell-mobile-last\"  data-weight=\"0.5\" >\n<div id=\"panel-5250-3-0-0\" class=\"so-panel widget widget_black-studio-tinymce widget_black_studio_tinymce panel-first-child\" data-index=\"12\" data-style=\"{&quot;background_image_attachment&quot;:false,&quot;background_display&quot;:&quot;tile&quot;}\" >\n<div class=\"textwidget\"><img alt=\"\" loading=\"lazy\" decoding=\"async\" class=\"alignnone size-full wp-image-5274\" src=\"https:\/\/navision-beratung.de\/wp-content\/uploads\/2019\/05\/sana.png\" width=\"250\" height=\"167\" \/><\/div>\n<\/div>\n<div id=\"panel-5250-3-0-1\" class=\"so-panel widget widget_black-studio-tinymce widget_black_studio_tinymce panel-last-child\" data-index=\"13\" data-style=\"{&quot;background_image_attachment&quot;:false,&quot;background_display&quot;:&quot;tile&quot;}\" >\n<h3 class=\"widget-title\">Sana Commerce<\/h3>\n<div class=\"textwidget\">Nasz dodatkowy partner <strong>Sana Commerce EMEA B.V.<\/strong> oferuje Sana Commerce, rozwi\u0105zanie sklepu internetowego dla B2B i B2C, kt\u00f3re mo\u017cna p\u0142ynnie zintegrowa\u0107 z Dynamics 365 Business Central lub NAV - w celu zapewnienia doskona\u0142ej interakcji mi\u0119dzy ERP a sklepem internetowym.<\/div>\n<\/div>\n<\/div>\n<div id=\"pgc-5250-3-1\"  class=\"panel-grid-cell panel-grid-cell-empty\"  data-weight=\"0.5\" ><\/div>\n<\/div>\n<\/div>","protected":false},"excerpt":{"rendered":"<p>Continia Software Continia entwickelt Add-on L\u00f6sungen f\u00fcr Microsoft Dynamics Business Central zur effizienten und zeitsparenden Gestaltung von Finanzprozessen \u2013 It\u2019s About Time. Die L\u00f6sungen Document Capture, OPplus, Expense Management und Document Output bieten Business Central Anwendern weltweit einen Mehrwert in ihrer t\u00e4glichen Arbeit. ForNAV Deutschland Der \u201eReports ForNAV Designer\u201c sowie der \u201eReports ForNAV Converter\u201c unseres [&hellip;]<\/p>","protected":false},"author":1,"featured_media":3019,"parent":0,"menu_order":0,"comment_status":"closed","ping_status":"closed","template":"","meta":{"_seopress_robots_primary_cat":"","_seopress_titles_title":"Effiziente Add-ons f\u00fcr Dynamics Business Central","_seopress_titles_desc":"Entdecken Sie leistungsstarke Add-ons f\u00fcr Microsoft Dynamics Business Central. Optimieren Sie Finanzprozesse mit Document Capture und mehr!","_seopress_robots_index":"","footnotes":""},"categories":[],"tags":[],"class_list":["post-5250","page","type-page","status-publish","has-post-thumbnail","hentry"],"_links":{"self":[{"href":"https:\/\/navision-beratung.de\/pl\/wp-json\/wp\/v2\/pages\/5250","targetHints":{"allow":["GET"]}}],"collection":[{"href":"https:\/\/navision-beratung.de\/pl\/wp-json\/wp\/v2\/pages"}],"about":[{"href":"https:\/\/navision-beratung.de\/pl\/wp-json\/wp\/v2\/types\/page"}],"author":[{"embeddable":true,"href":"https:\/\/navision-beratung.de\/pl\/wp-json\/wp\/v2\/users\/1"}],"replies":[{"embeddable":true,"href":"https:\/\/navision-beratung.de\/pl\/wp-json\/wp\/v2\/comments?post=5250"}],"version-history":[{"count":0,"href":"https:\/\/navision-beratung.de\/pl\/wp-json\/wp\/v2\/pages\/5250\/revisions"}],"wp:featuredmedia":[{"embeddable":true,"href":"https:\/\/navision-beratung.de\/pl\/wp-json\/wp\/v2\/media\/3019"}],"wp:attachment":[{"href":"https:\/\/navision-beratung.de\/pl\/wp-json\/wp\/v2\/media?parent=5250"}],"wp:term":[{"taxonomy":"category","embeddable":true,"href":"https:\/\/navision-beratung.de\/pl\/wp-json\/wp\/v2\/categories?post=5250"},{"taxonomy":"post_tag","embeddable":true,"href":"https:\/\/navision-beratung.de\/pl\/wp-json\/wp\/v2\/tags?post=5250"}],"curies":[{"name":"wp","href":"https:\/\/api.w.org\/{rel}","templated":true}]}}