{"id":5194,"date":"2019-04-17T11:17:59","date_gmt":"2019-04-17T11:17:59","guid":{"rendered":"https:\/\/navision-beratung.de\/?page_id=5194"},"modified":"2025-05-26T10:22:41","modified_gmt":"2025-05-26T08:22:41","slug":"referenzprojekte-der-bartolome-roeder-ag-versandhandel","status":"publish","type":"page","link":"https:\/\/navision-beratung.de\/pl\/referenzen\/referenzprojekte-der-bartolome-roeder-ag-versandhandel\/","title":{"rendered":"Projekty referencyjne bartolome r\u00f6der AG: Sprzeda\u017c wysy\u0142kowa"},"content":{"rendered":"<p>W naszej serii projekt\u00f3w referencyjnych firmy bartolome r\u00f6der AG chcieliby\u015bmy dzi\u015b opowiedzie\u0107 o procesie optymalizacji proces\u00f3w magazynowych klienta z firmy bartolome r\u00f6der AG. <strong>Sprzeda\u017c wysy\u0142kowa online<\/strong> raport.<\/p>\n<p>Firma zajmuj\u0105ca si\u0119 handlem elektronicznym zatrudnia oko\u0142o 300 pracownik\u00f3w, z kt\u00f3rych oko\u0142o 100 na co dzie\u0144 pracuje z Dynamics NAV. Celem by\u0142o <strong>Optymalizacja proces\u00f3w magazynowych<\/strong> w procesie ERP Microsoft Dynamics NAV 2013 ze wzgl\u0119du na szybki rozw\u00f3j firmy.<\/p>\n<h2>Firma<\/h2>\n<p>Firma zajmuj\u0105ca si\u0119 sprzeda\u017c\u0105 wysy\u0142kow\u0105 online, kt\u00f3rej uda\u0142o si\u0119 zaistnie\u0107 na niemieckim rynku w ci\u0105gu zaledwie kilku lat, musi codziennie koordynowa\u0107 du\u017c\u0105 liczb\u0119 zam\u00f3wie\u0144. Obszerne portfolio oznacza, \u017ce wymagana jest du\u017ca powierzchnia magazynowa. Czasami skutkuje to d\u0142ugimi trasami, kt\u00f3re r\u00f3wnie\u017c musz\u0105 by\u0107 zoptymalizowane.<\/p>\n<h2>Wyzwanie<\/h2>\n<p>Najwi\u0119kszym wyzwaniem by\u0142a optymalizacja proces\u00f3w magazynowych, aby mog\u0142y one sprosta\u0107 szybkiemu rozwojowi firmy. Optymalizacja proces\u00f3w odegra\u0142a szczeg\u00f3lnie wa\u017cn\u0105 rol\u0119. Jednym z problem\u00f3w by\u0142o to, \u017ce u\u017cytkownicy blokowali sobie nawzajem mo\u017cliwo\u015b\u0107 pracy w systemie.<\/p>\n<h2>Najwa\u017cniejsze elementy procesu optymalizacji<\/h2>\n<p>W dalszej cz\u0119\u015bci chcieliby\u015bmy<strong> Najwa\u017cniejsze elementy procesu optymalizacji<\/strong> w wyci\u0105gach:<\/p>\n<p>Kluczowym elementem by\u0142 <strong>Optymalizacja procesu przyjmowania towar\u00f3w<\/strong>. Dostosowania w NAV umo\u017cliwi\u0142y kilku pracownikom jednoczesne przetwarzanie przyj\u0119cia towar\u00f3w bez komunikat\u00f3w o b\u0142\u0119dach lub nieprawid\u0142owych ksi\u0119gowa\u0144. Osi\u0105gni\u0119to to poprzez dodanie dodatkowego ekranu do standardowego systemu.<\/p>\n<p>Ponadto <strong>Optymalizacja procesu kompletacji<\/strong>. Wprowadzono tutaj dostarczanie towar\u00f3w wed\u0142ug stref, pojemnik\u00f3w magazynowych i artyku\u0142\u00f3w. Wa\u017cenie pojemnik\u00f3w magazynowych zosta\u0142o przeprowadzone zgodnie z sekwencj\u0105 numer\u00f3w. Kompletacja wed\u0142ug kolejno\u015bci umo\u017cliwi\u0142a optymalizacj\u0119 tras o ponad 25 %.<\/p>\n<p>Kolejnym dostosowaniem by\u0142o <strong>Optymalizacja procesu pakowania<\/strong> jest reprezentowana. Wprowadzono tu na przyk\u0142ad kolejk\u0119 zada\u0144. Dowolna liczba przedmiot\u00f3w mo\u017ce by\u0107 teraz skanowana, rejestrowana, a nast\u0119pnie pakowana. Wszystkie przedmioty zeskanowane podczas procesu rejestracji trafiaj\u0105 do kolejki zada\u0144, a nast\u0119pnie mog\u0105 zosta\u0107 zarezerwowane przez u\u017cytkownika na ko\u0144cu bez nak\u0142adania si\u0119.<\/p>\n<p>A tak\u017ce <strong>Optymalizacja procesu zwrot\u00f3w<\/strong> zosta\u0142a pomy\u015blnie zmapowana w NAV. \u015acie\u017cki rezerwacji zosta\u0142y zasadniczo skr\u00f3cone, a tym samym zoptymalizowane. Towary zalegaj\u0105ce w magazynach mog\u0105 by\u0107 teraz szybciej identyfikowane jako towary A lub C, przypisywane do w\u0142a\u015bciwego magazynu i, w razie potrzeby, ponownie wysy\u0142ane.<\/p>\n<h2>Realizacja projektu<\/h2>\n<p>Optymalizacja proces\u00f3w magazynowych w systemie Dynamics NAV zosta\u0142a zako\u0144czona w ci\u0105gu 3 miesi\u0119cy.<\/p>\n<p>Dzi\u0119ki ustrukturyzowanemu podej\u015bciu i dobrej wsp\u00f3\u0142pracy mi\u0119dzy klientem a zespo\u0142em programist\u00f3w, projekt zosta\u0142 pomy\u015blnie uko\u0144czony na czas.<\/p>","protected":false},"excerpt":{"rendered":"<p>W naszej serii projekt\u00f3w referencyjnych od bartolome r\u00f6der AG, chcieliby\u015bmy dzi\u015b opowiedzie\u0107 o procesie optymalizacji proces\u00f3w magazynowych klienta z bran\u017cy sprzeda\u017cy wysy\u0142kowej online. Firma e-commerce zatrudnia oko\u0142o 300 pracownik\u00f3w, z kt\u00f3rych oko\u0142o 100 pracuje na co dzie\u0144 z Dynamics NAV. Celem by\u0142a optymalizacja proces\u00f3w magazynowych w systemie ERP Microsoft Dynamics NAV 2013 ze wzgl\u0119du na [...]<\/p>","protected":false},"author":1,"featured_media":11484,"parent":8787,"menu_order":0,"comment_status":"closed","ping_status":"closed","template":"","meta":{"_seopress_robots_primary_cat":"","_seopress_titles_title":"Optimierung von Lagerprozessen mit Dynamics NAV","_seopress_titles_desc":"Effiziente Optimierung der Lagerprozesse mit Dynamics NAV f\u00fcr E-Commerce Wachstum. Entdecken Sie L\u00f6sungen f\u00fcr Wareneingang, Kommissionierung & Retouren.","_seopress_robots_index":"","footnotes":""},"categories":[52],"tags":[],"class_list":["post-5194","page","type-page","status-publish","has-post-thumbnail","hentry","category-referenzen"],"_links":{"self":[{"href":"https:\/\/navision-beratung.de\/pl\/wp-json\/wp\/v2\/pages\/5194","targetHints":{"allow":["GET"]}}],"collection":[{"href":"https:\/\/navision-beratung.de\/pl\/wp-json\/wp\/v2\/pages"}],"about":[{"href":"https:\/\/navision-beratung.de\/pl\/wp-json\/wp\/v2\/types\/page"}],"author":[{"embeddable":true,"href":"https:\/\/navision-beratung.de\/pl\/wp-json\/wp\/v2\/users\/1"}],"replies":[{"embeddable":true,"href":"https:\/\/navision-beratung.de\/pl\/wp-json\/wp\/v2\/comments?post=5194"}],"version-history":[{"count":0,"href":"https:\/\/navision-beratung.de\/pl\/wp-json\/wp\/v2\/pages\/5194\/revisions"}],"up":[{"embeddable":true,"href":"https:\/\/navision-beratung.de\/pl\/wp-json\/wp\/v2\/pages\/8787"}],"wp:featuredmedia":[{"embeddable":true,"href":"https:\/\/navision-beratung.de\/pl\/wp-json\/wp\/v2\/media\/11484"}],"wp:attachment":[{"href":"https:\/\/navision-beratung.de\/pl\/wp-json\/wp\/v2\/media?parent=5194"}],"wp:term":[{"taxonomy":"category","embeddable":true,"href":"https:\/\/navision-beratung.de\/pl\/wp-json\/wp\/v2\/categories?post=5194"},{"taxonomy":"post_tag","embeddable":true,"href":"https:\/\/navision-beratung.de\/pl\/wp-json\/wp\/v2\/tags?post=5194"}],"curies":[{"name":"wp","href":"https:\/\/api.w.org\/{rel}","templated":true}]}}