{"id":49,"date":"2014-10-23T10:00:14","date_gmt":"2014-10-23T10:00:14","guid":{"rendered":"http:\/\/navisionberatung.apps-1and1.net\/?page_id=49"},"modified":"2025-05-22T12:32:48","modified_gmt":"2025-05-22T10:32:48","slug":"mobile-apps-und-nav","status":"publish","type":"page","link":"https:\/\/navision-beratung.de\/pl\/mobile-apps-und-nav\/","title":{"rendered":"Aplikacje mobilne i Dynamics NAV"},"content":{"rendered":"<div data-elementor-type=\"wp-page\" data-elementor-id=\"49\" class=\"elementor elementor-49\" data-elementor-post-type=\"page\">\n\t\t\t\t<div class=\"elementor-element elementor-element-32052a89 e-flex e-con-boxed e-con e-parent\" data-id=\"32052a89\" data-element_type=\"container\">\n\t\t\t\t\t<div class=\"e-con-inner\">\n\t\t\t\t<div class=\"elementor-element elementor-element-6839f251 elementor-widget elementor-widget-text-editor\" data-id=\"6839f251\" data-element_type=\"widget\" data-widget_type=\"text-editor.default\">\n\t\t\t\t\t\t\t\t\t<ul class=\"slides\">\n \t<li class=\"slider-668 slide-669 ms-layer\" style=\"display: block; float: left;\"><img fetchpriority=\"high\" decoding=\"async\" class=\"msDefaultImage\" src=\"http:\/\/navision-beratung.de\/wp-content\/uploads\/2014\/11\/Mobile_02.png\" alt=\"\" width=\"754\" height=\"327\" \/><span style=\"font-size: 1.5em;\"><span style=\"font-family: verdana,geneva,sans-serif;\">Rozwi\u0105zania mobilne na\nna najwy\u017cszym poziomie!<\/span><\/span>\n\n<span style=\"font-family: verdana,geneva,sans-serif;\"><span style=\"font-size: 1em;\">Z nami masz w\u0142a\u015bciwy\nkontakt dla swojej aplikacji ERP.<\/span><\/span>\n\n<a class=\"LinkWhite\" href=\"http:\/\/navision-beratung.de\/pl\/kontakt\/\"><span style=\"font-size: 1em;\"><span style=\"font-family: verdana,geneva,sans-serif;\">Skontaktuj si\u0119 z nami!<\/span><\/span><\/a><\/li>\n<\/ul>\n<script type=\"text\/javascript\">\n        var metaslider_668 = function($) {\n            $('#metaslider_668').addClass('flexslider'); \/\/ theme\/plugin conflict avoidance\n            $('#metaslider_668').flexslider({ \n                slideshowSpeed:3000,\n                animation:\"fade\",\n                controlNav:false,\n                directionNav:false,\n                pauseOnHover:true,\n                direction:\"horizontal\",\n                reverse:false,\n                animationSpeed:600,\n                prevText:\"&lt;\",\n                nextText:\"&gt;\",\n                slideshow:true,\n                before: function(slider) {\n                    $('li:not(\".flex-active-slide\") .animated', slider).not('.disabled').each(function(index) {\n                        var el = $(this);\n                        var cloned = el.clone();\n                        el.before(cloned);\n                        $(this).remove();\n                    });\n                }\n            });            \n            jQuery(window).resize(function(){\n               jQuery('#metaslider_668').metaslider_scale_layers({\n                   downscale_only: false,\n                   orig_width: 754\n               });\n            });\n            jQuery('#metaslider_668').metaslider_scale_layers({\n                downscale_only: false,\n                orig_width: 754\n            });\n\n            jQuery('#metaslider_668 .msHtmlOverlay .layer[data-link], #metaslider_668 .msHtmlOverlay[data-link]').each(function() {\n                var layer = jQuery(this);\n\n                layer.css('cursor', 'pointer').on('click', function() {\n                    window.open(layer.attr('data-link'), layer.attr('data-target'));\n                });\n            });\n        };\n        var timer_metaslider_668 = function() {\n            var slider = !window.jQuery ? window.setTimeout(timer_metaslider_668, 100) : !jQuery.isReady ? window.setTimeout(timer_metaslider_668, 1) : metaslider_668(window.jQuery);\n        };\n        timer_metaslider_668();\n    <\/script>\n\n<!--\/\/ meta slider-->\n<h3 class=\"widget-title\">Sprawiamy, \u017ce aplikacje biznesowe staj\u0105 si\u0119 mobilne<\/h3>\nAutoryzuj zapotrzebowania na zakup jednym klikni\u0119ciem, pozw\u00f3l klientom inicjowa\u0107 uzupe\u0142nianie zapas\u00f3w poprzez skanowanie i oszcz\u0119dzaj koszty wprowadzania zam\u00f3wie\u0144.\n\nNiezale\u017cnie od tego, czy jest to w\u0142asne rozwi\u0105zanie na iOS, Androida lub Windows, czy te\u017c niezale\u017cne od platformy w responsywnym projekcie z AngularJS - zawsze mamy odpowiednie rozwi\u0105zanie dla Twoich potrzeb.\n<h3 class=\"widget-title\"><a title=\"@Mobile NAV - inteligentne wprowadzanie zam\u00f3wie\u0144\" href=\"http:\/\/navision-beratung.de\/pl\/mobile-apps-und-nav\/nav-smart-order-entry\/\">@Mobile NAV - inteligentne wprowadzanie zam\u00f3wie\u0144<\/a><\/h3>\n<img decoding=\"async\" class=\"attachment-featured wp-post-image\" title=\"@Mobile NAV - inteligentne wprowadzanie zam\u00f3wie\u0144\" src=\"http:\/\/navision-beratung.de\/wp-content\/uploads\/2014\/12\/NAV_smartOrderEntry2.png\" alt=\"@Mobile NAV \u2013 smart order entry\" width=\"345\" height=\"200\" \/>\n\nDwa cele, jedno rozwi\u0105zanie: zam\u00f3wienia oparte na kodach QR (powtarzaj\u0105ce si\u0119) s\u0105 przesy\u0142ane bezpo\u015brednio do systemu ERP za po\u015brednictwem aplikacji mobilnej.\ns\u0105 przesy\u0142ane bezpo\u015brednio do systemu ERP za po\u015brednictwem aplikacji mobilnej, gdzie automatycznie staj\u0105 si\u0119 zam\u00f3wieniem.\n\u017bmudne r\u0119czne wprowadzanie zam\u00f3wie\u0144 nie jest ju\u017c konieczne....\n\n<a class=\"read-more\" href=\"http:\/\/navision-beratung.de\/pl\/mobile-apps-und-nav\/nav-smart-order-entry\/\">Czytaj wi\u0119cej<\/a>\n<h3 class=\"widget-title\"><a title=\"@NAV - dynamics2i\" href=\"http:\/\/navision-beratung.de\/pl\/mobile-apps-und-nav\/nav-dynamics2i\/\">@NAV - dynamics2i<\/a><\/h3>\n<img decoding=\"async\" class=\"attachment-featured wp-post-image\" title=\"@NAV - dynamics2i\" src=\"http:\/\/navision-beratung.de\/wp-content\/uploads\/2014\/12\/NAV_dynamics2i.png\" alt=\"@NAV \u2013 dynamics2i\" width=\"345\" height=\"200\" \/>\n\n@NAV-dynamics2i tworzy bezpo\u015brednie po\u0142\u0105czenie ze smartfon\u00f3w (Android, IO\/S, Windows Phone) do pakietu ERP. Rozwi\u0105zanie zapewnia u\u017cytkownikom dost\u0119p online do danych w czasie rzeczywistym w systemie ERP za po\u015brednictwem urz\u0105dzenia mobilnego.\nFunkcje w skr\u00f3cie....\n\n<a class=\"read-more\" href=\"http:\/\/navision-beratung.de\/pl\/mobile-apps-und-nav\/nav-dynamics2i\/\">Czytaj wi\u0119cej<\/a>\n<h3 class=\"widget-title\"><a title=\"@NAV - eBANF\" href=\"http:\/\/navision-beratung.de\/pl\/mobile-apps-und-nav\/nav-ebanf\/\">@NAV - eBANF<\/a><\/h3>\n<img loading=\"lazy\" decoding=\"async\" class=\"attachment-featured wp-post-image\" title=\"@NAV - eBANF\" src=\"http:\/\/navision-beratung.de\/wp-content\/uploads\/2014\/12\/NAV_eBANF.png\" alt=\"@NAV \u2013 eBANF\" width=\"345\" height=\"200\" \/>\n\nDzi\u0119ki @NAV - eBANF proces zam\u00f3wie\u0144 mo\u017ce by\u0107 praktycznie zautomatyzowany, wydajny, a przede wszystkim przejrzysty. Ponadto elektroniczna procedura autoryzacji pomaga kontrolowa\u0107 wewn\u0119trzny obieg dokument\u00f3w BANF, w szczeg\u00f3lno\u015bci zgodnie z klasyfikacj\u0105 BANF (np. IT BANF).\nW ten spos\u00f3b wszystkie procesy techniczne i handlowe mog\u0105 by\u0107 obs\u0142ugiwane przez Microsoft Dynamics\u2122 NAV (Navision) .....\n\n<a class=\"read-more\" href=\"http:\/\/navision-beratung.de\/pl\/mobile-apps-und-nav\/nav-ebanf\/\">Czytaj wi\u0119cej<\/a>\n<h3 class=\"widget-title\"><a title=\"@NAV - Mobilny magazyn\" href=\"http:\/\/navision-beratung.de\/pl\/mobile-apps-und-nav\/nav-mobile-warehouse\/\">@NAV - Mobilny magazyn<\/a><\/h3>\n<img loading=\"lazy\" decoding=\"async\" class=\"attachment-featured wp-post-image\" title=\"@NAV - Mobilny magazyn\" src=\"http:\/\/navision-beratung.de\/wp-content\/uploads\/2014\/12\/NAV_MobileWarehouse1.png\" alt=\"@NAV \u2013 Mobile Warehouse\" width=\"345\" height=\"200\" \/>\n\nProdukt @NAV - Mobile Warehouse to mobilne rozwi\u0105zanie ERP, kt\u00f3re jest w pe\u0142ni zintegrowane z g\u0142\u00f3wnym systemem w biurze. Dost\u0119p do wszystkich danych i funkcji proces\u00f3w magazynowych mo\u017cna uzyska\u0107 za po\u015brednictwem urz\u0105dzenia mobilnego....\n\n<a class=\"read-more\" href=\"http:\/\/navision-beratung.de\/pl\/mobile-apps-und-nav\/nav-mobile-warehouse\/\">Czytaj wi\u0119cej<\/a>\n\n<a href=\"http:\/\/navision-beratung.de\/wp-content\/uploads\/2015\/01\/Schmitt.png\"><img loading=\"lazy\" decoding=\"async\" class=\"size-full wp-image-1019 alignleft\" src=\"http:\/\/navision-beratung.de\/wp-content\/uploads\/2015\/01\/Schmitt.png\" alt=\"Schmitt\" width=\"192\" height=\"186\" \/><\/a><script>\twp_cta_load_variation( '1380', '0', '1' )<\/script>\n\n<style type=\"text\/css\" id=\"wp_cta_css_custom_1380_0\" class=\"wp_cta_css_1380\"> <\/style>\n\n<script type=\"text\/javascript\">jQuery(document).ready(function($) {\n\t\t\t\t\t });<\/script>\n\nWstaw tutaj tre\u015b\u0107 wezwania do dzia\u0142ania.\t\t\t\t\t\t\t\t<\/div>\n\t\t\t\t\t<\/div>\n\t\t\t\t<\/div>\n\t\t\t\t<\/div>","protected":false},"excerpt":{"rendered":"<p>Mobile L\u00f6sungen auf h\u00f6chstem Niveau! Mit uns haben Sie den richtigen Ansprechpartner f\u00fcr Ihre ERP-App.<\/p>\n<p>Ob als propriet\u00e4re L\u00f6sung auf iOS, Android oder Windows oder etwa plattformun-abh\u00e4ngig im responsive Design mit AngularJS \u2013 wir haben immer die richtige L\u00f6sung f\u00fcr Ihre Bed\u00fcrfnisse.<\/p>","protected":false},"author":1,"featured_media":171,"parent":0,"menu_order":0,"comment_status":"closed","ping_status":"closed","template":"","meta":{"_seopress_robots_primary_cat":"","_seopress_titles_title":"Mobile ERP-L\u00f6sungen: Ihr Schl\u00fcssel zur Effizienz","_seopress_titles_desc":"Optimieren Sie Gesch\u00e4ftsprozesse mit unserer ERP-App. Mobile L\u00f6sungen f\u00fcr iOS, Android & Windows. Kontaktieren Sie uns, um Kosten zu sparen!","_seopress_robots_index":"","footnotes":""},"categories":[],"tags":[],"class_list":["post-49","page","type-page","status-publish","has-post-thumbnail","hentry"],"_links":{"self":[{"href":"https:\/\/navision-beratung.de\/pl\/wp-json\/wp\/v2\/pages\/49","targetHints":{"allow":["GET"]}}],"collection":[{"href":"https:\/\/navision-beratung.de\/pl\/wp-json\/wp\/v2\/pages"}],"about":[{"href":"https:\/\/navision-beratung.de\/pl\/wp-json\/wp\/v2\/types\/page"}],"author":[{"embeddable":true,"href":"https:\/\/navision-beratung.de\/pl\/wp-json\/wp\/v2\/users\/1"}],"replies":[{"embeddable":true,"href":"https:\/\/navision-beratung.de\/pl\/wp-json\/wp\/v2\/comments?post=49"}],"version-history":[{"count":0,"href":"https:\/\/navision-beratung.de\/pl\/wp-json\/wp\/v2\/pages\/49\/revisions"}],"wp:featuredmedia":[{"embeddable":true,"href":"https:\/\/navision-beratung.de\/pl\/wp-json\/wp\/v2\/media\/171"}],"wp:attachment":[{"href":"https:\/\/navision-beratung.de\/pl\/wp-json\/wp\/v2\/media?parent=49"}],"wp:term":[{"taxonomy":"category","embeddable":true,"href":"https:\/\/navision-beratung.de\/pl\/wp-json\/wp\/v2\/categories?post=49"},{"taxonomy":"post_tag","embeddable":true,"href":"https:\/\/navision-beratung.de\/pl\/wp-json\/wp\/v2\/tags?post=49"}],"curies":[{"name":"wp","href":"https:\/\/api.w.org\/{rel}","templated":true}]}}