{"id":3244,"date":"2017-12-20T10:04:30","date_gmt":"2017-12-20T10:04:30","guid":{"rendered":"http:\/\/navision-beratung.de\/?page_id=3244"},"modified":"2025-05-24T10:13:15","modified_gmt":"2025-05-24T08:13:15","slug":"dynamics-nav-2018","status":"publish","type":"page","link":"https:\/\/navision-beratung.de\/pl\/ueberpruefen\/dynamics-nav-2018\/","title":{"rendered":"Dynamics NAV 2018"},"content":{"rendered":"<p><img alt=\"\" fetchpriority=\"high\" decoding=\"async\" class=\"alignnone wp-image-3296 size-full\" src=\"https:\/\/navision-beratung.de\/wp-content\/uploads\/2018\/01\/Dynamics_NAV_2018.png\" width=\"785\" height=\"200\" srcset=\"https:\/\/navision-beratung.de\/wp-content\/uploads\/2018\/01\/Dynamics_NAV_2018.png 785w, https:\/\/navision-beratung.de\/wp-content\/uploads\/2018\/01\/Dynamics_NAV_2018-300x76.png 300w, https:\/\/navision-beratung.de\/wp-content\/uploads\/2018\/01\/Dynamics_NAV_2018-768x196.png 768w\" sizes=\"(max-width: 785px) 100vw, 785px\" \/><\/p>\n<p>Nowa wersja sprawdzonego rozwi\u0105zania ERP, Microsoft Dynamics NAV 2018, jest dost\u0119pna od pocz\u0105tku grudnia.<br \/>\nDynamics NAV 2018 zawiera ulepszenia podstawowych funkcjonalno\u015bci, wiele innowacji i ekscytuj\u0105cych funkcji. Na przyk\u0142ad, integracja Office 365 (\"Common Data Service\" i opcja edycji arkuszy ksi\u0119gowych w Excelu) zosta\u0142a jeszcze bardziej ulepszona. Dokonano r\u00f3wnie\u017c optymalizacji klienta internetowego i jego wygl\u0105du.<\/p>\n<h2>Oto nowe funkcje w Microsoft Dynamics NAV 2018<\/h2>\n<ul>\n<li>Wszechstronne wsparcie dla ustawie\u0144 i konfiguracji z kilkoma kreatorami ustawie\u0144<\/li>\n<li>Scentralizowane opcje konfiguracji upraszczaj\u0105 tworzenie nowych klient\u00f3w<\/li>\n<li>G\u0142\u0119boka integracja Office 365 poprzez wykorzystanie \"Common Data Service\" (platformy danych do wymiany aplikacji biznesowych, aplikacji i us\u0142ug Microsoft).<\/li>\n<li><a href=\"http:\/\/navision-beratung.de\/pl\/microsoft-dynamics-nav-2018-mitarbeiterbuchungsblaetter\/\">Arkusze rezerwacji pracownik\u00f3w<\/a>Opr\u00f3cz wierzycieli i d\u0142u\u017cnik\u00f3w w arkuszach ksi\u0119gowania mo\u017cna teraz wybiera\u0107 tak\u017ce pracownik\u00f3w. Funkcja ta jest wykorzystywana na przyk\u0142ad do op\u0142acania koszt\u00f3w podr\u00f3\u017cy<\/li>\n<li>Listy zada\u0144: podobnie jak w Outlooku, mo\u017cna tworzy\u0107 listy zada\u0144. Mog\u0105 one odnosi\u0107 si\u0119 do okre\u015blonych zada\u0144 specyficznych dla ERP lub by\u0107 powi\u0105zane ze zdefiniowanymi stronami lub raportami.<\/li>\n<li>Zautomatyzowane transakcje mi\u0119dzy firmami mog\u0105 znacznie przyspieszy\u0107 procesy ksi\u0119gowania mi\u0119dzy firmami.<\/li>\n<\/ul>\n<p>[wpdm_package id='3300\u2032]<\/p>\n<div class=\"ebd-box\">\n<div class=\"ebd-box-content\"><span class=\"ebd-box-title\">Zam\u00f3w broszur\u0119<\/span><br \/>\nWprowad\u017a swoje imi\u0119 i nazwisko oraz adres e-mail. Wkr\u00f3tce otrzymasz wiadomo\u015b\u0107 e-mail z linkiem do pobrania.<br \/>\n[email-download download_id=\"3304\u2033 contact_form_id=\"3302\u2033]<\/div>\n<\/div>\n<h2>Dynamics NAV - co dalej?<\/h2>\n<p>Na wiosn\u0119 2018 roku planowane s\u0105 dwie kolejne wersje: Rozwi\u0105zanie on-premise, kt\u00f3re obejmuje wszystkie funkcjonalno\u015bci NAV oraz wersj\u0119 opart\u0105 na chmurze, kt\u00f3ra jest podzielona na r\u00f3\u017cne obszary funkcjonalne.<\/p>\n<h2>Czy masz jakie\u015b pytania?<\/h2>\n<p>Je\u015bli chcesz uzyska\u0107 wi\u0119cej informacji na temat <a href=\"http:\/\/navision-beratung.de\/pl\/microsoft-dynamics-nav\/\">Microsoft Dynamics NAV<\/a> Prosimy o kontakt pod numerem +49 (89) 21 111 848 lub poczt\u0105 elektroniczn\u0105 na adres <a href=\"mailto:vertrieb@br-ag.com\">vertrieb@br-ag.com<\/a>.<\/p>\n<p>&nbsp;<\/p>","protected":false},"excerpt":{"rendered":"<p>Seit Anfang Dezember ist die neue Version der bew\u00e4hrten ERP-L\u00f6sung, Microsoft Dynamics NAV 2018 verf\u00fcgbar. Dynamics NAV 2018 kommt mit Verbesserungen der Kernfunktionalit\u00e4ten, vielen Neuerungen und spannenden Features. So wurde beispielsweise die Integration von Office 365 (\u201eCommon Data Service\u201c und die M\u00f6glichkeit zur Bearbeitung von Buch.-Bl\u00e4ttern in Excel) noch weiter verst\u00e4rkt. Aber auch am Web [&hellip;]<\/p>","protected":false},"author":1,"featured_media":3197,"parent":10710,"menu_order":0,"comment_status":"closed","ping_status":"closed","template":"","meta":{"_seopress_robots_primary_cat":"","_seopress_titles_title":"Neue Features: Microsoft Dynamics NAV 2018","_seopress_titles_desc":"Erleben Sie erweiterte Integration mit Office 365 und verbesserte Funktionen im Dynamics NAV 2018. Optimierte Benutzbarkeit und innovative L\u00f6sungen warten.","_seopress_robots_index":"","footnotes":""},"categories":[],"tags":[],"class_list":["post-3244","page","type-page","status-publish","has-post-thumbnail","hentry"],"_links":{"self":[{"href":"https:\/\/navision-beratung.de\/pl\/wp-json\/wp\/v2\/pages\/3244","targetHints":{"allow":["GET"]}}],"collection":[{"href":"https:\/\/navision-beratung.de\/pl\/wp-json\/wp\/v2\/pages"}],"about":[{"href":"https:\/\/navision-beratung.de\/pl\/wp-json\/wp\/v2\/types\/page"}],"author":[{"embeddable":true,"href":"https:\/\/navision-beratung.de\/pl\/wp-json\/wp\/v2\/users\/1"}],"replies":[{"embeddable":true,"href":"https:\/\/navision-beratung.de\/pl\/wp-json\/wp\/v2\/comments?post=3244"}],"version-history":[{"count":0,"href":"https:\/\/navision-beratung.de\/pl\/wp-json\/wp\/v2\/pages\/3244\/revisions"}],"up":[{"embeddable":true,"href":"https:\/\/navision-beratung.de\/pl\/wp-json\/wp\/v2\/pages\/10710"}],"wp:featuredmedia":[{"embeddable":true,"href":"https:\/\/navision-beratung.de\/pl\/wp-json\/wp\/v2\/media\/3197"}],"wp:attachment":[{"href":"https:\/\/navision-beratung.de\/pl\/wp-json\/wp\/v2\/media?parent=3244"}],"wp:term":[{"taxonomy":"category","embeddable":true,"href":"https:\/\/navision-beratung.de\/pl\/wp-json\/wp\/v2\/categories?post=3244"},{"taxonomy":"post_tag","embeddable":true,"href":"https:\/\/navision-beratung.de\/pl\/wp-json\/wp\/v2\/tags?post=3244"}],"curies":[{"name":"wp","href":"https:\/\/api.w.org\/{rel}","templated":true}]}}