{"id":2920,"date":"2017-03-09T10:57:42","date_gmt":"2017-03-09T10:57:42","guid":{"rendered":"http:\/\/navision-beratung.de\/?page_id=2920"},"modified":"2025-05-24T10:13:15","modified_gmt":"2025-05-24T08:13:15","slug":"artikelattribute-und-kategorien-in-nav-2017","status":"publish","type":"page","link":"https:\/\/navision-beratung.de\/pl\/ueberpruefen\/artikelattribute-und-kategorien-in-nav-2017\/","title":{"rendered":"NAV 2017: Attribute und Kategorien f\u00fcr Artikel"},"content":{"rendered":"<h1><img alt=\"\" fetchpriority=\"high\" decoding=\"async\" class=\"alignnone size-full wp-image-2928\" src=\"http:\/\/navision-beratung.de\/wp-content\/uploads\/2017\/03\/NAV_2017Artikelattribute.png\" width=\"717\" height=\"230\" srcset=\"https:\/\/navision-beratung.de\/wp-content\/uploads\/2017\/03\/NAV_2017Artikelattribute.png 717w, https:\/\/navision-beratung.de\/wp-content\/uploads\/2017\/03\/NAV_2017Artikelattribute-300x96.png 300w\" sizes=\"(max-width: 717px) 100vw, 717px\" \/><\/h1>\n<h1>Atrybuty i kategorie pozycji oraz ilustrowana lista pozycji w NAV 2017<\/h1>\n<p>Chcieliby\u015bmy pokaza\u0107, w jaki spos\u00f3b mo\u017cna lepiej uporz\u0105dkowa\u0107 i skategoryzowa\u0107 asortyment produkt\u00f3w w systemie Microsoft Dynamics NAV. Wersja 2017 oferuje wspania\u0142e innowacje w wersji standardowej.<\/p>\n<h2>Atrybuty artyku\u0142u<\/h2>\n<p>Nowo wprowadzone atrybuty artyku\u0142\u00f3w umo\u017cliwiaj\u0105 indywidualn\u0105 klasyfikacj\u0119 danych podstawowych artyku\u0142\u00f3w zgodnie z okre\u015blonymi kryteriami. W\u0142a\u015bciwo\u015bci takie jak rozmiar lub w\u0142a\u015bciwo\u015bci materia\u0142u mog\u0105 by\u0107 mapowane w bardzo przyjazny dla u\u017cytkownika spos\u00f3b.<\/p>\n<p>Mo\u017cliwe jest r\u00f3wnie\u017c wielokrotne przypisywanie. Upraszcza to wprowadzanie i dodawanie artyku\u0142\u00f3w do istniej\u0105cych zam\u00f3wie\u0144 sprzeda\u017cy i zam\u00f3wie\u0144 zakupu.<\/p>\n<p>W zale\u017cno\u015bci od \u017cycze\u0144 klienta, atrybuty mog\u0105 by\u0107 tworzone i wykorzystywane indywidualnie dla r\u00f3\u017cnych obszar\u00f3w firmy.<\/p>\n<h2>Kategorie artyku\u0142\u00f3w<\/h2>\n<p>Nowo\u015bci\u0105 w Microsoft Dynamics NAV 2017 s\u0105 r\u00f3wnie\u017c <strong>Kategorie artyku\u0142\u00f3w<\/strong> z poziomem g\u0142\u00f3wnym i r\u00f3\u017cnymi poziomami hierarchii, kt\u00f3re umo\u017cliwiaj\u0105 hierarchiczne uporz\u0105dkowanie artyku\u0142\u00f3w. Mo\u017cesz dowolnie wybiera\u0107 kategorie.<\/p>\n<p>Na przyk\u0142ad, z jednego modelu mo\u017cna wyprowadzi\u0107 r\u00f3\u017cne artyku\u0142y.<\/p>\n<p>G\u0142\u00f3wn\u0105 zalet\u0105 <strong>Atrybuty i kategorie przedmiot\u00f3w<\/strong> jest zatem przejrzysto\u015b\u0107 i jasno\u015b\u0107 artyku\u0142\u00f3w.<\/p>\n<p>Umo\u017cliwia r\u00f3wnie\u017c analiz\u0119 asortymentu produkt\u00f3w wed\u0142ug kategorii lub atrybut\u00f3w zdefiniowanych przez u\u017cytkownika. Daje to przegl\u0105d danych dotycz\u0105cych sprzeda\u017cy i obrot\u00f3w poszczeg\u00f3lnych produkt\u00f3w.<\/p>\n<h2>Funkcja wyszukiwania i filtrowania<\/h2>\n<p>A funkcja wyszukiwania i filtrowania oferuje znaczn\u0105 przewag\u0119 w aplikacji.<\/p>\n<h2>Ilustrowana lista artyku\u0142\u00f3w<\/h2>\n<p>Microsoft Dynamics NAV 2017 zapewnia atrakcyjne wizualnie wy\u015bwietlanie katalogu produkt\u00f3w z opcj\u0105 dodawania odpowiednich zdj\u0119\u0107 produkt\u00f3w do pozycji. Podobnie jak w przypadku ilustracji w sklepie internetowym, mo\u017cna wy\u015bwietla\u0107 obrazy w r\u00f3\u017cnych rozmiarach, a tym samym uzyska\u0107 bardzo przejrzyst\u0105 prezentacj\u0119 asortymentu produkt\u00f3w. W ramach jednego wzorca artyku\u0142u mo\u017cna zapisa\u0107 kilka grafik. Mo\u017cna r\u00f3wnie\u017c wybra\u0107 widok, w kt\u00f3rym odpowiedni obraz jest wy\u015bwietlany bezpo\u015brednio dla artyku\u0142u. U\u0142atwia to wyszukiwanie artyku\u0142\u00f3w i pozwala zaoszcz\u0119dzi\u0107 sporo czasu.<\/p>\n<p>&nbsp;<\/p>\n<p>Chcesz dowiedzie\u0107 si\u0119 wi\u0119cej o Dynamics NAV 2017? Mo\u017cesz znale\u017a\u0107 przegl\u0105d najwa\u017cniejszych innowacji <a href=\"http:\/\/navision-beratung.de\/pl\/microsoft-dynamics-nav-2017\/\">tutaj<\/a>.<\/p>","protected":false},"excerpt":{"rendered":"<p>Artikelattribute und -kategorien sowie bebilderte Artikelliste in NAV 2017 Gerne m\u00f6chten wir Ihnen veranschaulichen, wie Sie mit Microsoft Dynamics NAV Ihr Artikelsortiment besser strukturieren und kategorisieren k\u00f6nnen. Die 2017er Version bietet hier tolle Neuerungen im Standard. Artikelattribute Die neu eingef\u00fchrten Artikelattribute erm\u00f6glichen eine individuelle Klassifizierung des Artikelstamms nach Ihren vorgegebenen Kriterien. So k\u00f6nnen Eigenschaften wie [&hellip;]<\/p>","protected":false},"author":1,"featured_media":0,"parent":10710,"menu_order":0,"comment_status":"closed","ping_status":"closed","template":"","meta":{"_seopress_robots_primary_cat":"","_seopress_titles_title":"Optimieren Sie Artikelstruktur mit NAV 2017 Innovationen","_seopress_titles_desc":"Erfahren Sie, wie Sie mit Artikelattributen und -kategorien in Dynamics NAV 2017 Ihr Sortiment besser strukturieren und analysieren k\u00f6nnen.","_seopress_robots_index":"","footnotes":""},"categories":[],"tags":[],"class_list":["post-2920","page","type-page","status-publish","hentry"],"_links":{"self":[{"href":"https:\/\/navision-beratung.de\/pl\/wp-json\/wp\/v2\/pages\/2920","targetHints":{"allow":["GET"]}}],"collection":[{"href":"https:\/\/navision-beratung.de\/pl\/wp-json\/wp\/v2\/pages"}],"about":[{"href":"https:\/\/navision-beratung.de\/pl\/wp-json\/wp\/v2\/types\/page"}],"author":[{"embeddable":true,"href":"https:\/\/navision-beratung.de\/pl\/wp-json\/wp\/v2\/users\/1"}],"replies":[{"embeddable":true,"href":"https:\/\/navision-beratung.de\/pl\/wp-json\/wp\/v2\/comments?post=2920"}],"version-history":[{"count":0,"href":"https:\/\/navision-beratung.de\/pl\/wp-json\/wp\/v2\/pages\/2920\/revisions"}],"up":[{"embeddable":true,"href":"https:\/\/navision-beratung.de\/pl\/wp-json\/wp\/v2\/pages\/10710"}],"wp:attachment":[{"href":"https:\/\/navision-beratung.de\/pl\/wp-json\/wp\/v2\/media?parent=2920"}],"wp:term":[{"taxonomy":"category","embeddable":true,"href":"https:\/\/navision-beratung.de\/pl\/wp-json\/wp\/v2\/categories?post=2920"},{"taxonomy":"post_tag","embeddable":true,"href":"https:\/\/navision-beratung.de\/pl\/wp-json\/wp\/v2\/tags?post=2920"}],"curies":[{"name":"wp","href":"https:\/\/api.w.org\/{rel}","templated":true}]}}