{"id":165,"date":"2014-12-17T12:04:54","date_gmt":"2014-12-17T12:04:54","guid":{"rendered":"http:\/\/navisionberatung.apps-1and1.net\/?page_id=165"},"modified":"2025-05-24T10:13:15","modified_gmt":"2025-05-24T08:13:15","slug":"microsoft-dynamics-nav","status":"publish","type":"page","link":"https:\/\/navision-beratung.de\/pl\/ueberpruefen\/microsoft-dynamics-nav\/","title":{"rendered":"ERP-Microsoft Dynamics NAV"},"content":{"rendered":"<div id=\"pl-165\"  class=\"panel-layout\" >\n<div id=\"pg-165-0\"  class=\"panel-grid panel-no-style\" >\n<div id=\"pgc-165-0-0\"  class=\"panel-grid-cell\"  data-weight=\"1\" >\n<div id=\"panel-165-0-0-0\" class=\"so-panel widget widget_sow-image panel-first-child\" data-index=\"0\" data-style=\"{&quot;background_display&quot;:&quot;tile&quot;}\" >[siteorigin_widget class=\"SiteOrigin_Widget_Image_Widget\"]<input type=\"hidden\" value=\"{&quot;instance&quot;:{&quot;image&quot;:2931,&quot;image_fallback&quot;:&quot;&quot;,&quot;size&quot;:&quot;full&quot;,&quot;align&quot;:&quot;default&quot;,&quot;title&quot;:&quot;Microsoft Dynamics NAV&quot;,&quot;title_position&quot;:&quot;hidden&quot;,&quot;alt&quot;:&quot;Microsoft Dynamics NAV&quot;,&quot;url&quot;:&quot;&quot;,&quot;bound&quot;:true,&quot;_sow_form_id&quot;:&quot;5912e38a0ac82&quot;,&quot;new_window&quot;:false,&quot;full_width&quot;:false},&quot;args&quot;:{&quot;before_widget&quot;:&quot;&lt;div id=\\&quot;panel-165-0-0-0\\&quot; class=\\&quot;so-panel widget widget_sow-image panel-first-child\\&quot; data-index=\\&quot;0\\&quot; data-style=\\&quot;{&amp;quot;background_display&amp;quot;:&amp;quot;tile&amp;quot;}\\&quot; &gt;&quot;,&quot;after_widget&quot;:&quot;&lt;\\\/div&gt;&quot;,&quot;before_title&quot;:&quot;&lt;h3 class=\\&quot;widget-title\\&quot;&gt;&quot;,&quot;after_title&quot;:&quot;&lt;\\\/h3&gt;&quot;,&quot;widget_id&quot;:&quot;widget-0-0-0&quot;}}\" \/>[\/siteorigin_widget]<\/div>\n<div id=\"panel-165-0-0-1\" class=\"so-panel widget widget_black-studio-tinymce widget_black_studio_tinymce panel-last-child\" data-index=\"1\" data-style=\"{&quot;background_image_attachment&quot;:false,&quot;background_display&quot;:&quot;tile&quot;}\" >\n<div class=\"textwidget\">\n<h1>Liczby m\u00f3wi\u0105 same za siebie - z ponad milionem u\u017cytkownik\u00f3w na ca\u0142ym \u015bwiecie, Microsoft Dynamics NAV jest jednym z wiod\u0105cych system\u00f3w ERP<\/h1>\n<p>Dzi\u0119ki Dynamics NAV, Microsoft oferuje kompleksowe rozwi\u0105zanie w szczeg\u00f3lno\u015bci dla ma\u0142ych i \u015brednich firm. Niezale\u017cnie od tego, czy Tw\u00f3j obecny system jest ju\u017c przestarza\u0142y, osi\u0105gn\u0105\u0142e\u015b granice mo\u017cliwo\u015bci obecnego systemu, czy po prostu szukasz nowoczesnego systemu ERP:<br \/> Microsoft Dynamics NAV powinien by\u0107 integraln\u0105 cz\u0119\u015bci\u0105 Twojej kr\u00f3tkiej listy. Jego powszechno\u015b\u0107 na rynku, elastyczno\u015b\u0107, mo\u017cliwo\u015bci integracji i struktura partnerska m\u00f3wi\u0105 same za siebie.<\/p>\n<h2>\u00a0Do rzeczy<\/h2>\n<p>Daj swoim pracownikom nowe narz\u0119dzia, kt\u00f3re sprawi\u0105, \u017ce Twoja firma odniesie wi\u0119kszy sukces. Ju\u017c teraz zdecyduj si\u0119 na innowacyjne, elastyczne rozwi\u0105zanie biznesowe Microsoft Dynamics\u00ae NAV, rozwi\u0105zanie ERP dla ma\u0142ych i \u015brednich przedsi\u0119biorstw.<\/p>\n<p>Microsoft Dynamics NAV posiada innowacyjn\u0105 koncepcj\u0119 dzia\u0142ania i zapewnia kompleksow\u0105 kontrol\u0119 nad wszystkimi aspektami dzia\u0142alno\u015bci biznesowej - na przyk\u0142ad zarz\u0105dzaniem finansami, zakupami, sprzeda\u017c\u0105, magazynowaniem i logistyk\u0105, a tak\u017ce zarz\u0105dzaniem produkcj\u0105 i us\u0142ugami. Prosta obs\u0142uga oraz mo\u017cliwo\u015b\u0107 integracji z istniej\u0105cymi systemami i nowoczesnymi technologiami znacznie u\u0142atwiaj\u0105 wdro\u017cenie.<\/p>\n<p>Istniej\u0105 r\u00f3wnie\u017c wszystkie opcje wdra\u017cania, tj. spos\u00f3b dostarczania oprogramowania: Na w\u0142asnych serwerach, hostowane w centrum danych lub w chmurze: pozw\u00f3l nam doradzi\u0107 Ci w zakresie zalet poszczeg\u00f3lnych scenariuszy aplikacji i znale\u017a\u0107 rozwi\u0105zanie, kt\u00f3re najbardziej Ci odpowiada.<\/p>\n<\/div>\n<\/div>\n<\/div>\n<\/div>\n<div id=\"pg-165-1\"  class=\"panel-grid panel-no-style\"  data-style=\"{&quot;background_display&quot;:&quot;tile&quot;}\" >\n<div id=\"pgc-165-1-0\"  class=\"panel-grid-cell\"  data-weight=\"1\" >\n<div id=\"panel-165-1-0-0\" class=\"so-panel widget widget_spacious_featured_single_page_widget widget_featured_single_post panel-first-child panel-last-child\" data-index=\"2\" data-style=\"{&quot;background_image_attachment&quot;:false,&quot;background_display&quot;:&quot;tile&quot;}\" >[siteorigin_widget class=\"spacious_featured_single_page_widget\"]<input type=\"hidden\" value=\"{&quot;instance&quot;:{&quot;title&quot;:&quot;&quot;,&quot;page_id&quot;:664,&quot;image_position&quot;:&quot;below&quot;,&quot;disable_feature_image&quot;:0},&quot;args&quot;:{&quot;before_widget&quot;:&quot;&lt;div id=\\&quot;panel-165-1-0-0\\&quot; class=\\&quot;so-panel widget widget_spacious_featured_single_page_widget widget_featured_single_post panel-first-child panel-last-child\\&quot; data-index=\\&quot;2\\&quot; data-style=\\&quot;{&amp;quot;background_image_attachment&amp;quot;:false,&amp;quot;background_display&amp;quot;:&amp;quot;tile&amp;quot;}\\&quot; &gt;&quot;,&quot;after_widget&quot;:&quot;&lt;\\\/div&gt;&quot;,&quot;before_title&quot;:&quot;&lt;h3 class=\\&quot;widget-title\\&quot;&gt;&quot;,&quot;after_title&quot;:&quot;&lt;\\\/h3&gt;&quot;,&quot;widget_id&quot;:&quot;widget-1-0-0&quot;}}\" \/>[\/siteorigin_widget]<\/div>\n<\/div>\n<\/div>\n<div id=\"pg-165-2\"  class=\"panel-grid panel-no-style\" >\n<div id=\"pgc-165-2-0\"  class=\"panel-grid-cell\"  data-weight=\"1\" >\n<div id=\"panel-165-2-0-0\" class=\"so-panel widget widget_black-studio-tinymce widget_black_studio_tinymce panel-first-child panel-last-child\" data-index=\"3\" data-style=\"{&quot;background_image_attachment&quot;:false,&quot;background_display&quot;:&quot;tile&quot;}\" >\n<h3 class=\"widget-title\">Modu\u0142y standardowe<\/h3>\n<div class=\"textwidget\">Microsoft Dynamics NAV ju\u017c w standardzie oferuje szerok\u0105 funkcjonalno\u015b\u0107 dla Twojej firmy:<\/p>\n<ul>\n<li><a title=\"Zarz\u0105dzanie finansami i controlling\" href=\"http:\/\/navision-beratung.de\/pl\/microsoft-dynamics-nav\/microsoft-dynamics-nav-module\/finanzmanagement-controlling\/\"><span class=\"panel3-list-heading\" data-equal-height=\"row1-heading1\">Zarz\u0105dzanie finansami i ksi\u0119gowo\u015b\u0107<\/span><\/a><\/li>\n<li><a title=\"Zarz\u0105dzanie finansami i controlling\" href=\"http:\/\/navision-beratung.de\/pl\/microsoft-dynamics-nav\/microsoft-dynamics-nav-module\/dynamics-nav-2018-business-intelligence-power-bi\/\"><span class=\"panel3-list-heading\" data-equal-height=\"row1-heading1\"><span class=\"item-title\">Business Intelligence i Power BI<\/span><\/span><\/a><\/li>\n<li><a title=\"Sprzeda\u017c, marketing i zarz\u0105dzanie us\u0142ugami\" href=\"http:\/\/navision-beratung.de\/pl\/microsoft-dynamics-nav\/microsoft-dynamics-nav-module\/verkauf-marketing-servicemanagement-funktionen\/\">Sprzeda\u017c, marketing i zarz\u0105dzanie us\u0142ugami<\/a><\/li>\n<li><a title=\"Zarz\u0105dzanie \u0142a\u0144cuchem dostaw i magazynem\" href=\"http:\/\/navision-beratung.de\/pl\/microsoft-dynamics-nav\/microsoft-dynamics-nav-module\/supply-chain-management-und-lagerverwaltung\/\">Zarz\u0105dzanie \u0142a\u0144cuchem dostaw i magazynem<\/a><\/li>\n<li><a title=\"Planowanie i kontrola produkcji\" href=\"http:\/\/navision-beratung.de\/pl\/microsoft-dynamics-nav\/microsoft-dynamics-nav-module\/fertigungsplanung-und-steuerung\/\">Planowanie i kontrola produkcji<\/a><\/li>\n<li><a title=\"Zarz\u0105dzanie projektami\" href=\"http:\/\/navision-beratung.de\/pl\/microsoft-dynamics-nav\/microsoft-dynamics-nav-module\/projektmanagement\/\">Zarz\u0105dzanie projektami<\/a><\/li>\n<li title=\"Dodatki\"><a title=\"Zasoby ludzkie\" href=\"http:\/\/navision-beratung.de\/pl\/microsoft-dynamics-nav\/microsoft-dynamics-nav-module\/personalwesen\/\">Zasoby ludzkie<\/a><\/li>\n<\/ul>\n<\/div>\n<\/div>\n<\/div>\n<\/div>\n<\/div>","protected":false},"excerpt":{"rendered":"<p>Entdecken Sie Microsoft Dynamics ERP<\/p>\n<p>Steigern Sie die Unternehmensleistung, messen Sie die finanzielle Effektivit\u00e4t und treffen Sie fundierte Unternehmensentscheidungen, die sich sofort auf Ihren Umsatz und Ihren Gewinn auswirken. <\/p>","protected":false},"author":1,"featured_media":172,"parent":10710,"menu_order":0,"comment_status":"closed","ping_status":"open","template":"","meta":{"_seopress_robots_primary_cat":"","_seopress_titles_title":"Microsoft Dynamics NAV: F\u00fchrendes ERP f\u00fcr KMU","_seopress_titles_desc":"Entdecken Sie Microsoft Dynamics NAV, das innovative ERP-System f\u00fcr KMU mit flexibler Integration und umfassender Kontrolle \u00fcber Ihr Unternehmen.","_seopress_robots_index":"","footnotes":""},"categories":[],"tags":[],"class_list":["post-165","page","type-page","status-publish","has-post-thumbnail","hentry"],"_links":{"self":[{"href":"https:\/\/navision-beratung.de\/pl\/wp-json\/wp\/v2\/pages\/165","targetHints":{"allow":["GET"]}}],"collection":[{"href":"https:\/\/navision-beratung.de\/pl\/wp-json\/wp\/v2\/pages"}],"about":[{"href":"https:\/\/navision-beratung.de\/pl\/wp-json\/wp\/v2\/types\/page"}],"author":[{"embeddable":true,"href":"https:\/\/navision-beratung.de\/pl\/wp-json\/wp\/v2\/users\/1"}],"replies":[{"embeddable":true,"href":"https:\/\/navision-beratung.de\/pl\/wp-json\/wp\/v2\/comments?post=165"}],"version-history":[{"count":0,"href":"https:\/\/navision-beratung.de\/pl\/wp-json\/wp\/v2\/pages\/165\/revisions"}],"up":[{"embeddable":true,"href":"https:\/\/navision-beratung.de\/pl\/wp-json\/wp\/v2\/pages\/10710"}],"wp:featuredmedia":[{"embeddable":true,"href":"https:\/\/navision-beratung.de\/pl\/wp-json\/wp\/v2\/media\/172"}],"wp:attachment":[{"href":"https:\/\/navision-beratung.de\/pl\/wp-json\/wp\/v2\/media?parent=165"}],"wp:term":[{"taxonomy":"category","embeddable":true,"href":"https:\/\/navision-beratung.de\/pl\/wp-json\/wp\/v2\/categories?post=165"},{"taxonomy":"post_tag","embeddable":true,"href":"https:\/\/navision-beratung.de\/pl\/wp-json\/wp\/v2\/tags?post=165"}],"curies":[{"name":"wp","href":"https:\/\/api.w.org\/{rel}","templated":true}]}}