{"id":12651,"date":"2025-06-02T11:09:02","date_gmt":"2025-06-02T09:09:02","guid":{"rendered":"https:\/\/navision-beratung.de\/?page_id=12651"},"modified":"2025-06-02T13:27:35","modified_gmt":"2025-06-02T11:27:35","slug":"kontaktanfrage_bestaetigt","status":"publish","type":"page","link":"https:\/\/navision-beratung.de\/pl\/ueberpruefen\/kontaktanfrage_bestaetigt\/","title":{"rendered":"Dzi\u0119kujemy - Kontakt"},"content":{"rendered":"<div data-elementor-type=\"wp-page\" data-elementor-id=\"12651\" class=\"elementor elementor-12651\" data-elementor-post-type=\"page\">\n\t\t\t\t<div class=\"elementor-element elementor-element-2821b07f e-flex e-con-boxed e-con e-parent\" data-id=\"2821b07f\" data-element_type=\"container\">\n\t\t\t\t\t<div class=\"e-con-inner\">\n\t\t\t\t<div class=\"elementor-element elementor-element-70e75128 elementor-widget elementor-widget-text-editor\" data-id=\"70e75128\" data-element_type=\"widget\" data-widget_type=\"text-editor.default\">\n\t\t\t\t\t\t\t\t\t<h3 data-start=\"106\" data-end=\"139\">Dzi\u0119kujemy za zapytanie!<\/h3><p data-start=\"141\" data-end=\"238\">Otrzymali\u015bmy Twoj\u0105 wiadomo\u015b\u0107 i zazwyczaj skontaktujemy si\u0119 z Tob\u0105 w ci\u0105gu 24 godzin.<\/p><p data-start=\"240\" data-end=\"269\"><strong data-start=\"240\" data-end=\"269\">Co mo\u017cesz zrobi\u0107 teraz:<\/strong><\/p><ul data-start=\"270\" data-end=\"417\"><li data-start=\"270\" data-end=\"340\"><p data-start=\"272\" data-end=\"340\">Miej oko na swoj\u0105 skrzynk\u0119 e-mail (w tym folder spamu, je\u015bli to konieczne).<\/p><\/li><li data-start=\"341\" data-end=\"417\"><p data-start=\"343\" data-end=\"417\">Przygotuj wszelkie istotne dokumenty lub pytania na rozmow\u0119 kwalifikacyjn\u0105.<\/p><\/li><\/ul><p data-start=\"419\" data-end=\"489\"><strong data-start=\"419\" data-end=\"465\">Nie mo\u017cemy si\u0119 doczeka\u0107, aby Ci\u0119 pozna\u0107.<\/strong><\/p>\t\t\t\t\t\t\t\t<\/div>\n\t\t\t\t\t<\/div>\n\t\t\t\t<\/div>\n\t\t\t\t<\/div>","protected":false},"excerpt":{"rendered":"<p>Vielen Dank f\u00fcr Ihre Anfrage! Wir haben Ihre Nachricht erhalten und melden uns in der Regel innerhalb von 24 Stunden bei Ihnen. Was Sie jetzt tun k\u00f6nnen: Halten Sie Ihr E-Mail-Postfach im Blick (ggf. auch den Spam-Ordner). Bereiten Sie ggf. relevante Unterlagen oder Fragen f\u00fcr unser Gespr\u00e4ch vor. Wir freuen uns darauf, Sie kennenzulernen.<\/p>","protected":false},"author":1,"featured_media":0,"parent":10710,"menu_order":0,"comment_status":"closed","ping_status":"open","template":"","meta":{"_seopress_robots_primary_cat":"","_seopress_titles_title":"Ihre Anfrage ist eingegangen \u2013 Wir melden uns bald!","_seopress_titles_desc":"Nach Ihrer Anfrage: Schnelle R\u00fcckmeldung in 24 Std., E-Mail-Postfach pr\u00fcfen, relevante Unterlagen vorbereiten. Wir freuen uns, Sie kennenzulernen!","_seopress_robots_index":"","footnotes":""},"categories":[],"tags":[],"class_list":["post-12651","page","type-page","status-publish","hentry"],"_links":{"self":[{"href":"https:\/\/navision-beratung.de\/pl\/wp-json\/wp\/v2\/pages\/12651","targetHints":{"allow":["GET"]}}],"collection":[{"href":"https:\/\/navision-beratung.de\/pl\/wp-json\/wp\/v2\/pages"}],"about":[{"href":"https:\/\/navision-beratung.de\/pl\/wp-json\/wp\/v2\/types\/page"}],"author":[{"embeddable":true,"href":"https:\/\/navision-beratung.de\/pl\/wp-json\/wp\/v2\/users\/1"}],"replies":[{"embeddable":true,"href":"https:\/\/navision-beratung.de\/pl\/wp-json\/wp\/v2\/comments?post=12651"}],"version-history":[{"count":0,"href":"https:\/\/navision-beratung.de\/pl\/wp-json\/wp\/v2\/pages\/12651\/revisions"}],"up":[{"embeddable":true,"href":"https:\/\/navision-beratung.de\/pl\/wp-json\/wp\/v2\/pages\/10710"}],"wp:attachment":[{"href":"https:\/\/navision-beratung.de\/pl\/wp-json\/wp\/v2\/media?parent=12651"}],"wp:term":[{"taxonomy":"category","embeddable":true,"href":"https:\/\/navision-beratung.de\/pl\/wp-json\/wp\/v2\/categories?post=12651"},{"taxonomy":"post_tag","embeddable":true,"href":"https:\/\/navision-beratung.de\/pl\/wp-json\/wp\/v2\/tags?post=12651"}],"curies":[{"name":"wp","href":"https:\/\/api.w.org\/{rel}","templated":true}]}}