{"id":12521,"date":"2025-05-27T10:02:23","date_gmt":"2025-05-27T08:02:23","guid":{"rendered":"https:\/\/dynamicsberatung2025.live-website.com\/?page_id=12521"},"modified":"2025-05-27T10:03:14","modified_gmt":"2025-05-27T08:03:14","slug":"referenzprojekt-logistik-psp-pack-gmbh","status":"publish","type":"page","link":"https:\/\/navision-beratung.de\/pl\/referenzen\/referenzprojekt-logistik-psp-pack-gmbh\/","title":{"rendered":"Projekt referencyjny: Logistyka - PSP Pack GmbH"},"content":{"rendered":"<p>Dzi\u015b prezentujemy udany projekt naszego wieloletniego klienta PSP Pack GmbH, do\u015bwiadczonego dostawcy us\u0142ug logistycznych, kt\u00f3rego wspieramy od 2009 roku.<\/p>\n\n\n\n<p>PSP Pack GmbH specjalizuje si\u0119 w procesach logistycznych i spedycyjnych i korzysta z systemu ERP Microsoft Dynamics 365 Business Central.<\/p>\n\n\n\n<p>Obecny projekt referencyjny obejmowa\u0142 optymalizacj\u0119 i zarz\u0105dzanie z\u0142o\u017conymi procesami logistycznymi dla klienta (magazynowego), kt\u00f3ry zleci\u0142 PSP du\u017c\u0105 cz\u0119\u015b\u0107 swoich us\u0142ug logistycznych w zakresie magazynowania i wysy\u0142ki.<\/p>\n\n\n\n<h3 class=\"wp-block-heading\" id=\"Ziele-der-Zusammenarbeit\">Cele wsp\u00f3\u0142pracy<\/h3>\n\n\n\n<ul class=\"wp-block-list\">\n<li>Redukcja niezb\u0119dnych interfejs\u00f3w i system\u00f3w<\/li>\n\n\n\n<li>Standaryzacja i uproszczenie proces\u00f3w logistycznych<\/li>\n\n\n\n<li>Kompletne informacje o zapasach, planowanie i ocena centralnie kontrolowane dla biznesu B2B i B2C.<\/li>\n\n\n\n<li>Wi\u0119ksza elastyczno\u015b\u0107 dzi\u0119ki outsourcingowi i partnerstwu regionalnemu<\/li>\n<\/ul>\n\n\n\n<h3 class=\"wp-block-heading\" id=\"Projektumsetzung\">Realizacja projektu<\/h3>\n\n\n\n<p>Wsp\u00f3lnie z bartolome r\u00f6der AG, PSP Pack GmbH opracowa\u0142a w pe\u0142ni zintegrowane rozwi\u0105zanie logistyczne w ci\u0105gu zaledwie dw\u00f3ch miesi\u0119cy:<\/p>\n\n\n\n<h4 class=\"wp-block-heading\" id=\"Generische-Auftragsschnittstelle\">Og\u00f3lny interfejs zam\u00f3wie\u0144<\/h4>\n\n\n\n<p>Po pierwsze, opracowano og\u00f3lny interfejs zam\u00f3wie\u0144, kt\u00f3ry mo\u017ce by\u0107 u\u017cywany uniwersalnie dla przysz\u0142ych klient\u00f3w (magazynowych). Interfejs umo\u017cliwia obecnie wymian\u0119 plik\u00f3w CSV za po\u015brednictwem serwera FTP, ale jest ju\u017c przygotowany do przysz\u0142ych po\u0142\u0105cze\u0144 z us\u0142ugami internetowymi.<\/p>\n\n\n\n<h4 class=\"wp-block-heading\" id=\"Individuelles-Verwaltungscockpit\">Dostosowany kokpit zarz\u0105dzania<\/h4>\n\n\n\n<p>Oddzielny kokpit administracyjny zosta\u0142 opracowany w celu zapewnienia wydajnej kontroli, kt\u00f3ra wyra\u017anie wy\u015bwietla przychodz\u0105ce zam\u00f3wienia i umo\u017cliwia ich edycj\u0119.<\/p>\n\n\n\n<figure class=\"wp-block-image size-large\"><a href=\"https:\/\/dynamicsberatung2025.live-website.com\/wp-content\/uploads\/2025\/05\/PSP-Ext-Logistik-Auftragseingang-Header-20250507-094711.png\"><img alt=\"\" decoding=\"async\" src=\"https:\/\/dynamicsberatung2025.live-website.com\/wp-content\/uploads\/2025\/05\/PSP-Ext-Logistik-Auftragseingang-Header-20250507-094711-1024x553.png\" class=\"wp-image-8949\"\/><\/a><figcaption class=\"wp-element-caption\">\"Cockpit\" do przetwarzania zewn\u0119trznych zlece\u0144 logistycznych importowanych przez interfejs<br><\/figcaption><\/figure>\n\n\n\n<h4 class=\"wp-block-heading\" id=\"Android-App-f\u00fcr-mobile-Kommissionierung\">Aplikacja Android do mobilnej kompletacji zam\u00f3wie\u0144<\/h4>\n\n\n\n<p>W ci\u0105gu trzech tygodni opracowano r\u00f3wnie\u017c aplikacj\u0119 na Androida dla wysokowydajnych skaner\u00f3w, kt\u00f3ra mo\u017ce by\u0107 u\u017cywana do skanowania miejsc przechowywania i przedmiot\u00f3w w ruchu.<\/p>\n\n\n\n<h4 class=\"wp-block-heading\" id=\"Barcode-gesteuerte-Prozessoptimierung\">Optymalizacja procesu sterowana kodem kreskowym<\/h4>\n\n\n\n<p>Kompletacja odbywa si\u0119 bezpo\u015brednio do wyznaczonych pojemnik\u00f3w lub opakowa\u0144 (skrzynek kompletacyjnych), z kt\u00f3rych wszystkie maj\u0105 unikalny kod kreskowy. Pracownicy skanuj\u0105 lokalizacje magazynowe, artyku\u0142y i odpowiednie pojemniki docelowe, co minimalizuje b\u0142\u0119dy i maksymalizuje wydajno\u015b\u0107.<\/p>\n\n\n\n<h4 class=\"wp-block-heading\" id=\"Automatisierte-Versandabwicklung\">Zautomatyzowane przetwarzanie wysy\u0142ek<\/h4>\n\n\n\n<p>Przetwarzanie wysy\u0142ki jest zautomatyzowane za po\u015brednictwem po\u0142\u0105czonych dostawc\u00f3w us\u0142ug wysy\u0142kowych, takich jak DHL i DPD (w zale\u017cno\u015bci od rodzaju zam\u00f3wienia B2C lub B2B). Etykiety wysy\u0142kowe s\u0105 generowane i drukowane automatycznie. Ponadto przy wydawaniu towar\u00f3w przeprowadzana jest ostateczna kontrola towar\u00f3w za pomoc\u0105 skanowania kod\u00f3w kreskowych, aby upewni\u0107 si\u0119, \u017ce ka\u017cda przesy\u0142ka jest kompletna.<\/p>\n\n\n\n<h3 class=\"wp-block-heading\" id=\"Highlights-der-L\u00f6sung-im-\u00dcberblick\">Najwa\u017cniejsze cechy rozwi\u0105zania w skr\u00f3cie<\/h3>\n\n\n\n<ul class=\"wp-block-list\">\n<li><strong>Inteligentna sugestia dotycz\u0105ca kartonu<\/strong>System ERP automatycznie sugeruje optymalny karton w oparciu o obj\u0119to\u015b\u0107 i wymiary zam\u00f3wionych towar\u00f3w.<\/li>\n\n\n\n<li><strong>R\u00f3wnoleg\u0142e przetwarzanie kilku klient\u00f3w<\/strong>Zam\u00f3wienia od kilku klient\u00f3w (magazynowych) mog\u0105 by\u0107 przetwarzane jednocze\u015bnie w tym samym magazynie, co umo\u017cliwia optymalne wykorzystanie zasob\u00f3w magazynowych.<\/li>\n\n\n\n<li><strong>Automatyczne bariery lokalizacji przechowywania<\/strong>Aby unikn\u0105\u0107 b\u0142\u0119d\u00f3w i podw\u00f3jnych rezerwacji, lokalizacje magazynowe s\u0105 automatycznie blokowane, gdy tylko klient (magazynowy) je zarejestruje.<\/li>\n\n\n\n<li><strong>Kompletacja zam\u00f3wie\u0144 FEFO<\/strong>Towary s\u0105 usuwane zgodnie z zasad\u0105 \"First Expired First Out\", tak wi\u0119c produkty o kr\u00f3tszym okresie przydatno\u015bci do spo\u017cycia (lub kt\u00f3re by\u0142y ju\u017c przechowywane przez d\u0142u\u017cszy czas) s\u0105 traktowane priorytetowo.<\/li>\n\n\n\n<li><strong>R\u00f3\u017cna kontrola procesu dla B2B i B2C<\/strong>Specyficzne procesy logistyczne i metody kompletacji zosta\u0142y dostosowane do potrzeb klient\u00f3w biznesowych (B2B) i klient\u00f3w ko\u0144cowych (B2C).<\/li>\n\n\n\n<li><strong>Aplikacja Android do mobilnej kompletacji zam\u00f3wie\u0144<\/strong>Specjalnie opracowana aplikacja zapewnia szybkie, mobilne i bezb\u0142\u0119dne przetwarzanie proces\u00f3w kompletacji bezpo\u015brednio w magazynie.<\/li>\n\n\n\n<li><strong>Skan kontrolny przy wydawaniu towar\u00f3w<\/strong>Przed wysy\u0142k\u0105 przeprowadzane jest ko\u0144cowe skanowanie w celu sprawdzenia kompletno\u015bci ka\u017cdego zam\u00f3wienia.<\/li>\n\n\n\n<li><strong>Automatyczna informacja zwrotna wraz ze \u015bledzeniem<\/strong>(Magazyn) klienci automatycznie otrzymuj\u0105 informacje zwrotne na temat statusu kompletacji i wysy\u0142ki (numery \u015bledzenia), co zwi\u0119ksza przejrzysto\u015b\u0107 i zadowolenie klient\u00f3w.<\/li>\n<\/ul>\n\n\n\n<h3 class=\"wp-block-heading\" id=\"Android-App-f\u00fcr-optimierte-Kommissionierung\">Aplikacja Android do zoptymalizowanej kompletacji zam\u00f3wie\u0144<\/h3>\n\n\n\n<p>Specjalnie opracowana aplikacja Android dla wydajnych skaner\u00f3w (<a href=\"https:\/\/www.keyence.de\/products\/mobile-computers\/handheld-computers\/bt-a700\/\">Keyence model BT-A700<\/a>) oferuje kompletacj\u0119 w czasie rzeczywistym bezpo\u015brednio w magazynie. Ka\u017cde miejsce przechowywania i przedmiot s\u0105 wyra\u017anie oznaczone kodem kreskowym.<\/p>\n\n\n\n<p>Proces korzystania z aplikacji jest prosty i przejrzysty:<\/p>\n\n\n\n<ul class=\"wp-block-list\">\n<li>Pracownik magazynu najpierw skanuje kod kreskowy ID zbiorczej listy kompletacyjnej.<\/li>\n\n\n\n<li>Aplikacja wy\u015bwietla wszystkie przedmioty do wybrania i pod\u015bwietla na zielono przedmioty, kt\u00f3re zosta\u0142y ju\u017c wybrane.<\/li>\n\n\n\n<li>Nast\u0119pnie pracownicy skanuj\u0105 lokalizacj\u0119 magazynu, pozycj\u0119 i identyfikator skrzynki kompletacyjnej, aby zapewni\u0107 kompletne i prawid\u0142owe przypisanie.<\/li>\n\n\n\n<li>Pozycje artyku\u0142\u00f3w s\u0105 ostatecznie rejestrowane i potwierdzane dopiero po pomy\u015blnym sprawdzeniu przez Business Central.<\/li>\n<\/ul>\n\n\n\n<p>Z technicznego punktu widzenia, aplikacja jest oparta na nowoczesnej technologii Blazor Hybrid firmy <a href=\"https:\/\/dotnet.microsoft.com\/en-us\/apps\/maui\">Microsoft .NET MAUI <\/a>Ta podstawa technologiczna oznacza, \u017ce aplikacja mo\u017ce by\u0107 skutecznie wdra\u017cana dla r\u00f3\u017cnych system\u00f3w operacyjnych, takich jak Android (dla PSP), iOS, macOS lub Windows, przy u\u017cyciu niemal identycznej bazy kodu. Aplikacja komunikuje si\u0119 z Business Central za po\u015brednictwem specjalnie opracowanych us\u0142ug internetowych REST, do kt\u00f3rych mo\u017cna uzyska\u0107 bezpieczny dost\u0119p za po\u015brednictwem sieci Wi-Fi klienta.<\/p>\n\n\n\n<figure class=\"wp-block-image size-large is-resized\"><a href=\"https:\/\/dynamicsberatung2025.live-website.com\/wp-content\/uploads\/2025\/05\/PSP-Android-App-3.png\"><img alt=\"\" decoding=\"async\" src=\"https:\/\/dynamicsberatung2025.live-website.com\/wp-content\/uploads\/2025\/05\/PSP-Android-App-3-460x1024.png\" class=\"wp-image-8950\" style=\"width:332px;height:auto\"\/><\/a><figcaption class=\"wp-element-caption\">Aplikacja Android do mobilnej kompletacji zam\u00f3wie\u0144<\/figcaption><\/figure>\n\n\n\n<h3 class=\"wp-block-heading\" id=\"Herausforderungen-und-L\u00f6sungen\">Wyzwania i rozwi\u0105zania<\/h3>\n\n\n\n<p>Uruchomienie przebieg\u0142o niemal bezproblemowo. Jedynie dopracowanie synchronizacji (transfer danych przez FTP) wymaga\u0142o kr\u00f3tkiej fazy zapoznawczej.<\/p>\n\n\n\n<h3 class=\"wp-block-heading\" id=\"Kundenmeinung-zur-Projektumsetzung\">Opinia klienta na temat realizacji projektu<\/h3>\n\n\n\n<p><em>\"Do\u015bwiadczenie BR AG r\u00f3wnie\u017c okaza\u0142o si\u0119 decyduj\u0105c\u0105 zalet\u0105 w tym projekcie. Z\u0142o\u017cony projekt zosta\u0142 zrealizowany ku naszemu pe\u0142nemu zadowoleniu w mo\u017cliwie najkr\u00f3tszym czasie. Postawione przez nas wymagania zosta\u0142y spe\u0142nione szybko i niezawodnie. Decyduj\u0105cym czynnikiem jest tutaj fakt, \u017ce jeste\u015bmy wspierani przez tego samego dewelopera od 2009 roku. My, PSP Pack GmbH, mo\u017cemy z czystym sumieniem poleci\u0107 BR AG.\"<\/em><br>- <strong>Michael Schmidt, <\/strong>PSP Pack GmbH, kierownik operacyjny<\/p>\n\n\n\n<p>Czy chcia\u0142by\u015b zoptymalizowa\u0107 swoje procesy logistyczne za pomoc\u0105 Dynamics 365 Business Central lub szukasz niezawodnego partnera do outsourcingu logistyki? Skontaktuj si\u0119 z nami pod numerem 089 - 21 111 848 lub e-mailem pod adresem <a href=\"mailto:vertrieb@br-ag.com\">vertrieb@br-ag.com<\/a> - Z przyjemno\u015bci\u0105 doradzimy!<\/p>","protected":false},"excerpt":{"rendered":"<p>Dzi\u015b prezentujemy udany projekt naszego wieloletniego klienta PSP Pack GmbH, do\u015bwiadczonego dostawcy us\u0142ug logistycznych, kt\u00f3rego wspieramy od 2009 roku. PSP Pack GmbH specjalizuje si\u0119 w procesach logistycznych i spedycyjnych i korzysta z systemu ERP Microsoft Dynamics 365 Business Central. Obecny projekt referencyjny obejmowa\u0142 optymalizacj\u0119 i kontrol\u0119 z\u0142o\u017conych proces\u00f3w logistycznych dla [...]<\/p>","protected":false},"author":1,"featured_media":11454,"parent":8787,"menu_order":0,"comment_status":"closed","ping_status":"closed","template":"","meta":{"_seopress_robots_primary_cat":"","_seopress_titles_title":"Erfolgreiches Logistikprojekt mit PSP Pack GmbH","_seopress_titles_desc":"Entdecken Sie, wie PSP Pack GmbH Logistikprozesse f\u00fcr Lagerkunden mit Microsoft Dynamics 365 Business Central effizient optimiert und steuert.","_seopress_robots_index":"","footnotes":""},"categories":[52],"tags":[],"class_list":["post-12521","page","type-page","status-publish","has-post-thumbnail","hentry","category-referenzen"],"_links":{"self":[{"href":"https:\/\/navision-beratung.de\/pl\/wp-json\/wp\/v2\/pages\/12521","targetHints":{"allow":["GET"]}}],"collection":[{"href":"https:\/\/navision-beratung.de\/pl\/wp-json\/wp\/v2\/pages"}],"about":[{"href":"https:\/\/navision-beratung.de\/pl\/wp-json\/wp\/v2\/types\/page"}],"author":[{"embeddable":true,"href":"https:\/\/navision-beratung.de\/pl\/wp-json\/wp\/v2\/users\/1"}],"replies":[{"embeddable":true,"href":"https:\/\/navision-beratung.de\/pl\/wp-json\/wp\/v2\/comments?post=12521"}],"version-history":[{"count":0,"href":"https:\/\/navision-beratung.de\/pl\/wp-json\/wp\/v2\/pages\/12521\/revisions"}],"up":[{"embeddable":true,"href":"https:\/\/navision-beratung.de\/pl\/wp-json\/wp\/v2\/pages\/8787"}],"wp:featuredmedia":[{"embeddable":true,"href":"https:\/\/navision-beratung.de\/pl\/wp-json\/wp\/v2\/media\/11454"}],"wp:attachment":[{"href":"https:\/\/navision-beratung.de\/pl\/wp-json\/wp\/v2\/media?parent=12521"}],"wp:term":[{"taxonomy":"category","embeddable":true,"href":"https:\/\/navision-beratung.de\/pl\/wp-json\/wp\/v2\/categories?post=12521"},{"taxonomy":"post_tag","embeddable":true,"href":"https:\/\/navision-beratung.de\/pl\/wp-json\/wp\/v2\/tags?post=12521"}],"curies":[{"name":"wp","href":"https:\/\/api.w.org\/{rel}","templated":true}]}}