{"id":10940,"date":"2025-05-24T17:11:16","date_gmt":"2025-05-24T15:11:16","guid":{"rendered":"https:\/\/dynamicsberatung2025.live-website.com\/?page_id=10940"},"modified":"2025-07-08T09:34:50","modified_gmt":"2025-07-08T07:34:50","slug":"demo-anfordern","status":"publish","type":"page","link":"https:\/\/navision-beratung.de\/pl\/demo-anfordern\/","title":{"rendered":"Demo anfordern"},"content":{"rendered":"<div data-elementor-type=\"wp-page\" data-elementor-id=\"10940\" class=\"elementor elementor-10940\" data-elementor-post-type=\"page\">\n\t\t\t\t<div class=\"elementor-element elementor-element-a2ae880 e-flex e-con-boxed e-con e-parent\" data-id=\"a2ae880\" data-element_type=\"container\" data-settings=\"{&quot;background_background&quot;:&quot;gradient&quot;}\">\n\t\t\t\t\t<div class=\"e-con-inner\">\n\t\t\t\t<div class=\"elementor-element elementor-element-67c9314 elementor-widget__width-initial elementor-widget elementor-widget-heading\" data-id=\"67c9314\" data-element_type=\"widget\" data-widget_type=\"heading.default\">\n\t\t\t\t\t<h2 class=\"elementor-heading-title elementor-size-default\">Nowoczesne rozwi\u0105zanie ERP dla M\u015aP.<\/h2>\t\t\t\t<\/div>\n\t\t\t\t\t<\/div>\n\t\t\t\t<\/div>\n\t\t<div class=\"elementor-element elementor-element-da6c2af e-flex e-con-boxed e-con e-parent\" data-id=\"da6c2af\" data-element_type=\"container\" data-settings=\"{&quot;background_background&quot;:&quot;classic&quot;}\">\n\t\t\t\t\t<div class=\"e-con-inner\">\n\t\t<div class=\"elementor-element elementor-element-9a71fb0 e-con-full e-flex e-con e-child\" data-id=\"9a71fb0\" data-element_type=\"container\">\n\t\t<div class=\"elementor-element elementor-element-3627aee e-con-full e-flex e-con e-child\" data-id=\"3627aee\" data-element_type=\"container\">\n\t\t\t\t<div class=\"elementor-element elementor-element-98d7830 elementor-widget__width-initial elementor-widget elementor-widget-heading\" data-id=\"98d7830\" data-element_type=\"widget\" data-widget_type=\"heading.default\">\n\t\t\t\t\t<h2 class=\"elementor-heading-title elementor-size-default\">Dynamics 365 Business Central <\/h2>\t\t\t\t<\/div>\n\t\t\t\t<div class=\"elementor-element elementor-element-0e87b7c elementor-widget__width-initial elementor-widget elementor-widget-heading\" data-id=\"0e87b7c\" data-element_type=\"widget\" data-widget_type=\"heading.default\">\n\t\t\t\t\t<h1 class=\"elementor-heading-title elementor-size-default\">Test bez zobowi\u0105za\u0144?<\/h1>\t\t\t\t<\/div>\n\t\t\t\t<div class=\"elementor-element elementor-element-d0fe128 elementor-widget elementor-widget-text-editor\" data-id=\"d0fe128\" data-element_type=\"widget\" data-widget_type=\"text-editor.default\">\n\t\t\t\t\t\t\t\t\t<p>Zapewniamy osobist\u0105 wersj\u0119 demonstracyjn\u0105 w chmurze, kt\u00f3r\u0105 mo\u017cna testowa\u0107 przez 30 dni bez zobowi\u0105za\u0144. Je\u015bli wolisz, mo\u017cesz r\u00f3wnie\u017c zainstalowa\u0107 Microsoft Dynamics 365 Business Central (wcze\u015bniej Dynamics NAV lub Navision) na w\u0142asnym sprz\u0119cie.<\/p>\t\t\t\t\t\t\t\t<\/div>\n\t\t\t\t<\/div>\n\t\t<div class=\"elementor-element elementor-element-5b0e43f e-con-full e-flex e-con e-child\" data-id=\"5b0e43f\" data-element_type=\"container\">\n\t\t\t\t<div class=\"elementor-element elementor-element-fc18603 elementor-widget elementor-widget-image\" data-id=\"fc18603\" data-element_type=\"widget\" data-widget_type=\"image.default\">\n\t\t\t\t\t\t\t\t\t\t\t\t\t\t\t<img fetchpriority=\"high\" decoding=\"async\" width=\"800\" height=\"533\" src=\"https:\/\/navision-beratung.de\/wp-content\/uploads\/2025\/07\/373_bartolomeroederag_m_15_29052025-1024x682.jpg\" class=\"attachment-large size-large wp-image-13057\" alt=\"www.photogenika.de\" srcset=\"https:\/\/navision-beratung.de\/wp-content\/uploads\/2025\/07\/373_bartolomeroederag_m_15_29052025-1024x682.jpg 1024w, https:\/\/navision-beratung.de\/wp-content\/uploads\/2025\/07\/373_bartolomeroederag_m_15_29052025-300x200.jpg 300w, https:\/\/navision-beratung.de\/wp-content\/uploads\/2025\/07\/373_bartolomeroederag_m_15_29052025-768x512.jpg 768w, https:\/\/navision-beratung.de\/wp-content\/uploads\/2025\/07\/373_bartolomeroederag_m_15_29052025-1536x1023.jpg 1536w, https:\/\/navision-beratung.de\/wp-content\/uploads\/2025\/07\/373_bartolomeroederag_m_15_29052025-2048x1364.jpg 2048w\" sizes=\"(max-width: 800px) 100vw, 800px\" \/>\t\t\t\t\t\t\t\t\t\t\t\t\t\t\t<\/div>\n\t\t\t\t<\/div>\n\t\t\t\t<\/div>\n\t\t\t\t\t<\/div>\n\t\t\t\t<\/div>\n\t\t<div class=\"elementor-element elementor-element-77c2ce6 e-flex e-con-boxed e-con e-parent\" data-id=\"77c2ce6\" data-element_type=\"container\" data-settings=\"{&quot;background_background&quot;:&quot;classic&quot;}\">\n\t\t\t\t\t<div class=\"e-con-inner\">\n\t\t\t\t<div class=\"elementor-element elementor-element-a45181e elementor-widget__width-initial elementor-widget elementor-widget-text-editor\" data-id=\"a45181e\" data-element_type=\"widget\" data-widget_type=\"text-editor.default\">\n\t\t\t\t\t\t\t\t\t<p>Wystarczy, \u017ce prze\u015blesz nam sw\u00f3j s\u0142u\u017cbowy adres e-mail i nazw\u0119 firmy za pomoc\u0105 formularza kontaktowego.<\/p>\t\t\t\t\t\t\t\t<\/div>\n\t\t\t\t<div class=\"elementor-element elementor-element-41b9f04 elementor-button-align-start elementor-widget__width-initial elementor-widget elementor-widget-form\" data-id=\"41b9f04\" data-element_type=\"widget\" data-settings=\"{&quot;step_next_label&quot;:&quot;N\\u00e4chster&quot;,&quot;step_previous_label&quot;:&quot;Voriger&quot;,&quot;button_width&quot;:&quot;100&quot;,&quot;step_type&quot;:&quot;number_text&quot;,&quot;step_icon_shape&quot;:&quot;circle&quot;}\" data-widget_type=\"form.default\">\n\t\t\t\t\t\t\t<form class=\"elementor-form\" method=\"post\" name=\"Neues Formular\" aria-label=\"Nowy formularz\" action=\"\">\n\t\t\t<input type=\"hidden\" name=\"post_id\" value=\"10940\"\/>\n\t\t\t<input type=\"hidden\" name=\"form_id\" value=\"41b9f04\"\/>\n\t\t\t<input type=\"hidden\" name=\"referer_title\" value=\"\" \/>\n\n\t\t\t\n\t\t\t<div class=\"elementor-form-fields-wrapper elementor-labels-\">\n\t\t\t\t\t\t\t\t<div class=\"elementor-field-type-text elementor-field-group elementor-column elementor-field-group-name elementor-col-50 elementor-field-required\">\n\t\t\t\t\t\t\t\t\t\t\t\t<label for=\"form-field-name\" class=\"elementor-field-label elementor-screen-only\">\n\t\t\t\t\t\t\t\tNazwa\t\t\t\t\t\t\t<\/label>\n\t\t\t\t\t\t\t\t\t\t\t\t\t\t<input size=\"1\" type=\"text\" name=\"form_fields[name]\" id=\"form-field-name\" class=\"elementor-field elementor-size-sm  elementor-field-textual\" placeholder=\"Imi\u0119 i nazwisko *\" required=\"required\">\n\t\t\t\t\t\t\t\t\t\t\t<\/div>\n\t\t\t\t\t\t\t\t<div class=\"elementor-field-type-text elementor-field-group elementor-column elementor-field-group-field_bce7322 elementor-col-50 elementor-field-required\">\n\t\t\t\t\t\t\t\t\t\t\t\t<label for=\"form-field-field_bce7322\" class=\"elementor-field-label elementor-screen-only\">\n\t\t\t\t\t\t\t\tFirma\t\t\t\t\t\t\t<\/label>\n\t\t\t\t\t\t\t\t\t\t\t\t\t\t<input size=\"1\" type=\"text\" name=\"form_fields[field_bce7322]\" id=\"form-field-field_bce7322\" class=\"elementor-field elementor-size-sm  elementor-field-textual\" placeholder=\"Firma *\" required=\"required\">\n\t\t\t\t\t\t\t\t\t\t\t<\/div>\n\t\t\t\t\t\t\t\t<div class=\"elementor-field-type-text elementor-field-group elementor-column elementor-field-group-field_ffa8be1 elementor-col-50 elementor-field-required\">\n\t\t\t\t\t\t\t\t\t\t\t\t<label for=\"form-field-field_ffa8be1\" class=\"elementor-field-label elementor-screen-only\">\n\t\t\t\t\t\t\t\tTelefon\t\t\t\t\t\t\t<\/label>\n\t\t\t\t\t\t\t\t\t\t\t\t\t\t<input size=\"1\" type=\"text\" name=\"form_fields[field_ffa8be1]\" id=\"form-field-field_ffa8be1\" class=\"elementor-field elementor-size-sm  elementor-field-textual\" placeholder=\"Telefon *\" required=\"required\">\n\t\t\t\t\t\t\t\t\t\t\t<\/div>\n\t\t\t\t\t\t\t\t<div class=\"elementor-field-type-email elementor-field-group elementor-column elementor-field-group-email elementor-col-50 elementor-field-required\">\n\t\t\t\t\t\t\t\t\t\t\t\t<label for=\"form-field-email\" class=\"elementor-field-label elementor-screen-only\">\n\t\t\t\t\t\t\t\te-mail\t\t\t\t\t\t\t<\/label>\n\t\t\t\t\t\t\t\t\t\t\t\t\t\t<input size=\"1\" type=\"email\" name=\"form_fields[email]\" id=\"form-field-email\" class=\"elementor-field elementor-size-sm  elementor-field-textual\" placeholder=\"E-mail *\" required=\"required\">\n\t\t\t\t\t\t\t\t\t\t\t<\/div>\n\t\t\t\t\t\t\t\t<div class=\"elementor-field-type-acceptance elementor-field-group elementor-column elementor-field-group-field_1e56ecb elementor-col-100 elementor-field-required\">\n\t\t\t\t\t\t\t<div class=\"elementor-field-subgroup\">\n\t\t\t<span class=\"elementor-field-option\">\n\t\t\t\t<input type=\"checkbox\" name=\"form_fields[field_1e56ecb]\" id=\"form-field-field_1e56ecb\" class=\"elementor-field elementor-size-sm  elementor-acceptance-field\" required=\"required\">\n\t\t\t\t<label for=\"form-field-field_1e56ecb\">\n  Dane przesy\u0142ane do bartolome r\u00f6der AG wykorzystujemy wy\u0142\u0105cznie do kontaktu z u\u017cytkownikiem. Dalsze wykorzystanie do cel\u00f3w reklamowych lub innego przetwarzania jest wykluczone. Zapozna\u0142em si\u0119 z polityk\u0105 prywatno\u015bci i wyra\u017cam zgod\u0119 na przechowywanie i przetwarzanie moich danych w celu skontaktowania si\u0119 ze mn\u0105.<\/label>\t\t\t<\/span>\n\t\t<\/div>\n\t\t\t\t\t\t<\/div>\n\t\t\t\t\t\t\t\t<div class=\"elementor-field-type-recaptcha_v3 elementor-field-group elementor-column elementor-field-group-field_9270aca elementor-col-100 recaptcha_v3-bottomright\">\n\t\t\t\t\t<div class=\"elementor-field\" id=\"form-field-field_9270aca\"><div class=\"elementor-g-recaptcha\" data-sitekey=\"6LeDz1IrAAAAADJ1qNn6NKso5MmOw_ZymfVWbwA6\" data-type=\"v3\" data-action=\"Form\" data-badge=\"bottomright\" data-size=\"invisible\"><\/div><\/div>\t\t\t\t<\/div>\n\t\t\t\t\t\t\t\t<div class=\"elementor-field-group elementor-column elementor-field-type-submit elementor-col-100 e-form__buttons\">\n\t\t\t\t\t<button class=\"elementor-button elementor-size-sm\" type=\"submit\">\n\t\t\t\t\t\t<span class=\"elementor-button-content-wrapper\">\n\t\t\t\t\t\t\t\t\t\t\t\t\t\t\t\t\t\t\t\t\t\t<span class=\"elementor-button-text\">Zapytaj teraz<\/span>\n\t\t\t\t\t\t\t\t\t\t\t\t\t<\/span>\n\t\t\t\t\t<\/button>\n\t\t\t\t<\/div>\n\t\t\t<\/div>\n\t\t<input type=\"hidden\" name=\"trp-form-language\" value=\"pl\"\/><\/form>\n\t\t\t\t\t\t<\/div>\n\t\t\t\t\t<\/div>\n\t\t\t\t<\/div>\n\t\t\t\t<\/div>","protected":false},"excerpt":{"rendered":"<p>Die moderne ERP-L\u00f6sung f\u00fcr KMU. Dynamics 365 Business Central Unverbindlich testen? Wir stellen Ihnen Ihre pers\u00f6nliche Demoversion in der Cloud bereit, die Sie 30 Tage unverbindlich testen k\u00f6nnen. Microsoft Dynamics 365 Business Central (ehemals Dynamics NAV bzw. Navision) k\u00f6nnen Sie auf Wunsch aber auch klassisch auf Ihrer eigenen Hardware installieren. Alles was Sie daf\u00fcr tun [&hellip;]<\/p>","protected":false},"author":1,"featured_media":0,"parent":0,"menu_order":0,"comment_status":"closed","ping_status":"closed","template":"","meta":{"_seopress_robots_primary_cat":"","_seopress_titles_title":"Dynamics 365 Business Central: Jetzt 30 Tage testen","_seopress_titles_desc":"Testen Sie Dynamics 365 Business Central 30 Tage kostenlos in der Cloud! Flexibel: Auch auf Ihrer Hardware installierbar. Jetzt Demo sichern!","_seopress_robots_index":"","footnotes":""},"categories":[],"tags":[],"class_list":["post-10940","page","type-page","status-publish","hentry"],"_links":{"self":[{"href":"https:\/\/navision-beratung.de\/pl\/wp-json\/wp\/v2\/pages\/10940","targetHints":{"allow":["GET"]}}],"collection":[{"href":"https:\/\/navision-beratung.de\/pl\/wp-json\/wp\/v2\/pages"}],"about":[{"href":"https:\/\/navision-beratung.de\/pl\/wp-json\/wp\/v2\/types\/page"}],"author":[{"embeddable":true,"href":"https:\/\/navision-beratung.de\/pl\/wp-json\/wp\/v2\/users\/1"}],"replies":[{"embeddable":true,"href":"https:\/\/navision-beratung.de\/pl\/wp-json\/wp\/v2\/comments?post=10940"}],"version-history":[{"count":12,"href":"https:\/\/navision-beratung.de\/pl\/wp-json\/wp\/v2\/pages\/10940\/revisions"}],"predecessor-version":[{"id":13066,"href":"https:\/\/navision-beratung.de\/pl\/wp-json\/wp\/v2\/pages\/10940\/revisions\/13066"}],"wp:attachment":[{"href":"https:\/\/navision-beratung.de\/pl\/wp-json\/wp\/v2\/media?parent=10940"}],"wp:term":[{"taxonomy":"category","embeddable":true,"href":"https:\/\/navision-beratung.de\/pl\/wp-json\/wp\/v2\/categories?post=10940"},{"taxonomy":"post_tag","embeddable":true,"href":"https:\/\/navision-beratung.de\/pl\/wp-json\/wp\/v2\/tags?post=10940"}],"curies":[{"name":"wp","href":"https:\/\/api.w.org\/{rel}","templated":true}]}}