{"id":97,"date":"2014-10-28T10:40:55","date_gmt":"2014-10-28T10:40:55","guid":{"rendered":"http:\/\/navisionberatung.apps-1and1.net\/?page_id=97"},"modified":"2025-08-12T08:41:19","modified_gmt":"2025-08-12T06:41:19","slug":"impressum","status":"publish","type":"page","link":"https:\/\/navision-beratung.de\/it\/impressum\/","title":{"rendered":"Impronta"},"content":{"rendered":"<div data-elementor-type=\"wp-page\" data-elementor-id=\"97\" class=\"elementor elementor-97\" data-elementor-post-type=\"page\">\n\t\t\t\t<div class=\"elementor-element elementor-element-72781c51 e-flex e-con-boxed e-con e-parent\" data-id=\"72781c51\" data-element_type=\"container\">\n\t\t\t\t\t<div class=\"e-con-inner\">\n\t\t\t\t<div class=\"elementor-element elementor-element-5ba6e2e elementor-widget elementor-widget-heading\" data-id=\"5ba6e2e\" data-element_type=\"widget\" data-widget_type=\"heading.default\">\n\t\t\t\t\t<h2 class=\"elementor-heading-title elementor-size-default\">Impronta<\/h2>\t\t\t\t<\/div>\n\t\t\t\t<div class=\"elementor-element elementor-element-7d366cd2 elementor-widget elementor-widget-text-editor\" data-id=\"7d366cd2\" data-element_type=\"widget\" data-widget_type=\"text-editor.default\">\n\t\t\t\t\t\t\t\t\t<p class=\"bodytext\"><b>bartolome r\u00f6der AG<\/b><br \/>Ridlerstr. 11<br \/>80339 Monaco<\/p>\n<p><!-- \/wp:paragraph --><!-- wp:paragraph --><\/p>\n<p>Tel.<a href=\"tel:++498921111848\">+49 89 21111848<\/a><br \/>E-mail: <a href=\"mailto:info@br-ag.com\">info@br-ag.com<\/a><br \/>Internet: <a class=\"external-link-new-window\" href=\"http:\/\/www.br-ag.com\/\" target=\"_blank\" rel=\"noopener noreferrer\">www.br-ag.com<\/a> | <a class=\"external-link-new-window\" href=\"https:\/\/navision-beratung.de\/it\/\" target=\"_blank\" rel=\"noopener noreferrer\">www.navision-beratung.de<\/a><\/p>\n<p><!-- \/wp:paragraph --><!-- wp:paragraph --><\/p>\n<p><b>Consiglio di amministrazione autorizzato a rappresentare la societ\u00e0:<\/b><br \/>Dipl.Wirt.Ing. Bernd R\u00f6der, Dipl.Wirt.Ing. Christoph Bartolome<\/p>\n<p><!-- \/wp:paragraph --><!-- wp:paragraph --><\/p>\n<p><strong>Presidente del Consiglio di sorveglianza:<\/strong> Constantin Ridder<\/p>\n<p><!-- \/wp:paragraph --><!-- wp:paragraph {\"className\":\"bodytext\"} --><\/p>\n<p class=\"bodytext\"><b>Registro del tribunale:<\/b> Monaco di Baviera<br \/><b>Numero di registrazione: <\/b>HRB 134226<br \/><b>Codice fiscale: <\/b>143 \/ 100 \/ 10112<br \/><b>ID IVA:<\/b> DE 212 304 240<\/p>\n<p><!-- \/wp:paragraph --><!-- wp:paragraph {\"className\":\"bodytext\"} --><\/p>\n<p class=\"bodytext\">Responsabile dei contenuti ai sensi del \u00a7 10 comma 3 MDStV: Bernd R\u00f6der (indirizzo come sopra)<\/p>\n<p class=\"bodytext\">\u00a0<\/p>\n<p><!-- \/wp:paragraph --><!-- wp:heading {\"level\":1} --><\/p>\n<h3 class=\"wp-block-heading\">Informazioni legali:<\/h3>\n<p><!-- \/wp:heading --><!-- wp:paragraph {\"className\":\"bodytext\"} --><\/p>\n<p class=\"bodytext\">Nonostante l'attento controllo dei contenuti, bartolome r\u00f6der AG non si assume alcuna responsabilit\u00e0 per i contenuti dei link esterni. I gestori delle pagine collegate sono gli unici responsabili del loro contenuto.<\/p>\n<p><!-- \/wp:paragraph --><!-- wp:paragraph {\"className\":\"bodytext\"} --><\/p>\n<p class=\"bodytext\">bartolome r\u00f6der AG non si assume alcuna responsabilit\u00e0 per la sicurezza dei dati delle informazioni di qualsiasi tipo inviate tramite il sito web o via e-mail.<\/p>\n<p><!-- \/wp:paragraph --><!-- wp:paragraph {\"className\":\"bodytext\"} --><\/p>\n<p class=\"bodytext\">Tutti i testi, i grafici e le immagini presenti sul sito www.br-ag.com sono soggetti al copyright di bartolome r\u00f6der AG e possono essere protetti dal copyright di terzi. Nessuna parte di questa pubblicazione pu\u00f2 essere riprodotta in qualsiasi forma o elaborata, copiata o distribuita con sistemi elettronici senza l'autorizzazione scritta di bartolome r\u00f6der AG. Ci\u00f2 non vale per i testi e le immagini espressamente offerti per un'ulteriore distribuzione.<\/p>\n<p><!-- \/wp:paragraph --><!-- wp:paragraph {\"className\":\"bodytext\"} --><\/p>\n<p class=\"bodytext\">Nonostante gli accurati controlli, l'editore non pu\u00f2 assumersi alcuna responsabilit\u00e0 o garantire che le informazioni e i dati forniti su www.br-ag.com e www.navision-beratung.de siano aggiornati, corretti e completi.<\/p>\n<p><!-- \/wp:paragraph --><!-- wp:paragraph {\"className\":\"bodytext\"} --><\/p>\n<p class=\"bodytext\"><a title=\"GTC\" href=\"http:\/\/navision-beratung.de\/it\/agb\/\">AGB<\/a><\/p>\n<p><!-- \/wp:paragraph --><!-- wp:paragraph {\"className\":\"bodytext\"} --><\/p>\n<p class=\"bodytext\"><a title=\"Protezione dei dati\" href=\"http:\/\/navision-beratung.de\/it\/datenschutz\/\">Informativa sulla privacy<\/a><\/p>\n<p class=\"bodytext\">\u00a0<\/p>\n<p><!-- \/wp:paragraph --><!-- wp:heading --><\/p>\n<h3 class=\"wp-block-heading\">Crediti d'immagine<\/h3>\n<p><!-- \/wp:heading --><!-- wp:paragraph --><\/p>\n<p><strong>Fotolia.com<\/strong>: 3dmentat, alexlmx, Andrey Popov, amenic181, Bacho Foto, bf87, bloomua, bounlow-pic, Brad Pict, Coloures-pic, contrastwerkstatt, Countrypixel, Cybrain, denisismagilov,  djama, DOC RABE Media, DragonImages, Eugene Kuklev, evencake, fotogestoeber, fotoknips, Gina Sanders, gonin, goodluz, gunnar3000, gustavofrazao, iconimage, <span class=\"conten-view-title-block\"><span id=\"content-view-title-contributor\" class=\"trunc-string\" title=\"\u00a9 Juice Images\">inarik, <\/span><\/span>industrieblick, Jakub Jirs\u00e1k, Jearu, John Smith, J\u00fcrgen F\u00e4lchle, <span class=\"conten-view-title-block\"><span id=\"content-view-title-contributor\" class=\"trunc-string\" title=\"\u00a9 Juice Images\">Immagini di Juice, Julien Eichinger, luckybusiness<\/span><\/span>, Marco2811, Mathias Rosenthal, Michael Rosskothen, mimacz, Minerva Studio, MH, Mimi Potter, mooshny, nenetus, ninog, Nonwarit, Oleksiy Mark,Olivier Le Moal, Petair, psdesign1, Rawpixel.com, rcfotostock,\u00a0 <span class=\"conten-view-title-block\"><span id=\"content-view-title-contributor\" class=\"trunc-string\" title=\"\u00a9 Juice Images\">Robert Kneschke, ronstik, Saklakova, sebra, <\/span><\/span>Sergey Nivens, spiritofamerica, Syda Productions, <span class=\"conten-view-title-block\"><span id=\"content-view-title-contributor\" class=\"trunc-string\" title=\"\u00a9 Juice Images\">vege, venimo, Weissblick, Warakorn, yanlev, yurolaitsalbert.<br \/><\/span><\/span><\/p>\n<p>Fotogenia<\/p>\n<p><!-- \/wp:paragraph --><!-- wp:heading --><\/p>\n<h2 class=\"wp-block-heading\">\u00a0<\/h2>\n<p><!-- \/wp:heading --><\/p>\t\t\t\t\t\t\t\t<\/div>\n\t\t\t\t\t<\/div>\n\t\t\t\t<\/div>\n\t\t\t\t<\/div>","protected":false},"excerpt":{"rendered":"<p>Impressum bartolome r\u00f6der AGRidlerstr. 1180339\u00a0M\u00fcnchen Tel.+49 89 21111848E-Mail: info@br-ag.comInternet: www.br-ag.com | www.navision-beratung.de Vertretungsberechtigter Vorstand:Dipl.Wirt.Ing. Bernd R\u00f6der, Dipl.Wirt.Ing.\u00a0Christoph Bartolome Vorsitzender des Aufsichtsrates: Constantin Ridder Registergericht: M\u00fcnchenRegistriernummer: HRB 134226Steuernummer: 143 \/ 100 \/ 10112USt.-ID.: DE 212 304 240 Inhaltlich Verantwortlicher gem\u00e4\u00df \u00a7 10 Absatz 3 MDStV: Bernd R\u00f6der (Anschrift wie oben) \u00a0 Rechtliche Hinweise: Trotz sorgf\u00e4ltiger inhaltlicher [&hellip;]<\/p>","protected":false},"author":1,"featured_media":0,"parent":0,"menu_order":0,"comment_status":"closed","ping_status":"open","template":"","meta":{"_seopress_robots_primary_cat":"","_seopress_titles_title":"Kontakt & Impressum der Bartolome R\u00f6der AG M\u00fcnchen","_seopress_titles_desc":"Entdecken Sie Bartolome R\u00f6der AG in M\u00fcnchen, Ihre Experten f\u00fcr Wirtschaftsberatung. Besuchen Sie uns online unter www.br-ag.com & www.navision-beratung.de.","_seopress_robots_index":"","footnotes":""},"categories":[],"tags":[],"class_list":["post-97","page","type-page","status-publish","hentry"],"_links":{"self":[{"href":"https:\/\/navision-beratung.de\/it\/wp-json\/wp\/v2\/pages\/97","targetHints":{"allow":["GET"]}}],"collection":[{"href":"https:\/\/navision-beratung.de\/it\/wp-json\/wp\/v2\/pages"}],"about":[{"href":"https:\/\/navision-beratung.de\/it\/wp-json\/wp\/v2\/types\/page"}],"author":[{"embeddable":true,"href":"https:\/\/navision-beratung.de\/it\/wp-json\/wp\/v2\/users\/1"}],"replies":[{"embeddable":true,"href":"https:\/\/navision-beratung.de\/it\/wp-json\/wp\/v2\/comments?post=97"}],"version-history":[{"count":3,"href":"https:\/\/navision-beratung.de\/it\/wp-json\/wp\/v2\/pages\/97\/revisions"}],"predecessor-version":[{"id":16328,"href":"https:\/\/navision-beratung.de\/it\/wp-json\/wp\/v2\/pages\/97\/revisions\/16328"}],"wp:attachment":[{"href":"https:\/\/navision-beratung.de\/it\/wp-json\/wp\/v2\/media?parent=97"}],"wp:term":[{"taxonomy":"category","embeddable":true,"href":"https:\/\/navision-beratung.de\/it\/wp-json\/wp\/v2\/categories?post=97"},{"taxonomy":"post_tag","embeddable":true,"href":"https:\/\/navision-beratung.de\/it\/wp-json\/wp\/v2\/tags?post=97"}],"curies":[{"name":"wp","href":"https:\/\/api.w.org\/{rel}","templated":true}]}}