{"id":8797,"date":"2025-04-10T16:26:42","date_gmt":"2025-04-10T14:26:42","guid":{"rendered":"https:\/\/dynamicsberatung2025.live-website.com\/?page_id=8797"},"modified":"2026-01-07T09:50:36","modified_gmt":"2026-01-07T08:50:36","slug":"kontakt","status":"publish","type":"page","link":"https:\/\/navision-beratung.de\/it\/kontakt\/","title":{"rendered":"Contattateci"},"content":{"rendered":"<div data-elementor-type=\"wp-page\" data-elementor-id=\"8797\" class=\"elementor elementor-8797\" data-elementor-post-type=\"page\">\n\t\t\t\t<div class=\"elementor-element elementor-element-8ab6fb8 e-flex e-con-boxed e-con e-parent\" data-id=\"8ab6fb8\" data-element_type=\"container\" data-settings=\"{&quot;background_background&quot;:&quot;gradient&quot;}\">\n\t\t\t\t\t<div class=\"e-con-inner\">\n\t\t\t\t\t<\/div>\n\t\t\t\t<\/div>\n\t\t<div class=\"elementor-element elementor-element-eb7775b e-flex e-con-boxed e-con e-parent\" data-id=\"eb7775b\" data-element_type=\"container\" data-settings=\"{&quot;background_background&quot;:&quot;classic&quot;}\">\n\t\t\t\t\t<div class=\"e-con-inner\">\n\t\t<div class=\"elementor-element elementor-element-1510bb4 e-con-full e-flex e-con e-child\" data-id=\"1510bb4\" data-element_type=\"container\">\n\t\t<div class=\"elementor-element elementor-element-3a50ef8 e-con-full e-flex e-con e-child\" data-id=\"3a50ef8\" data-element_type=\"container\">\n\t\t\t\t<div class=\"elementor-element elementor-element-f3156b0 elementor-widget__width-initial elementor-widget elementor-widget-heading\" data-id=\"f3156b0\" data-element_type=\"widget\" data-widget_type=\"heading.default\">\n\t\t\t\t\t<h2 class=\"elementor-heading-title elementor-size-default\">Mettetevi in contatto con noi!<\/h2>\t\t\t\t<\/div>\n\t\t\t\t<div class=\"elementor-element elementor-element-bea7182 elementor-widget__width-initial elementor-widget elementor-widget-heading\" data-id=\"bea7182\" data-element_type=\"widget\" data-widget_type=\"heading.default\">\n\t\t\t\t\t<h1 class=\"elementor-heading-title elementor-size-default\">Siamo qui per voi!<\/h1>\t\t\t\t<\/div>\n\t\t\t\t<div class=\"elementor-element elementor-element-f922a7d elementor-widget elementor-widget-text-editor\" data-id=\"f922a7d\" data-element_type=\"widget\" data-widget_type=\"text-editor.default\">\n\t\t\t\t\t\t\t\t\t<p>Saremo lieti di ascoltarvi, sia che abbiate una domanda, sia che vogliate saperne di pi\u00f9 o che vogliate iniziare subito. Utilizzate semplicemente il modulo di contatto o contattateci telefonicamente. Saremo lieti di aiutarvi.<\/p>\t\t\t\t\t\t\t\t<\/div>\n\t\t\t\t<\/div>\n\t\t<div class=\"elementor-element elementor-element-bfb3e0d e-con-full e-flex e-con e-child\" data-id=\"bfb3e0d\" data-element_type=\"container\">\n\t\t\t\t<div class=\"elementor-element elementor-element-a3aee4e elementor-widget elementor-widget-image\" data-id=\"a3aee4e\" data-element_type=\"widget\" data-widget_type=\"image.default\">\n\t\t\t\t\t\t\t\t\t\t\t\t\t\t\t<img fetchpriority=\"high\" decoding=\"async\" width=\"800\" height=\"533\" src=\"https:\/\/navision-beratung.de\/wp-content\/uploads\/2025\/12\/188_bartolomeroederag_m_15_29052025-1024x682.jpg\" class=\"attachment-large size-large wp-image-18625\" alt=\"www.photogenika.de\" srcset=\"https:\/\/navision-beratung.de\/wp-content\/uploads\/2025\/12\/188_bartolomeroederag_m_15_29052025-1024x682.jpg 1024w, https:\/\/navision-beratung.de\/wp-content\/uploads\/2025\/12\/188_bartolomeroederag_m_15_29052025-300x200.jpg 300w, https:\/\/navision-beratung.de\/wp-content\/uploads\/2025\/12\/188_bartolomeroederag_m_15_29052025-768x511.jpg 768w, https:\/\/navision-beratung.de\/wp-content\/uploads\/2025\/12\/188_bartolomeroederag_m_15_29052025-1536x1023.jpg 1536w, https:\/\/navision-beratung.de\/wp-content\/uploads\/2025\/12\/188_bartolomeroederag_m_15_29052025-2048x1364.jpg 2048w, https:\/\/navision-beratung.de\/wp-content\/uploads\/2025\/12\/188_bartolomeroederag_m_15_29052025-18x12.jpg 18w\" sizes=\"(max-width: 800px) 100vw, 800px\" \/>\t\t\t\t\t\t\t\t\t\t\t\t\t\t\t<\/div>\n\t\t\t\t<\/div>\n\t\t\t\t<\/div>\n\t\t\t\t\t<\/div>\n\t\t\t\t<\/div>\n\t\t<div class=\"elementor-element elementor-element-c853273 e-flex e-con-boxed e-con e-parent\" data-id=\"c853273\" data-element_type=\"container\" data-settings=\"{&quot;background_background&quot;:&quot;classic&quot;}\">\n\t\t\t\t\t<div class=\"e-con-inner\">\n\t\t<div class=\"elementor-element elementor-element-0e90819 e-con-full e-flex e-con e-child\" data-id=\"0e90819\" data-element_type=\"container\">\n\t\t\t\t<div class=\"elementor-element elementor-element-28bd725 elementor-button-align-start elementor-widget elementor-widget-form\" data-id=\"28bd725\" data-element_type=\"widget\" data-settings=\"{&quot;step_next_label&quot;:&quot;N\\u00e4chster&quot;,&quot;step_previous_label&quot;:&quot;Voriger&quot;,&quot;button_width&quot;:&quot;100&quot;,&quot;step_type&quot;:&quot;number_text&quot;,&quot;step_icon_shape&quot;:&quot;circle&quot;}\" data-widget_type=\"form.default\">\n\t\t\t\t\t\t\t<form class=\"elementor-form\" method=\"post\" name=\"Neues Formular\" aria-label=\"Nuovo modulo\" action=\"\">\n\t\t\t<input type=\"hidden\" name=\"post_id\" value=\"8797\"\/>\n\t\t\t<input type=\"hidden\" name=\"form_id\" value=\"28bd725\"\/>\n\t\t\t<input type=\"hidden\" name=\"referer_title\" value=\"\" \/>\n\n\t\t\t\n\t\t\t<div class=\"elementor-form-fields-wrapper elementor-labels-\">\n\t\t\t\t\t\t\t\t<div class=\"elementor-field-type-text elementor-field-group elementor-column elementor-field-group-name elementor-col-100 elementor-field-required\">\n\t\t\t\t\t\t\t\t\t\t\t\t<label for=\"form-field-name\" class=\"elementor-field-label elementor-screen-only\">\n\t\t\t\t\t\t\t\tNome\t\t\t\t\t\t\t<\/label>\n\t\t\t\t\t\t\t\t\t\t\t\t\t\t<input size=\"1\" type=\"text\" name=\"form_fields[name]\" id=\"form-field-name\" class=\"elementor-field elementor-size-sm  elementor-field-textual\" placeholder=\"Il tuo nome *\" required=\"required\">\n\t\t\t\t\t\t\t\t\t\t\t<\/div>\n\t\t\t\t\t\t\t\t<div class=\"elementor-field-type-text elementor-field-group elementor-column elementor-field-group-field_bce7322 elementor-col-100 elementor-field-required\">\n\t\t\t\t\t\t\t\t\t\t\t\t<label for=\"form-field-field_bce7322\" class=\"elementor-field-label elementor-screen-only\">\n\t\t\t\t\t\t\t\tAzienda\t\t\t\t\t\t\t<\/label>\n\t\t\t\t\t\t\t\t\t\t\t\t\t\t<input size=\"1\" type=\"text\" name=\"form_fields[field_bce7322]\" id=\"form-field-field_bce7322\" class=\"elementor-field elementor-size-sm  elementor-field-textual\" placeholder=\"Azienda *\" required=\"required\">\n\t\t\t\t\t\t\t\t\t\t\t<\/div>\n\t\t\t\t\t\t\t\t<div class=\"elementor-field-type-text elementor-field-group elementor-column elementor-field-group-field_ffa8be1 elementor-col-50 elementor-field-required\">\n\t\t\t\t\t\t\t\t\t\t\t\t<label for=\"form-field-field_ffa8be1\" class=\"elementor-field-label elementor-screen-only\">\n\t\t\t\t\t\t\t\tTelefono\t\t\t\t\t\t\t<\/label>\n\t\t\t\t\t\t\t\t\t\t\t\t\t\t<input size=\"1\" type=\"text\" name=\"form_fields[field_ffa8be1]\" id=\"form-field-field_ffa8be1\" class=\"elementor-field elementor-size-sm  elementor-field-textual\" placeholder=\"Telefono *\" required=\"required\">\n\t\t\t\t\t\t\t\t\t\t\t<\/div>\n\t\t\t\t\t\t\t\t<div class=\"elementor-field-type-email elementor-field-group elementor-column elementor-field-group-email elementor-col-50 elementor-field-required\">\n\t\t\t\t\t\t\t\t\t\t\t\t<label for=\"form-field-email\" class=\"elementor-field-label elementor-screen-only\">\n\t\t\t\t\t\t\t\te-mail\t\t\t\t\t\t\t<\/label>\n\t\t\t\t\t\t\t\t\t\t\t\t\t\t<input size=\"1\" type=\"email\" name=\"form_fields[email]\" id=\"form-field-email\" class=\"elementor-field elementor-size-sm  elementor-field-textual\" placeholder=\"E-mail *\" required=\"required\">\n\t\t\t\t\t\t\t\t\t\t\t<\/div>\n\t\t\t\t\t\t\t\t<div class=\"elementor-field-type-textarea elementor-field-group elementor-column elementor-field-group-message elementor-col-100\">\n\t\t\t\t\t\t\t\t\t\t\t\t<label for=\"form-field-message\" class=\"elementor-field-label elementor-screen-only\">\n\t\t\t\t\t\t\t\tMessaggio\t\t\t\t\t\t\t<\/label>\n\t\t\t\t\t\t<textarea class=\"elementor-field-textual elementor-field  elementor-size-sm\" name=\"form_fields[message]\" id=\"form-field-message\" rows=\"7\" placeholder=\"Messaggio\"><\/textarea>\t\t\t\t<\/div>\n\t\t\t\t\t\t\t\t<div class=\"elementor-field-type-acceptance elementor-field-group elementor-column elementor-field-group-field_1e56ecb elementor-col-100 elementor-field-required\">\n\t\t\t\t\t\t\t<div class=\"elementor-field-subgroup\">\n\t\t\t<span class=\"elementor-field-option\">\n\t\t\t\t<input type=\"checkbox\" name=\"form_fields[field_1e56ecb]\" id=\"form-field-field_1e56ecb\" class=\"elementor-field elementor-size-sm  elementor-acceptance-field\" required=\"required\">\n\t\t\t\t<label for=\"form-field-field_1e56ecb\">I dati da voi inviati a bartolome r\u00f6der AG vengono utilizzati esclusivamente per contattarvi. \u00c8 escluso un ulteriore utilizzo per scopi pubblicitari o altri trattamenti. Ho letto l'informativa sulla privacy e acconsento alla memorizzazione e all'elaborazione dei miei dati allo scopo di contattarmi.<\/label>\t\t\t<\/span>\n\t\t<\/div>\n\t\t\t\t\t\t<\/div>\n\t\t\t\t\t\t\t\t<div class=\"elementor-field-type-recaptcha_v3 elementor-field-group elementor-column elementor-field-group-field_895d944 elementor-col-100 recaptcha_v3-bottomright\">\n\t\t\t\t\t<div class=\"elementor-field\" id=\"form-field-field_895d944\"><div class=\"elementor-g-recaptcha\" data-sitekey=\"6LeDz1IrAAAAADJ1qNn6NKso5MmOw_ZymfVWbwA6\" data-type=\"v3\" data-action=\"Form\" data-badge=\"bottomright\" data-size=\"invisible\"><\/div><\/div>\t\t\t\t<\/div>\n\t\t\t\t\t\t\t\t<div class=\"elementor-field-group elementor-column elementor-field-type-submit elementor-col-100 e-form__buttons\">\n\t\t\t\t\t<button class=\"elementor-button elementor-size-sm\" type=\"submit\">\n\t\t\t\t\t\t<span class=\"elementor-button-content-wrapper\">\n\t\t\t\t\t\t\t\t\t\t\t\t\t\t\t\t\t\t\t\t\t\t<span class=\"elementor-button-text\">Richiedi ora<\/span>\n\t\t\t\t\t\t\t\t\t\t\t\t\t<\/span>\n\t\t\t\t\t<\/button>\n\t\t\t\t<\/div>\n\t\t\t<\/div>\n\t\t<input type=\"hidden\" name=\"trp-form-language\" value=\"it\"\/><\/form>\n\t\t\t\t\t\t<\/div>\n\t\t\t\t<\/div>\n\t\t<div class=\"elementor-element elementor-element-ba21e31 e-con-full e-flex e-con e-child\" data-id=\"ba21e31\" data-element_type=\"container\">\n\t\t\t\t<div class=\"elementor-element elementor-element-947dc42 elementor-widget elementor-widget-text-editor\" data-id=\"947dc42\" data-element_type=\"widget\" data-widget_type=\"text-editor.default\">\n\t\t\t\t\t\t\t\t\t<p class=\"bodytext\"><b>bartolome r\u00f6der AG<\/b><br \/>Ridlerstr. 11<br \/>80339 Monaco<\/p>\t\t\t\t\t\t\t\t<\/div>\n\t\t\t\t<div class=\"elementor-element elementor-element-8412985 elementor-widget elementor-widget-button\" data-id=\"8412985\" data-element_type=\"widget\" data-widget_type=\"button.default\">\n\t\t\t\t\t\t\t\t\t\t<a class=\"elementor-button elementor-button-link elementor-size-sm\" href=\"tel:+498921111848\" target=\"_blank\">\n\t\t\t\t\t\t<span class=\"elementor-button-content-wrapper\">\n\t\t\t\t\t\t\t\t\t<span class=\"elementor-button-text\">Telefono +49 89 211 11 848<\/span>\n\t\t\t\t\t<\/span>\n\t\t\t\t\t<\/a>\n\t\t\t\t\t\t\t\t<\/div>\n\t\t\t\t<div class=\"elementor-element elementor-element-cb96cf8 elementor-widget elementor-widget-button\" data-id=\"cb96cf8\" data-element_type=\"widget\" data-widget_type=\"button.default\">\n\t\t\t\t\t\t\t\t\t\t<a class=\"elementor-button elementor-button-link elementor-size-sm\" href=\"mailto:vertrieb@br-ag.com\" target=\"_blank\">\n\t\t\t\t\t\t<span class=\"elementor-button-content-wrapper\">\n\t\t\t\t\t\t\t\t\t<span class=\"elementor-button-text\">E-Mail: Vertrieb@br-ag.com<\/span>\n\t\t\t\t\t<\/span>\n\t\t\t\t\t<\/a>\n\t\t\t\t\t\t\t\t<\/div>\n\t\t\t\t<div class=\"elementor-element elementor-element-d56b0b4 elementor-widget elementor-widget-text-editor\" data-id=\"d56b0b4\" data-element_type=\"widget\" data-widget_type=\"text-editor.default\">\n\t\t\t\t\t\t\t\t\t<p class=\"bodytext\">Fax +49 89 211 11847<\/p>\t\t\t\t\t\t\t\t<\/div>\n\t\t\t\t<\/div>\n\t\t\t\t\t<\/div>\n\t\t\t\t<\/div>\n\t\t\t\t<\/div>","protected":false},"excerpt":{"rendered":"<p>Kontaktieren Sie uns! Wir sind f\u00fcr Sie da! Wir freuen uns auf Ihre Nachricht \u2013 ganz gleich, ob Sie eine Frage haben, mehr erfahren m\u00f6chten oder direkt loslegen wollen. Nutzen Sie einfach das Kontaktformular oder melden Sie sich telefonisch bei uns. Wir sind gerne f\u00fcr Sie da. bartolome r\u00f6der AGRidlerstr. 1180339 M\u00fcnchen Tel.+49 89 211 [&hellip;]<\/p>","protected":false},"author":1,"featured_media":0,"parent":0,"menu_order":0,"comment_status":"closed","ping_status":"closed","template":"","meta":{"_seopress_robots_primary_cat":"","_seopress_titles_title":"Kontaktieren Sie Bartolome R\u00f6der AG in M\u00fcnchen","_seopress_titles_desc":"Fragen? Kontaktformular oder Anruf! Bartolome R\u00f6der AG, M\u00fcnchen \u2013 wir freuen uns auf Ihre Nachricht. Tel.: +49 89 211 11 848","_seopress_robots_index":"","footnotes":""},"categories":[],"tags":[],"class_list":["post-8797","page","type-page","status-publish","hentry"],"_links":{"self":[{"href":"https:\/\/navision-beratung.de\/it\/wp-json\/wp\/v2\/pages\/8797","targetHints":{"allow":["GET"]}}],"collection":[{"href":"https:\/\/navision-beratung.de\/it\/wp-json\/wp\/v2\/pages"}],"about":[{"href":"https:\/\/navision-beratung.de\/it\/wp-json\/wp\/v2\/types\/page"}],"author":[{"embeddable":true,"href":"https:\/\/navision-beratung.de\/it\/wp-json\/wp\/v2\/users\/1"}],"replies":[{"embeddable":true,"href":"https:\/\/navision-beratung.de\/it\/wp-json\/wp\/v2\/comments?post=8797"}],"version-history":[{"count":27,"href":"https:\/\/navision-beratung.de\/it\/wp-json\/wp\/v2\/pages\/8797\/revisions"}],"predecessor-version":[{"id":19408,"href":"https:\/\/navision-beratung.de\/it\/wp-json\/wp\/v2\/pages\/8797\/revisions\/19408"}],"wp:attachment":[{"href":"https:\/\/navision-beratung.de\/it\/wp-json\/wp\/v2\/media?parent=8797"}],"wp:term":[{"taxonomy":"category","embeddable":true,"href":"https:\/\/navision-beratung.de\/it\/wp-json\/wp\/v2\/categories?post=8797"},{"taxonomy":"post_tag","embeddable":true,"href":"https:\/\/navision-beratung.de\/it\/wp-json\/wp\/v2\/tags?post=8797"}],"curies":[{"name":"wp","href":"https:\/\/api.w.org\/{rel}","templated":true}]}}