{"id":7510,"date":"2023-05-24T09:06:18","date_gmt":"2023-05-24T09:06:18","guid":{"rendered":"https:\/\/navision-beratung.de\/?page_id=7510"},"modified":"2025-05-24T09:26:41","modified_gmt":"2025-05-24T07:26:41","slug":"end-user-license-agreement-eula","status":"publish","type":"page","link":"https:\/\/navision-beratung.de\/it\/end-user-license-agreement-eula\/","title":{"rendered":"Contratto di licenza con l'utente finale (EULA)"},"content":{"rendered":"<div data-elementor-type=\"wp-page\" data-elementor-id=\"7510\" class=\"elementor elementor-7510\" data-elementor-post-type=\"page\">\n\t\t\t\t<div class=\"elementor-element elementor-element-2d27b860 e-flex e-con-boxed e-con e-parent\" data-id=\"2d27b860\" data-element_type=\"container\">\n\t\t\t\t\t<div class=\"e-con-inner\">\n\t\t\t\t<div class=\"elementor-element elementor-element-0c0fc3e elementor-widget elementor-widget-heading\" data-id=\"0c0fc3e\" data-element_type=\"widget\" data-widget_type=\"heading.default\">\n\t\t\t\t\t<h1 class=\"elementor-heading-title elementor-size-default\">Contratto di licenza con l'utente finale (EULA)<\/h1>\t\t\t\t<\/div>\n\t\t\t\t<div class=\"elementor-element elementor-element-251537c0 elementor-widget elementor-widget-text-editor\" data-id=\"251537c0\" data-element_type=\"widget\" data-widget_type=\"text-editor.default\">\n\t\t\t\t\t\t\t\t\t<p>Il CLIENTE garantisce di disporre di tutte le autorit\u00e0, i diritti, i permessi e i consensi necessari per la stipula del Contratto e per il Contenuto e per qualsiasi sistema o servizio di terzi che utilizza in relazione ai Servizi. Il CLIENTE si atterr\u00e0 ai termini e alle condizioni di licenza del software, alla Politica di Utilizzo Accettabile e al Contratto con il Cliente, per tutti i software e i servizi che fanno parte dei Servizi. Il CLIENTE dovr\u00e0 assicurarsi che i termini e le condizioni di licenza e o i contratti di licenza con l'utente finale (EULA) di tutti gli altri software utilizzati dal CLIENTE in relazione ai Servizi consentano tale utilizzo. Il CLIENTE manterr\u00e0 bartolome roeder AG indenne e manlever\u00e0 bartolome roeder AG da richieste di risarcimento da parte di terzi, tra cui Microsoft, basate sulla violazione dei termini e delle condizioni applicabili di terzi come l'EULA. Il CLIENTE dovr\u00e0 garantire che tutti gli Utenti autorizzati siano sufficientemente competenti per soddisfare i relativi obblighi del CLIENTE stabiliti nel Contratto.<\/p><p>Il CLIENTE far\u00e0 in modo che tutti gli Utenti Autorizzati siano consapevoli che l'informativa sulla privacy si applica al Contratto e agli Orari, compresi i termini e le condizioni di terze parti, e dovr\u00e0 rispettare tutti i termini e le condizioni applicabili e i Termini di Servizio. Il CLIENTE \u00e8 responsabile e risponde delle azioni, delle omissioni e delle Spese sostenute dagli Utenti Autorizzati. Il CLIENTE dovr\u00e0 rispettare i Termini del Servizio e non dovr\u00e0 accedere, memorizzare, distribuire o trasmettere alcun Contenuto Obiezionabile n\u00e9 utilizzare i Servizi per attivit\u00e0 o scopi discutibili.Il CLIENTE non dovr\u00e0 introdurre alcun tipo di software dannoso, malware, virus, cavalli di Troia, worm, time bombs cancelbots nei sistemi o nei servizi di bartolome roeder AG, dei suoi fornitori o dei CLIENTI. Il CLIENTE deve mantenere la riservatezza e la sicurezza di tutte le credenziali di accesso e dei dettagli di utilizzo dell'account del CLIENTE. Il CLIENTE \u00e8 responsabile di tutte le Spese sostenute a causa di un accesso non autorizzato al proprio account, a meno che tale accesso non autorizzato non sia causato esclusivamente da bartolome roeder AG. Se il CLIENTE scopre un accesso non autorizzato, deve chiedere immediatamente a bartolome roeder AG di sospendere l'account del CLIENTE. Il Cliente utilizzer\u00e0 le migliori pratiche di sicurezza generali in relazione allo sviluppo e all'utilizzo di tutti i Servizi e\/o software e\/o materiali sviluppati utilizzando la tecnologia di bartolome roeder AG e rispetter\u00e0 in ogni momento i requisiti di sicurezza e privacy dei dati di bartolome roeder AG forniti di volta in volta da bartolome roeder AG. Senza limitare quanto sopra, il Cliente implementer\u00e0 misure di sicurezza tecniche, amministrative e operative ragionevolmente adeguate a preservare la riservatezza, l'integrit\u00e0 e la sicurezza dei dati del Cliente. Il CLIENTE non dovr\u00e0, e dovr\u00e0 garantire che gli Utenti Autorizzati non tentino di aggirare le misure di sicurezza relative ai Servizi o all'infrastruttura n\u00e9 di accedere all'infrastruttura di bartolome roeder AG se non in conformit\u00e0 alle istruzioni e alle API specificate da bartolome roeder AG. Il CLIENTE \u00e8 l'unico responsabile dell'approvvigionamento e della manutenzione dei propri sistemi e servizi da e verso il confine dei servizi di bartolome roeder AG. Il CLIENTE \u00e8 l'unico responsabile dello sviluppo, del funzionamento, della manutenzione e dell'utilizzo dei Contenuti e del rispetto di qualsiasi Politica di utilizzo accettabile di terzi o di altre politiche, regolamenti o leggi relative agli stessi. Il CLIENTE utilizza prodotti e servizi di terzi in connessione con i Servizi a suo esclusivo rischio ed \u00e8 responsabile di eventuali costi sostenuti da bartolome roeder AG in conseguenza dell'utilizzo degli stessi da parte del CLIENTE. Il CLIENTE \u00e8 responsabile della corretta configurazione e dell'utilizzo dei Servizi e dell'adozione delle proprie misure per mantenere un'adeguata sicurezza, protezione e backup dei Contenuti, che possono includere l'uso di tecnologie di crittografia per proteggere i Contenuti da accessi non autorizzati e l'archiviazione di routine. A meno che i Servizi non includano servizi di backup, bartolome roeder AG raccomanda al CLIENTE di mantenere una copia aggiornata del Contenuto con altri mezzi. Il CLIENTE \u00e8 responsabile della fornitura di tutto il supporto ai propri utenti e partner commerciali.<\/p><p>Il CLIENTE pu\u00f2 utilizzare i Servizi per fornire servizi ai propri partner o clienti finali nell'ambito dell'attivit\u00e0 ordinaria del CLIENTE. Il CLIENTE non \u00e8 autorizzato a sfruttare i Servizi. Il CLIENTE accetta che a bartolome roeder AG possa essere richiesto per legge di monitorare il Contenuto e l'utilizzo dei Servizi e di fornire dettagli sugli stessi che possono includere l'identificazione delle credenziali di accesso e il loro utilizzo. bartolome roeder AG non sar\u00e0 responsabile di eventuali effetti sui Servizi causati dall'obbligo di conformarsi a richieste fatte in base a qualsiasi autorit\u00e0 legale. Il CLIENTE accetta che, senza pregiudizio, bartolome roeder AG possa anche monitorare l'uso dei Servizi da parte del CLIENTE e accumulare statistiche per scopi connessi al Contratto e per poter sviluppare e migliorare i Servizi.<\/p><p>Saremo lieti di ricevere i vostri commenti o le vostre domande sulle presenti Condizioni di licenza del software (SLT). Potete anche contattarci al nostro indirizzo:<\/p><p>bartolome roeder AG ATTN: Ufficio licenze Ridlerstr. 11<\/p><p>D-80339 Monaco di Baviera Germania<\/p>\t\t\t\t\t\t\t\t<\/div>\n\t\t\t\t\t<\/div>\n\t\t\t\t<\/div>\n\t\t\t\t<\/div>","protected":false},"excerpt":{"rendered":"<p>End User License Agreement (EULA) The CUSTOMER warrants that it has and all necessary authority, rights, permissions and consents to enter into the Agreement and to the Content and to any third party systems or services that it uses in connection with the Services. The CUSTOMER will abide by the software license terms and conditions [&hellip;]<\/p>","protected":false},"author":1,"featured_media":7410,"parent":0,"menu_order":0,"comment_status":"closed","ping_status":"closed","template":"","meta":{"_seopress_robots_primary_cat":"","_seopress_titles_title":"EULA: Sicherer Lizenzvertrag erfolgreich nutzen","_seopress_titles_desc":"Sorgen Sie f\u00fcr sicheren Datenumgang und Einhaltung von EULA und Nutzungsbedingungen. Sch\u00fctzen Sie Systeme vor unautorisiertem Zugriff und Schadsoftware.","_seopress_robots_index":"","footnotes":""},"categories":[],"tags":[],"class_list":["post-7510","page","type-page","status-publish","has-post-thumbnail","hentry"],"_links":{"self":[{"href":"https:\/\/navision-beratung.de\/it\/wp-json\/wp\/v2\/pages\/7510","targetHints":{"allow":["GET"]}}],"collection":[{"href":"https:\/\/navision-beratung.de\/it\/wp-json\/wp\/v2\/pages"}],"about":[{"href":"https:\/\/navision-beratung.de\/it\/wp-json\/wp\/v2\/types\/page"}],"author":[{"embeddable":true,"href":"https:\/\/navision-beratung.de\/it\/wp-json\/wp\/v2\/users\/1"}],"replies":[{"embeddable":true,"href":"https:\/\/navision-beratung.de\/it\/wp-json\/wp\/v2\/comments?post=7510"}],"version-history":[{"count":0,"href":"https:\/\/navision-beratung.de\/it\/wp-json\/wp\/v2\/pages\/7510\/revisions"}],"wp:featuredmedia":[{"embeddable":true,"href":"https:\/\/navision-beratung.de\/it\/wp-json\/wp\/v2\/media\/7410"}],"wp:attachment":[{"href":"https:\/\/navision-beratung.de\/it\/wp-json\/wp\/v2\/media?parent=7510"}],"wp:term":[{"taxonomy":"category","embeddable":true,"href":"https:\/\/navision-beratung.de\/it\/wp-json\/wp\/v2\/categories?post=7510"},{"taxonomy":"post_tag","embeddable":true,"href":"https:\/\/navision-beratung.de\/it\/wp-json\/wp\/v2\/tags?post=7510"}],"curies":[{"name":"wp","href":"https:\/\/api.w.org\/{rel}","templated":true}]}}