{"id":7243,"date":"2022-11-16T11:55:56","date_gmt":"2022-11-16T11:55:56","guid":{"rendered":"https:\/\/navision-beratung.de\/?page_id=7243"},"modified":"2022-11-16T11:55:56","modified_gmt":"2022-11-16T11:55:56","slug":"bartolome-roder-ag-sorgt-fur-marktplatz-intelligenz","status":"publish","type":"page","link":"https:\/\/navision-beratung.de\/it\/bartolome-roder-ag-sorgt-fur-marktplatz-intelligenz\/","title":{"rendered":"bartolome r\u00f6der AG fornisce informazioni sul mercato"},"content":{"rendered":"<figure id=\"attachment_7256\" aria-describedby=\"caption-attachment-7256\" style=\"width: 785px\" class=\"wp-caption alignnone\"><img alt=\"\" fetchpriority=\"high\" decoding=\"async\" class=\"size-full wp-image-7256\" src=\"https:\/\/navision-beratung.de\/wp-content\/uploads\/2022\/11\/gabor-unternehmen-zentrale-rosenheim.jpg\" width=\"785\" height=\"442\" srcset=\"https:\/\/navision-beratung.de\/wp-content\/uploads\/2022\/11\/gabor-unternehmen-zentrale-rosenheim.jpg 785w, https:\/\/navision-beratung.de\/wp-content\/uploads\/2022\/11\/gabor-unternehmen-zentrale-rosenheim-300x169.jpg 300w, https:\/\/navision-beratung.de\/wp-content\/uploads\/2022\/11\/gabor-unternehmen-zentrale-rosenheim-768x432.jpg 768w\" sizes=\"(max-width: 785px) 100vw, 785px\" \/><figcaption id=\"caption-attachment-7256\" class=\"wp-caption-text\">Fonte: Gabor Shoes AG<\/figcaption><\/figure>\n<h1 id=\"NL|ReferenzartikelGabor-\u201aKaufm\u00e4nnischesHerz\u2018verbindetGabor-Marktplatzmitstation\u00e4renHandelspartnern.1\"><strong>Il 'cuore commerciale' collega il mercato Gabor con i partner di vendita al dettaglio fissi<\/strong><\/h1>\n<p><strong>Il marchio di calzature Gabor risponde a modo suo alla tendenza del direct-to-consumer: Su\u00a0<a class=\"external-link extlink\" href=\"http:\/\/Gabor.de\" target=\"_blank\" rel=\"nofollow noopener\" data-ext-link-init=\"true\">Gabor.com<\/a> i consumatori possono ordinare tutti i modelli. Allo stesso tempo, Gabor Shoes AG sta integrando la vendita al dettaglio fissa con la vendita digitale. Ci\u00f2 \u00e8 reso possibile dalla soluzione di mercato intelligente<a href=\"https:\/\/navision-beratung.de\/it\/e4m-engine-4-marketplace-central-workflow-controller\/\">Motore 4 Mercato\" (E4M)<\/a>sviluppato da bartolome r\u00f6der AG.<\/strong><\/p>\n<p>Gabor Shoes AG produce scarpe da uomo e da donna di alta qualit\u00e0 ed \u00e8 uno dei marchi di calzature pi\u00f9 noti nel mondo di lingua tedesca. Nell'esercizio finanziario 2020, l'azienda con sede a Rosenheim, in Baviera, ha generato un fatturato di 301 milioni di euro. La vendita al dettaglio online sta diventando sempre pi\u00f9 importante come canale di vendita. Gabor sfrutta il fascino e la notoriet\u00e0 del proprio marchio e presenta l'intera gamma di prodotti online. Gli appassionati di scarpe possono trovare un'ampia gamma di calzature su <em><a class=\"external-link extlink\" href=\"http:\/\/Gabor.de\" target=\"_blank\" rel=\"nofollow noopener\" data-ext-link-init=\"true\">Gabor.com<\/a><\/em> il marchio Gabor per le calzature da donna e i marchi rollingsoft e Pius Gabor, il marchio di calzature da uomo dell'azienda, nonch\u00e9 le borse del marchio Gabor bags.<\/p>\n<p>Mentre altri produttori competono con i loro tradizionali partner di vendita al dettaglio sul web, Gabor sta adottando un approccio diverso con un mercato appositamente sviluppato: il negozio online Gabor coinvolge nelle vendite digitali i negozi di calzature locali in Germania, Austria e presto anche nei Paesi Bassi. Quando un ordine viene effettuato tramite <a class=\"external-link extlink\" href=\"http:\/\/Gabor.de\" target=\"_blank\" rel=\"nofollow noopener\" data-ext-link-init=\"true\">Gabor.com<\/a> arriva, viene passato a uno dei partner di mercato di Gabor. I rivenditori fissi di scarpe affiliati si occupano dell'evasione degli ordini online, generando cos\u00ec ulteriori vendite online.<\/p>\n<h2>La sfida<\/h2>\n<p>Nel marketplace sono coinvolti diversi partecipanti: i rivenditori fissi, i fornitori di servizi di spedizione, il fornitore di servizi di pagamento e Gabor stessa. L'obiettivo era quindi quello di introdurre un sistema di controllo del processo centralizzato per la gestione degli ordini e dei resi attraverso il Marketplace Gabor\", afferma Thorsten B\u00e4hre, responsabile dell'e-commerce di Gabor Shoes AG, guardando al passato.<\/p>\n<p>Questo ha portato alla decisione di implementare una nuova soluzione. Avevamo bisogno di un \"cuore\" commerciale, un sistema di gestione delle merci che mappasse tutti i processi\", spiega B\u00e4hre. Egli ha fissato tre obiettivi per la nuova soluzione: sicurezza dei processi, stabilit\u00e0 dei processi e capacit\u00e0 di scalare per supportare la crescita pianificata del canale di vendita online.<\/p>\n<h2>Gabor e bartolome r\u00f6der AG<\/h2>\n<p>Nel giro di tre mesi, il precedente sistema di gestione degli ordini \u00e8 stato sostituito da una nuova soluzione. La soluzione \u00e8 stata progettata e implementata dalla societ\u00e0 di consulenza informatica e gestionale bartolome r\u00f6der AG di Monaco. L'agenzia austriaca di servizi Internet completi <a class=\"external-link extlink\" href=\"http:\/\/elements.at\" target=\"_blank\" rel=\"nofollow noopener\" data-ext-link-init=\"true\">elementi.at<\/a> New Media Solutions GmbH ha fornito un nuovo front-end.<\/p>\n<h2>La soluzione<\/h2>\n<p>Con E4M, bartolome r\u00f6der AG ha sviluppato un sistema centralizzato di elaborazione degli ordini.<\/p>\n<p>E4M, il Central Workflow Controller, agisce come organo di controllo centrale per il mercato di <a class=\"external-link extlink\" href=\"http:\/\/Gabor.de\" target=\"_blank\" rel=\"nofollow noopener\" data-ext-link-init=\"true\">Gabor.com<\/a> compiti come l'instradamento degli ordini o il controllo del processo degli ordini. I rivenditori condividono <a class=\"external-link extlink\" href=\"http:\/\/Gabor.de\" target=\"_blank\" rel=\"nofollow noopener\" data-ext-link-init=\"true\">Gabor.com<\/a> le loro scorte. Gli ordini online in arrivo vengono elaborati da <a class=\"external-link extlink\" href=\"http:\/\/Gabor.de\" target=\"_blank\" rel=\"nofollow noopener\" data-ext-link-init=\"true\">Gabor.com<\/a> ai partner. \"Gabor \u00e8 riuscita a entrare nel mercato delle vendite business-to-consumer e, allo stesso tempo, a coinvolgere i rivenditori di negozi\", afferma B\u00e4hre, descrivendo la filosofia di vendita dell'azienda.<\/p>\n<p>Se un ordine online soddisfa <a class=\"external-link extlink\" href=\"http:\/\/Gabor.de\" target=\"_blank\" rel=\"nofollow noopener\" data-ext-link-init=\"true\">Gabor.com<\/a> un algoritmo decide quale partner di vendita eseguir\u00e0 l'ordine. Se questi accetta, l'ordine gli viene trasmesso. Il rivenditore spedisce la merce dal suo magazzino al cliente, ovviamente con il marchio Gabor. I clienti ricevono la fattura per l'ordine online da Gabor Shoes. \"Con questa soluzione, possiamo mappare chiaramente un processo di vendita in pi\u00f9 fasi e tutti i flussi di documenti, compresi la spedizione, il pagamento e i resi\", afferma Bernd R\u00f6der, Partner di bartolome r\u00f6der AG, a proposito di E4M.<\/p>\n<h2>Il risultato<\/h2>\n<p>Con E4M, tutte le fasi di un ordine sono ora trasparenti. \"Con questa soluzione abbiamo sempre una visione d'insieme\", sottolinea il responsabile dell'e-commerce B\u00e4hre. Egli elenca i seguenti esempi specifici: i livelli corretti delle scorte nel negozio, lo stato attuale degli ordini, i dati corretti dei clienti. B\u00e4hre \u00e8 soddisfatto: \"Ora possiamo monitorare tutti i processi\". Il feedback interno \u00e8 molto positivo, riferisce. Anche i partner di vendita beneficiano del principio del marketplace di Gabor. Soprattutto durante il blocco dovuto alla pandemia di coronavirus, il mercato <a class=\"external-link extlink\" href=\"http:\/\/Gabor.de\" target=\"_blank\" rel=\"nofollow noopener\" data-ext-link-init=\"true\">Gabor.com<\/a> comprovata, dice B\u00e4hre.<\/p>\n<p>Egli elogia la collaborazione con bartolome r\u00f6der AG: \"I partner sono fondamentali in un progetto cos\u00ec complesso. Quale comprensione del processo hanno? Quale visione d'insieme della pianificazione hanno? Abbiamo bisogno di soluzioni flessibili e rapide e delle menti giuste dietro di esse\". Il team di progetto di Gabor Shoes AG, bartolome r\u00f6der AG e <a class=\"external-link extlink\" href=\"http:\/\/elements.at\" target=\"_blank\" rel=\"nofollow noopener\" data-ext-link-init=\"true\">elementi.at<\/a> hanno lavorato insieme \"in modo sensazionale\", afferma felice B\u00e4hre.<\/p>\n<p>Due dei tre obiettivi del progetto sono stati raggiunti: la soluzione \u00e8 stabile e mostra tutti i processi in modo trasparente. B\u00e4hre si concentra ora sulla crescita del canale online.<\/p>\n<h2 id=\"NL|MicrosoftDynamics365BusinessCentralWave22022-HabenwirIhrInteressegeweckt?\">Abbiamo suscitato il vostro interesse?<\/h2>\n<p>Se siete interessati al nostro <strong>Controllore del mercato\". <a href=\"https:\/\/navision-beratung.de\/it\/e4m-engine-4-marketplace-central-workflow-controller\/\">Motore 4 Mercato\" (E4M)<\/a><\/strong> e desiderate ulteriori informazioni, contattateci!<\/p>\n<p><strong>Telefono: +49 (89) 21 111 848<\/strong><br \/>\n<strong>E-mail:<\/strong> <a class=\"external-link extlink\" href=\"mailto:vertrieb@br-ag.com\" target=\"_blank\" rel=\"nofollow noopener\" data-ext-link-init=\"true\">vertrieb@br-ag.com<\/a><\/p>","protected":false},"excerpt":{"rendered":"<p>\u201aKaufm\u00e4nnisches Herz\u2018 verbindet Gabor-Marktplatz mit station\u00e4ren Handelspartnern Dem Direct-to-Consumer-Trend begegnet die Schuhmarke Gabor auf eigene Weise: Auf\u00a0Gabor.de k\u00f6nnen Verbraucherinnen und Verbraucher alle Modelle ordern. Gleichzeitig bindet die Gabor Shoes AG den station\u00e4ren Handel in den digitalen Vertrieb ein. M\u00f6glich wird das durch die intelligente Marktplatz-L\u00f6sung\u201a Engine 4 Marketplace\u2018 (E4M), entwickelt von der bartolome r\u00f6der AG. [&hellip;]<\/p>","protected":false},"author":1,"featured_media":7249,"parent":0,"menu_order":0,"comment_status":"closed","ping_status":"closed","template":"","meta":{"_seopress_robots_primary_cat":"","_seopress_titles_title":"Gabor: Marktplatz verbindet Online- und Einzelhandel","_seopress_titles_desc":"Entdecken Sie Gabor.de: Online Schuhe kaufen und gleichzeitig lokale H\u00e4ndler unterst\u00fctzen durch die innovative Engine 4 Marketplace-L\u00f6sung.","_seopress_robots_index":"","footnotes":""},"categories":[],"tags":[],"class_list":["post-7243","page","type-page","status-publish","has-post-thumbnail","hentry"],"_links":{"self":[{"href":"https:\/\/navision-beratung.de\/it\/wp-json\/wp\/v2\/pages\/7243","targetHints":{"allow":["GET"]}}],"collection":[{"href":"https:\/\/navision-beratung.de\/it\/wp-json\/wp\/v2\/pages"}],"about":[{"href":"https:\/\/navision-beratung.de\/it\/wp-json\/wp\/v2\/types\/page"}],"author":[{"embeddable":true,"href":"https:\/\/navision-beratung.de\/it\/wp-json\/wp\/v2\/users\/1"}],"replies":[{"embeddable":true,"href":"https:\/\/navision-beratung.de\/it\/wp-json\/wp\/v2\/comments?post=7243"}],"version-history":[{"count":0,"href":"https:\/\/navision-beratung.de\/it\/wp-json\/wp\/v2\/pages\/7243\/revisions"}],"wp:featuredmedia":[{"embeddable":true,"href":"https:\/\/navision-beratung.de\/it\/wp-json\/wp\/v2\/media\/7249"}],"wp:attachment":[{"href":"https:\/\/navision-beratung.de\/it\/wp-json\/wp\/v2\/media?parent=7243"}],"wp:term":[{"taxonomy":"category","embeddable":true,"href":"https:\/\/navision-beratung.de\/it\/wp-json\/wp\/v2\/categories?post=7243"},{"taxonomy":"post_tag","embeddable":true,"href":"https:\/\/navision-beratung.de\/it\/wp-json\/wp\/v2\/tags?post=7243"}],"curies":[{"name":"wp","href":"https:\/\/api.w.org\/{rel}","templated":true}]}}