{"id":7108,"date":"2022-09-15T08:02:47","date_gmt":"2022-09-15T08:02:47","guid":{"rendered":"https:\/\/navision-beratung.de\/?page_id=7108"},"modified":"2025-05-26T10:18:42","modified_gmt":"2025-05-26T08:18:42","slug":"referenzprojekt-eqs-group-ag","status":"publish","type":"page","link":"https:\/\/navision-beratung.de\/it\/referenzen\/referenzprojekt-eqs-group-ag\/","title":{"rendered":"Progetto di riferimento: Nuova introduzione di Business Central Versione 18"},"content":{"rendered":"<p>Oggi vorremmo presentare un progetto al <strong>Gruppo EQS AG<\/strong>fornitore internazionale di cloud nelle aree della compliance aziendale, delle relazioni con gli investitori e del reporting di sostenibilit\u00e0 (ESG Tech), con sede a Monaco di Baviera. L'azienda, specializzata in servizi innovativi per le societ\u00e0 quotate in borsa con circa 500 utenti, ha introdotto la versione 18 di Business Central e ha effettuato un trasferimento parziale dei dati dal sistema NAV precedente.<\/p>\n<p><strong>Qual \u00e8 stata la sfida?<\/strong><\/p>\n<p>EQS Group AG utilizzava un sistema altamente modificato con molti componenti aggiuntivi di terze parti, quindi prima dell'aggiornamento c'erano parecchie preoccupazioni dovute all'elevato livello di complessit\u00e0.<br \/>L'obiettivo era quello di riportare il pi\u00f9 possibile allo standard il software utilizzato con numerose interfacce e di consolidare o sostituire i componenti aggiuntivi di terze parti. Inoltre, le funzionalit\u00e0 esistenti, ancora analizzate come necessarie, dovevano essere distribuite in modo sensato tra le varie app\/estensioni.<\/p>\n<p><strong>L'infrastruttura tecnica<\/strong><\/p>\n<p>Il sistema installato \u00e8 un'installazione on-premise ospitata da com:3000 IT-Services GmbH, con sede a F\u00fcrstenfeldbruck, distribuita su diversi server (database e application server) nel cloud privato.<\/p>\n<p><strong>I punti salienti del progetto<\/strong><\/p>\n<ul>\n<li>L'estensione del modulo dei contratti di servizio per poter mappare i tipi di contratto di EQS Group AG.<\/li>\n<li>Importazione dei dati dei clienti e dei contratti da Microsoft CRM \/ integrazione tramite Dateverse<\/li>\n<li>Introduzione dell'interfaccia del servizio web per l'importazione e l'elaborazione dei dati delle transazioni e dei dati di fatturazione dal portale cloud.<\/li>\n<li>Il collegamento di una soluzione di acquisto esterna<\/li>\n<li>La mappatura della registrazione dei tempi di progetto tra i vari clienti in un client centrale per tutti i progetti<\/li>\n<li>Gli adeguamenti introdotti per l'invio automatico di e-mail (modelli di e-mail diversi a seconda della lingua e del gruppo di clienti)<\/li>\n<li>Implementazione di un flusso di lavoro di rilascio personalizzato per i documenti in arrivo in Continia Document Capture.<\/li>\n<li>Adattamento o creazione di profili per gruppi di utenti e concetti di autorizzazione.<\/li>\n<\/ul>\n<p><strong>Le caratteristiche<\/strong><\/p>\n<p>Tutte le personalizzazioni sono state fornite come applicazioni di estensione. Poich\u00e9 gli oggetti standard non sono stati personalizzati, il cliente pu\u00f2 ora effettuare l'aggiornamento molto pi\u00f9 facilmente. Inoltre, tutte le modifiche al codice sono monitorate da un sistema di versioning (Git). Le personalizzazioni completate vengono rilasciate secondo il principio del doppio controllo e sono implementate tramite DevOps in CI\/CD (<strong>C<\/strong>ontinuo <strong>I<\/strong>ntegrazione, <strong>C<\/strong>ontinuo <strong>D<\/strong>) viene fornito automaticamente nel sistema di prova. Una volta che EQS Group AG ha testato e approvato le personalizzazioni importate, queste vengono implementate nel sistema live.<\/p>\n<p><strong>Componenti aggiuntivi di terze parti utilizzati<\/strong><\/p>\n<p>EQS Group AG utilizza i seguenti componenti aggiuntivi:<\/p>\n<ul>\n<li>PerNAV<\/li>\n<li>OPplus<\/li>\n<li>Acquisizione documenti Continia<\/li>\n<li>XtensionIT - Gestione di pi\u00f9 entit\u00e0<\/li>\n<\/ul>\n<p><strong>Il modello di progetto<\/strong><\/p>\n<p>Dopo aver analizzato i requisiti e definito i pacchetti di migrazione, abbiamo seguito un modello di sviluppo agile, implementando e dimostrando iterativamente le modifiche (prototipazione iterativa). La migrazione dei dati \u00e8 avvenuta in pi\u00f9 fasi. Dopo la formazione dei dipendenti e un'ampia fase di test con prove funzionali, di integrazione e di accettazione, il go-live si \u00e8 svolto con successo e secondo i piani.<\/p>\n\n\n<blockquote class=\"wp-block-quote is-layout-flow wp-block-quote-is-layout-flow\"><p><em>Per il passaggio da Navision a Business Central, BR AG ci ha supportato dall'ideazione al lancio. Grazie alla consulenza di esperti e a un approccio orientato alla soluzione, siamo riusciti a completare il progetto con successo. BR AG continua a sostenerci come partner e, grazie all'assistenza amichevole e orientata al cliente, saremo in grado di affrontare insieme anche le sfide future del sistema.<\/em>.<\/p><cite><strong>Clarissa J\u00f6rg, <\/strong>Responsabile della contabilit\u00e0, EQS Group AG<\/cite><\/blockquote>","protected":false},"excerpt":{"rendered":"<p>Oggi vogliamo presentarvi un progetto di EQS Group AG, un fornitore internazionale di cloud leader nei settori della compliance aziendale, delle relazioni con gli investitori e del reporting di sostenibilit\u00e0 (ESG Tech), con sede a Monaco. L'azienda, specializzata in servizi innovativi per le societ\u00e0 quotate in borsa, con circa 500 utenti, ha implementato la versione 18 di Business Central e il trasferimento parziale dei dati [...]<\/p>","protected":false},"author":1,"featured_media":11496,"parent":8787,"menu_order":0,"comment_status":"closed","ping_status":"closed","template":"","meta":{"_seopress_robots_primary_cat":"","_seopress_titles_title":"EQS Group AG: Erfolgreiche Cloud-Integration bei ERP","_seopress_titles_desc":"Erleben Sie die erfolgreiche Einf\u00fchrung von Business Central bei EQS Group AG, einem f\u00fchrenden Cloud-Anbieter, und wie sie Komplexit\u00e4t meisterten.","_seopress_robots_index":"","footnotes":""},"categories":[52],"tags":[],"class_list":["post-7108","page","type-page","status-publish","has-post-thumbnail","hentry","category-referenzen"],"_links":{"self":[{"href":"https:\/\/navision-beratung.de\/it\/wp-json\/wp\/v2\/pages\/7108","targetHints":{"allow":["GET"]}}],"collection":[{"href":"https:\/\/navision-beratung.de\/it\/wp-json\/wp\/v2\/pages"}],"about":[{"href":"https:\/\/navision-beratung.de\/it\/wp-json\/wp\/v2\/types\/page"}],"author":[{"embeddable":true,"href":"https:\/\/navision-beratung.de\/it\/wp-json\/wp\/v2\/users\/1"}],"replies":[{"embeddable":true,"href":"https:\/\/navision-beratung.de\/it\/wp-json\/wp\/v2\/comments?post=7108"}],"version-history":[{"count":0,"href":"https:\/\/navision-beratung.de\/it\/wp-json\/wp\/v2\/pages\/7108\/revisions"}],"up":[{"embeddable":true,"href":"https:\/\/navision-beratung.de\/it\/wp-json\/wp\/v2\/pages\/8787"}],"wp:featuredmedia":[{"embeddable":true,"href":"https:\/\/navision-beratung.de\/it\/wp-json\/wp\/v2\/media\/11496"}],"wp:attachment":[{"href":"https:\/\/navision-beratung.de\/it\/wp-json\/wp\/v2\/media?parent=7108"}],"wp:term":[{"taxonomy":"category","embeddable":true,"href":"https:\/\/navision-beratung.de\/it\/wp-json\/wp\/v2\/categories?post=7108"},{"taxonomy":"post_tag","embeddable":true,"href":"https:\/\/navision-beratung.de\/it\/wp-json\/wp\/v2\/tags?post=7108"}],"curies":[{"name":"wp","href":"https:\/\/api.w.org\/{rel}","templated":true}]}}