{"id":680,"date":"2020-06-02T10:06:53","date_gmt":"2020-06-02T10:06:53","guid":{"rendered":"http:\/\/navisionberatung.apps-1and1.net\/?page_id=680"},"modified":"2025-06-11T15:13:17","modified_gmt":"2025-06-11T13:13:17","slug":"magento-connector","status":"publish","type":"page","link":"https:\/\/navision-beratung.de\/it\/add-ons\/magento-connector\/","title":{"rendered":"L'applicazione Magento: componente aggiuntivo per Microsoft Dynamics 365 Business Central e Dynamics NAV"},"content":{"rendered":"<div data-elementor-type=\"wp-page\" data-elementor-id=\"680\" class=\"elementor elementor-680\" data-elementor-post-type=\"page\">\n\t\t\t\t<div class=\"elementor-element elementor-element-a6c7664 e-flex e-con-boxed e-con e-parent\" data-id=\"a6c7664\" data-element_type=\"container\" data-settings=\"{&quot;background_background&quot;:&quot;gradient&quot;}\">\n\t\t\t\t\t<div class=\"e-con-inner\">\n\t\t<div class=\"elementor-element elementor-element-56eb106 e-con-full e-flex e-con e-child\" data-id=\"56eb106\" data-element_type=\"container\">\n\t\t\t\t<div class=\"elementor-element elementor-element-8ffa9af elementor-widget__width-initial elementor-widget elementor-widget-heading\" data-id=\"8ffa9af\" data-element_type=\"widget\" data-widget_type=\"heading.default\">\n\t\t\t\t\t<h2 class=\"elementor-heading-title elementor-size-default\">Trasferimento automatico degli ordini in Dynamics 365 Business Central<\/h2>\t\t\t\t<\/div>\n\t\t\t\t<\/div>\n\t\t<div class=\"elementor-element elementor-element-7c10f94 e-con-full e-flex e-con e-child\" data-id=\"7c10f94\" data-element_type=\"container\">\n\t\t\t\t<div class=\"elementor-element elementor-element-6ffb193 elementor-absolute elementor-widget elementor-widget-image\" data-id=\"6ffb193\" data-element_type=\"widget\" data-settings=\"{&quot;_position&quot;:&quot;absolute&quot;}\" data-widget_type=\"image.default\">\n\t\t\t\t\t\t\t\t\t\t\t\t\t\t\t<img alt=\"\" fetchpriority=\"high\" decoding=\"async\" width=\"758\" height=\"837\" src=\"https:\/\/navision-beratung.de\/wp-content\/uploads\/2025\/04\/brAG_Play-Icon_RGB.svg\" class=\"attachment-large size-large wp-image-9176\" \/>\t\t\t\t\t\t\t\t\t\t\t\t\t\t\t<\/div>\n\t\t\t\t<div class=\"elementor-element elementor-element-c7fab1a elementor-widget elementor-widget-image\" data-id=\"c7fab1a\" data-element_type=\"widget\" data-widget_type=\"image.default\">\n\t\t\t\t\t\t\t\t\t\t\t\t\t\t\t<img alt=\"\" decoding=\"async\" width=\"800\" height=\"534\" src=\"https:\/\/navision-beratung.de\/wp-content\/uploads\/2025\/04\/br-AG-Stockfotos-41-1024x683.jpg\" class=\"attachment-large size-large wp-image-8990\" srcset=\"https:\/\/navision-beratung.de\/wp-content\/uploads\/2025\/04\/br-AG-Stockfotos-41-1024x683.jpg 1024w, https:\/\/navision-beratung.de\/wp-content\/uploads\/2025\/04\/br-AG-Stockfotos-41-300x200.jpg 300w, https:\/\/navision-beratung.de\/wp-content\/uploads\/2025\/04\/br-AG-Stockfotos-41-768x512.jpg 768w, https:\/\/navision-beratung.de\/wp-content\/uploads\/2025\/04\/br-AG-Stockfotos-41-1536x1025.jpg 1536w, https:\/\/navision-beratung.de\/wp-content\/uploads\/2025\/04\/br-AG-Stockfotos-41.jpg 2000w\" sizes=\"(max-width: 800px) 100vw, 800px\" \/>\t\t\t\t\t\t\t\t\t\t\t\t\t\t\t<\/div>\n\t\t\t\t<\/div>\n\t\t\t\t\t<\/div>\n\t\t\t\t<\/div>\n\t\t<div class=\"elementor-element elementor-element-60b7d39 e-flex e-con-boxed e-con e-parent\" data-id=\"60b7d39\" data-element_type=\"container\" data-settings=\"{&quot;background_background&quot;:&quot;classic&quot;}\">\n\t\t\t\t\t<div class=\"e-con-inner\">\n\t\t\t\t<div class=\"elementor-element elementor-element-c1e3539 elementor-widget__width-initial elementor-widget elementor-widget-heading\" data-id=\"c1e3539\" data-element_type=\"widget\" data-widget_type=\"heading.default\">\n\t\t\t\t\t<h1 class=\"elementor-heading-title elementor-size-default\">App Magento<\/h1>\t\t\t\t<\/div>\n\t\t\t\t<div class=\"elementor-element elementor-element-dbc3aef elementor-widget__width-initial elementor-widget elementor-widget-heading\" data-id=\"dbc3aef\" data-element_type=\"widget\" data-widget_type=\"heading.default\">\n\t\t\t\t\t<h2 class=\"elementor-heading-title elementor-size-default\"> L'interfaccia tra webshop e ERP<\/h2>\t\t\t\t<\/div>\n\t\t\t\t<div class=\"elementor-element elementor-element-99874e7 elementor-widget elementor-widget-text-editor\" data-id=\"99874e7\" data-element_type=\"widget\" data-widget_type=\"text-editor.default\">\n\t\t\t\t\t\t\t\t\t<p data-start=\"482\" data-end=\"835\">Il <strong data-start=\"486\" data-end=\"501\">App Magento<\/strong> \u00e8 un potente componente aggiuntivo per il trasferimento automatico degli ordini dal sistema <strong data-start=\"591\" data-end=\"610\">Negozio web Magento<\/strong> in <strong data-start=\"614\" data-end=\"657\">Microsoft Dynamics 365 Business Central<\/strong> risp. <strong data-start=\"663\" data-end=\"679\">Dynamics NAV<\/strong>.<br data-start=\"680\" data-end=\"683\" \/>Grazie alla connessione al servizio web, i dati fluiscono in modo sicuro e in tempo reale tra i due sistemi, per un flusso di lavoro continuo senza interventi manuali.<\/p>\t\t\t\t\t\t\t\t<\/div>\n\t\t\t\t\t<\/div>\n\t\t\t\t<\/div>\n\t\t<div class=\"elementor-element elementor-element-c70a87e e-flex e-con-boxed e-con e-parent\" data-id=\"c70a87e\" data-element_type=\"container\" data-settings=\"{&quot;background_background&quot;:&quot;classic&quot;}\">\n\t\t\t\t\t<div class=\"e-con-inner\">\n\t\t<div class=\"elementor-element elementor-element-1e2fb50 e-con-full e-flex e-con e-child\" data-id=\"1e2fb50\" data-element_type=\"container\">\n\t\t\t\t<div class=\"elementor-element elementor-element-1eb4a42 elementor-widget elementor-widget-image\" data-id=\"1eb4a42\" data-element_type=\"widget\" data-widget_type=\"image.default\">\n\t\t\t\t\t\t\t\t\t\t\t\t\t\t\t<img alt=\"\" decoding=\"async\" width=\"800\" height=\"800\" src=\"https:\/\/navision-beratung.de\/wp-content\/uploads\/2025\/05\/br-AG-Stock-III-square-222-1024x1024.jpg\" class=\"attachment-large size-large wp-image-11109\" srcset=\"https:\/\/navision-beratung.de\/wp-content\/uploads\/2025\/05\/br-AG-Stock-III-square-222-1024x1024.jpg 1024w, https:\/\/navision-beratung.de\/wp-content\/uploads\/2025\/05\/br-AG-Stock-III-square-222-300x300.jpg 300w, https:\/\/navision-beratung.de\/wp-content\/uploads\/2025\/05\/br-AG-Stock-III-square-222-150x150.jpg 150w, https:\/\/navision-beratung.de\/wp-content\/uploads\/2025\/05\/br-AG-Stock-III-square-222-768x768.jpg 768w, https:\/\/navision-beratung.de\/wp-content\/uploads\/2025\/05\/br-AG-Stock-III-square-222.jpg 1500w\" sizes=\"(max-width: 800px) 100vw, 800px\" \/>\t\t\t\t\t\t\t\t\t\t\t\t\t\t\t<\/div>\n\t\t\t\t<\/div>\n\t\t<div class=\"elementor-element elementor-element-7599140 e-con-full e-flex e-con e-child\" data-id=\"7599140\" data-element_type=\"container\">\n\t\t\t\t<div class=\"elementor-element elementor-element-88e48c7 elementor-widget elementor-widget-heading\" data-id=\"88e48c7\" data-element_type=\"widget\" data-widget_type=\"heading.default\">\n\t\t\t\t\t<h3 class=\"elementor-heading-title elementor-size-default\">Passaggio di consegne stabile. Processi chiari. Nessuna duplicazione degli sforzi.<\/h3>\t\t\t\t<\/div>\n\t\t\t\t<div class=\"elementor-element elementor-element-161b01d elementor-widget elementor-widget-text-editor\" data-id=\"161b01d\" data-element_type=\"widget\" data-widget_type=\"text-editor.default\">\n\t\t\t\t\t\t\t\t\tL'applicazione Magento trasferisce automaticamente gli ordini, compresi gli ID di pagamento e di tracciamento, i diversi indirizzi e i codici venditore a Business Central o a NAV. I processi errati vengono visualizzati nel cockpit di Magento con un messaggio e possono essere inviati nuovamente dopo la correzione. Grazie a tabelle di inserimento ordini separate, il trasferimento \u00e8 tracciabile e vengono eliminati i processi doppi. L'installazione avviene senza alcuna modifica ai vostri clienti: veloce, stabile ed efficiente.\t\t\t\t\t\t\t\t<\/div>\n\t\t\t\t<\/div>\n\t\t\t\t\t<\/div>\n\t\t\t\t<\/div>\n\t\t<div class=\"elementor-element elementor-element-ea076ef e-grid e-con-boxed e-con e-parent\" data-id=\"ea076ef\" data-element_type=\"container\" data-settings=\"{&quot;background_background&quot;:&quot;classic&quot;}\">\n\t\t\t\t\t<div class=\"e-con-inner\">\n\t\t<div class=\"elementor-element elementor-element-5e061f7 e-con-full e-flex e-con e-child\" data-id=\"5e061f7\" data-element_type=\"container\" data-settings=\"{&quot;background_background&quot;:&quot;classic&quot;}\">\n\t\t\t\t<div class=\"elementor-element elementor-element-f00de68 elementor-widget elementor-widget-heading\" data-id=\"f00de68\" data-element_type=\"widget\" data-widget_type=\"heading.default\">\n\t\t\t\t\t<h4 class=\"elementor-heading-title elementor-size-default\">Semplice integrazione con Magento<\/h4>\t\t\t\t<\/div>\n\t\t\t\t<div class=\"elementor-element elementor-element-e0d06a9 elementor-widget elementor-widget-text-editor\" data-id=\"e0d06a9\" data-element_type=\"widget\" data-widget_type=\"text-editor.default\">\n\t\t\t\t\t\t\t\t\t<p>Due estensioni fornite possono essere integrate rapidamente e facilmente in Magento.<\/p>\t\t\t\t\t\t\t\t<\/div>\n\t\t\t\t<\/div>\n\t\t<div class=\"elementor-element elementor-element-5332d08 e-con-full e-flex e-con e-child\" data-id=\"5332d08\" data-element_type=\"container\" data-settings=\"{&quot;background_background&quot;:&quot;classic&quot;}\">\n\t\t\t\t<div class=\"elementor-element elementor-element-f421968 elementor-widget elementor-widget-heading\" data-id=\"f421968\" data-element_type=\"widget\" data-widget_type=\"heading.default\">\n\t\t\t\t\t<h4 class=\"elementor-heading-title elementor-size-default\">Pianificazione flessibile della trasmissione<\/h4>\t\t\t\t<\/div>\n\t\t\t\t<div class=\"elementor-element elementor-element-50b329e elementor-widget elementor-widget-text-editor\" data-id=\"50b329e\" data-element_type=\"widget\" data-widget_type=\"text-editor.default\">\n\t\t\t\t\t\t\t\t\t<p data-start=\"755\" data-end=\"890\">I processi possono essere trasferiti in modo flessibile a Business Central su base temporale tramite un cron job.<\/p>\t\t\t\t\t\t\t\t<\/div>\n\t\t\t\t<\/div>\n\t\t<div class=\"elementor-element elementor-element-86d44e4 e-con-full e-flex e-con e-child\" data-id=\"86d44e4\" data-element_type=\"container\" data-settings=\"{&quot;background_background&quot;:&quot;classic&quot;}\">\n\t\t\t\t<div class=\"elementor-element elementor-element-c45b742 elementor-widget elementor-widget-heading\" data-id=\"c45b742\" data-element_type=\"widget\" data-widget_type=\"heading.default\">\n\t\t\t\t\t<h4 class=\"elementor-heading-title elementor-size-default\">Gestione intelligente degli errori<\/h4>\t\t\t\t<\/div>\n\t\t\t\t<div class=\"elementor-element elementor-element-b4686be elementor-widget elementor-widget-text-editor\" data-id=\"b4686be\" data-element_type=\"widget\" data-widget_type=\"text-editor.default\">\n\t\t\t\t\t\t\t\t\t<p>Gli ordini non riusciti sono contrassegnati nel Magento Cockpit e possono essere trasmessi nuovamente.<\/p>\t\t\t\t\t\t\t\t<\/div>\n\t\t\t\t<\/div>\n\t\t<div class=\"elementor-element elementor-element-a49ddda e-con-full e-flex e-con e-child\" data-id=\"a49ddda\" data-element_type=\"container\" data-settings=\"{&quot;background_background&quot;:&quot;classic&quot;}\">\n\t\t\t\t<div class=\"elementor-element elementor-element-7b59cad elementor-widget elementor-widget-heading\" data-id=\"7b59cad\" data-element_type=\"widget\" data-widget_type=\"heading.default\">\n\t\t\t\t\t<h4 class=\"elementor-heading-title elementor-size-default\">Sistema automatico per i clienti<\/h4>\t\t\t\t<\/div>\n\t\t\t\t<div class=\"elementor-element elementor-element-240b6ff elementor-widget elementor-widget-text-editor\" data-id=\"240b6ff\" data-element_type=\"widget\" data-widget_type=\"text-editor.default\">\n\t\t\t\t\t\t\t\t\t<p>Quando si riceve un ordine, i dati anagrafici del cliente vengono creati automaticamente nel sistema ERP.<\/p>\t\t\t\t\t\t\t\t<\/div>\n\t\t\t\t<\/div>\n\t\t<div class=\"elementor-element elementor-element-2ae124e e-con-full e-flex e-con e-child\" data-id=\"2ae124e\" data-element_type=\"container\" data-settings=\"{&quot;background_background&quot;:&quot;classic&quot;}\">\n\t\t\t\t<div class=\"elementor-element elementor-element-9245493 elementor-widget elementor-widget-heading\" data-id=\"9245493\" data-element_type=\"widget\" data-widget_type=\"heading.default\">\n\t\t\t\t\t<h4 class=\"elementor-heading-title elementor-size-default\">Indirizzi presi in considerazione<\/h4>\t\t\t\t<\/div>\n\t\t\t\t<div class=\"elementor-element elementor-element-f79cda9 elementor-widget elementor-widget-text-editor\" data-id=\"f79cda9\" data-element_type=\"widget\" data-widget_type=\"text-editor.default\">\n\t\t\t\t\t\t\t\t\t<p>Verranno forniti indirizzi di consegna e di fatturazione diversi e completi.<\/p>\t\t\t\t\t\t\t\t<\/div>\n\t\t\t\t<\/div>\n\t\t<div class=\"elementor-element elementor-element-844489c e-con-full e-flex e-con e-child\" data-id=\"844489c\" data-element_type=\"container\" data-settings=\"{&quot;background_background&quot;:&quot;classic&quot;}\">\n\t\t\t\t<div class=\"elementor-element elementor-element-e1b2cf8 elementor-widget elementor-widget-heading\" data-id=\"e1b2cf8\" data-element_type=\"widget\" data-widget_type=\"heading.default\">\n\t\t\t\t\t<h4 class=\"elementor-heading-title elementor-size-default\">ID di pagamento e tracciamento<\/h4>\t\t\t\t<\/div>\n\t\t\t\t<div class=\"elementor-element elementor-element-432f9bd elementor-widget elementor-widget-text-editor\" data-id=\"432f9bd\" data-element_type=\"widget\" data-widget_type=\"text-editor.default\">\n\t\t\t\t\t\t\t\t\t<p>I dati di pagamento e di spedizione, compreso il codice del venditore, vengono trasmessi automaticamente.<\/p>\t\t\t\t\t\t\t\t<\/div>\n\t\t\t\t<\/div>\n\t\t<div class=\"elementor-element elementor-element-8b11414 e-con-full e-flex e-con e-child\" data-id=\"8b11414\" data-element_type=\"container\" data-settings=\"{&quot;background_background&quot;:&quot;classic&quot;}\">\n\t\t\t\t<div class=\"elementor-element elementor-element-b71d147 elementor-widget elementor-widget-heading\" data-id=\"b71d147\" data-element_type=\"widget\" data-widget_type=\"heading.default\">\n\t\t\t\t\t<h4 class=\"elementor-heading-title elementor-size-default\">Installazione semplice nell'ERP<\/h4>\t\t\t\t<\/div>\n\t\t\t\t<div class=\"elementor-element elementor-element-8156bf7 elementor-widget elementor-widget-text-editor\" data-id=\"8156bf7\" data-element_type=\"widget\" data-widget_type=\"text-editor.default\">\n\t\t\t\t\t\t\t\t\t<p>Configurazione rapida, senza modifiche ai client o alle installazioni esistenti.<\/p>\t\t\t\t\t\t\t\t<\/div>\n\t\t\t\t<\/div>\n\t\t<div class=\"elementor-element elementor-element-3570ee0 e-con-full e-flex e-con e-child\" data-id=\"3570ee0\" data-element_type=\"container\" data-settings=\"{&quot;background_background&quot;:&quot;classic&quot;}\">\n\t\t\t\t<div class=\"elementor-element elementor-element-83ee646 elementor-widget elementor-widget-heading\" data-id=\"83ee646\" data-element_type=\"widget\" data-widget_type=\"heading.default\">\n\t\t\t\t\t<h4 class=\"elementor-heading-title elementor-size-default\">Tracciabilit\u00e0 completa<\/h4>\t\t\t\t<\/div>\n\t\t\t\t<div class=\"elementor-element elementor-element-3cd36d1 elementor-widget elementor-widget-text-editor\" data-id=\"3cd36d1\" data-element_type=\"widget\" data-widget_type=\"text-editor.default\">\n\t\t\t\t\t\t\t\t\t<p>Tutti i processi sono documentati in tabelle di inserimento ordini separate, a prova di audit.<\/p>\t\t\t\t\t\t\t\t<\/div>\n\t\t\t\t<\/div>\n\t\t<div class=\"elementor-element elementor-element-c64dd2f e-con-full e-flex e-con e-child\" data-id=\"c64dd2f\" data-element_type=\"container\" data-settings=\"{&quot;background_background&quot;:&quot;classic&quot;}\">\n\t\t\t\t<div class=\"elementor-element elementor-element-8db066e elementor-widget elementor-widget-heading\" data-id=\"8db066e\" data-element_type=\"widget\" data-widget_type=\"heading.default\">\n\t\t\t\t\t<h4 class=\"elementor-heading-title elementor-size-default\">Nessun doppio trasferimento<\/h4>\t\t\t\t<\/div>\n\t\t\t\t<div class=\"elementor-element elementor-element-d1d30d3 elementor-widget elementor-widget-text-editor\" data-id=\"d1d30d3\" data-element_type=\"widget\" data-widget_type=\"text-editor.default\">\n\t\t\t\t\t\t\t\t\t<p>Grazie al controllo intelligente, ogni processo viene elaborato una sola volta.<\/p>\t\t\t\t\t\t\t\t<\/div>\n\t\t\t\t<\/div>\n\t\t\t\t\t<\/div>\n\t\t\t\t<\/div>\n\t\t<div class=\"elementor-element elementor-element-6397539 e-con-full e-flex e-con e-parent\" data-id=\"6397539\" data-element_type=\"container\">\n\t\t\t\t<div class=\"elementor-element elementor-element-e3dac32 elementor-widget elementor-widget-template\" data-id=\"e3dac32\" data-element_type=\"widget\" data-widget_type=\"template.default\">\n\t\t\t\t<div class=\"elementor-widget-container\">\n\t\t\t\t\t\t\t<div class=\"elementor-template\">\n\t\t\t\t\t<div data-elementor-type=\"container\" data-elementor-id=\"11400\" class=\"elementor elementor-11400\" data-elementor-post-type=\"elementor_library\">\n\t\t\t\t<div class=\"elementor-element elementor-element-5bb7ce78 e-flex e-con-boxed e-con e-parent\" data-id=\"5bb7ce78\" data-element_type=\"container\" data-settings=\"{&quot;background_background&quot;:&quot;gradient&quot;}\">\n\t\t\t\t\t<div class=\"e-con-inner\">\n\t\t<div class=\"elementor-element elementor-element-5e05ea3b e-con-full e-flex e-con e-child\" data-id=\"5e05ea3b\" data-element_type=\"container\">\n\t\t\t\t<div class=\"elementor-element elementor-element-136dead0 elementor-absolute elementor-widget elementor-widget-image\" data-id=\"136dead0\" data-element_type=\"widget\" data-settings=\"{&quot;_position&quot;:&quot;absolute&quot;}\" data-widget_type=\"image.default\">\n\t\t\t\t\t\t\t\t\t\t\t\t\t\t\t<img alt=\"\" loading=\"lazy\" decoding=\"async\" width=\"758\" height=\"837\" src=\"https:\/\/navision-beratung.de\/wp-content\/uploads\/2025\/04\/brAG_Play-Icon_neg_RGB.svg\" class=\"attachment-large size-large wp-image-9175\" \/>\t\t\t\t\t\t\t\t\t\t\t\t\t\t\t<\/div>\n\t\t\t\t<div class=\"elementor-element elementor-element-3fd3f508 elementor-widget elementor-widget-image\" data-id=\"3fd3f508\" data-element_type=\"widget\" data-widget_type=\"image.default\">\n\t\t\t\t\t\t\t\t\t\t\t\t\t\t\t<img alt=\"\" loading=\"lazy\" decoding=\"async\" width=\"800\" height=\"800\" src=\"https:\/\/navision-beratung.de\/wp-content\/uploads\/2025\/05\/br-AG-Stock-III-square-239-1024x1024.jpg\" class=\"attachment-large size-large wp-image-11126\" srcset=\"https:\/\/navision-beratung.de\/wp-content\/uploads\/2025\/05\/br-AG-Stock-III-square-239-1024x1024.jpg 1024w, https:\/\/navision-beratung.de\/wp-content\/uploads\/2025\/05\/br-AG-Stock-III-square-239-300x300.jpg 300w, https:\/\/navision-beratung.de\/wp-content\/uploads\/2025\/05\/br-AG-Stock-III-square-239-150x150.jpg 150w, https:\/\/navision-beratung.de\/wp-content\/uploads\/2025\/05\/br-AG-Stock-III-square-239-768x768.jpg 768w, https:\/\/navision-beratung.de\/wp-content\/uploads\/2025\/05\/br-AG-Stock-III-square-239.jpg 1500w\" sizes=\"(max-width: 800px) 100vw, 800px\" \/>\t\t\t\t\t\t\t\t\t\t\t\t\t\t\t<\/div>\n\t\t\t\t<\/div>\n\t\t<div class=\"elementor-element elementor-element-1e7fc725 e-con-full e-flex e-con e-child\" data-id=\"1e7fc725\" data-element_type=\"container\">\n\t\t\t\t<div class=\"elementor-element elementor-element-11e1d521 elementor-widget elementor-widget-heading\" data-id=\"11e1d521\" data-element_type=\"widget\" data-widget_type=\"heading.default\">\n\t\t\t\t\t<h3 class=\"elementor-heading-title elementor-size-default\">Interesse per <br>le nostre estensioni?<\/h3>\t\t\t\t<\/div>\n\t\t\t\t<div class=\"elementor-element elementor-element-24093578 elementor-widget elementor-widget-text-editor\" data-id=\"24093578\" data-element_type=\"widget\" data-widget_type=\"text-editor.default\">\n\t\t\t\t\t\t\t\t\t<p>Saremo lieti di mostrarvi come funzionano le nostre estensioni, come possono essere integrate nel vostro ambiente e quale valore aggiunto offrono nella vita quotidiana. Basta mettersi in contatto con noi - senza impegno e senza complicazioni.<\/p>\t\t\t\t\t\t\t\t<\/div>\n\t\t\t\t<div class=\"elementor-element elementor-element-3a1e0da8 elementor-widget elementor-widget-button\" data-id=\"3a1e0da8\" data-element_type=\"widget\" data-widget_type=\"button.default\">\n\t\t\t\t\t\t\t\t\t\t<a class=\"elementor-button elementor-button-link elementor-size-sm\" href=\"https:\/\/navision-beratung.de\/it\/kontakt\/\">\n\t\t\t\t\t\t<span class=\"elementor-button-content-wrapper\">\n\t\t\t\t\t\t<span class=\"elementor-button-icon\">\n\t\t\t\t<svg aria-hidden=\"true\" class=\"e-font-icon-svg e-fas-angle-right\" viewbox=\"0 0 256 512\" xmlns=\"http:\/\/www.w3.org\/2000\/svg\"><path d=\"M224.3 273l-136 136c-9.4 9.4-24.6 9.4-33.9 0l-22.6-22.6c-9.4-9.4-9.4-24.6 0-33.9l96.4-96.4-96.4-96.4c-9.4-9.4-9.4-24.6 0-33.9L54.3 103c9.4-9.4 24.6-9.4 33.9 0l136 136c9.5 9.4 9.5 24.6.1 34z\"><\/path><\/svg>\t\t\t<\/span>\n\t\t\t\t\t\t\t\t\t<span class=\"elementor-button-text\">Richiedi ora<\/span>\n\t\t\t\t\t<\/span>\n\t\t\t\t\t<\/a>\n\t\t\t\t\t\t\t\t<\/div>\n\t\t\t\t<\/div>\n\t\t\t\t\t<\/div>\n\t\t\t\t<\/div>\n\t\t\t\t<\/div>\n\t\t\t\t<\/div>\n\t\t\t\t\t\t<\/div>\n\t\t\t\t<\/div>\n\t\t\t\t<\/div>\n\t\t<div class=\"elementor-element elementor-element-de32231 e-con-full e-flex e-con e-parent\" data-id=\"de32231\" data-element_type=\"container\">\n\t\t\t\t<div class=\"elementor-element elementor-element-dafc315 elementor-widget elementor-widget-template\" data-id=\"dafc315\" data-element_type=\"widget\" data-widget_type=\"template.default\">\n\t\t\t\t<div class=\"elementor-widget-container\">\n\t\t\t\t\t\t\t<div class=\"elementor-template\">\n\t\t\t\t\t<div data-elementor-type=\"container\" data-elementor-id=\"11390\" class=\"elementor elementor-11390\" data-elementor-post-type=\"elementor_library\">\n\t\t\t\t<div class=\"elementor-element elementor-element-33a0e55 e-flex e-con-boxed e-con e-parent\" data-id=\"33a0e55\" data-element_type=\"container\" data-settings=\"{&quot;background_background&quot;:&quot;classic&quot;}\">\n\t\t\t\t\t<div class=\"e-con-inner\">\n\t\t<div class=\"elementor-element elementor-element-12b5d55 e-con-full e-flex e-con e-child\" data-id=\"12b5d55\" data-element_type=\"container\">\n\t\t<div class=\"elementor-element elementor-element-8a9f9b5 e-con-full e-flex e-con e-child\" data-id=\"8a9f9b5\" data-element_type=\"container\">\n\t\t\t\t<div class=\"elementor-element elementor-element-f2cdf0d elementor-widget__width-initial elementor-widget elementor-widget-heading\" data-id=\"f2cdf0d\" data-element_type=\"widget\" data-widget_type=\"heading.default\">\n\t\t\t\t\t<h5 class=\"elementor-heading-title elementor-size-default\">bartolome r\u00f6der AG<\/h5>\t\t\t\t<\/div>\n\t\t\t\t<div class=\"elementor-element elementor-element-19095e8e elementor-widget elementor-widget-heading\" data-id=\"19095e8e\" data-element_type=\"widget\" data-widget_type=\"heading.default\">\n\t\t\t\t\t<h3 class=\"elementor-heading-title elementor-size-default\">Estensioni intelligenti - direttamente dal campo<\/h3>\t\t\t\t<\/div>\n\t\t\t\t<div class=\"elementor-element elementor-element-72395315 elementor-widget elementor-widget-text-editor\" data-id=\"72395315\" data-element_type=\"widget\" data-widget_type=\"text-editor.default\">\n\t\t\t\t\t\t\t\t\t<p>Le nostre app nascono da esigenze reali di progetto e sono sviluppate appositamente per Dynamics 365 Business Central e Dynamics NAV. Sono profondamente integrate, tecnicamente mature e progettate per semplificare e automatizzare i processi.<\/p><p>In qualit\u00e0 di sviluppatori, vi accompagniamo dall'introduzione al funzionamento continuo, compresi la personalizzazione, l'assistenza e l'ulteriore sviluppo. Questo garantisce che la vostra soluzione rimanga efficiente e a prova di futuro nel lungo periodo.<\/p>\t\t\t\t\t\t\t\t<\/div>\n\t\t\t\t<div class=\"elementor-element elementor-element-e5331e3 elementor-widget elementor-widget-button\" data-id=\"e5331e3\" data-element_type=\"widget\" data-widget_type=\"button.default\">\n\t\t\t\t\t\t\t\t\t\t<a class=\"elementor-button elementor-button-link elementor-size-sm\" href=\"https:\/\/navision-beratung.de\/it\/bartolome-roeder-ag\/\">\n\t\t\t\t\t\t<span class=\"elementor-button-content-wrapper\">\n\t\t\t\t\t\t<span class=\"elementor-button-icon\">\n\t\t\t\t<svg aria-hidden=\"true\" class=\"e-font-icon-svg e-fas-angle-right\" viewbox=\"0 0 256 512\" xmlns=\"http:\/\/www.w3.org\/2000\/svg\"><path d=\"M224.3 273l-136 136c-9.4 9.4-24.6 9.4-33.9 0l-22.6-22.6c-9.4-9.4-9.4-24.6 0-33.9l96.4-96.4-96.4-96.4c-9.4-9.4-9.4-24.6 0-33.9L54.3 103c9.4-9.4 24.6-9.4 33.9 0l136 136c9.5 9.4 9.5 24.6.1 34z\"><\/path><\/svg>\t\t\t<\/span>\n\t\t\t\t\t\t\t\t\t<span class=\"elementor-button-text\">Per saperne di pi\u00f9<\/span>\n\t\t\t\t\t<\/span>\n\t\t\t\t\t<\/a>\n\t\t\t\t\t\t\t\t<\/div>\n\t\t\t\t<\/div>\n\t\t\t\t<\/div>\n\t\t\t\t\t<\/div>\n\t\t\t\t<\/div>\n\t\t\t\t<\/div>\n\t\t\t\t<\/div>\n\t\t\t\t\t\t<\/div>\n\t\t\t\t<\/div>\n\t\t\t\t<\/div>\n\t\t\t\t<\/div>","protected":false},"excerpt":{"rendered":"<p>Die Add-on L\u00f6sung &#8222;Magento Interface&#8220; wurde f\u00fcr Dynamics NAV (Versionen NAV 2009 und h\u00f6her) entwickelt, um Bestellungen aus dem popul\u00e4ren Magento Webshop \u2013System automatisiert an Microsoft Dynamics NAV zu \u00fcbergeben.<\/p>","protected":false},"author":1,"featured_media":5816,"parent":664,"menu_order":0,"comment_status":"closed","ping_status":"closed","template":"","meta":{"_seopress_robots_primary_cat":"","_seopress_titles_title":"Optimierte Bestell\u00fcbergabe mit Magento & Dynamics 365","_seopress_titles_desc":"Automatisierte Bestell\u00fcbergabe von Magento zu Dynamics 365 Business Central. Echtzeit-Datenfluss & intelligentes Fehlerhandling f\u00fcr nahtlose Prozesse.","_seopress_robots_index":"","footnotes":""},"categories":[],"tags":[],"class_list":["post-680","page","type-page","status-publish","has-post-thumbnail","hentry"],"_links":{"self":[{"href":"https:\/\/navision-beratung.de\/it\/wp-json\/wp\/v2\/pages\/680","targetHints":{"allow":["GET"]}}],"collection":[{"href":"https:\/\/navision-beratung.de\/it\/wp-json\/wp\/v2\/pages"}],"about":[{"href":"https:\/\/navision-beratung.de\/it\/wp-json\/wp\/v2\/types\/page"}],"author":[{"embeddable":true,"href":"https:\/\/navision-beratung.de\/it\/wp-json\/wp\/v2\/users\/1"}],"replies":[{"embeddable":true,"href":"https:\/\/navision-beratung.de\/it\/wp-json\/wp\/v2\/comments?post=680"}],"version-history":[{"count":0,"href":"https:\/\/navision-beratung.de\/it\/wp-json\/wp\/v2\/pages\/680\/revisions"}],"up":[{"embeddable":true,"href":"https:\/\/navision-beratung.de\/it\/wp-json\/wp\/v2\/pages\/664"}],"wp:featuredmedia":[{"embeddable":true,"href":"https:\/\/navision-beratung.de\/it\/wp-json\/wp\/v2\/media\/5816"}],"wp:attachment":[{"href":"https:\/\/navision-beratung.de\/it\/wp-json\/wp\/v2\/media?parent=680"}],"wp:term":[{"taxonomy":"category","embeddable":true,"href":"https:\/\/navision-beratung.de\/it\/wp-json\/wp\/v2\/categories?post=680"},{"taxonomy":"post_tag","embeddable":true,"href":"https:\/\/navision-beratung.de\/it\/wp-json\/wp\/v2\/tags?post=680"}],"curies":[{"name":"wp","href":"https:\/\/api.w.org\/{rel}","templated":true}]}}