{"id":5616,"date":"2020-04-23T13:04:43","date_gmt":"2020-04-23T13:04:43","guid":{"rendered":"https:\/\/navision-beratung.de\/?page_id=5616"},"modified":"2025-05-26T10:27:12","modified_gmt":"2025-05-26T08:27:12","slug":"referenzprojekt-logistikloesung-in-dynamics-365-business-central-am-beispiel-eines-kunden","status":"publish","type":"page","link":"https:\/\/navision-beratung.de\/it\/referenzen\/referenzprojekt-logistikloesung-in-dynamics-365-business-central-am-beispiel-eines-kunden\/","title":{"rendered":"Progetto di riferimento: soluzione logistica in Dynamics 365 Business Central"},"content":{"rendered":"<p>Oggi vogliamo presentarvi il <strong>Soluzione logistica<\/strong> del nostro cliente <strong>PSP Pack GmbH<\/strong>un fornitore di servizi logistici per l'industria automobilistica e dell'illuminazione, tra gli altri, del distretto dell'Alta Baviera di Eichst\u00e4tt, nel cuore della Baviera.<\/p>\n<p>PSP Pack GmbH offre un servizio logistico completo, vale a dire che l'intera gestione del magazzino (stoccaggio, trasferimento, prelievo, trasporto, ecc.) pu\u00f2 essere mappata.<\/p>\n<p>Per poter rifornire i suoi principali clienti in modalit\u00e0 JIT (\"just in time\"), PSP Pack GmbH ha investito in un grande magazzino all'avanguardia con una capacit\u00e0 di stoccaggio attuale di 7000 posti pallet. Ogni turno di lavoro, qui possono essere effettuate 500 operazioni di stoccaggio (carico e scarico di materiale). Nel corso della giornata, diversi treni di autocarri viaggiano dal magazzino al rispettivo cliente e viceversa per distribuire il materiale ai rispettivi stabilimenti appena in tempo. Gli autocarri riforniscono gli stabilimenti e vengono anche caricati nel rispettivo stabilimento per il viaggio di ritorno con quantit\u00e0 parziali che devono essere nuovamente stoccate nel magazzino.<\/p>\n<p>Come sistema ERP viene utilizzato Microsoft Dynamics 365 Business Central.<\/p>\n<h2>Quale tecnologia viene utilizzata?<\/h2>\n<p>PSP Pack GmbH si affida alle moderne tecnologie per la chiara identificazione dei luoghi e dei materiali di stoccaggio, ad es. <strong>RFID (R<\/strong>adio-<strong>F<\/strong>requenza<strong> Id<\/strong>entificazione<strong>) - Tecnologia, <\/strong>cio\u00e8 la localizzazione e l'identificazione automatica tramite onde radio. Per l'applicazione \u00e8 necessario un sistema composto da un trasmettitore (transponder) e da un ricevitore (lettore). Le etichette e i tag RFID nel luogo di stoccaggio vengono letti con i lettori sul carrello elevatore in posizione fissa. Inoltre, vari <strong>Scanner per codici a barre<\/strong> per automatizzare il pi\u00f9 possibile la raccolta dei dati mobili.<\/p>\n<p>Il <strong>Collegamento tecnico<\/strong> al rispettivo cliente avviene tramite una connessione diretta al database attraverso un'interfaccia. Ci\u00f2 significa che il <strong>Business Central<\/strong> Il database di PSP Pack GmbH \u00e8 permanentemente collegato al database esterno del cliente tramite un tunnel VPN. Le tabelle di questi database esterni sono perfettamente integrate in Business Central grazie a tecnologie speciali.<\/p>\n<h2>Quali messaggi vengono trasmessi?<\/h2>\n<ol>\n<li>Il rispettivo cliente inserisce le prenotazioni giornaliere (fabbisogno di materiale). Inserisce quale materiale \u00e8 richiesto in quale quantit\u00e0 e in quale momento.<\/li>\n<li>I resi che vengono rispediti al magazzino dal cliente vengono trasmessi.<\/li>\n<li>Vengono trasmesse le merci in arrivo dai fornitori esterni.<\/li>\n<li>Il livello attuale delle scorte viene trasmesso una volta per notte (poich\u00e9 qui non avvengono movimenti di materiale).<br \/>\nImportante: le richieste di stock ad hoc sono possibili in qualsiasi momento!<\/li>\n<\/ol>\n<h2>Altre caratteristiche speciali della soluzione logistica<\/h2>\n<ul>\n<li><strong>Prelievo FEFO: <\/strong>Il materiale viene rimosso secondo il principio \"First Expired First Out\". Ci\u00f2 significa che il materiale immagazzinato da pi\u00f9 tempo viene selezionato per primo per la rimozione. Ci\u00f2 avviene tramite numeri di lotto con una data di scadenza automatica.<\/li>\n<li><strong>Calcolo della quantit\u00e0 di materiale:<\/strong> I materiali vengono prelevati dal magazzino in cartoni, cio\u00e8 in contenitori completi. Tuttavia, un cliente ha prenotato una quantit\u00e0. I contenitori da prelevare vengono quindi calcolati automaticamente in base al contenuto specifico del contenitore di stoccaggio.<\/li>\n<li><strong>Diverse cabine di pilotaggio <\/strong>per la gestione delle prenotazioni, dei resi e delle merci in entrata:<br \/>\n- Panoramica dello stato<br \/>\n- Elaborazione degli errori<br \/>\n- Ricerca delle scorte (ad es. viste proprie per numeri di lotto e data di scadenza)<br \/>\n- Selezione delle prenotazioni per lotti (elaborazione dei lotti) per le consegne dei singoli autocarri<br \/>\nIn concreto, il processo attraverso la cabina di pilotaggio si presenta come segue:<br \/>\nAl mattino l'addetto al magazzino controlla il suo cockpit in Business Central. Vede immediatamente quali materiali sono stati richiesti. Pu\u00f2 quindi ordinare per data e ora e vedere quali materiali sono disponibili. \u00c8 quindi possibile creare un processo di batch per ogni camion e iniziare immediatamente il processo di prelievo. I dipendenti del magazzino vedono la loro \"lista di lavoro\" direttamente sui loro tablet.<\/li>\n<li><strong>Centro ruoli personalizzato:<\/strong> Ogni gruppo di dipendenti ha un centro di ruolo personalizzato (schermata iniziale di Business Central con le funzioni richieste) per l'elaborazione della logistica.<\/li>\n<li><strong>Creazione automatica di ricevute con codici a barre:<\/strong><br \/>\n- Documenti di partenza: ordini di acquisto, ordini di vendita, reclami.<br \/>\n- Documenti logistici: ricevute di merci, emissioni di merci, prelievi e ordini,<br \/>\nEtichette<\/li>\n<li><strong>Proposte di contenitori automatici <\/strong>per la rimozione e lo stoccaggio.<\/li>\n<li><strong>Utilizzo di dispositivi mobili (tablet) con funzione di scansione dei codici a barre: <\/strong>PSP Pack GmbH utilizza tablet industriali con un supporto sul carrello elevatore con alimentazione elettrica. La visualizzazione dei dati di Business Central \u00e8 personalizzata per i dispositivi mobili.<\/li>\n<li><strong>Garanzia di qualit\u00e0:<\/strong> Controllo di plausibilit\u00e0 e completezza mediante scansione dei codici a barre. Quando la merce viene prelevata, il sistema verifica se \u00e8 stata rimossa dal luogo di stoccaggio corretto. Anche l'articolo viene scansionato per verificare se si tratta dell'articolo corretto.<\/li>\n<\/ul>\n<h2>Architettura tecnica<\/h2>\n<p>PSP Pack GmbH ha <strong>Microsoft Dynamics Business Central versione 14<\/strong> in uso on premise. Tutte le personalizzazioni logistiche sono state implementate come <strong>App di estensione<\/strong> realizzato. Questo \u00e8 stato fatto <strong>Nessuna modifica agli oggetti standard<\/strong>In questo modo, l'aggiornamento alle nuove versioni \u00e8 molto pi\u00f9 semplice. Per la generazione di documenti con codici a barre, l'opzione <strong>Add-On perNAV<\/strong> Ad esempio, per le etichette di archiviazione e recupero.<\/p>\n<h2>Tecnologia utilizzata<\/h2>\n<ul>\n<li>Etichette RFID nel luogo di stoccaggio, lettore da Sick (<a class=\"external-link extlink\" href=\"http:\/\/sick.com\" target=\"_blank\" rel=\"nofollow noopener noreferrer\" data-ext-link-init=\"true\">http:\/\/sick.com<\/a>) sul carrello elevatore in posizione fissa<\/li>\n<li>Tablet Windows 10 con scanner di codici a barre integrato: tablet industriali Bluechip (tablet T11 outdoor (<a class=\"external-link extlink\" href=\"https:\/\/www.bluechip.de\/mobil\/tablets\/12830\/bluechip-travelline-t11-i3-outdoor\" target=\"_blank\" rel=\"nofollow noopener noreferrer\" data-ext-link-init=\"true\">https:\/\/www.bluechip.de\/mobil\/tablets\/12830\/bluechip-travelline-t11-i3-outdoor<\/a>)), supporto su carrello elevatore con alimentazione elettrica<\/li>\n<li>Scanner portatili aggiuntivi: Scanner Bluetooth: Zebra LI3678 (<a class=\"external-link extlink\" href=\"https:\/\/www.zebra.com\/de\/de\/products\/scanners\/ultra-rugged-scanners\/3600-series\/li36x8-sr.html\" target=\"_blank\" rel=\"nofollow noopener noreferrer\" data-ext-link-init=\"true\">https:\/\/www.zebra.com\/de\/de\/products\/scanners\/ultra-rugged-scanners\/3600-series\/li36x8-sr.html<\/a>)<\/li>\n<li>Stampante per etichette: CAB (<a class=\"external-link extlink\" href=\"https:\/\/www.cab.de\/de\/kennzeichnung\/etikettendrucker\/\" target=\"_blank\" rel=\"nofollow noopener noreferrer\" data-ext-link-init=\"true\">https:\/\/www.cab.de\/de\/kennzeichnung\/etikettendrucker\/<\/a>)<\/li>\n<\/ul>\n<p>Siete interessati a una soluzione logistica in Business Central o Dynamics NAV o volete esternalizzare la gestione del vostro magazzino? Contattateci all'indirizzo <a href=\"zoiper:\/\/08921111848\">089 &#8211; 21 111 848<\/a> o via e-mail a <a class=\"external-link extlink\" href=\"mailto:vertrieb@br-ag.com\" target=\"_blank\" rel=\"nofollow noopener noreferrer\" data-ext-link-init=\"true\">vertrieb@br-ag.com<\/a> in contatto! Saremo lieti di consigliarvi!<\/p>","protected":false},"excerpt":{"rendered":"<p>Oggi vogliamo presentarvi la soluzione logistica del nostro cliente PSP Pack GmbH, un fornitore di servizi logistici per l'industria automobilistica e l'industria dell'illuminazione, tra gli altri, del distretto dell'Alta Baviera di Eichst\u00e4tt, nel cuore della Baviera. PSP Pack GmbH offre un servizio logistico completo, vale a dire che l'intera gestione del magazzino (stoccaggio, trasferimento, prelievo, trasporto, ecc.) pu\u00f2 essere mappata. Per offrire ai suoi principali clienti un servizio JIT [...]<\/p>","protected":false},"author":1,"featured_media":11460,"parent":8787,"menu_order":0,"comment_status":"closed","ping_status":"closed","template":"","meta":{"_seopress_robots_primary_cat":"","_seopress_titles_title":"PSP Pack GmbH: Moderne Logistikl\u00f6sungen in Bayern","_seopress_titles_desc":"Erleben Sie effiziente Logistik mit unserer FEFO-Kommissionierung, RFID-Technologie und mehr. Perfekt f\u00fcr Automobil- und Beleuchtungsindustrie!","_seopress_robots_index":"","footnotes":""},"categories":[52],"tags":[],"class_list":["post-5616","page","type-page","status-publish","has-post-thumbnail","hentry","category-referenzen"],"_links":{"self":[{"href":"https:\/\/navision-beratung.de\/it\/wp-json\/wp\/v2\/pages\/5616","targetHints":{"allow":["GET"]}}],"collection":[{"href":"https:\/\/navision-beratung.de\/it\/wp-json\/wp\/v2\/pages"}],"about":[{"href":"https:\/\/navision-beratung.de\/it\/wp-json\/wp\/v2\/types\/page"}],"author":[{"embeddable":true,"href":"https:\/\/navision-beratung.de\/it\/wp-json\/wp\/v2\/users\/1"}],"replies":[{"embeddable":true,"href":"https:\/\/navision-beratung.de\/it\/wp-json\/wp\/v2\/comments?post=5616"}],"version-history":[{"count":0,"href":"https:\/\/navision-beratung.de\/it\/wp-json\/wp\/v2\/pages\/5616\/revisions"}],"up":[{"embeddable":true,"href":"https:\/\/navision-beratung.de\/it\/wp-json\/wp\/v2\/pages\/8787"}],"wp:featuredmedia":[{"embeddable":true,"href":"https:\/\/navision-beratung.de\/it\/wp-json\/wp\/v2\/media\/11460"}],"wp:attachment":[{"href":"https:\/\/navision-beratung.de\/it\/wp-json\/wp\/v2\/media?parent=5616"}],"wp:term":[{"taxonomy":"category","embeddable":true,"href":"https:\/\/navision-beratung.de\/it\/wp-json\/wp\/v2\/categories?post=5616"},{"taxonomy":"post_tag","embeddable":true,"href":"https:\/\/navision-beratung.de\/it\/wp-json\/wp\/v2\/tags?post=5616"}],"curies":[{"name":"wp","href":"https:\/\/api.w.org\/{rel}","templated":true}]}}