{"id":5314,"date":"2019-06-24T13:57:35","date_gmt":"2019-06-24T13:57:35","guid":{"rendered":"https:\/\/navision-beratung.de\/?page_id=5314"},"modified":"2025-05-26T10:28:03","modified_gmt":"2025-05-26T08:28:03","slug":"referenzprojekt-produktionsvorgang-mit-barcode-scanner","status":"publish","type":"page","link":"https:\/\/navision-beratung.de\/it\/referenzen\/referenzprojekt-produktionsvorgang-mit-barcode-scanner\/","title":{"rendered":"Progetto di riferimento: Processo di produzione con scanner di codici a barre"},"content":{"rendered":"<p id=\"bachmaierGmbH-Referenzanonymisiert-Referenzprojekt:ProduktionsvorgangmitBarcodeScanner\u2013VollintegrierteL\u00f6sungf\u00fcrMicrosoftDynamicsNAVamBeispieleinesGeh\u00f6rschutzexperten\"><strong>Soluzione completamente integrata per Microsoft Dynamics NAV con l'esempio di un esperto di protezione dell'udito<\/strong><\/p>\n<p>L'inserimento rapido dei dati e il collegamento al sistema ERP sono essenziali, soprattutto nell'industria manifatturiera. Il nostro attuale cliente di riferimento, un esperto di protezione dell'udito, \u00e8 passato all'era digitale. Nonostante la produzione personalizzata e i relativi costi di produzione elevati, le fasi di lavoro possono essere visualizzate nel sistema in qualsiasi momento.<\/p>\n<p>Il portafoglio prodotti dell'azienda, che attualmente impiega 55 persone ed \u00e8 in costante crescita, comprende auricolari e cuffie in-ear, oltre a protezioni acustiche. Il marchio di qualit\u00e0 dell'azienda \u00e8 la personalizzazione.<\/p>\n<p>Con il <strong>Introduzione a Dynamics NAV<\/strong> Nella primavera del 2019 \u00e8 stata introdotta anche la tecnologia dei codici a barre. Ci\u00f2 significa che ogni fase di lavoro nella produzione viene ora registrata e digitalizzata tramite codice a barre.<\/p>\n<p>Il cliente riceve un gran numero di ordini di prodotti di protezione acustica personalizzati, che vengono messi in produzione ogni giorno. Un flusso di lavoro sequenziale fa parte del lavoro quotidiano.<\/p>\n<p>Con l'aiuto del <strong>Designer ForNAV<\/strong> I codici a barre con il numero di serie del prodotto vengono generati e stampati sulla distinta di lavoro. Questo documento di lavoro viene generato e stampato automaticamente per il rispettivo prodotto dopo la ricezione dell'ordine per via elettronica.<\/p>\n<p>I dipendenti scansionano il codice a barre, che contiene le singole fasi di lavoro, dopo ogni singolo processo di produzione. Ogni fase di produzione viene cos\u00ec documentata e i dati finiscono direttamente nel sistema ERP Dynamics NAV. Ci\u00f2 significa che l'azienda pu\u00f2 richiamare in qualsiasi momento lo stato di produzione di ogni prodotto in tempo reale.<\/p>\n<h2 id=\"bachmaierGmbH-Referenzanonymisiert-FassenwirdiewesentlichenElementedesVorgangszusammen:\">Riassumiamo gli elementi essenziali del processo:<\/h2>\n<ol>\n<li>Inserimento elettronico degli ordini tramite un'interfaccia in Dynamics NAV<\/li>\n<li>Controllo degli ordini<\/li>\n<li>Rilascio dell'ordine<br \/>\n-&gt; Viene creato l'ordine di produzione<br \/>\n-&gt; la stampa del foglio di lavoro (automatizzata)<\/li>\n<li>Dopo ogni fase di lavoro, la scheda di lavoro viene scansionata dal dipendente tramite un codice a barre, che indica il completamento della fase di lavoro.<\/li>\n<li>Panoramica dello stato dell'ordine in ogni momento<\/li>\n<\/ol>\n<p>La tecnologia degli scanner di codici a barre svolge un ruolo importante anche nella spedizione. Quando viene scansionato il documento della merce in uscita, al dipendente viene mostrato se ci sono altri prodotti dello stesso cliente in produzione. Una volta che tutti i prodotti sono stati fabbricati, vengono trasferiti al processo di imballaggio.<\/p>\n<h2 id=\"bachmaierGmbH-Referenzanonymisiert-DiewesentlichenVorteilederBarcode-Scanner-Technologiehiernocheinmalinder\u00dcbersicht:\">Ecco una panoramica dei principali vantaggi della tecnologia dei lettori di codici a barre:<\/h2>\n<ul>\n<li>Evitare gli errori di inserimento grazie alla tecnologia del lettore di codici a barre<\/li>\n<li>Lo stato di produzione pu\u00f2 essere richiamato in tempo reale in qualsiasi momento<\/li>\n<li>La merce viene spedita solo dopo che \u00e8 stata completata la produzione di tutti i prodotti associati.<\/li>\n<li>Velocizzare i processi di lavoro in produzione<\/li>\n<li>Si evitano fasi di lavoro non necessarie<\/li>\n<\/ul>\n<p>Anche voi siete interessati a ottimizzare i vostri processi produttivi con la tecnologia dei codici a barre? Saremo lieti di consigliarvi al numero +49 (89) 211 11 848 o di contattarci via e-mail all'indirizzo <a class=\"external-link extlink\" href=\"mailto:vertrieb@br-ag.com\" target=\"_blank\" rel=\"nofollow noopener noreferrer\" data-ext-link-init=\"true\">vertrieb@br-ag.com<\/a><\/p>","protected":false},"excerpt":{"rendered":"<p>L'inserimento rapido dei dati e il collegamento al sistema ERP sono essenziali, soprattutto nell'industria manifatturiera. Il nostro attuale cliente di riferimento, un esperto di protezione dell'udito, \u00e8 passato all'era digitale. Nonostante la produzione personalizzata e gli elevati costi di produzione che ne derivano, le fasi di lavoro possono essere visualizzate nel sistema in qualsiasi momento. 55 dipendenti lavorano attualmente per l'azienda, che \u00e8 in costante crescita e il cui portafoglio prodotti comprende protezioni acustiche, chiocciole e cuffie auricolari. La produzione personalizzata \u00e8 una caratteristica di qualit\u00e0.<\/p>","protected":false},"author":1,"featured_media":11818,"parent":8787,"menu_order":0,"comment_status":"closed","ping_status":"closed","template":"","meta":{"_seopress_robots_primary_cat":"","_seopress_titles_title":"Effiziente Produktion mit Microsoft Dynamics NAV","_seopress_titles_desc":"Nutzen Sie die Barcode-Scanner-Technologie, um Produktionsdaten effizient mit Dynamics NAV zu verkn\u00fcpfen. Erfahren Sie Echtzeit-Produktions\u00fcbersicht!","_seopress_robots_index":"","footnotes":""},"categories":[52],"tags":[],"class_list":["post-5314","page","type-page","status-publish","has-post-thumbnail","hentry","category-referenzen"],"_links":{"self":[{"href":"https:\/\/navision-beratung.de\/it\/wp-json\/wp\/v2\/pages\/5314","targetHints":{"allow":["GET"]}}],"collection":[{"href":"https:\/\/navision-beratung.de\/it\/wp-json\/wp\/v2\/pages"}],"about":[{"href":"https:\/\/navision-beratung.de\/it\/wp-json\/wp\/v2\/types\/page"}],"author":[{"embeddable":true,"href":"https:\/\/navision-beratung.de\/it\/wp-json\/wp\/v2\/users\/1"}],"replies":[{"embeddable":true,"href":"https:\/\/navision-beratung.de\/it\/wp-json\/wp\/v2\/comments?post=5314"}],"version-history":[{"count":0,"href":"https:\/\/navision-beratung.de\/it\/wp-json\/wp\/v2\/pages\/5314\/revisions"}],"up":[{"embeddable":true,"href":"https:\/\/navision-beratung.de\/it\/wp-json\/wp\/v2\/pages\/8787"}],"wp:featuredmedia":[{"embeddable":true,"href":"https:\/\/navision-beratung.de\/it\/wp-json\/wp\/v2\/media\/11818"}],"wp:attachment":[{"href":"https:\/\/navision-beratung.de\/it\/wp-json\/wp\/v2\/media?parent=5314"}],"wp:term":[{"taxonomy":"category","embeddable":true,"href":"https:\/\/navision-beratung.de\/it\/wp-json\/wp\/v2\/categories?post=5314"},{"taxonomy":"post_tag","embeddable":true,"href":"https:\/\/navision-beratung.de\/it\/wp-json\/wp\/v2\/tags?post=5314"}],"curies":[{"name":"wp","href":"https:\/\/api.w.org\/{rel}","templated":true}]}}