{"id":5250,"date":"2019-05-02T12:02:30","date_gmt":"2019-05-02T12:02:30","guid":{"rendered":"https:\/\/navision-beratung.de\/?page_id=5250"},"modified":"2019-05-02T12:02:30","modified_gmt":"2019-05-02T12:02:30","slug":"partner","status":"publish","type":"page","link":"https:\/\/navision-beratung.de\/it\/partner\/","title":{"rendered":"Partner aggiuntivo"},"content":{"rendered":"<div id=\"pl-5250\"  class=\"panel-layout\" >\n<div id=\"pg-5250-0\"  class=\"panel-grid panel-no-style\"  data-style=\"{&quot;background_image_attachment&quot;:false,&quot;background_display&quot;:&quot;tile&quot;,&quot;cell_alignment&quot;:&quot;flex-start&quot;}\"  data-ratio=\"1\"  data-ratio-direction=\"right\" >\n<div id=\"pgc-5250-0-0\"  class=\"panel-grid-cell\"  data-weight=\"0.5\" >\n<div id=\"panel-5250-0-0-0\" class=\"so-panel widget widget_black-studio-tinymce widget_black_studio_tinymce panel-first-child\" data-index=\"0\" data-style=\"{&quot;background_image_attachment&quot;:false,&quot;background_display&quot;:&quot;tile&quot;,&quot;background_image_size&quot;:&quot;full&quot;,&quot;border_thickness&quot;:&quot;1px&quot;}\" >\n<div class=\"textwidget\"><img alt=\"\" decoding=\"async\" class=\"alignnone wp-image-7293 size-full\" src=\"https:\/\/navision-beratung.de\/wp-content\/uploads\/2022\/12\/continia_logo_2022.png\" width=\"250\" height=\"167\" \/><\/div>\n<\/div>\n<div id=\"panel-5250-0-0-1\" class=\"so-panel widget widget_black-studio-tinymce widget_black_studio_tinymce panel-last-child\" data-index=\"1\" data-style=\"{&quot;background_image_attachment&quot;:false,&quot;background_display&quot;:&quot;tile&quot;,&quot;background_image_size&quot;:&quot;full&quot;,&quot;border_thickness&quot;:&quot;1px&quot;}\" >\n<h3 class=\"widget-title\">Software Continia<\/h3>\n<div class=\"textwidget\"><strong>Continia<\/strong> sviluppa soluzioni aggiuntive per Microsoft Dynamics Business Central per l'organizzazione efficiente e rapida dei processi finanziari - It's About Time.<br \/>\nLe soluzioni <strong>Acquisizione di documenti<\/strong>, <strong>OPplus<\/strong>, <strong>Gestione delle spese<\/strong>t e <strong>Output del documento<\/strong> offrono agli utenti di Business Central di tutto il mondo un valore aggiunto nel loro lavoro quotidiano.<\/div>\n<\/div>\n<\/div>\n<div id=\"pgc-5250-0-1\"  class=\"panel-grid-cell\"  data-weight=\"0.5\" >\n<div id=\"panel-5250-0-1-0\" class=\"so-panel widget widget_black-studio-tinymce widget_black_studio_tinymce panel-first-child\" data-index=\"2\" data-style=\"{&quot;background_image_attachment&quot;:false,&quot;background_display&quot;:&quot;tile&quot;}\" >\n<div class=\"textwidget\"><img alt=\"\" decoding=\"async\" class=\"size-full wp-image-5256 alignleft\" src=\"https:\/\/navision-beratung.de\/wp-content\/uploads\/2019\/05\/ForNAV-1.png\" width=\"250\" height=\"167\" \/><\/div>\n<\/div>\n<div id=\"panel-5250-0-1-1\" class=\"so-panel widget widget_black-studio-tinymce widget_black_studio_tinymce panel-last-child\" data-index=\"3\" data-style=\"{&quot;background_image_attachment&quot;:false,&quot;background_display&quot;:&quot;tile&quot;}\" >\n<h3 class=\"widget-title\">ForNAV Germania<\/h3>\n<div class=\"textwidget\">\n<p style=\"text-align: left;\">Il \"Reports ForNAV Designer\" e il \"Reports ForNAV Converter\" del nostro partner add-on <strong>ForNAV Germania<\/strong> sono strumenti estremamente utili per creare e modificare i report in Dynamics 365 Business Central o Dynamics NAV.<\/p>\n<\/div>\n<\/div>\n<\/div>\n<\/div>\n<div id=\"pg-5250-1\"  class=\"panel-grid panel-no-style\"  data-style=\"{&quot;background_image_attachment&quot;:false,&quot;background_display&quot;:&quot;tile&quot;,&quot;cell_alignment&quot;:&quot;flex-start&quot;}\"  data-ratio=\"1\"  data-ratio-direction=\"right\" >\n<div id=\"pgc-5250-1-0\"  class=\"panel-grid-cell\"  data-weight=\"0.5\" >\n<div id=\"panel-5250-1-0-0\" class=\"so-panel widget widget_black-studio-tinymce widget_black_studio_tinymce panel-first-child\" data-index=\"4\" data-style=\"{&quot;background_image_attachment&quot;:false,&quot;background_display&quot;:&quot;tile&quot;}\" >\n<div class=\"textwidget\"><img alt=\"\" decoding=\"async\" class=\"size-full wp-image-5255 alignleft\" src=\"https:\/\/navision-beratung.de\/wp-content\/uploads\/2019\/05\/CKL.png\" width=\"250\" height=\"167\" \/><\/div>\n<\/div>\n<div id=\"panel-5250-1-0-1\" class=\"so-panel widget widget_black-studio-tinymce widget_black_studio_tinymce panel-last-child\" data-index=\"5\" data-style=\"{&quot;background_image_attachment&quot;:false,&quot;background_display&quot;:&quot;tile&quot;}\" >\n<h3 class=\"widget-title\">CKL<\/h3>\n<div class=\"textwidget\"><strong>CKL<\/strong> \u00e8 specializzato in tutti gli aspetti della contabilit\u00e0 finanziaria e del flusso di valore, con particolare attenzione alla contabilit\u00e0 dei costi e delle attivit\u00e0 e al controllo delle scorte.<\/div>\n<\/div>\n<\/div>\n<div id=\"pgc-5250-1-1\"  class=\"panel-grid-cell\"  data-weight=\"0.5\" >\n<div id=\"panel-5250-1-1-0\" class=\"so-panel widget widget_black-studio-tinymce widget_black_studio_tinymce panel-first-child\" data-index=\"6\" data-style=\"{&quot;background_image_attachment&quot;:false,&quot;background_display&quot;:&quot;tile&quot;}\" >\n<div class=\"textwidget\"><img alt=\"\" loading=\"lazy\" decoding=\"async\" src=\"https:\/\/navision-beratung.de\/wp-content\/uploads\/2019\/05\/windata.png\" width=\"250\" height=\"167\" class=\"alignnone size-full wp-image-5271\" \/><\/div>\n<\/div>\n<div id=\"panel-5250-1-1-1\" class=\"so-panel widget widget_black-studio-tinymce widget_black_studio_tinymce panel-last-child\" data-index=\"7\" data-style=\"{&quot;background_image_attachment&quot;:false,&quot;background_display&quot;:&quot;tile&quot;}\" >\n<h3 class=\"widget-title\">windata<\/h3>\n<div class=\"textwidget\">Con soluzioni modulari, il nostro partner add-on vi offre <strong>windata GmbH &amp; Co. KG<\/strong> Soluzioni per le transazioni di pagamento nazionali e internazionali con i pi\u00f9 recenti standard di pagamento e le attuali procedure di sicurezza, tra cui konfipay come servizio web per automatizzare i processi aziendali nelle transazioni di pagamento digitali.<\/div>\n<\/div>\n<\/div>\n<\/div>\n<div id=\"pg-5250-2\"  class=\"panel-grid panel-no-style\"  data-style=\"{&quot;background_image_attachment&quot;:false,&quot;background_display&quot;:&quot;tile&quot;,&quot;cell_alignment&quot;:&quot;flex-start&quot;}\"  data-ratio=\"1\"  data-ratio-direction=\"right\" >\n<div id=\"pgc-5250-2-0\"  class=\"panel-grid-cell\"  data-weight=\"0.5\" >\n<div id=\"panel-5250-2-0-0\" class=\"so-panel widget widget_black-studio-tinymce widget_black_studio_tinymce panel-first-child\" data-index=\"8\" data-style=\"{&quot;background_image_attachment&quot;:false,&quot;background_display&quot;:&quot;tile&quot;}\" >\n<div class=\"textwidget\"><img alt=\"\" loading=\"lazy\" decoding=\"async\" class=\"size-full wp-image-5262 alignleft\" src=\"https:\/\/navision-beratung.de\/wp-content\/uploads\/2019\/05\/haveldata.png\" width=\"250\" height=\"167\" \/><\/div>\n<\/div>\n<div id=\"panel-5250-2-0-1\" class=\"so-panel widget widget_black-studio-tinymce widget_black_studio_tinymce panel-last-child\" data-index=\"9\" data-style=\"{&quot;background_image_attachment&quot;:false,&quot;background_display&quot;:&quot;tile&quot;}\" >\n<h3 class=\"widget-title\">haveldata GmbH<\/h3>\n<div class=\"textwidget\">Con \"NACO6-Cost Accounting\" per tutte le attivit\u00e0 di contabilit\u00e0 interna e \"NAPA3-Personnel Management\" per l'amministrazione del personale, la gestione degli orari e la contabilit\u00e0 delle retribuzioni, il nostro partner aggiuntivo <strong>haveldata GmbH<\/strong> due potenti soluzioni complete per la vostra applicazione Dynamics 365 Business Central o NAV.<\/div>\n<\/div>\n<\/div>\n<div id=\"pgc-5250-2-1\"  class=\"panel-grid-cell\"  data-weight=\"0.5\" >\n<div id=\"panel-5250-2-1-0\" class=\"so-panel widget widget_black-studio-tinymce widget_black_studio_tinymce panel-first-child\" data-index=\"10\" data-style=\"{&quot;background_image_attachment&quot;:false,&quot;background_display&quot;:&quot;tile&quot;}\" >\n<div class=\"textwidget\"><img alt=\"\" loading=\"lazy\" decoding=\"async\" class=\"alignnone size-full wp-image-5310\" src=\"https:\/\/navision-beratung.de\/wp-content\/uploads\/2019\/05\/idyn_logo.png\" width=\"250\" height=\"167\" \/><\/div>\n<\/div>\n<div id=\"panel-5250-2-1-1\" class=\"so-panel widget widget_black-studio-tinymce widget_black_studio_tinymce panel-last-child\" data-index=\"11\" data-style=\"{&quot;background_image_attachment&quot;:false,&quot;background_display&quot;:&quot;tile&quot;}\" >\n<h3 class=\"widget-title\">idyn<\/h3>\n<div class=\"textwidget\">Il nostro partner aggiuntivo <strong>idyn<\/strong> fornisce un potente strumento agli sviluppatori di Dynamics NAV sotto forma di \"Object Mangager Advanced\" (OMA), che consente di aumentare significativamente la qualit\u00e0 del lavoro di sviluppo.<\/div>\n<\/div>\n<\/div>\n<\/div>\n<div id=\"pg-5250-3\"  class=\"panel-grid panel-no-style\"  data-style=\"{&quot;background_image_attachment&quot;:false,&quot;background_display&quot;:&quot;tile&quot;,&quot;cell_alignment&quot;:&quot;flex-start&quot;}\"  data-ratio=\"1\"  data-ratio-direction=\"right\" >\n<div id=\"pgc-5250-3-0\"  class=\"panel-grid-cell panel-grid-cell-mobile-last\"  data-weight=\"0.5\" >\n<div id=\"panel-5250-3-0-0\" class=\"so-panel widget widget_black-studio-tinymce widget_black_studio_tinymce panel-first-child\" data-index=\"12\" data-style=\"{&quot;background_image_attachment&quot;:false,&quot;background_display&quot;:&quot;tile&quot;}\" >\n<div class=\"textwidget\"><img alt=\"\" loading=\"lazy\" decoding=\"async\" class=\"alignnone size-full wp-image-5274\" src=\"https:\/\/navision-beratung.de\/wp-content\/uploads\/2019\/05\/sana.png\" width=\"250\" height=\"167\" \/><\/div>\n<\/div>\n<div id=\"panel-5250-3-0-1\" class=\"so-panel widget widget_black-studio-tinymce widget_black_studio_tinymce panel-last-child\" data-index=\"13\" data-style=\"{&quot;background_image_attachment&quot;:false,&quot;background_display&quot;:&quot;tile&quot;}\" >\n<h3 class=\"widget-title\">Commercio Sana<\/h3>\n<div class=\"textwidget\">Il nostro partner aggiuntivo <strong>Sana Commerce EMEA B.V.<\/strong> offre Sana Commerce, una soluzione di negozio online per B2B e B2C che pu\u00f2 essere perfettamente integrata nel vostro panorama Dynamics 365 Business Central o NAV, per una perfetta interazione tra ERP e negozio web.<\/div>\n<\/div>\n<\/div>\n<div id=\"pgc-5250-3-1\"  class=\"panel-grid-cell panel-grid-cell-empty\"  data-weight=\"0.5\" ><\/div>\n<\/div>\n<\/div>","protected":false},"excerpt":{"rendered":"<p>Continia Software Continia entwickelt Add-on L\u00f6sungen f\u00fcr Microsoft Dynamics Business Central zur effizienten und zeitsparenden Gestaltung von Finanzprozessen \u2013 It\u2019s About Time. Die L\u00f6sungen Document Capture, OPplus, Expense Management und Document Output bieten Business Central Anwendern weltweit einen Mehrwert in ihrer t\u00e4glichen Arbeit. ForNAV Deutschland Der \u201eReports ForNAV Designer\u201c sowie der \u201eReports ForNAV Converter\u201c unseres [&hellip;]<\/p>","protected":false},"author":1,"featured_media":3019,"parent":0,"menu_order":0,"comment_status":"closed","ping_status":"closed","template":"","meta":{"_seopress_robots_primary_cat":"","_seopress_titles_title":"Effiziente Add-ons f\u00fcr Dynamics Business Central","_seopress_titles_desc":"Entdecken Sie leistungsstarke Add-ons f\u00fcr Microsoft Dynamics Business Central. Optimieren Sie Finanzprozesse mit Document Capture und mehr!","_seopress_robots_index":"","footnotes":""},"categories":[],"tags":[],"class_list":["post-5250","page","type-page","status-publish","has-post-thumbnail","hentry"],"_links":{"self":[{"href":"https:\/\/navision-beratung.de\/it\/wp-json\/wp\/v2\/pages\/5250","targetHints":{"allow":["GET"]}}],"collection":[{"href":"https:\/\/navision-beratung.de\/it\/wp-json\/wp\/v2\/pages"}],"about":[{"href":"https:\/\/navision-beratung.de\/it\/wp-json\/wp\/v2\/types\/page"}],"author":[{"embeddable":true,"href":"https:\/\/navision-beratung.de\/it\/wp-json\/wp\/v2\/users\/1"}],"replies":[{"embeddable":true,"href":"https:\/\/navision-beratung.de\/it\/wp-json\/wp\/v2\/comments?post=5250"}],"version-history":[{"count":0,"href":"https:\/\/navision-beratung.de\/it\/wp-json\/wp\/v2\/pages\/5250\/revisions"}],"wp:featuredmedia":[{"embeddable":true,"href":"https:\/\/navision-beratung.de\/it\/wp-json\/wp\/v2\/media\/3019"}],"wp:attachment":[{"href":"https:\/\/navision-beratung.de\/it\/wp-json\/wp\/v2\/media?parent=5250"}],"wp:term":[{"taxonomy":"category","embeddable":true,"href":"https:\/\/navision-beratung.de\/it\/wp-json\/wp\/v2\/categories?post=5250"},{"taxonomy":"post_tag","embeddable":true,"href":"https:\/\/navision-beratung.de\/it\/wp-json\/wp\/v2\/tags?post=5250"}],"curies":[{"name":"wp","href":"https:\/\/api.w.org\/{rel}","templated":true}]}}