{"id":5190,"date":"2019-04-17T11:15:19","date_gmt":"2019-04-17T11:15:19","guid":{"rendered":"https:\/\/navision-beratung.de\/?page_id=5190"},"modified":"2025-05-26T10:25:58","modified_gmt":"2025-05-26T08:25:58","slug":"referenzprojekte-der-br-ag-bioenergie-branche","status":"publish","type":"page","link":"https:\/\/navision-beratung.de\/it\/referenzen\/referenzprojekte-der-br-ag-bioenergie-branche\/","title":{"rendered":"Progetti di riferimento di br AG: Settore bioenergetico"},"content":{"rendered":"<p>Il nostro oggi <strong>Progetto di riferimento<\/strong> di bartolome r\u00f6der AG, che vorremmo presentarvi come esempio, comprende l'introduzione di Microsoft Dynamics NAV 2016 nel settore delle telecomunicazioni. <strong>Settore bioenergetico<\/strong>.<br \/>\nL'azienda, che gestisce grandi impianti di biogas, impiega circa 50 persone, 10 delle quali utilizzano Dynamics NAV.<\/p>\n<p>Con Dynamics NAV \u00e8 stato introdotto per la prima volta un processo ERP nell'azienda dopo che i processi aziendali quotidiani lo richiedevano, in quanto l'elaborazione manuale non era pi\u00f9 economica e gestibile. L'obiettivo prima dell'inizio del progetto era quello di sviluppare una soluzione industriale per il settore degli impianti di biogas per la gestione standardizzata e automatizzata dei processi di acquisto e fatturazione.<\/p>\n<h3><strong><u>Sfida<\/u><\/strong><\/h3>\n<p>La sfida di questo progetto risiedeva, da un lato, nelle caratteristiche particolari del sistema di fatturazione, poich\u00e9 le passivit\u00e0 sorgono nel corso di una procedura di nota di credito e il fornitore di solito non emette una fattura diretta per le consegne di merci. D'altro canto, i prezzi sono influenzati da molti fattori esterni, che dovevano essere visibili e modificabili lungo tutta la catena del processo.<\/p>\n<h3><strong><u>I punti salienti del progetto<\/u><\/strong><\/h3>\n<p>Di seguito sono riportati alcuni esempi di<strong> Punti salienti del progetto<\/strong> essere presentato.<\/p>\n<p>Il <strong>Gestione dei contratti di raccolta<\/strong> con i fornitori di substrati consente l'invio automatico delle lettere per il controllo annuale delle aree di coltivazione.<\/p>\n<p>Nel settore della mappatura e <strong>Gestione di appezzamenti di terreno<\/strong> Google Maps fornisce una visualizzazione su Google Earth, che \u00e8 un aiuto importante per i dipendenti quando pianificano le operazioni e la raccolta per ottimizzare i percorsi.<\/p>\n<p>Inoltre, un <strong>Raccogliere il sistema BANF<\/strong> che consente di gestire i contratti di raccolta con gli agricoltori. Ad esempio, \u00e8 possibile registrare quale frutta fornisce l'agricoltore, in quale volume e a quale prezzo.<br \/>\nSulla base di campioni di laboratorio prelevati dalle consegne in arrivo, \u00e8 possibile determinare la qualit\u00e0 e quindi generare maggiorazioni o riduzioni sul prezzo base in Dynamics NAV.<\/p>\n<p>Un'altra caratteristica \u00e8 la <strong>Pianificazione della campagna di raccolta<\/strong> rappresentare. Ad esempio, il periodo in cui deve avvenire il raccolto viene determinato in una fase iniziale. Se prendiamo l'esempio della \"raccolta dell'erba\" e il periodo 01.04.-30.04., la campagna di raccolta dell'erba viene pianificata con gli agricoltori specificati. Da Dynamics NAV \u00e8 possibile inviare automaticamente una lettera agli agricoltori interessati per richiedere l'area. I BANF possono essere recuperati dai contratti esistenti con gli agricoltori. \u00c8 immediatamente evidente quali agricoltori sono idonei. I BANF servono come oggetto di pianificazione. La quantit\u00e0 pu\u00f2 quindi essere pianificata sulla base del BANF, ad esempio 2 ettari di erba con la corrispondente quantit\u00e0 pianificata elencata. Il tutto viene memorizzato completamente in NAV.<br \/>\nVarie <strong>Servizi di raccolta<\/strong>I servizi necessari possono essere pianificati e creati come liste di pezzi. Gli ordini vengono generati automaticamente da NAV sulla base di questi piani di servizio. Dal <strong>Pianificazione del materiale<\/strong> Gli ordini di materiale sono generati dagli agricoltori.<\/p>\n<p>Un altro punto di forza del progetto \u00e8 stata l'implementazione di un sistema di <strong>interfaccia generica per l'importazione dei dati di pesatura<\/strong> dai sistemi di pesatura. In questo modo, le consegne degli agricoltori o dei fornitori di servizi vengono registrate e le pesate possono essere importate in un registro di pesatura in Dynamics NAV. Una pesatura pu\u00f2 essere assegnata automaticamente a un ordine tramite un numero di riferimento. Anche i campioni di laboratorio menzionati in precedenza sono collegati a questi numeri di riferimento. Il database esterno del laboratorio \u00e8 collegato a Dynamics NAV in modo da poter assegnare direttamente i valori.<\/p>\n<h2><strong><u>Realizzazione del progetto<\/u><\/strong><\/h2>\n<p>Il progetto \u00e8 stato realizzato in un arco di tempo di cinque mesi. Dynamics NAV \u00e8 stato implementato come prototipo utilizzando un approccio iterativo e le funzioni richieste sono state aggiunte gradualmente.<\/p>","protected":false},"excerpt":{"rendered":"<p>Il progetto di riferimento di oggi di bartolome r\u00f6der AG, che vogliamo presentarvi come esempio, riguarda l'introduzione di Microsoft Dynamics NAV 2016 nel settore delle bioenergie. L'azienda, che gestisce grandi impianti di biogas, impiega circa 50 persone, 10 delle quali sono utenti di Dynamics NAV. Con Dynamics NAV \u00e8 stato introdotto per la prima volta un processo ERP nell'azienda, dopo che i processi aziendali quotidiani [...].<\/p>","protected":false},"author":1,"featured_media":11826,"parent":8787,"menu_order":0,"comment_status":"closed","ping_status":"closed","template":"","meta":{"_seopress_robots_primary_cat":"","_seopress_titles_title":"ERP-L\u00f6sung in Biogas: Effizienz mit Dynamics NAV","_seopress_titles_desc":"Optimieren Sie Ihre Bioenergieprozesse mit Microsoft Dynamics NAV 2016. Entdecken Sie innovative L\u00f6sungen f\u00fcr effiziente Gesch\u00e4ftsabl\u00e4ufe im Biogasanlagenbetrieb.","_seopress_robots_index":"","footnotes":""},"categories":[52],"tags":[],"class_list":["post-5190","page","type-page","status-publish","has-post-thumbnail","hentry","category-referenzen"],"_links":{"self":[{"href":"https:\/\/navision-beratung.de\/it\/wp-json\/wp\/v2\/pages\/5190","targetHints":{"allow":["GET"]}}],"collection":[{"href":"https:\/\/navision-beratung.de\/it\/wp-json\/wp\/v2\/pages"}],"about":[{"href":"https:\/\/navision-beratung.de\/it\/wp-json\/wp\/v2\/types\/page"}],"author":[{"embeddable":true,"href":"https:\/\/navision-beratung.de\/it\/wp-json\/wp\/v2\/users\/1"}],"replies":[{"embeddable":true,"href":"https:\/\/navision-beratung.de\/it\/wp-json\/wp\/v2\/comments?post=5190"}],"version-history":[{"count":0,"href":"https:\/\/navision-beratung.de\/it\/wp-json\/wp\/v2\/pages\/5190\/revisions"}],"up":[{"embeddable":true,"href":"https:\/\/navision-beratung.de\/it\/wp-json\/wp\/v2\/pages\/8787"}],"wp:featuredmedia":[{"embeddable":true,"href":"https:\/\/navision-beratung.de\/it\/wp-json\/wp\/v2\/media\/11826"}],"wp:attachment":[{"href":"https:\/\/navision-beratung.de\/it\/wp-json\/wp\/v2\/media?parent=5190"}],"wp:term":[{"taxonomy":"category","embeddable":true,"href":"https:\/\/navision-beratung.de\/it\/wp-json\/wp\/v2\/categories?post=5190"},{"taxonomy":"post_tag","embeddable":true,"href":"https:\/\/navision-beratung.de\/it\/wp-json\/wp\/v2\/tags?post=5190"}],"curies":[{"name":"wp","href":"https:\/\/api.w.org\/{rel}","templated":true}]}}