{"id":3244,"date":"2017-12-20T10:04:30","date_gmt":"2017-12-20T10:04:30","guid":{"rendered":"http:\/\/navision-beratung.de\/?page_id=3244"},"modified":"2025-05-24T10:13:15","modified_gmt":"2025-05-24T08:13:15","slug":"dynamics-nav-2018","status":"publish","type":"page","link":"https:\/\/navision-beratung.de\/it\/ueberpruefen\/dynamics-nav-2018\/","title":{"rendered":"Dynamics NAV 2018"},"content":{"rendered":"<p><img alt=\"\" fetchpriority=\"high\" decoding=\"async\" class=\"alignnone wp-image-3296 size-full\" src=\"https:\/\/navision-beratung.de\/wp-content\/uploads\/2018\/01\/Dynamics_NAV_2018.png\" width=\"785\" height=\"200\" srcset=\"https:\/\/navision-beratung.de\/wp-content\/uploads\/2018\/01\/Dynamics_NAV_2018.png 785w, https:\/\/navision-beratung.de\/wp-content\/uploads\/2018\/01\/Dynamics_NAV_2018-300x76.png 300w, https:\/\/navision-beratung.de\/wp-content\/uploads\/2018\/01\/Dynamics_NAV_2018-768x196.png 768w\" sizes=\"(max-width: 785px) 100vw, 785px\" \/><\/p>\n<p>La nuova versione della collaudata soluzione ERP, Microsoft Dynamics NAV 2018, \u00e8 disponibile dall'inizio di dicembre.<br \/>\nDynamics NAV 2018 presenta miglioramenti alle funzionalit\u00e0 principali, molte innovazioni e caratteristiche interessanti. Ad esempio, l'integrazione di Office 365 (\"Common Data Service\" e la possibilit\u00e0 di modificare i fogli contabili in Excel) \u00e8 stata ulteriormente migliorata. Sono state inoltre apportate ottimizzazioni al client web e al suo aspetto.<\/p>\n<h2>Queste sono le nuove funzionalit\u00e0 di Microsoft Dynamics NAV 2018<\/h2>\n<ul>\n<li>Supporto completo per l'impostazione e la configurazione con diverse procedure guidate di impostazione<\/li>\n<li>Le opzioni di configurazione centralizzate semplificano la creazione di nuovi clienti<\/li>\n<li>Profonda integrazione di Office 365 attraverso l'uso del \"Common Data Service\" (piattaforma di dati per lo scambio di applicazioni, app e servizi aziendali Microsoft)<\/li>\n<li><a href=\"http:\/\/navision-beratung.de\/it\/microsoft-dynamics-nav-2018-mitarbeiterbuchungsblaetter\/\">Fogli di prenotazione per i dipendenti<\/a>Nei fogli di registrazione \u00e8 ora possibile selezionare anche i dipendenti, oltre ai creditori e ai debitori. Questa funzione \u00e8 utilizzata, ad esempio, per il pagamento delle spese di viaggio.<\/li>\n<li>Elenchi di attivit\u00e0: come in Outlook, \u00e8 possibile creare elenchi di attivit\u00e0. Questi possono riferirsi a determinati compiti specifici dell'ERP o essere collegati a pagine o report definiti.<\/li>\n<li>Le transazioni intercompany automatizzate possono accelerare in modo significativo i processi per le registrazioni intercompany.<\/li>\n<\/ul>\n<p>[wpdm_package id='3300\u2032]<\/p>\n<div class=\"ebd-box\">\n<div class=\"ebd-box-content\"><span class=\"ebd-box-title\">Richiedi una brochure<\/span><br \/>\nInserite il vostro nome e l'indirizzo e-mail. Riceverete a breve un'e-mail con il link per il download.<br \/>\n[email-download download_id=\"3304\u2033 contact_form_id=\"3302\u2033]<\/div>\n<\/div>\n<h2>Dynamics NAV - Cosa c'\u00e8 dopo?<\/h2>\n<p>Nella primavera del 2018 sono previste altre due release: Una soluzione on-premise che include tutte le funzionalit\u00e0 di NAV e una versione cloud-based suddivisa in diverse aree funzionali.<\/p>\n<h2>Avete domande?<\/h2>\n<p>Se desiderate maggiori informazioni su <a href=\"http:\/\/navision-beratung.de\/it\/microsoft-dynamics-nav\/\">Microsoft Dynamics NAV<\/a> contattateci al numero +49 (89) 21 111 848 o via e-mail a <a href=\"mailto:vertrieb@br-ag.com\">vertrieb@br-ag.com<\/a>.<\/p>\n<p>&nbsp;<\/p>","protected":false},"excerpt":{"rendered":"<p>Seit Anfang Dezember ist die neue Version der bew\u00e4hrten ERP-L\u00f6sung, Microsoft Dynamics NAV 2018 verf\u00fcgbar. Dynamics NAV 2018 kommt mit Verbesserungen der Kernfunktionalit\u00e4ten, vielen Neuerungen und spannenden Features. So wurde beispielsweise die Integration von Office 365 (\u201eCommon Data Service\u201c und die M\u00f6glichkeit zur Bearbeitung von Buch.-Bl\u00e4ttern in Excel) noch weiter verst\u00e4rkt. Aber auch am Web [&hellip;]<\/p>","protected":false},"author":1,"featured_media":3197,"parent":10710,"menu_order":0,"comment_status":"closed","ping_status":"closed","template":"","meta":{"_seopress_robots_primary_cat":"","_seopress_titles_title":"Neue Features: Microsoft Dynamics NAV 2018","_seopress_titles_desc":"Erleben Sie erweiterte Integration mit Office 365 und verbesserte Funktionen im Dynamics NAV 2018. Optimierte Benutzbarkeit und innovative L\u00f6sungen warten.","_seopress_robots_index":"","footnotes":""},"categories":[],"tags":[],"class_list":["post-3244","page","type-page","status-publish","has-post-thumbnail","hentry"],"_links":{"self":[{"href":"https:\/\/navision-beratung.de\/it\/wp-json\/wp\/v2\/pages\/3244","targetHints":{"allow":["GET"]}}],"collection":[{"href":"https:\/\/navision-beratung.de\/it\/wp-json\/wp\/v2\/pages"}],"about":[{"href":"https:\/\/navision-beratung.de\/it\/wp-json\/wp\/v2\/types\/page"}],"author":[{"embeddable":true,"href":"https:\/\/navision-beratung.de\/it\/wp-json\/wp\/v2\/users\/1"}],"replies":[{"embeddable":true,"href":"https:\/\/navision-beratung.de\/it\/wp-json\/wp\/v2\/comments?post=3244"}],"version-history":[{"count":0,"href":"https:\/\/navision-beratung.de\/it\/wp-json\/wp\/v2\/pages\/3244\/revisions"}],"up":[{"embeddable":true,"href":"https:\/\/navision-beratung.de\/it\/wp-json\/wp\/v2\/pages\/10710"}],"wp:featuredmedia":[{"embeddable":true,"href":"https:\/\/navision-beratung.de\/it\/wp-json\/wp\/v2\/media\/3197"}],"wp:attachment":[{"href":"https:\/\/navision-beratung.de\/it\/wp-json\/wp\/v2\/media?parent=3244"}],"wp:term":[{"taxonomy":"category","embeddable":true,"href":"https:\/\/navision-beratung.de\/it\/wp-json\/wp\/v2\/categories?post=3244"},{"taxonomy":"post_tag","embeddable":true,"href":"https:\/\/navision-beratung.de\/it\/wp-json\/wp\/v2\/tags?post=3244"}],"curies":[{"name":"wp","href":"https:\/\/api.w.org\/{rel}","templated":true}]}}