{"id":3101,"date":"2020-11-03T11:35:00","date_gmt":"2020-11-03T11:35:00","guid":{"rendered":"http:\/\/navision-beratung.de\/?page_id=3101"},"modified":"2025-05-24T10:13:15","modified_gmt":"2025-05-24T08:13:15","slug":"nav-zugferd-schnittstelle","status":"publish","type":"page","link":"https:\/\/navision-beratung.de\/it\/ueberpruefen\/nav-zugferd-schnittstelle\/","title":{"rendered":"ZUGFeRD Interface | eDoc App"},"content":{"rendered":"<figure class=\"wp-block-image\"><img alt=\"\" fetchpriority=\"high\" decoding=\"async\" width=\"785\" height=\"200\" src=\"https:\/\/navision-beratung.de\/wp-content\/uploads\/2020\/11\/ZUGFeRD_XRechnung.png\" class=\"wp-image-6136\" srcset=\"https:\/\/navision-beratung.de\/wp-content\/uploads\/2020\/11\/ZUGFeRD_XRechnung.png 785w, https:\/\/navision-beratung.de\/wp-content\/uploads\/2020\/11\/ZUGFeRD_XRechnung-300x76.png 300w, https:\/\/navision-beratung.de\/wp-content\/uploads\/2020\/11\/ZUGFeRD_XRechnung-768x196.png 768w\" sizes=\"(max-width: 785px) 100vw, 785px\" \/><\/figure>\n\n\n\n<h2 class=\"wp-block-heading\">L'interfaccia ZUGFeRD diventa l'app eDoc<\/h2>\n\n\n\n<p>L'interfaccia ZUGFerd \u00e8 ora disponibile nel nostro componente aggiuntivo di successo<strong> App eDoc<\/strong> integrato. Oltre ai formati<strong> ZUGFeRD<\/strong>, <strong>Fattura<\/strong> e <strong>FatturaPA<\/strong> sono ora disponibili anche altri formati europei, come ad esempio<strong> ebInterface (Austria)<\/strong>, <strong>KSeF Polonia<\/strong> e <strong>Factur-X (Francia)<\/strong> disponibile.<\/p>\n\n\n\n<div style=\"height:46px\" aria-hidden=\"true\" class=\"wp-block-spacer\"><\/div>\n\n\n\n<div class=\"wp-block-buttons is-content-justification-center is-layout-flex wp-container-core-buttons-is-layout-a89b3969 wp-block-buttons-is-layout-flex\">\n<div class=\"wp-block-button\"><a class=\"wp-block-button__link has-vivid-red-background-color has-background has-text-align-center wp-element-button\" href=\"https:\/\/navision-beratung.de\/it\/add-ons\/edoc-module-erstellen-sie-ihre-e-rechnung-einfach-schnell-rechtskonform\/\">App aggiuntiva eDoc<\/a><\/div>\n<\/div>\n\n\n\n<div style=\"height:46px\" aria-hidden=\"true\" class=\"wp-block-spacer\"><\/div>\n\n\n\n<h2 class=\"wp-block-heading\">Fatturazione elettronica conforme allo standard UE con pochi clic<\/h2>\n\n\n\n<p>Utilizzate l'interfaccia ZUGFeRD o l'applicazione eDoc in Business Central o Dynamics NAV per la trasmissione delle fatture in uscita (outbound) o per l'elaborazione delle fatture in entrata (inbound) o per entrambe le direzioni (complete). Potete scegliere liberamente il formato (ZUGFeRD o XRechnung). Decidete quale licenza vi conviene di pi\u00f9.<\/p>\n\n\n\n<p>L'interfaccia pu\u00f2 essere utilizzata non solo per lo scambio di fatture con le autorit\u00e0 pubbliche. Approfittate dei vantaggi della trasmissione elettronica delle fatture, indipendentemente dal fatto che il destinatario utilizzi o meno ZUGFeRD.<\/p>\n\n\n\n<p>Risparmiatevi la fatica di scannerizzare le ricevute o di utilizzare il riconoscimento del testo OCR. I documenti ricevuti vengono importati automaticamente da una cartella di importazione direttamente in Business Central o Dynamics NAV.<\/p>\n\n\n\n<figure class=\"wp-block-image size-large\"><a href=\"https:\/\/navision-beratung.de\/wp-content\/uploads\/2022\/10\/BRAG-ZUGFeRD-Interface_steps.jpg\"><img alt=\"\" decoding=\"async\" width=\"1024\" height=\"456\" src=\"https:\/\/navision-beratung.de\/wp-content\/uploads\/2022\/10\/BRAG-ZUGFeRD-Interface_steps-1024x456.jpg\" class=\"wp-image-7143\" srcset=\"https:\/\/navision-beratung.de\/wp-content\/uploads\/2022\/10\/BRAG-ZUGFeRD-Interface_steps-1024x456.jpg 1024w, https:\/\/navision-beratung.de\/wp-content\/uploads\/2022\/10\/BRAG-ZUGFeRD-Interface_steps-300x134.jpg 300w, https:\/\/navision-beratung.de\/wp-content\/uploads\/2022\/10\/BRAG-ZUGFeRD-Interface_steps-768x342.jpg 768w, https:\/\/navision-beratung.de\/wp-content\/uploads\/2022\/10\/BRAG-ZUGFeRD-Interface_steps.jpg 1123w\" sizes=\"(max-width: 1024px) 100vw, 1024px\" \/><\/a><\/figure>\n\n\n\n<h2 class=\"wp-block-heading\">Che cos'\u00e8 ZUGFeRD o XRechnung?<\/h2>\n\n\n\n<p>ZUGFeRD (Zentraler User Guide des Forums elektronischer Rechnung Deutschland) \u00e8 un formato per lo scambio di fatture elettroniche tra aziende e autorit\u00e0 pubbliche.<br>Il formato \u00e8 stato avviato dal Ministero federale dell'Economia e dell'Energia ed \u00e8 gi\u00e0 utilizzato da molte aziende e amministrazioni in tutta Europa.<\/p>\n\n\n\n<p>Sia la struttura dei dati dell'attuale formato ZUGFeRD che la XRechnung si basano sullo standard UE EN 16931 e possono quindi essere utilizzati entrambi. La differenza sostanziale \u00e8 che ZUGFeRD consiste in una parte PDF e in un allegato XML, mentre XRechnung \u00e8 un formato di dati XML puro.<\/p>\n\n\n\n<p>Con il profilo <strong>2.3.1 XInvoice<\/strong> le fatture elettroniche possono essere inviate a tutti i destinatari delle fatture collegati alla ZRE e all'OZG-RE.<\/p>\n\n\n\n<h2 class=\"wp-block-heading\">Integrazione completa di ZUGFeRD Interface\/ eDoc App in Microsoft Business Central o Dynamics NAV<\/h2>\n\n\n\n<figure class=\"wp-block-image\"><img alt=\"\" decoding=\"async\" width=\"1608\" height=\"605\" src=\"https:\/\/navision-beratung.de\/wp-content\/uploads\/2020\/11\/Integration-ZUGFeRD-Interface.png\" class=\"wp-image-6143\" srcset=\"https:\/\/navision-beratung.de\/wp-content\/uploads\/2020\/11\/Integration-ZUGFeRD-Interface.png 1608w, https:\/\/navision-beratung.de\/wp-content\/uploads\/2020\/11\/Integration-ZUGFeRD-Interface-300x113.png 300w, https:\/\/navision-beratung.de\/wp-content\/uploads\/2020\/11\/Integration-ZUGFeRD-Interface-1024x385.png 1024w, https:\/\/navision-beratung.de\/wp-content\/uploads\/2020\/11\/Integration-ZUGFeRD-Interface-768x289.png 768w, https:\/\/navision-beratung.de\/wp-content\/uploads\/2020\/11\/Integration-ZUGFeRD-Interface-1536x578.png 1536w\" sizes=\"(max-width: 1608px) 100vw, 1608px\" \/><\/figure>\n\n\n\n<p>L'interfaccia ZUGFeRD \u00e8 stata sviluppata come soluzione aggiuntiva per Microsoft Business Central o Dynamics NAV (dalla versione NAV 2015) per semplificare lo scambio di fatture per le medie imprese.<\/p>\n\n\n\n<p>Esportando una fattura da Dynamics NAV in formato ZUGFeRD, un file XML corrispondente viene incorporato nella ricevuta, che \u00e8 disponibile come file PDF. Ci\u00f2 significa che il documento contiene anche un modulo leggibile dalla macchina.<\/p>\n\n\n\n<p>Le fatture in uscita possono essere inviate in modo completamente elettronico, indipendentemente dal fatto che il destinatario utilizzi o meno ZUGFeRD.<\/p>\n\n\n\n<p>Quando si ricevono le fatture, non \u00e8 pi\u00f9 necessario scansionare i documenti e il riconoscimento del testo OCR non \u00e8 pi\u00f9 necessario. La ricevuta ricevuta tramite la casella di posta elettronica o tramite una cartella monitorata viene letta automaticamente direttamente in Dynamics NAV.<\/p>\n\n\n\n<h2 class=\"wp-block-heading\">Le caratteristiche pi\u00f9 importanti<\/h2>\n\n\n\n<p>L'interfaccia ZUGFeRD \u00e8 completamente integrata in Business Central o Dynamics NAV e presenta una configurazione chiara e intuitiva.<\/p>\n\n\n\n<p>A seconda del cliente, \u00e8 possibile controllare se e in quale formato (fattura ZUGFeRD o X) inviare le fatture; viene utilizzato l'invio di documenti standard.<\/p>\n\n\n\n<figure class=\"wp-block-image\"><img alt=\"\" loading=\"lazy\" decoding=\"async\" width=\"1730\" height=\"708\" src=\"https:\/\/navision-beratung.de\/wp-content\/uploads\/2020\/11\/Debitor.png\" class=\"wp-image-6145\" srcset=\"https:\/\/navision-beratung.de\/wp-content\/uploads\/2020\/11\/Debitor.png 1730w, https:\/\/navision-beratung.de\/wp-content\/uploads\/2020\/11\/Debitor-300x123.png 300w, https:\/\/navision-beratung.de\/wp-content\/uploads\/2020\/11\/Debitor-1024x419.png 1024w, https:\/\/navision-beratung.de\/wp-content\/uploads\/2020\/11\/Debitor-768x314.png 768w, https:\/\/navision-beratung.de\/wp-content\/uploads\/2020\/11\/Debitor-1536x629.png 1536w\" sizes=\"(max-width: 1730px) 100vw, 1730px\" \/><\/figure>\n\n\n\n<p>Tenete d'occhio le fatture originali in entrata. Durante l'elaborazione della fattura in entrata, l'interfaccia offre un'anteprima della fattura originale.<\/p>\n\n\n\n<figure class=\"wp-block-image\"><img alt=\"\" loading=\"lazy\" decoding=\"async\" width=\"1599\" height=\"716\" src=\"https:\/\/navision-beratung.de\/wp-content\/uploads\/2020\/11\/inbound.png\" class=\"wp-image-6147\" srcset=\"https:\/\/navision-beratung.de\/wp-content\/uploads\/2020\/11\/inbound.png 1599w, https:\/\/navision-beratung.de\/wp-content\/uploads\/2020\/11\/inbound-300x134.png 300w, https:\/\/navision-beratung.de\/wp-content\/uploads\/2020\/11\/inbound-1024x459.png 1024w, https:\/\/navision-beratung.de\/wp-content\/uploads\/2020\/11\/inbound-768x344.png 768w, https:\/\/navision-beratung.de\/wp-content\/uploads\/2020\/11\/inbound-1536x688.png 1536w\" sizes=\"(max-width: 1599px) 100vw, 1599px\" \/><\/figure>\n\n\n<p>[wpdm_package id='3108\u2032]<\/p>\n\n\n\n<div style=\"height:60px\" aria-hidden=\"true\" class=\"wp-block-spacer\"><\/div>\n\n\n\n<figure><iframe src=\"https:\/\/www.youtube.com\/embed\/UtqUX4NVQlY\" allowfullscreen=\"\" width=\"560\" height=\"315\"><\/iframe><\/figure>\n\n\n\n<div style=\"height:60px\" aria-hidden=\"true\" class=\"wp-block-spacer\"><\/div>\n\n\n\n<p><strong>Avete domande sul componente aggiuntivo eDoc App o sulla fatturazione elettronica?<\/strong><\/p>\n\n\n\n<p>Saremo lieti di aiutarvi e consigliarvi nel dettaglio:<\/p>\n\n\n\n<p><strong>Telefono: +49 (89) 21 111 848<\/strong><br><strong>E-mail: <\/strong><a href=\"mailto:vertrieb@br-ag.com\">vertrieb@br-ag.com<\/a><\/p>\n\n\n\n<div class=\"wp-block-buttons is-layout-flex wp-block-buttons-is-layout-flex\">\n<div class=\"wp-block-button aligncenter\"><a class=\"wp-block-button__link has-vivid-green-cyan-background-color has-background wp-element-button\" href=\"https:\/\/docs.navision-beratung.de\/ZUGFeRD-Interface\/\" target=\"_blank\" rel=\"noreferrer noopener\">Guida in linea<\/a><\/div>\n<\/div>","protected":false},"excerpt":{"rendered":"<p>ZUGFeRD als Format zum elektronischen Rechnungsaustausch bietet die M\u00f6glichkeit des vollst\u00e4ndigen elektronischen Rechnungsaustauschs zwischen Unternehmen sowie Beh\u00f6rden.<br \/>\nDa ein ZUGFeRD-Beleg neben der PDF-Datei auch eine eingebettete XML-Datei hat, ist der Beleg in maschinenlesbarer Form vorhanden.<br \/>\nDie ZUGFeRD Schnittstelle ist als Add-on L\u00f6sung f\u00fcr Microsoft Dynamics NAV (ab Version NAV 2009 R2 bis NAV 2017) entwickelt worden, um den Rechnungsaustausch f\u00fcr mittelst\u00e4ndische Unternehmen einfacher zu gestalten.<\/p>","protected":false},"author":1,"featured_media":6141,"parent":10710,"menu_order":0,"comment_status":"closed","ping_status":"closed","template":"","meta":{"_seopress_robots_primary_cat":"","_seopress_titles_title":"eDoc App: ZUGFeRD & XRechnung effizient nutzen","_seopress_titles_desc":"Integrieren Sie ZUGFeRD in Dynamics NAV. Effiziente elektronische Rechnungsverarbeitung mit Formaten wie XRechnung und Factur-X.","_seopress_robots_index":"","footnotes":""},"categories":[],"tags":[],"class_list":["post-3101","page","type-page","status-publish","has-post-thumbnail","hentry"],"_links":{"self":[{"href":"https:\/\/navision-beratung.de\/it\/wp-json\/wp\/v2\/pages\/3101","targetHints":{"allow":["GET"]}}],"collection":[{"href":"https:\/\/navision-beratung.de\/it\/wp-json\/wp\/v2\/pages"}],"about":[{"href":"https:\/\/navision-beratung.de\/it\/wp-json\/wp\/v2\/types\/page"}],"author":[{"embeddable":true,"href":"https:\/\/navision-beratung.de\/it\/wp-json\/wp\/v2\/users\/1"}],"replies":[{"embeddable":true,"href":"https:\/\/navision-beratung.de\/it\/wp-json\/wp\/v2\/comments?post=3101"}],"version-history":[{"count":0,"href":"https:\/\/navision-beratung.de\/it\/wp-json\/wp\/v2\/pages\/3101\/revisions"}],"up":[{"embeddable":true,"href":"https:\/\/navision-beratung.de\/it\/wp-json\/wp\/v2\/pages\/10710"}],"wp:featuredmedia":[{"embeddable":true,"href":"https:\/\/navision-beratung.de\/it\/wp-json\/wp\/v2\/media\/6141"}],"wp:attachment":[{"href":"https:\/\/navision-beratung.de\/it\/wp-json\/wp\/v2\/media?parent=3101"}],"wp:term":[{"taxonomy":"category","embeddable":true,"href":"https:\/\/navision-beratung.de\/it\/wp-json\/wp\/v2\/categories?post=3101"},{"taxonomy":"post_tag","embeddable":true,"href":"https:\/\/navision-beratung.de\/it\/wp-json\/wp\/v2\/tags?post=3101"}],"curies":[{"name":"wp","href":"https:\/\/api.w.org\/{rel}","templated":true}]}}