{"id":2920,"date":"2017-03-09T10:57:42","date_gmt":"2017-03-09T10:57:42","guid":{"rendered":"http:\/\/navision-beratung.de\/?page_id=2920"},"modified":"2025-05-24T10:13:15","modified_gmt":"2025-05-24T08:13:15","slug":"artikelattribute-und-kategorien-in-nav-2017","status":"publish","type":"page","link":"https:\/\/navision-beratung.de\/it\/ueberpruefen\/artikelattribute-und-kategorien-in-nav-2017\/","title":{"rendered":"NAV 2017: Attribute und Kategorien f\u00fcr Artikel"},"content":{"rendered":"<h1><img alt=\"\" fetchpriority=\"high\" decoding=\"async\" class=\"alignnone size-full wp-image-2928\" src=\"http:\/\/navision-beratung.de\/wp-content\/uploads\/2017\/03\/NAV_2017Artikelattribute.png\" width=\"717\" height=\"230\" srcset=\"https:\/\/navision-beratung.de\/wp-content\/uploads\/2017\/03\/NAV_2017Artikelattribute.png 717w, https:\/\/navision-beratung.de\/wp-content\/uploads\/2017\/03\/NAV_2017Artikelattribute-300x96.png 300w\" sizes=\"(max-width: 717px) 100vw, 717px\" \/><\/h1>\n<h1>Attributi e categorie degli articoli e elenco articoli illustrato in NAV 2017<\/h1>\n<p>Vorremmo mostrarvi come potete strutturare e categorizzare meglio la vostra gamma di prodotti con Microsoft Dynamics NAV. La versione 2017 offre grandi innovazioni nella versione standard.<\/p>\n<h2>Attributi dell'articolo<\/h2>\n<p>I nuovi attributi degli articoli consentono di personalizzare la classificazione dei dati anagrafici degli articoli in base ai criteri specificati. Propriet\u00e0 come le dimensioni o le propriet\u00e0 dei materiali possono essere mappate in modo molto semplice.<\/p>\n<p>Sono possibili anche assegnazioni multiple. Ci\u00f2 semplifica l'inserimento e l'aggiunta di articoli agli ordini di vendita e agli ordini di acquisto esistenti.<\/p>\n<p>A seconda dei desideri del cliente, gli attributi possono essere creati e utilizzati individualmente per diverse aree dell'azienda.<\/p>\n<h2>Categorie di articoli<\/h2>\n<p>Tra le novit\u00e0 di Microsoft Dynamics NAV 2017 ci sono anche i seguenti elementi <strong>Categorie di articoli<\/strong> con un livello principale e vari livelli gerarchici, che consentono una disposizione gerarchica degli articoli. \u00c8 possibile selezionare liberamente le categorie.<\/p>\n<p>Ad esempio, \u00e8 possibile ricavare diversi articoli da un unico modello.<\/p>\n<p>Il vantaggio principale del <strong>Attributi e categorie degli articoli<\/strong> \u00e8 quindi la trasparenza e la chiarezza dei vostri articoli.<\/p>\n<p>Vi permette inoltre di analizzare la vostra gamma di prodotti in base a categorie o attributi da voi definiti. In questo modo \u00e8 possibile avere una panoramica dei dati di vendita e del fatturato dei singoli prodotti.<\/p>\n<h2>Funzione di ricerca e filtro<\/h2>\n<p>La funzione di ricerca e di filtro offre un vantaggio significativo nell'applicazione.<\/p>\n<h2>Elenco degli articoli illustrati<\/h2>\n<p>Microsoft Dynamics NAV 2017 vi offre una visualizzazione accattivante del vostro catalogo prodotti con la possibilit\u00e0 di aggiungere agli articoli immagini adeguate. Analogamente alle illustrazioni di un negozio web, potete visualizzare le immagini in diverse dimensioni e ottenere cos\u00ec una presentazione molto chiara della vostra gamma di prodotti. \u00c8 possibile salvare pi\u00f9 immagini in un'unica anagrafica. \u00c8 inoltre possibile selezionare una vista in cui l'immagine appropriata viene visualizzata direttamente per l'articolo. In questo modo la ricerca di un articolo \u00e8 molto pi\u00f9 semplice e si risparmia molto tempo.<\/p>\n<p>&nbsp;<\/p>\n<p>Volete saperne di pi\u00f9 su Dynamics NAV 2017? Potete trovare una panoramica delle innovazioni pi\u00f9 importanti <a href=\"http:\/\/navision-beratung.de\/it\/microsoft-dynamics-nav-2017\/\">qui<\/a>.<\/p>","protected":false},"excerpt":{"rendered":"<p>Artikelattribute und -kategorien sowie bebilderte Artikelliste in NAV 2017 Gerne m\u00f6chten wir Ihnen veranschaulichen, wie Sie mit Microsoft Dynamics NAV Ihr Artikelsortiment besser strukturieren und kategorisieren k\u00f6nnen. Die 2017er Version bietet hier tolle Neuerungen im Standard. Artikelattribute Die neu eingef\u00fchrten Artikelattribute erm\u00f6glichen eine individuelle Klassifizierung des Artikelstamms nach Ihren vorgegebenen Kriterien. So k\u00f6nnen Eigenschaften wie [&hellip;]<\/p>","protected":false},"author":1,"featured_media":0,"parent":10710,"menu_order":0,"comment_status":"closed","ping_status":"closed","template":"","meta":{"_seopress_robots_primary_cat":"","_seopress_titles_title":"Optimieren Sie Artikelstruktur mit NAV 2017 Innovationen","_seopress_titles_desc":"Erfahren Sie, wie Sie mit Artikelattributen und -kategorien in Dynamics NAV 2017 Ihr Sortiment besser strukturieren und analysieren k\u00f6nnen.","_seopress_robots_index":"","footnotes":""},"categories":[],"tags":[],"class_list":["post-2920","page","type-page","status-publish","hentry"],"_links":{"self":[{"href":"https:\/\/navision-beratung.de\/it\/wp-json\/wp\/v2\/pages\/2920","targetHints":{"allow":["GET"]}}],"collection":[{"href":"https:\/\/navision-beratung.de\/it\/wp-json\/wp\/v2\/pages"}],"about":[{"href":"https:\/\/navision-beratung.de\/it\/wp-json\/wp\/v2\/types\/page"}],"author":[{"embeddable":true,"href":"https:\/\/navision-beratung.de\/it\/wp-json\/wp\/v2\/users\/1"}],"replies":[{"embeddable":true,"href":"https:\/\/navision-beratung.de\/it\/wp-json\/wp\/v2\/comments?post=2920"}],"version-history":[{"count":0,"href":"https:\/\/navision-beratung.de\/it\/wp-json\/wp\/v2\/pages\/2920\/revisions"}],"up":[{"embeddable":true,"href":"https:\/\/navision-beratung.de\/it\/wp-json\/wp\/v2\/pages\/10710"}],"wp:attachment":[{"href":"https:\/\/navision-beratung.de\/it\/wp-json\/wp\/v2\/media?parent=2920"}],"wp:term":[{"taxonomy":"category","embeddable":true,"href":"https:\/\/navision-beratung.de\/it\/wp-json\/wp\/v2\/categories?post=2920"},{"taxonomy":"post_tag","embeddable":true,"href":"https:\/\/navision-beratung.de\/it\/wp-json\/wp\/v2\/tags?post=2920"}],"curies":[{"name":"wp","href":"https:\/\/api.w.org\/{rel}","templated":true}]}}