{"id":165,"date":"2014-12-17T12:04:54","date_gmt":"2014-12-17T12:04:54","guid":{"rendered":"http:\/\/navisionberatung.apps-1and1.net\/?page_id=165"},"modified":"2025-05-24T10:13:15","modified_gmt":"2025-05-24T08:13:15","slug":"microsoft-dynamics-nav","status":"publish","type":"page","link":"https:\/\/navision-beratung.de\/it\/ueberpruefen\/microsoft-dynamics-nav\/","title":{"rendered":"ERP-Microsoft Dynamics NAV"},"content":{"rendered":"<div id=\"pl-165\"  class=\"panel-layout\" >\n<div id=\"pg-165-0\"  class=\"panel-grid panel-no-style\" >\n<div id=\"pgc-165-0-0\"  class=\"panel-grid-cell\"  data-weight=\"1\" >\n<div id=\"panel-165-0-0-0\" class=\"so-panel widget widget_sow-image panel-first-child\" data-index=\"0\" data-style=\"{&quot;background_display&quot;:&quot;tile&quot;}\" >[siteorigin_widget class=\"SiteOrigin_Widget_Image_Widget\"]<input type=\"hidden\" value=\"{&quot;instance&quot;:{&quot;image&quot;:2931,&quot;image_fallback&quot;:&quot;&quot;,&quot;size&quot;:&quot;full&quot;,&quot;align&quot;:&quot;default&quot;,&quot;title&quot;:&quot;Microsoft Dynamics NAV&quot;,&quot;title_position&quot;:&quot;hidden&quot;,&quot;alt&quot;:&quot;Microsoft Dynamics NAV&quot;,&quot;url&quot;:&quot;&quot;,&quot;bound&quot;:true,&quot;_sow_form_id&quot;:&quot;5912e38a0ac82&quot;,&quot;new_window&quot;:false,&quot;full_width&quot;:false},&quot;args&quot;:{&quot;before_widget&quot;:&quot;&lt;div id=\\&quot;panel-165-0-0-0\\&quot; class=\\&quot;so-panel widget widget_sow-image panel-first-child\\&quot; data-index=\\&quot;0\\&quot; data-style=\\&quot;{&amp;quot;background_display&amp;quot;:&amp;quot;tile&amp;quot;}\\&quot; &gt;&quot;,&quot;after_widget&quot;:&quot;&lt;\\\/div&gt;&quot;,&quot;before_title&quot;:&quot;&lt;h3 class=\\&quot;widget-title\\&quot;&gt;&quot;,&quot;after_title&quot;:&quot;&lt;\\\/h3&gt;&quot;,&quot;widget_id&quot;:&quot;widget-0-0-0&quot;}}\" \/>[\/siteorigin_widget]<\/div>\n<div id=\"panel-165-0-0-1\" class=\"so-panel widget widget_black-studio-tinymce widget_black_studio_tinymce panel-last-child\" data-index=\"1\" data-style=\"{&quot;background_image_attachment&quot;:false,&quot;background_display&quot;:&quot;tile&quot;}\" >\n<div class=\"textwidget\">\n<h1>I dati parlano chiaro: con oltre 1 milione di utenti in tutto il mondo, Microsoft Dynamics NAV \u00e8 uno dei principali sistemi ERP.<\/h1>\n<p>Con Dynamics NAV, Microsoft offre una soluzione completa soprattutto per le piccole e medie imprese. Indipendentemente dal fatto che abbiate superato il vostro sistema attuale, abbiate raggiunto i limiti delle vostre possibilit\u00e0 o siate semplicemente alla ricerca di un sistema ERP moderno:<br \/> Microsoft Dynamics NAV dovrebbe essere parte integrante della vostra lista di candidati. La sua prevalenza sul mercato, la flessibilit\u00e0, la capacit\u00e0 di integrazione e la struttura dei partner parlano da sole.<\/p>\n<h2>\u00a0Al punto<\/h2>\n<p>Date ai vostri dipendenti nuovi strumenti che renderanno la vostra azienda pi\u00f9 vincente. Decidete ora a favore della soluzione aziendale innovativa e flessibile di Microsoft Dynamics\u00ae NAV, la soluzione ERP per le PMI.<\/p>\n<p>Microsoft Dynamics NAV ha un concetto operativo innovativo e offre un controllo completo su tutti gli aspetti dell'attivit\u00e0 aziendale, ad esempio la gestione finanziaria, gli acquisti, le vendite, il magazzino e la logistica, nonch\u00e9 la gestione della produzione e dei servizi. La semplicit\u00e0 di utilizzo e la capacit\u00e0 di integrarsi con i sistemi esistenti e le moderne tecnologie rendono l'implementazione molto pi\u00f9 semplice.<\/p>\n<p>Ci sono anche tutte le opzioni di implementazione, cio\u00e8 il modo in cui il software viene fornito: Sui vostri server, in hosting nel data center o nel cloud: lasciatevi consigliare sui vantaggi dei singoli scenari applicativi e trovate la soluzione pi\u00f9 adatta a voi.<\/p>\n<\/div>\n<\/div>\n<\/div>\n<\/div>\n<div id=\"pg-165-1\"  class=\"panel-grid panel-no-style\"  data-style=\"{&quot;background_display&quot;:&quot;tile&quot;}\" >\n<div id=\"pgc-165-1-0\"  class=\"panel-grid-cell\"  data-weight=\"1\" >\n<div id=\"panel-165-1-0-0\" class=\"so-panel widget widget_spacious_featured_single_page_widget widget_featured_single_post panel-first-child panel-last-child\" data-index=\"2\" data-style=\"{&quot;background_image_attachment&quot;:false,&quot;background_display&quot;:&quot;tile&quot;}\" >[siteorigin_widget class=\"spacious_featured_singlepage_widget\"]<input type=\"hidden\" value=\"{&quot;instance&quot;:{&quot;title&quot;:&quot;&quot;,&quot;page_id&quot;:664,&quot;image_position&quot;:&quot;below&quot;,&quot;disable_feature_image&quot;:0},&quot;args&quot;:{&quot;before_widget&quot;:&quot;&lt;div id=\\&quot;panel-165-1-0-0\\&quot; class=\\&quot;so-panel widget widget_spacious_featured_single_page_widget widget_featured_single_post panel-first-child panel-last-child\\&quot; data-index=\\&quot;2\\&quot; data-style=\\&quot;{&amp;quot;background_image_attachment&amp;quot;:false,&amp;quot;background_display&amp;quot;:&amp;quot;tile&amp;quot;}\\&quot; &gt;&quot;,&quot;after_widget&quot;:&quot;&lt;\\\/div&gt;&quot;,&quot;before_title&quot;:&quot;&lt;h3 class=\\&quot;widget-title\\&quot;&gt;&quot;,&quot;after_title&quot;:&quot;&lt;\\\/h3&gt;&quot;,&quot;widget_id&quot;:&quot;widget-1-0-0&quot;}}\" \/>[\/siteorigin_widget]<\/div>\n<\/div>\n<\/div>\n<div id=\"pg-165-2\"  class=\"panel-grid panel-no-style\" >\n<div id=\"pgc-165-2-0\"  class=\"panel-grid-cell\"  data-weight=\"1\" >\n<div id=\"panel-165-2-0-0\" class=\"so-panel widget widget_black-studio-tinymce widget_black_studio_tinymce panel-first-child panel-last-child\" data-index=\"3\" data-style=\"{&quot;background_image_attachment&quot;:false,&quot;background_display&quot;:&quot;tile&quot;}\" >\n<h3 class=\"widget-title\">Moduli standard<\/h3>\n<div class=\"textwidget\">Microsoft Dynamics NAV offre gi\u00e0 di serie numerose funzionalit\u00e0 per la vostra azienda:<\/p>\n<ul>\n<li><a title=\"Gestione e controllo finanziario\" href=\"http:\/\/navision-beratung.de\/it\/microsoft-dynamics-nav\/microsoft-dynamics-nav-module\/finanzmanagement-controlling\/\"><span class=\"panel3-list-heading\" data-equal-height=\"row1-heading1\">Gestione finanziaria e contabilit\u00e0<\/span><\/a><\/li>\n<li><a title=\"Gestione e controllo finanziario\" href=\"http:\/\/navision-beratung.de\/it\/microsoft-dynamics-nav\/microsoft-dynamics-nav-module\/dynamics-nav-2018-business-intelligence-power-bi\/\"><span class=\"panel3-list-heading\" data-equal-height=\"row1-heading1\"><span class=\"item-title\">Intelligenza aziendale e Power BI<\/span><\/span><\/a><\/li>\n<li><a title=\"Gestione delle vendite, del marketing e dei servizi\" href=\"http:\/\/navision-beratung.de\/it\/microsoft-dynamics-nav\/microsoft-dynamics-nav-module\/verkauf-marketing-servicemanagement-funktionen\/\">Gestione delle vendite, del marketing e dei servizi<\/a><\/li>\n<li><a title=\"Gestione della catena di approvvigionamento e del magazzino\" href=\"http:\/\/navision-beratung.de\/it\/microsoft-dynamics-nav\/microsoft-dynamics-nav-module\/supply-chain-management-und-lagerverwaltung\/\">Gestione della catena di approvvigionamento e del magazzino<\/a><\/li>\n<li><a title=\"Pianificazione e controllo della produzione\" href=\"http:\/\/navision-beratung.de\/it\/microsoft-dynamics-nav\/microsoft-dynamics-nav-module\/fertigungsplanung-und-steuerung\/\">Pianificazione e controllo della produzione<\/a><\/li>\n<li><a title=\"Gestione del progetto\" href=\"http:\/\/navision-beratung.de\/it\/microsoft-dynamics-nav\/microsoft-dynamics-nav-module\/projektmanagement\/\">Gestione del progetto<\/a><\/li>\n<li title=\"Aggiunte\"><a title=\"Risorse umane\" href=\"http:\/\/navision-beratung.de\/it\/microsoft-dynamics-nav\/microsoft-dynamics-nav-module\/personalwesen\/\">Risorse umane<\/a><\/li>\n<\/ul>\n<\/div>\n<\/div>\n<\/div>\n<\/div>\n<\/div>","protected":false},"excerpt":{"rendered":"<p>Entdecken Sie Microsoft Dynamics ERP<\/p>\n<p>Steigern Sie die Unternehmensleistung, messen Sie die finanzielle Effektivit\u00e4t und treffen Sie fundierte Unternehmensentscheidungen, die sich sofort auf Ihren Umsatz und Ihren Gewinn auswirken. <\/p>","protected":false},"author":1,"featured_media":172,"parent":10710,"menu_order":0,"comment_status":"closed","ping_status":"open","template":"","meta":{"_seopress_robots_primary_cat":"","_seopress_titles_title":"Microsoft Dynamics NAV: F\u00fchrendes ERP f\u00fcr KMU","_seopress_titles_desc":"Entdecken Sie Microsoft Dynamics NAV, das innovative ERP-System f\u00fcr KMU mit flexibler Integration und umfassender Kontrolle \u00fcber Ihr Unternehmen.","_seopress_robots_index":"","footnotes":""},"categories":[],"tags":[],"class_list":["post-165","page","type-page","status-publish","has-post-thumbnail","hentry"],"_links":{"self":[{"href":"https:\/\/navision-beratung.de\/it\/wp-json\/wp\/v2\/pages\/165","targetHints":{"allow":["GET"]}}],"collection":[{"href":"https:\/\/navision-beratung.de\/it\/wp-json\/wp\/v2\/pages"}],"about":[{"href":"https:\/\/navision-beratung.de\/it\/wp-json\/wp\/v2\/types\/page"}],"author":[{"embeddable":true,"href":"https:\/\/navision-beratung.de\/it\/wp-json\/wp\/v2\/users\/1"}],"replies":[{"embeddable":true,"href":"https:\/\/navision-beratung.de\/it\/wp-json\/wp\/v2\/comments?post=165"}],"version-history":[{"count":0,"href":"https:\/\/navision-beratung.de\/it\/wp-json\/wp\/v2\/pages\/165\/revisions"}],"up":[{"embeddable":true,"href":"https:\/\/navision-beratung.de\/it\/wp-json\/wp\/v2\/pages\/10710"}],"wp:featuredmedia":[{"embeddable":true,"href":"https:\/\/navision-beratung.de\/it\/wp-json\/wp\/v2\/media\/172"}],"wp:attachment":[{"href":"https:\/\/navision-beratung.de\/it\/wp-json\/wp\/v2\/media?parent=165"}],"wp:term":[{"taxonomy":"category","embeddable":true,"href":"https:\/\/navision-beratung.de\/it\/wp-json\/wp\/v2\/categories?post=165"},{"taxonomy":"post_tag","embeddable":true,"href":"https:\/\/navision-beratung.de\/it\/wp-json\/wp\/v2\/tags?post=165"}],"curies":[{"name":"wp","href":"https:\/\/api.w.org\/{rel}","templated":true}]}}