{"id":1530,"date":"2015-04-07T08:52:38","date_gmt":"2015-04-07T08:52:38","guid":{"rendered":"http:\/\/navision-beratung.de\/?page_id=1530"},"modified":"2015-04-07T08:52:38","modified_gmt":"2015-04-07T08:52:38","slug":"anfrage-upgrade-dynamics-nav","status":"publish","type":"page","link":"https:\/\/navision-beratung.de\/it\/anfrage-upgrade-dynamics-nav\/","title":{"rendered":"Anfrage  &#8211; Upgrade Dynamics NAV"},"content":{"rendered":"<p>Avete domande sull'aggiornamento a Microsoft Dynamics NAV 2015? Oppure desiderate maggiori informazioni sulle caratteristiche di Microsoft Dynamics NAV 2015?<\/p>\n<h2>Saremo felici di aiutarvi!<\/h2>\n<p>Compilate il modulo sottostante con il vostro nome, la vostra azienda, l'indirizzo e-mail e il numero di telefono (facoltativo) in modo da potervi contattare immediatamente.<\/p>\n<p>Siete invitati a inviarci i dettagli della vostra richiesta nel campo \"Dettagli della richiesta\".<\/p>\n<p>&nbsp;<\/p>\n<h2>Modulo di richiesta:<\/h2>\n<p>[contact-form-7 id=\"1524\u2033 title=\"Aggiornamento a Dynamics NAV 2015\u2033]<\/p>","protected":false},"excerpt":{"rendered":"<p>Haben Sie Fragen zu einem Upgrade auf Microsoft Dynamics NAV 2015? Oder w\u00fcnschen Sie weitere Informationen zu den Features von Microsoft Dynamics NAV 2015? Wir helfen Ihnen gerne weiter! Bitte f\u00fcllen das unten stehende Formular mit Name, Firma, E-Mail Adresse und Telefonnummer (optional) aus, sodass wir sie umgehend kontaktieren k\u00f6nnen. Gerne k\u00f6nnen Sie uns bereits [&hellip;]<\/p>","protected":false},"author":1,"featured_media":0,"parent":0,"menu_order":0,"comment_status":"closed","ping_status":"open","template":"","meta":{"_seopress_robots_primary_cat":"","_seopress_titles_title":"Upgrade auf Dynamics NAV 2015: Jetzt anfragen","_seopress_titles_desc":"Erfahren Sie mehr \u00fcber Upgrades und Features von Dynamics NAV 2015. Kontaktieren Sie uns einfach \u00fcber unser Formular f\u00fcr individuelle Beratung.","_seopress_robots_index":"","footnotes":""},"categories":[],"tags":[],"class_list":["post-1530","page","type-page","status-publish","hentry"],"_links":{"self":[{"href":"https:\/\/navision-beratung.de\/it\/wp-json\/wp\/v2\/pages\/1530","targetHints":{"allow":["GET"]}}],"collection":[{"href":"https:\/\/navision-beratung.de\/it\/wp-json\/wp\/v2\/pages"}],"about":[{"href":"https:\/\/navision-beratung.de\/it\/wp-json\/wp\/v2\/types\/page"}],"author":[{"embeddable":true,"href":"https:\/\/navision-beratung.de\/it\/wp-json\/wp\/v2\/users\/1"}],"replies":[{"embeddable":true,"href":"https:\/\/navision-beratung.de\/it\/wp-json\/wp\/v2\/comments?post=1530"}],"version-history":[{"count":0,"href":"https:\/\/navision-beratung.de\/it\/wp-json\/wp\/v2\/pages\/1530\/revisions"}],"wp:attachment":[{"href":"https:\/\/navision-beratung.de\/it\/wp-json\/wp\/v2\/media?parent=1530"}],"wp:term":[{"taxonomy":"category","embeddable":true,"href":"https:\/\/navision-beratung.de\/it\/wp-json\/wp\/v2\/categories?post=1530"},{"taxonomy":"post_tag","embeddable":true,"href":"https:\/\/navision-beratung.de\/it\/wp-json\/wp\/v2\/tags?post=1530"}],"curies":[{"name":"wp","href":"https:\/\/api.w.org\/{rel}","templated":true}]}}