{"id":12521,"date":"2025-05-27T10:02:23","date_gmt":"2025-05-27T08:02:23","guid":{"rendered":"https:\/\/dynamicsberatung2025.live-website.com\/?page_id=12521"},"modified":"2025-05-27T10:03:14","modified_gmt":"2025-05-27T08:03:14","slug":"referenzprojekt-logistik-psp-pack-gmbh","status":"publish","type":"page","link":"https:\/\/navision-beratung.de\/it\/referenzen\/referenzprojekt-logistik-psp-pack-gmbh\/","title":{"rendered":"Progetto di riferimento: Logistica - PSP Pack GmbH"},"content":{"rendered":"<p>Oggi vi presentiamo un progetto di successo del nostro cliente storico PSP Pack GmbH, un esperto fornitore di servizi logistici che supportiamo dal 2009.<\/p>\n\n\n\n<p>PSP Pack GmbH \u00e8 specializzata nei processi di logistica e spedizione e utilizza il sistema ERP Microsoft Dynamics 365 Business Central.<\/p>\n\n\n\n<p>L'attuale progetto di riferimento riguardava l'ottimizzazione e la gestione di processi logistici complessi per un cliente (magazzino) che ha esternalizzato gran parte dei suoi servizi logistici di stoccaggio e spedizione a PSP.<\/p>\n\n\n\n<h3 class=\"wp-block-heading\" id=\"Ziele-der-Zusammenarbeit\">Obiettivi della cooperazione<\/h3>\n\n\n\n<ul class=\"wp-block-list\">\n<li>Riduzione delle interfacce necessarie e dei sistemi coinvolti<\/li>\n\n\n\n<li>Standardizzazione e semplificazione dei processi logistici<\/li>\n\n\n\n<li>Informazioni complete sull'inventario, pianificazione e valutazione controllate centralmente per le attivit\u00e0 B2B e B2C<\/li>\n\n\n\n<li>Maggiore flessibilit\u00e0 grazie all'outsourcing e al partenariato regionale<\/li>\n<\/ul>\n\n\n\n<h3 class=\"wp-block-heading\" id=\"Projektumsetzung\">Realizzazione del progetto<\/h3>\n\n\n\n<p>Insieme a bartolome r\u00f6der AG, PSP Pack GmbH ha sviluppato una soluzione logistica completamente integrata in soli due mesi:<\/p>\n\n\n\n<h4 class=\"wp-block-heading\" id=\"Generische-Auftragsschnittstelle\">Interfaccia ordine generico<\/h4>\n\n\n\n<p>In primo luogo, \u00e8 stata sviluppata un'interfaccia generica per gli ordini, che pu\u00f2 essere utilizzata universalmente per i futuri clienti (del magazzino). L'interfaccia consente attualmente lo scambio di file CSV tramite un server FTP, ma \u00e8 gi\u00e0 predisposta per future connessioni a servizi web.<\/p>\n\n\n\n<h4 class=\"wp-block-heading\" id=\"Individuelles-Verwaltungscockpit\">Cockpit di gestione personalizzato<\/h4>\n\n\n\n<p>Per un controllo efficiente \u00e8 stato sviluppato un cockpit amministrativo separato, che visualizza chiaramente gli ordini in arrivo e li rende modificabili.<\/p>\n\n\n\n<figure class=\"wp-block-image size-large\"><a href=\"https:\/\/dynamicsberatung2025.live-website.com\/wp-content\/uploads\/2025\/05\/PSP-Ext-Logistik-Auftragseingang-Header-20250507-094711.png\"><img alt=\"\" decoding=\"async\" src=\"https:\/\/dynamicsberatung2025.live-website.com\/wp-content\/uploads\/2025\/05\/PSP-Ext-Logistik-Auftragseingang-Header-20250507-094711-1024x553.png\" class=\"wp-image-8949\"\/><\/a><figcaption class=\"wp-element-caption\">\"Cockpit\" per l'elaborazione degli ordini logistici esterni importati tramite interfaccia<br><\/figcaption><\/figure>\n\n\n\n<h4 class=\"wp-block-heading\" id=\"Android-App-f\u00fcr-mobile-Kommissionierung\">Applicazione Android per la raccolta mobile degli ordini<\/h4>\n\n\n\n<p>In tre settimane \u00e8 stata sviluppata anche un'applicazione Android per scanner ad alte prestazioni, che pu\u00f2 essere utilizzata per scansionare luoghi di stoccaggio e oggetti in movimento.<\/p>\n\n\n\n<h4 class=\"wp-block-heading\" id=\"Barcode-gesteuerte-Prozessoptimierung\">Ottimizzazione del processo con codice a barre<\/h4>\n\n\n\n<p>Il prelievo avviene direttamente in contenitori o pacchi designati (cassette di prelievo), tutti dotati di un codice a barre univoco. I dipendenti scansionano i luoghi di stoccaggio, gli articoli e i rispettivi contenitori di destinazione, riducendo al minimo gli errori e massimizzando l'efficienza.<\/p>\n\n\n\n<h4 class=\"wp-block-heading\" id=\"Automatisierte-Versandabwicklung\">Elaborazione automatizzata delle spedizioni<\/h4>\n\n\n\n<p>L'elaborazione della spedizione \u00e8 automatizzata tramite i fornitori di servizi di spedizione collegati, come DHL e DPD (a seconda del tipo di ordine B2C o B2B). Le etichette di spedizione vengono generate e stampate automaticamente. Inoltre, al momento dell'emissione della merce, viene effettuato un controllo finale della merce mediante scansione del codice a barre per garantire la completezza di ogni spedizione.<\/p>\n\n\n\n<h3 class=\"wp-block-heading\" id=\"Highlights-der-L\u00f6sung-im-\u00dcberblick\">I punti salienti della soluzione in sintesi<\/h3>\n\n\n\n<ul class=\"wp-block-list\">\n<li><strong>Suggerimento intelligente di cartone<\/strong>Il sistema ERP suggerisce automaticamente il cartone ottimale in base al volume e alle dimensioni della merce ordinata.<\/li>\n\n\n\n<li><strong>Elaborazione in parallelo di pi\u00f9 client<\/strong>Gli ordini di pi\u00f9 clienti (di magazzino) possono essere evasi contemporaneamente nello stesso magazzino, il che consente un utilizzo ottimale delle risorse di magazzino.<\/li>\n\n\n\n<li><strong>Barriere automatiche per l'immagazzinamento<\/strong>Per evitare errori e doppie prenotazioni, le posizioni di magazzino vengono bloccate automaticamente non appena un cliente (del magazzino) le richiede.<\/li>\n\n\n\n<li><strong>Raccolta ordini FEFO<\/strong>La merce viene rimossa secondo il principio \"First Expired First Out\", in modo che i prodotti con una durata di conservazione pi\u00f9 breve (o che sono gi\u00e0 stati in magazzino per un periodo pi\u00f9 lungo) abbiano la priorit\u00e0 per la rimozione.<\/li>\n\n\n\n<li><strong>Controllo di processo diverso per B2B e B2C<\/strong>Processi logistici e metodi di prelievo specifici sono stati personalizzati per i clienti commerciali (B2B) e per i clienti finali (B2C).<\/li>\n\n\n\n<li><strong>Applicazione Android per la raccolta mobile degli ordini<\/strong>L'applicazione appositamente sviluppata garantisce un'elaborazione rapida, mobile e priva di errori dei processi di picking direttamente in magazzino.<\/li>\n\n\n\n<li><strong>Scansione di controllo all'emissione delle merci<\/strong>Prima della spedizione, viene effettuata una scansione finale per verificare la completezza di ogni ordine.<\/li>\n\n\n\n<li><strong>Feedback automatico con tracciamento<\/strong>I clienti (del magazzino) ricevono automaticamente un feedback sullo stato del prelievo e della spedizione (numeri di tracking), aumentando cos\u00ec la trasparenza e la soddisfazione dei clienti.<\/li>\n<\/ul>\n\n\n\n<h3 class=\"wp-block-heading\" id=\"Android-App-f\u00fcr-optimierte-Kommissionierung\">Applicazione Android per l'ottimizzazione del commissionamento<\/h3>\n\n\n\n<p>L'applicazione Android appositamente sviluppata per gli scanner ad alte prestazioni (<a href=\"https:\/\/www.keyence.de\/products\/mobile-computers\/handheld-computers\/bt-a700\/\">Modello Keyence BT-A700<\/a>) offre il prelievo in tempo reale direttamente nel magazzino. Ogni posizione di stoccaggio e ogni articolo \u00e8 chiaramente etichettato con un codice a barre.<\/p>\n\n\n\n<p>La procedura con l'app \u00e8 semplice e chiara:<\/p>\n\n\n\n<ul class=\"wp-block-list\">\n<li>L'addetto al magazzino scansiona innanzitutto l'ID del codice a barre dell'elenco di prelievo collettivo.<\/li>\n\n\n\n<li>L'applicazione visualizza tutti gli articoli da prelevare ed evidenzia in verde quelli gi\u00e0 prelevati.<\/li>\n\n\n\n<li>I dipendenti scansionano quindi il luogo di stoccaggio, l'articolo e l'ID della cassetta di prelievo per garantire un'assegnazione completa e corretta.<\/li>\n\n\n\n<li>Gli articoli vengono registrati e confermati solo dopo un controllo positivo da parte di Business Central.<\/li>\n<\/ul>\n\n\n\n<p>Tecnicamente, l'applicazione si basa sulla moderna tecnologia Blazor Hybrid di <a href=\"https:\/\/dotnet.microsoft.com\/en-us\/apps\/maui\">Microsoft .NET MAUI <\/a>Questa base tecnologica fa s\u00ec che l'app possa essere distribuita in modo efficiente per diversi sistemi operativi, come Android (per PSP), iOS, macOS o Windows, utilizzando una base di codice quasi identica. L'app comunica con Business Central tramite servizi web REST appositamente sviluppati, ai quali si pu\u00f2 accedere in modo sicuro tramite la rete Wi-Fi del cliente.<\/p>\n\n\n\n<figure class=\"wp-block-image size-large is-resized\"><a href=\"https:\/\/dynamicsberatung2025.live-website.com\/wp-content\/uploads\/2025\/05\/PSP-Android-App-3.png\"><img alt=\"\" decoding=\"async\" src=\"https:\/\/dynamicsberatung2025.live-website.com\/wp-content\/uploads\/2025\/05\/PSP-Android-App-3-460x1024.png\" class=\"wp-image-8950\" style=\"width:332px;height:auto\"\/><\/a><figcaption class=\"wp-element-caption\">Applicazione Android per la raccolta mobile degli ordini<\/figcaption><\/figure>\n\n\n\n<h3 class=\"wp-block-heading\" id=\"Herausforderungen-und-L\u00f6sungen\">Sfide e soluzioni<\/h3>\n\n\n\n<p>Il go-live si \u00e8 svolto quasi senza problemi. Solo la messa a punto della sincronizzazione (trasferimento dati FTP) ha richiesto una breve fase di familiarizzazione.<\/p>\n\n\n\n<h3 class=\"wp-block-heading\" id=\"Kundenmeinung-zur-Projektumsetzung\">Opinione del cliente sulla realizzazione del progetto<\/h3>\n\n\n\n<p><em>\"La competenza di BR AG si \u00e8 rivelata un vantaggio decisivo anche in questo progetto. Il complesso progetto \u00e8 stato realizzato con nostra piena soddisfazione nel pi\u00f9 breve tempo possibile. I requisiti da noi stabiliti sono stati elaborati in modo rapido e molto affidabile. Il fattore decisivo in questo caso \u00e8 che siamo supportati dallo stesso sviluppatore dal 2009. Noi, PSP Pack GmbH, possiamo raccomandare BR AG con la massima tranquillit\u00e0\".<\/em><br>- <strong>Michael Schmidt, <\/strong>PSP Pack GmbH, Direttore operativo<\/p>\n\n\n\n<p>Volete ottimizzare i vostri processi logistici con Dynamics 365 Business Central o state cercando un partner affidabile per l'outsourcing della vostra logistica? Contattateci al numero 089 - 21 111 848 o via e-mail all'indirizzo <a href=\"mailto:vertrieb@br-ag.com\">vertrieb@br-ag.com<\/a> - Siamo felici di consigliarvi!<\/p>","protected":false},"excerpt":{"rendered":"<p>Oggi vi presentiamo un progetto di successo del nostro cliente storico PSP Pack GmbH, un fornitore di servizi logistici di grande esperienza che supportiamo dal 2009. PSP Pack GmbH \u00e8 specializzata in processi di logistica e spedizione e utilizza il sistema ERP Microsoft Dynamics 365 Business Central. L'attuale progetto di riferimento prevedeva l'ottimizzazione e il controllo di complessi processi logistici per [...]<\/p>","protected":false},"author":1,"featured_media":11454,"parent":8787,"menu_order":0,"comment_status":"closed","ping_status":"closed","template":"","meta":{"_seopress_robots_primary_cat":"","_seopress_titles_title":"Erfolgreiches Logistikprojekt mit PSP Pack GmbH","_seopress_titles_desc":"Entdecken Sie, wie PSP Pack GmbH Logistikprozesse f\u00fcr Lagerkunden mit Microsoft Dynamics 365 Business Central effizient optimiert und steuert.","_seopress_robots_index":"","footnotes":""},"categories":[52],"tags":[],"class_list":["post-12521","page","type-page","status-publish","has-post-thumbnail","hentry","category-referenzen"],"_links":{"self":[{"href":"https:\/\/navision-beratung.de\/it\/wp-json\/wp\/v2\/pages\/12521","targetHints":{"allow":["GET"]}}],"collection":[{"href":"https:\/\/navision-beratung.de\/it\/wp-json\/wp\/v2\/pages"}],"about":[{"href":"https:\/\/navision-beratung.de\/it\/wp-json\/wp\/v2\/types\/page"}],"author":[{"embeddable":true,"href":"https:\/\/navision-beratung.de\/it\/wp-json\/wp\/v2\/users\/1"}],"replies":[{"embeddable":true,"href":"https:\/\/navision-beratung.de\/it\/wp-json\/wp\/v2\/comments?post=12521"}],"version-history":[{"count":0,"href":"https:\/\/navision-beratung.de\/it\/wp-json\/wp\/v2\/pages\/12521\/revisions"}],"up":[{"embeddable":true,"href":"https:\/\/navision-beratung.de\/it\/wp-json\/wp\/v2\/pages\/8787"}],"wp:featuredmedia":[{"embeddable":true,"href":"https:\/\/navision-beratung.de\/it\/wp-json\/wp\/v2\/media\/11454"}],"wp:attachment":[{"href":"https:\/\/navision-beratung.de\/it\/wp-json\/wp\/v2\/media?parent=12521"}],"wp:term":[{"taxonomy":"category","embeddable":true,"href":"https:\/\/navision-beratung.de\/it\/wp-json\/wp\/v2\/categories?post=12521"},{"taxonomy":"post_tag","embeddable":true,"href":"https:\/\/navision-beratung.de\/it\/wp-json\/wp\/v2\/tags?post=12521"}],"curies":[{"name":"wp","href":"https:\/\/api.w.org\/{rel}","templated":true}]}}