{"id":97,"date":"2014-10-28T10:40:55","date_gmt":"2014-10-28T10:40:55","guid":{"rendered":"http:\/\/navisionberatung.apps-1and1.net\/?page_id=97"},"modified":"2025-08-12T08:41:19","modified_gmt":"2025-08-12T06:41:19","slug":"impressum","status":"publish","type":"page","link":"https:\/\/navision-beratung.de\/fr\/impressum\/","title":{"rendered":"Mentions l\u00e9gales"},"content":{"rendered":"<div data-elementor-type=\"wp-page\" data-elementor-id=\"97\" class=\"elementor elementor-97\" data-elementor-post-type=\"page\">\n\t\t\t\t<div class=\"elementor-element elementor-element-72781c51 e-flex e-con-boxed e-con e-parent\" data-id=\"72781c51\" data-element_type=\"container\">\n\t\t\t\t\t<div class=\"e-con-inner\">\n\t\t\t\t<div class=\"elementor-element elementor-element-5ba6e2e elementor-widget elementor-widget-heading\" data-id=\"5ba6e2e\" data-element_type=\"widget\" data-widget_type=\"heading.default\">\n\t\t\t\t\t<h2 class=\"elementor-heading-title elementor-size-default\">Mentions l\u00e9gales<\/h2>\t\t\t\t<\/div>\n\t\t\t\t<div class=\"elementor-element elementor-element-7d366cd2 elementor-widget elementor-widget-text-editor\" data-id=\"7d366cd2\" data-element_type=\"widget\" data-widget_type=\"text-editor.default\">\n\t\t\t\t\t\t\t\t\t<p class=\"bodytext\"><b>bartolome r\u00f6der AG<\/b><br \/>11, rue Ridler<br \/>80339 Munich<\/p>\n<p><!-- \/wp:paragraph --><!-- wp:paragraph --><\/p>\n<p>T\u00e9l.<a href=\"tel:++498921111848\">+49 89 21111848<\/a><br \/>Courrier \u00e9lectronique : <a href=\"mailto:info@br-ag.com\">info@br-ag.com<\/a><br \/>Internet : <a class=\"external-link-new-window\" href=\"http:\/\/www.br-ag.com\/\" target=\"_blank\" rel=\"noopener noreferrer\">www.br-ag.com<\/a> | <a class=\"external-link-new-window\" href=\"https:\/\/navision-beratung.de\/fr\/\" target=\"_blank\" rel=\"noopener noreferrer\">www.navision-beratung.de<\/a><\/p>\n<p><!-- \/wp:paragraph --><!-- wp:paragraph --><\/p>\n<p><b>Comit\u00e9 directeur autoris\u00e9 \u00e0 repr\u00e9senter l'association :<\/b><br \/>Bernd R\u00f6der, ing\u00e9nieur dipl\u00f4m\u00e9 en \u00e9conomie, Christoph Bartolome, ing\u00e9nieur dipl\u00f4m\u00e9 en \u00e9conomie<\/p>\n<p><!-- \/wp:paragraph --><!-- wp:paragraph --><\/p>\n<p><strong>Pr\u00e9sident du conseil de surveillance :<\/strong> Constantin Ridder<\/p>\n<p><!-- \/wp:paragraph --><!-- wp:paragraph {\"className\":\"bodytext\"} --><\/p>\n<p class=\"bodytext\"><b>Tribunal d'enregistrement :<\/b> Munich<br \/><b>Num\u00e9ro d'enregistrement : <\/b>HRB 134226<br \/><b>Num\u00e9ro d'identification fiscale : <\/b>143 \/ 100 \/ 10112<br \/><b>Num\u00e9ro de TVA :<\/b> FR 212 304 240<\/p>\n<p><!-- \/wp:paragraph --><!-- wp:paragraph {\"className\":\"bodytext\"} --><\/p>\n<p class=\"bodytext\">Responsable du contenu conform\u00e9ment au \u00a7 10 alin\u00e9a 3 MDStV : Bernd R\u00f6der (adresse comme ci-dessus)<\/p>\n<p class=\"bodytext\">\u00a0<\/p>\n<p><!-- \/wp:paragraph --><!-- wp:heading {\"level\":1} --><\/p>\n<h3 class=\"wp-block-heading\">Mentions l\u00e9gales :<\/h3>\n<p><!-- \/wp:heading --><!-- wp:paragraph {\"className\":\"bodytext\"} --><\/p>\n<p class=\"bodytext\">Malgr\u00e9 un contr\u00f4le minutieux du contenu, bartolome r\u00f6der AG n'assume aucune responsabilit\u00e9 pour le contenu des liens externes. Seuls les exploitants de ces sites sont responsables de leur contenu.<\/p>\n<p><!-- \/wp:paragraph --><!-- wp:paragraph {\"className\":\"bodytext\"} --><\/p>\n<p class=\"bodytext\">bartolome r\u00f6der AG n'assume aucune responsabilit\u00e9 pour la s\u00e9curit\u00e9 des donn\u00e9es des informations de toute nature envoy\u00e9es par le biais du site web ou par e-mail.<\/p>\n<p><!-- \/wp:paragraph --><!-- wp:paragraph {\"className\":\"bodytext\"} --><\/p>\n<p class=\"bodytext\">Tous les textes, graphiques et images du site www.br-ag.com sont soumis au copyright de bartolome r\u00f6der AG et sont \u00e9ventuellement prot\u00e9g\u00e9s par des droits d'auteur de tiers. Aucune partie de cette publication ne peut \u00eatre reproduite sous quelque forme que ce soit et trait\u00e9e, copi\u00e9e ou diffus\u00e9e \u00e0 l'aide de syst\u00e8mes \u00e9lectroniques sans l'autorisation \u00e9crite de bartolome r\u00f6der AG. Font exception \u00e0 cette r\u00e8gle les textes et les images express\u00e9ment propos\u00e9s pour une diffusion ult\u00e9rieure.<\/p>\n<p><!-- \/wp:paragraph --><!-- wp:paragraph {\"className\":\"bodytext\"} --><\/p>\n<p class=\"bodytext\">Malgr\u00e9 un contr\u00f4le minutieux, l'\u00e9diteur ne peut \u00eatre tenu responsable ou garantir l'actualit\u00e9, l'exactitude et l'exhaustivit\u00e9 des informations et donn\u00e9es mises \u00e0 disposition sur www.br-ag.com et www.navision-beratung.de.<\/p>\n<p><!-- \/wp:paragraph --><!-- wp:paragraph {\"className\":\"bodytext\"} --><\/p>\n<p class=\"bodytext\"><a title=\"CONDITIONS G\u00c9N\u00c9RALES DE VENTE\" href=\"http:\/\/navision-beratung.de\/fr\/agb\/\">Conditions g\u00e9n\u00e9rales de vente<\/a><\/p>\n<p><!-- \/wp:paragraph --><!-- wp:paragraph {\"className\":\"bodytext\"} --><\/p>\n<p class=\"bodytext\"><a title=\"Protection des donn\u00e9es\" href=\"http:\/\/navision-beratung.de\/fr\/datenschutz\/\">D\u00e9claration de confidentialit\u00e9<\/a><\/p>\n<p class=\"bodytext\">\u00a0<\/p>\n<p><!-- \/wp:paragraph --><!-- wp:heading --><\/p>\n<h3 class=\"wp-block-heading\">Cr\u00e9dit photo<\/h3>\n<p><!-- \/wp:heading --><!-- wp:paragraph --><\/p>\n<p><strong>Fotolia.com<\/strong>: 3dmentat, alexlmx, Andrey Popov, amenic181, Bacho Foto, bf87, bloomua, bounlow-pic, Brad Pict, Coloures-pic, contrastwerkstatt, Countrypixel, Cybrain, denisismagilov,  djama, DOC RABE Media, DragonImages, Eugene Kuklev, evencake, fotogestoeber, fotoknips, Gina Sanders, gonin, goodluz, gunnar3000, gustavofrazao, iconimage, <span class=\"conten-view-title-block\"><span id=\"content-view-title-contributor\" class=\"trunc-string\" title=\"\u00a9 Juice Images\">inarik, <\/span><\/span>industrieblick, Jakub Jirs\u00e1k, Jearu, John Smith, J\u00fcrgen F\u00e4lchle, <span class=\"conten-view-title-block\"><span id=\"content-view-title-contributor\" class=\"trunc-string\" title=\"\u00a9 Juice Images\">Juice Images, Julien Eichinger, luckybusiness<\/span><\/span>, Marco2811, Mathias Rosenthal, Michael Rosskothen, mimacz, Minerva Studio, MH, Mimi Potter, mooshny, nenetus, ninog, Nonwarit, Oleksiy Mark,Olivier Le Moal, Petair, psdesign1, Rawpixel.com, rcfotostock,\u00a0 <span class=\"conten-view-title-block\"><span id=\"content-view-title-contributor\" class=\"trunc-string\" title=\"\u00a9 Juice Images\">Robert Kneschke, ronstik, Saklakova, sebra, <\/span><\/span>Sergey Nivens, spiritofamerica, Syda Productions, <span class=\"conten-view-title-block\"><span id=\"content-view-title-contributor\" class=\"trunc-string\" title=\"\u00a9 Juice Images\">vege, venimo, Weissblick, Warakorn, yanlev, yurolaitsalbert.<br \/><\/span><\/span><\/p>\n<p>Photogenika<\/p>\n<p><!-- \/wp:paragraph --><!-- wp:heading --><\/p>\n<h2 class=\"wp-block-heading\">\u00a0<\/h2>\n<p><!-- \/wp:heading --><\/p>\t\t\t\t\t\t\t\t<\/div>\n\t\t\t\t\t<\/div>\n\t\t\t\t<\/div>\n\t\t\t\t<\/div>","protected":false},"excerpt":{"rendered":"<p>Impressum bartolome r\u00f6der AGRidlerstr. 1180339\u00a0M\u00fcnchen Tel.+49 89 21111848E-Mail: info@br-ag.comInternet: www.br-ag.com | www.navision-beratung.de Vertretungsberechtigter Vorstand:Dipl.Wirt.Ing. Bernd R\u00f6der, Dipl.Wirt.Ing.\u00a0Christoph Bartolome Vorsitzender des Aufsichtsrates: Constantin Ridder Registergericht: M\u00fcnchenRegistriernummer: HRB 134226Steuernummer: 143 \/ 100 \/ 10112USt.-ID.: DE 212 304 240 Inhaltlich Verantwortlicher gem\u00e4\u00df \u00a7 10 Absatz 3 MDStV: Bernd R\u00f6der (Anschrift wie oben) \u00a0 Rechtliche Hinweise: Trotz sorgf\u00e4ltiger inhaltlicher [&hellip;]<\/p>","protected":false},"author":1,"featured_media":0,"parent":0,"menu_order":0,"comment_status":"closed","ping_status":"open","template":"","meta":{"_seopress_robots_primary_cat":"","_seopress_titles_title":"Kontakt & Impressum der Bartolome R\u00f6der AG M\u00fcnchen","_seopress_titles_desc":"Entdecken Sie Bartolome R\u00f6der AG in M\u00fcnchen, Ihre Experten f\u00fcr Wirtschaftsberatung. Besuchen Sie uns online unter www.br-ag.com & www.navision-beratung.de.","_seopress_robots_index":"","footnotes":""},"categories":[],"tags":[],"class_list":["post-97","page","type-page","status-publish","hentry"],"_links":{"self":[{"href":"https:\/\/navision-beratung.de\/fr\/wp-json\/wp\/v2\/pages\/97","targetHints":{"allow":["GET"]}}],"collection":[{"href":"https:\/\/navision-beratung.de\/fr\/wp-json\/wp\/v2\/pages"}],"about":[{"href":"https:\/\/navision-beratung.de\/fr\/wp-json\/wp\/v2\/types\/page"}],"author":[{"embeddable":true,"href":"https:\/\/navision-beratung.de\/fr\/wp-json\/wp\/v2\/users\/1"}],"replies":[{"embeddable":true,"href":"https:\/\/navision-beratung.de\/fr\/wp-json\/wp\/v2\/comments?post=97"}],"version-history":[{"count":3,"href":"https:\/\/navision-beratung.de\/fr\/wp-json\/wp\/v2\/pages\/97\/revisions"}],"predecessor-version":[{"id":16328,"href":"https:\/\/navision-beratung.de\/fr\/wp-json\/wp\/v2\/pages\/97\/revisions\/16328"}],"wp:attachment":[{"href":"https:\/\/navision-beratung.de\/fr\/wp-json\/wp\/v2\/media?parent=97"}],"wp:term":[{"taxonomy":"category","embeddable":true,"href":"https:\/\/navision-beratung.de\/fr\/wp-json\/wp\/v2\/categories?post=97"},{"taxonomy":"post_tag","embeddable":true,"href":"https:\/\/navision-beratung.de\/fr\/wp-json\/wp\/v2\/tags?post=97"}],"curies":[{"name":"wp","href":"https:\/\/api.w.org\/{rel}","templated":true}]}}