{"id":8789,"date":"2025-04-10T16:25:32","date_gmt":"2025-04-10T14:25:32","guid":{"rendered":"https:\/\/dynamicsberatung2025.live-website.com\/?page_id=8789"},"modified":"2025-06-11T15:19:08","modified_gmt":"2025-06-11T13:19:08","slug":"branchen","status":"publish","type":"page","link":"https:\/\/navision-beratung.de\/fr\/ueberpruefen\/branchen\/","title":{"rendered":"Branchen"},"content":{"rendered":"<div data-elementor-type=\"wp-page\" data-elementor-id=\"8789\" class=\"elementor elementor-8789\" data-elementor-post-type=\"page\">\n\t\t\t\t<div class=\"elementor-element elementor-element-a049793 e-flex e-con-boxed e-con e-parent\" data-id=\"a049793\" data-element_type=\"container\" data-settings=\"{&quot;background_background&quot;:&quot;gradient&quot;}\">\n\t\t\t\t\t<div class=\"e-con-inner\">\n\t\t\t\t<div class=\"elementor-element elementor-element-fbc986f elementor-widget-mobile__width-initial elementor-widget elementor-widget-image\" data-id=\"fbc986f\" data-element_type=\"widget\" data-widget_type=\"image.default\">\n\t\t\t\t\t\t\t\t\t\t\t\t\t\t\t<img alt=\"\" fetchpriority=\"high\" decoding=\"async\" width=\"716\" height=\"716\" src=\"https:\/\/navision-beratung.de\/wp-content\/uploads\/2025\/04\/brAG_Dynamics_Kreis_RGB.svg\" class=\"attachment-large size-large wp-image-9174\" \/>\t\t\t\t\t\t\t\t\t\t\t\t\t\t\t<\/div>\n\t\t\t\t\t<\/div>\n\t\t\t\t<\/div>\n\t\t<div class=\"elementor-element elementor-element-84f07e0 e-flex e-con-boxed e-con e-parent\" data-id=\"84f07e0\" data-element_type=\"container\" data-settings=\"{&quot;background_background&quot;:&quot;classic&quot;}\">\n\t\t\t\t\t<div class=\"e-con-inner\">\n\t\t\t\t<div class=\"elementor-element elementor-element-53ebb03 elementor-widget__width-initial elementor-widget elementor-widget-heading\" data-id=\"53ebb03\" data-element_type=\"widget\" data-widget_type=\"heading.default\">\n\t\t\t\t\t<h1 class=\"elementor-heading-title elementor-size-default\">Exp\u00e9rience dans le secteur<\/h1>\t\t\t\t<\/div>\n\t\t\t\t<div class=\"elementor-element elementor-element-f90e378 elementor-widget elementor-widget-text-editor\" data-id=\"f90e378\" data-element_type=\"widget\" data-widget_type=\"text-editor.default\">\n\t\t\t\t\t\t\t\t\t<p>Nous connaissons le benchmark dans plusieurs secteurs et ne sommes pas focalis\u00e9s sur un seul secteur. Nous sommes convaincus que la norme couvre d\u00e9j\u00e0 une part importante des fonctionnalit\u00e9s requises par nos clients. Nous mettons en \u0153uvre ensemble les adaptations n\u00e9cessaires. Ce faisant, nous veillons \u00e0 la possibilit\u00e9 de mise \u00e0 niveau et assurons ainsi l'avenir de votre investissement.<\/p>\t\t\t\t\t\t\t\t<\/div>\n\t\t\t\t\t<\/div>\n\t\t\t\t<\/div>\n\t\t<div class=\"elementor-element elementor-element-f203366 e-grid e-con-boxed e-con e-parent\" data-id=\"f203366\" data-element_type=\"container\">\n\t\t\t\t\t<div class=\"e-con-inner\">\n\t\t<div class=\"elementor-element elementor-element-996a1ca e-con-full e-flex e-con e-child\" data-id=\"996a1ca\" data-element_type=\"container\" data-settings=\"{&quot;background_background&quot;:&quot;classic&quot;}\">\n\t\t\t\t<div class=\"elementor-element elementor-element-befa146 elementor-widget elementor-widget-heading\" data-id=\"befa146\" data-element_type=\"widget\" data-widget_type=\"heading.default\">\n\t\t\t\t\t<h6 class=\"elementor-heading-title elementor-size-default\">Commerce \u00e9lectronique et vente par correspondance<\/h6>\t\t\t\t<\/div>\n\t\t\t\t<\/div>\n\t\t<div class=\"elementor-element elementor-element-42ddb77 e-con-full e-flex e-con e-child\" data-id=\"42ddb77\" data-element_type=\"container\" data-settings=\"{&quot;background_background&quot;:&quot;classic&quot;}\">\n\t\t\t\t<div class=\"elementor-element elementor-element-c91b22c elementor-widget elementor-widget-heading\" data-id=\"c91b22c\" data-element_type=\"widget\" data-widget_type=\"heading.default\">\n\t\t\t\t\t<h6 class=\"elementor-heading-title elementor-size-default\">Industrie de haute technologie<\/h6>\t\t\t\t<\/div>\n\t\t\t\t<\/div>\n\t\t<div class=\"elementor-element elementor-element-f2d3f10 e-con-full e-flex e-con e-child\" data-id=\"f2d3f10\" data-element_type=\"container\" data-settings=\"{&quot;background_background&quot;:&quot;classic&quot;}\">\n\t\t\t\t<div class=\"elementor-element elementor-element-e1d58f5 elementor-widget elementor-widget-heading\" data-id=\"e1d58f5\" data-element_type=\"widget\" data-widget_type=\"heading.default\">\n\t\t\t\t\t<h6 class=\"elementor-heading-title elementor-size-default\">Nouveaux m\u00e9dias<\/h6>\t\t\t\t<\/div>\n\t\t\t\t<\/div>\n\t\t<div class=\"elementor-element elementor-element-396ef34 e-con-full e-flex e-con e-child\" data-id=\"396ef34\" data-element_type=\"container\" data-settings=\"{&quot;background_background&quot;:&quot;classic&quot;}\">\n\t\t\t\t<div class=\"elementor-element elementor-element-c698b90 elementor-widget elementor-widget-heading\" data-id=\"c698b90\" data-element_type=\"widget\" data-widget_type=\"heading.default\">\n\t\t\t\t\t<h6 class=\"elementor-heading-title elementor-size-default\">Pharma<\/h6>\t\t\t\t<\/div>\n\t\t\t\t<\/div>\n\t\t<div class=\"elementor-element elementor-element-6a3a3d1 e-con-full e-flex e-con e-child\" data-id=\"6a3a3d1\" data-element_type=\"container\" data-settings=\"{&quot;background_background&quot;:&quot;classic&quot;}\">\n\t\t\t\t<div class=\"elementor-element elementor-element-750dd67 elementor-widget elementor-widget-heading\" data-id=\"750dd67\" data-element_type=\"widget\" data-widget_type=\"heading.default\">\n\t\t\t\t\t<h6 class=\"elementor-heading-title elementor-size-default\">Services financiers<\/h6>\t\t\t\t<\/div>\n\t\t\t\t<\/div>\n\t\t<div class=\"elementor-element elementor-element-1650918 e-con-full e-flex e-con e-child\" data-id=\"1650918\" data-element_type=\"container\" data-settings=\"{&quot;background_background&quot;:&quot;classic&quot;}\">\n\t\t\t\t<div class=\"elementor-element elementor-element-21dc7d2 elementor-widget elementor-widget-heading\" data-id=\"21dc7d2\" data-element_type=\"widget\" data-widget_type=\"heading.default\">\n\t\t\t\t\t<h6 class=\"elementor-heading-title elementor-size-default\">Services informatiques<\/h6>\t\t\t\t<\/div>\n\t\t\t\t<\/div>\n\t\t<div class=\"elementor-element elementor-element-d35a187 e-con-full e-flex e-con e-child\" data-id=\"d35a187\" data-element_type=\"container\" data-settings=\"{&quot;background_background&quot;:&quot;classic&quot;}\">\n\t\t\t\t<div class=\"elementor-element elementor-element-bc59225 elementor-widget elementor-widget-heading\" data-id=\"bc59225\" data-element_type=\"widget\" data-widget_type=\"heading.default\">\n\t\t\t\t\t<h6 class=\"elementor-heading-title elementor-size-default\">Logistique \/ Fulfillment\n<\/h6>\t\t\t\t<\/div>\n\t\t\t\t<\/div>\n\t\t<div class=\"elementor-element elementor-element-0585655 e-con-full e-flex e-con e-child\" data-id=\"0585655\" data-element_type=\"container\" data-settings=\"{&quot;background_background&quot;:&quot;classic&quot;}\">\n\t\t\t\t<div class=\"elementor-element elementor-element-0891143 elementor-widget elementor-widget-heading\" data-id=\"0891143\" data-element_type=\"widget\" data-widget_type=\"heading.default\">\n\t\t\t\t\t<h6 class=\"elementor-heading-title elementor-size-default\">Construction de machines et d'installations<\/h6>\t\t\t\t<\/div>\n\t\t\t\t<\/div>\n\t\t<div class=\"elementor-element elementor-element-42920f0 e-con-full e-flex e-con e-child\" data-id=\"42920f0\" data-element_type=\"container\" data-settings=\"{&quot;background_background&quot;:&quot;classic&quot;}\">\n\t\t\t\t<div class=\"elementor-element elementor-element-d42c9eb elementor-widget elementor-widget-heading\" data-id=\"d42c9eb\" data-element_type=\"widget\" data-widget_type=\"heading.default\">\n\t\t\t\t\t<h6 class=\"elementor-heading-title elementor-size-default\">Secteur de la construction<\/h6>\t\t\t\t<\/div>\n\t\t\t\t<\/div>\n\t\t<div class=\"elementor-element elementor-element-e5199b2 e-con-full e-flex e-con e-child\" data-id=\"e5199b2\" data-element_type=\"container\" data-settings=\"{&quot;background_background&quot;:&quot;classic&quot;}\">\n\t\t\t\t<div class=\"elementor-element elementor-element-20a0c4c elementor-widget elementor-widget-heading\" data-id=\"20a0c4c\" data-element_type=\"widget\" data-widget_type=\"heading.default\">\n\t\t\t\t\t<h6 class=\"elementor-heading-title elementor-size-default\">\u00c9nergie et environnement\n<\/h6>\t\t\t\t<\/div>\n\t\t\t\t<\/div>\n\t\t<div class=\"elementor-element elementor-element-01fdc9f e-con-full e-flex e-con e-child\" data-id=\"01fdc9f\" data-element_type=\"container\" data-settings=\"{&quot;background_background&quot;:&quot;classic&quot;}\">\n\t\t\t\t<div class=\"elementor-element elementor-element-de57c60 elementor-widget elementor-widget-heading\" data-id=\"de57c60\" data-element_type=\"widget\" data-widget_type=\"heading.default\">\n\t\t\t\t\t<h6 class=\"elementor-heading-title elementor-size-default\">Industrie automobile<\/h6>\t\t\t\t<\/div>\n\t\t\t\t<\/div>\n\t\t\t\t\t<\/div>\n\t\t\t\t<\/div>\n\t\t<div class=\"elementor-element elementor-element-bfb6fbf e-con-full e-flex e-con e-parent\" data-id=\"bfb6fbf\" data-element_type=\"container\">\n\t\t\t\t<div class=\"elementor-element elementor-element-f06cb13 elementor-widget elementor-widget-template\" data-id=\"f06cb13\" data-element_type=\"widget\" data-widget_type=\"template.default\">\n\t\t\t\t<div class=\"elementor-widget-container\">\n\t\t\t\t\t\t\t<div class=\"elementor-template\">\n\t\t\t\t\t<div data-elementor-type=\"container\" data-elementor-id=\"10222\" class=\"elementor elementor-10222\" data-elementor-post-type=\"elementor_library\">\n\t\t\t\t<div class=\"elementor-element elementor-element-2856d5c2 e-flex e-con-boxed e-con e-parent\" data-id=\"2856d5c2\" data-element_type=\"container\" data-settings=\"{&quot;background_background&quot;:&quot;gradient&quot;}\">\n\t\t\t\t\t<div class=\"e-con-inner\">\n\t\t<div class=\"elementor-element elementor-element-22a1c1c3 e-con-full e-flex e-con e-child\" data-id=\"22a1c1c3\" data-element_type=\"container\">\n\t\t\t\t<div class=\"elementor-element elementor-element-1b1be51 elementor-absolute elementor-widget elementor-widget-image\" data-id=\"1b1be51\" data-element_type=\"widget\" data-settings=\"{&quot;_position&quot;:&quot;absolute&quot;}\" data-widget_type=\"image.default\">\n\t\t\t\t\t\t\t\t\t\t\t\t\t\t\t<img alt=\"\" decoding=\"async\" width=\"758\" height=\"837\" src=\"https:\/\/navision-beratung.de\/wp-content\/uploads\/2025\/04\/brAG_Play-Icon_neg_RGB.svg\" class=\"attachment-large size-large wp-image-9175\" \/>\t\t\t\t\t\t\t\t\t\t\t\t\t\t\t<\/div>\n\t\t\t\t<div class=\"elementor-element elementor-element-22ced99b elementor-widget elementor-widget-image\" data-id=\"22ced99b\" data-element_type=\"widget\" data-widget_type=\"image.default\">\n\t\t\t\t\t\t\t\t\t\t\t\t\t\t\t<img decoding=\"async\" width=\"800\" height=\"642\" src=\"https:\/\/navision-beratung.de\/wp-content\/uploads\/2025\/07\/bc-beratung-1024x822.png\" class=\"attachment-large size-large wp-image-13048\" alt=\"bc beratung\" srcset=\"https:\/\/navision-beratung.de\/wp-content\/uploads\/2025\/07\/bc-beratung-1024x822.png 1024w, https:\/\/navision-beratung.de\/wp-content\/uploads\/2025\/07\/bc-beratung-300x241.png 300w, https:\/\/navision-beratung.de\/wp-content\/uploads\/2025\/07\/bc-beratung-768x617.png 768w, https:\/\/navision-beratung.de\/wp-content\/uploads\/2025\/07\/bc-beratung-1536x1233.png 1536w, https:\/\/navision-beratung.de\/wp-content\/uploads\/2025\/07\/bc-beratung.png 2000w\" sizes=\"(max-width: 800px) 100vw, 800px\" \/>\t\t\t\t\t\t\t\t\t\t\t\t\t\t\t<\/div>\n\t\t\t\t<\/div>\n\t\t<div class=\"elementor-element elementor-element-1e68351e e-con-full e-flex e-con e-child\" data-id=\"1e68351e\" data-element_type=\"container\">\n\t\t\t\t<div class=\"elementor-element elementor-element-35b8e3c6 elementor-widget elementor-widget-heading\" data-id=\"35b8e3c6\" data-element_type=\"widget\" data-widget_type=\"heading.default\">\n\t\t\t\t\t<h3 class=\"elementor-heading-title elementor-size-default\">Int\u00e9r\u00eat pour <br>Dynamics 365 Business Central ?<\/h3>\t\t\t\t<\/div>\n\t\t\t\t<div class=\"elementor-element elementor-element-42de9026 elementor-widget elementor-widget-text-editor\" data-id=\"42de9026\" data-element_type=\"widget\" data-widget_type=\"text-editor.default\">\n\t\t\t\t\t\t\t\t\t<p>Testez Dynamics 365 Business Central gratuitement pendant 30 jours - sous forme de d\u00e9mo cloud personnelle ou, si vous le souhaitez, de mani\u00e8re classique sur votre propre mat\u00e9riel.<\/p><p>Ou laissez-vous montrer les fonctions les plus importantes lors d'un bref webinaire - directement adapt\u00e9 \u00e0 vos besoins.<\/p>\t\t\t\t\t\t\t\t<\/div>\n\t\t\t\t<div class=\"elementor-element elementor-element-6e0ebe8 elementor-widget elementor-widget-button\" data-id=\"6e0ebe8\" data-element_type=\"widget\" data-widget_type=\"button.default\">\n\t\t\t\t\t\t\t\t\t\t<a class=\"elementor-button elementor-button-link elementor-size-sm\" href=\"https:\/\/navision-beratung.de\/fr\/kontakt\/\">\n\t\t\t\t\t\t<span class=\"elementor-button-content-wrapper\">\n\t\t\t\t\t\t<span class=\"elementor-button-icon\">\n\t\t\t\t<svg aria-hidden=\"true\" class=\"e-font-icon-svg e-fas-angle-right\" viewbox=\"0 0 256 512\" xmlns=\"http:\/\/www.w3.org\/2000\/svg\"><path d=\"M224.3 273l-136 136c-9.4 9.4-24.6 9.4-33.9 0l-22.6-22.6c-9.4-9.4-9.4-24.6 0-33.9l96.4-96.4-96.4-96.4c-9.4-9.4-9.4-24.6 0-33.9L54.3 103c9.4-9.4 24.6-9.4 33.9 0l136 136c9.5 9.4 9.5 24.6.1 34z\"><\/path><\/svg>\t\t\t<\/span>\n\t\t\t\t\t\t\t\t\t<span class=\"elementor-button-text\">Demander maintenant<\/span>\n\t\t\t\t\t<\/span>\n\t\t\t\t\t<\/a>\n\t\t\t\t\t\t\t\t<\/div>\n\t\t\t\t<\/div>\n\t\t\t\t\t<\/div>\n\t\t\t\t<\/div>\n\t\t\t\t<\/div>\n\t\t\t\t<\/div>\n\t\t\t\t\t\t<\/div>\n\t\t\t\t<\/div>\n\t\t\t\t<\/div>\n\t\t\t\t<\/div>","protected":false},"excerpt":{"rendered":"<p>Branchenerfahrungen Wir kennen den Benchmark in mehreren Branchen und sind nicht nur auf eine Branche fokussiert. Wir sind davon \u00fcberzeugt, dass der Standard bereits einen wesentlichen Teil der geforderten Funktionalit\u00e4t unserer Kunden abdeckt. Die notwendigen Anpassungen setzen wir gemeinsam um. Dabei achten wir auf die Upgradef\u00e4higkeit und sichern somit die Zukunft Ihrer Investition. E-Commerce &amp; [&hellip;]<\/p>","protected":false},"author":1,"featured_media":0,"parent":10710,"menu_order":0,"comment_status":"closed","ping_status":"closed","template":"","meta":{"_seopress_robots_primary_cat":"","_seopress_titles_title":"Branchen\u00fcbergreifende L\u00f6sungen f\u00fcr Ihre Investition","_seopress_titles_desc":"Erleben Sie branchenspezifische L\u00f6sungen im E-Commerce, High-Tech und mehr. Zukunftssichere Anpassungen und Standards f\u00fcr Ihre Investition.","_seopress_robots_index":"","footnotes":""},"categories":[],"tags":[],"class_list":["post-8789","page","type-page","status-publish","hentry"],"_links":{"self":[{"href":"https:\/\/navision-beratung.de\/fr\/wp-json\/wp\/v2\/pages\/8789","targetHints":{"allow":["GET"]}}],"collection":[{"href":"https:\/\/navision-beratung.de\/fr\/wp-json\/wp\/v2\/pages"}],"about":[{"href":"https:\/\/navision-beratung.de\/fr\/wp-json\/wp\/v2\/types\/page"}],"author":[{"embeddable":true,"href":"https:\/\/navision-beratung.de\/fr\/wp-json\/wp\/v2\/users\/1"}],"replies":[{"embeddable":true,"href":"https:\/\/navision-beratung.de\/fr\/wp-json\/wp\/v2\/comments?post=8789"}],"version-history":[{"count":0,"href":"https:\/\/navision-beratung.de\/fr\/wp-json\/wp\/v2\/pages\/8789\/revisions"}],"up":[{"embeddable":true,"href":"https:\/\/navision-beratung.de\/fr\/wp-json\/wp\/v2\/pages\/10710"}],"wp:attachment":[{"href":"https:\/\/navision-beratung.de\/fr\/wp-json\/wp\/v2\/media?parent=8789"}],"wp:term":[{"taxonomy":"category","embeddable":true,"href":"https:\/\/navision-beratung.de\/fr\/wp-json\/wp\/v2\/categories?post=8789"},{"taxonomy":"post_tag","embeddable":true,"href":"https:\/\/navision-beratung.de\/fr\/wp-json\/wp\/v2\/tags?post=8789"}],"curies":[{"name":"wp","href":"https:\/\/api.w.org\/{rel}","templated":true}]}}