{"id":8555,"date":"2024-12-12T11:46:20","date_gmt":"2024-12-12T11:46:20","guid":{"rendered":"https:\/\/navision-beratung.de\/?page_id=8555"},"modified":"2025-05-26T23:16:59","modified_gmt":"2025-05-26T21:16:59","slug":"das-sagen-unsere-kunden","status":"publish","type":"page","link":"https:\/\/navision-beratung.de\/fr\/das-sagen-unsere-kunden\/","title":{"rendered":"Das sagen unsere Kunden"},"content":{"rendered":"<div data-elementor-type=\"wp-page\" data-elementor-id=\"8555\" class=\"elementor elementor-8555\" data-elementor-post-type=\"page\">\n\t\t\t\t<div class=\"elementor-element elementor-element-21d30d0 e-flex e-con-boxed e-con e-parent\" data-id=\"21d30d0\" data-element_type=\"container\" data-settings=\"{&quot;background_background&quot;:&quot;gradient&quot;}\">\n\t\t\t\t\t<div class=\"e-con-inner\">\n\t\t<div class=\"elementor-element elementor-element-06b5d7e e-con-full e-flex e-con e-child\" data-id=\"06b5d7e\" data-element_type=\"container\">\n\t\t\t\t<div class=\"elementor-element elementor-element-20a0b00 elementor-widget__width-initial elementor-widget elementor-widget-heading\" data-id=\"20a0b00\" data-element_type=\"widget\" data-widget_type=\"heading.default\">\n\t\t\t\t\t<h2 class=\"elementor-heading-title elementor-size-default\">Ce que nos clients disent de nous<\/h2>\t\t\t\t<\/div>\n\t\t\t\t<\/div>\n\t\t<div class=\"elementor-element elementor-element-29e2b61 e-con-full e-flex e-con e-child\" data-id=\"29e2b61\" data-element_type=\"container\">\n\t\t\t\t<div class=\"elementor-element elementor-element-853cc11 elementor-absolute elementor-widget elementor-widget-image\" data-id=\"853cc11\" data-element_type=\"widget\" data-settings=\"{&quot;_position&quot;:&quot;absolute&quot;}\" data-widget_type=\"image.default\">\n\t\t\t\t\t\t\t\t\t\t\t\t\t\t\t<img alt=\"\" fetchpriority=\"high\" decoding=\"async\" width=\"758\" height=\"837\" src=\"https:\/\/navision-beratung.de\/wp-content\/uploads\/2025\/04\/brAG_Play-Icon_RGB.svg\" class=\"attachment-large size-large wp-image-9176\" \/>\t\t\t\t\t\t\t\t\t\t\t\t\t\t\t<\/div>\n\t\t\t\t<div class=\"elementor-element elementor-element-9bbe2a6 elementor-widget elementor-widget-image\" data-id=\"9bbe2a6\" data-element_type=\"widget\" data-widget_type=\"image.default\">\n\t\t\t\t\t\t\t\t\t\t\t\t\t\t\t<img alt=\"\" decoding=\"async\" width=\"800\" height=\"534\" src=\"https:\/\/navision-beratung.de\/wp-content\/uploads\/2025\/04\/br-AG-Stock-105-1024x683.jpg\" class=\"attachment-large size-large wp-image-9628\" srcset=\"https:\/\/navision-beratung.de\/wp-content\/uploads\/2025\/04\/br-AG-Stock-105-1024x683.jpg 1024w, https:\/\/navision-beratung.de\/wp-content\/uploads\/2025\/04\/br-AG-Stock-105-300x200.jpg 300w, https:\/\/navision-beratung.de\/wp-content\/uploads\/2025\/04\/br-AG-Stock-105-768x512.jpg 768w, https:\/\/navision-beratung.de\/wp-content\/uploads\/2025\/04\/br-AG-Stock-105-1536x1025.jpg 1536w, https:\/\/navision-beratung.de\/wp-content\/uploads\/2025\/04\/br-AG-Stock-105.jpg 2000w\" sizes=\"(max-width: 800px) 100vw, 800px\" \/>\t\t\t\t\t\t\t\t\t\t\t\t\t\t\t<\/div>\n\t\t\t\t<\/div>\n\t\t\t\t\t<\/div>\n\t\t\t\t<\/div>\n\t\t<div class=\"elementor-element elementor-element-e3c3941 e-flex e-con-boxed e-con e-parent\" data-id=\"e3c3941\" data-element_type=\"container\" data-settings=\"{&quot;background_background&quot;:&quot;classic&quot;}\">\n\t\t\t\t\t<div class=\"e-con-inner\">\n\t\t\t\t<div class=\"elementor-element elementor-element-0ca2e3d elementor-widget__width-initial elementor-widget elementor-widget-heading\" data-id=\"0ca2e3d\" data-element_type=\"widget\" data-widget_type=\"heading.default\">\n\t\t\t\t\t<h1 class=\"elementor-heading-title elementor-size-default\">T\u00e9moignages de clients<\/h1>\t\t\t\t<\/div>\n\t\t\t\t\t<\/div>\n\t\t\t\t<\/div>\n\t\t<div class=\"elementor-element elementor-element-f6fe5cc e-grid e-con-boxed e-con e-parent\" data-id=\"f6fe5cc\" data-element_type=\"container\" data-settings=\"{&quot;background_background&quot;:&quot;classic&quot;}\">\n\t\t\t\t\t<div class=\"e-con-inner\">\n\t\t<div class=\"elementor-element elementor-element-c8d001c e-con-full e-flex e-con e-child\" data-id=\"c8d001c\" data-element_type=\"container\" data-settings=\"{&quot;background_background&quot;:&quot;classic&quot;}\">\n\t\t\t\t<div class=\"elementor-element elementor-element-caa81a9 elementor-widget elementor-widget-text-editor\" data-id=\"caa81a9\" data-element_type=\"widget\" data-widget_type=\"text-editor.default\">\n\t\t\t\t\t\t\t\t\t<p><em>La mise en \u0153uvre de transformations complexes n\u00e9cessite des personnes exp\u00e9riment\u00e9es qui ma\u00eetrisent les exigences commerciales, les technologies innovantes et la gestion du changement qui en d\u00e9coule.<\/em><br \/><em>Nos partenaires de bartolome roeder le prouvent dans leur collaboration quotidienne.<\/em><\/p>\t\t\t\t\t\t\t\t<\/div>\n\t\t\t\t<div class=\"elementor-element elementor-element-17db5cd elementor-widget elementor-widget-heading\" data-id=\"17db5cd\" data-element_type=\"widget\" data-widget_type=\"heading.default\">\n\t\t\t\t\t<h5 class=\"elementor-heading-title elementor-size-default\">Siemens AG<\/h5>\t\t\t\t<\/div>\n\t\t\t\t<div class=\"elementor-element elementor-element-3021f5a elementor-widget elementor-widget-heading\" data-id=\"3021f5a\" data-element_type=\"widget\" data-widget_type=\"heading.default\">\n\t\t\t\t\t<h6 class=\"elementor-heading-title elementor-size-default\"><b>Michael Tobai<\/b>, , Siemens AG Digital Industries, Business Transformation Lead<\/h6>\t\t\t\t<\/div>\n\t\t\t\t<\/div>\n\t\t<div class=\"elementor-element elementor-element-8a17116 e-con-full e-flex e-con e-child\" data-id=\"8a17116\" data-element_type=\"container\" data-settings=\"{&quot;background_background&quot;:&quot;classic&quot;}\">\n\t\t\t\t<div class=\"elementor-element elementor-element-24d0e86 elementor-widget elementor-widget-text-editor\" data-id=\"24d0e86\" data-element_type=\"widget\" data-widget_type=\"text-editor.default\">\n\t\t\t\t\t\t\t\t\t<p><em data-renderer-mark=\"true\">Avec le passage de Navision \u00e0 Business Central, BR AG nous a accompagn\u00e9s de la conception jusqu'au Go Live. Gr\u00e2ce \u00e0 des conseils comp\u00e9tents et \u00e0 des approches orient\u00e9es vers les solutions, nous avons pu mener \u00e0 bien le projet. BR AG continue \u00e0 nous soutenir en tant que partenaire et, gr\u00e2ce \u00e0 son support convivial et orient\u00e9 client, nous rel\u00e8verons ensemble les futurs d\u00e9fis du syst\u00e8me.<\/em>.<\/p>\t\t\t\t\t\t\t\t<\/div>\n\t\t\t\t<div class=\"elementor-element elementor-element-fc11f4a elementor-widget elementor-widget-heading\" data-id=\"fc11f4a\" data-element_type=\"widget\" data-widget_type=\"heading.default\">\n\t\t\t\t\t<h5 class=\"elementor-heading-title elementor-size-default\">EQS Group AG<\/h5>\t\t\t\t<\/div>\n\t\t\t\t<div class=\"elementor-element elementor-element-ef14bc6 elementor-widget elementor-widget-heading\" data-id=\"ef14bc6\" data-element_type=\"widget\" data-widget_type=\"heading.default\">\n\t\t\t\t\t<h6 class=\"elementor-heading-title elementor-size-default\"><b>Clarissa J\u00f6rg,<\/b> Responsable de la comptabilit\u00e9 \/ Consultant fiscal interne<\/h6>\t\t\t\t<\/div>\n\t\t\t\t<\/div>\n\t\t<div class=\"elementor-element elementor-element-36ad4b8 e-con-full e-flex e-con e-child\" data-id=\"36ad4b8\" data-element_type=\"container\" data-settings=\"{&quot;background_background&quot;:&quot;classic&quot;}\">\n\t\t\t\t<div class=\"elementor-element elementor-element-0e2e184 elementor-widget elementor-widget-text-editor\" data-id=\"0e2e184\" data-element_type=\"widget\" data-widget_type=\"text-editor.default\">\n\t\t\t\t\t\t\t\t\t<p><em data-renderer-mark=\"true\">Les coll\u00e8gues de bartolome r\u00f6der AG se sont distingu\u00e9s pour nous par leur flexibilit\u00e9, leur professionnalisme, leur fiabilit\u00e9, leur rapidit\u00e9, leur minutie et leur coll\u00e9gialit\u00e9 au cours de toutes ces ann\u00e9es. C'est toujours un plaisir de travailler avec eux.<\/em><\/p>\t\t\t\t\t\t\t\t<\/div>\n\t\t\t\t<div class=\"elementor-element elementor-element-0d1b646 elementor-widget elementor-widget-heading\" data-id=\"0d1b646\" data-element_type=\"widget\" data-widget_type=\"heading.default\">\n\t\t\t\t\t<h5 class=\"elementor-heading-title elementor-size-default\">LOYALTY PARTNER GmbH<\/h5>\t\t\t\t<\/div>\n\t\t\t\t<div class=\"elementor-element elementor-element-57b3cea elementor-widget elementor-widget-heading\" data-id=\"57b3cea\" data-element_type=\"widget\" data-widget_type=\"heading.default\">\n\t\t\t\t\t<h6 class=\"elementor-heading-title elementor-size-default\"><b>Mine Kaba<\/b>, directeur des syst\u00e8mes et solutions commerciaux<\/h6>\t\t\t\t<\/div>\n\t\t\t\t<\/div>\n\t\t<div class=\"elementor-element elementor-element-97c37c2 e-con-full e-flex e-con e-child\" data-id=\"97c37c2\" data-element_type=\"container\" data-settings=\"{&quot;background_background&quot;:&quot;classic&quot;}\">\n\t\t\t\t<div class=\"elementor-element elementor-element-d166631 elementor-widget elementor-widget-text-editor\" data-id=\"d166631\" data-element_type=\"widget\" data-widget_type=\"text-editor.default\">\n\t\t\t\t\t\t\t\t\t<p><em>Pour ce projet \u00e9galement, l'expertise de BR AG s'est r\u00e9v\u00e9l\u00e9e \u00eatre un avantage d\u00e9cisif. Le projet complexe a \u00e9t\u00e9 r\u00e9alis\u00e9 dans un d\u00e9lai tr\u00e8s court, \u00e0 notre enti\u00e8re satisfaction. Les exigences que nous avions pos\u00e9es ont \u00e9t\u00e9 trait\u00e9es rapidement et de mani\u00e8re tr\u00e8s fiable. Le fait que nous soyons soutenus par le m\u00eame d\u00e9veloppeur depuis 2009 est d\u00e9terminant. Nous, PSP Pack GmbH, pouvons recommander BR AG en toute bonne foi.<\/em><\/p>\t\t\t\t\t\t\t\t<\/div>\n\t\t\t\t<div class=\"elementor-element elementor-element-9c8451b elementor-widget elementor-widget-heading\" data-id=\"9c8451b\" data-element_type=\"widget\" data-widget_type=\"heading.default\">\n\t\t\t\t\t<h5 class=\"elementor-heading-title elementor-size-default\">PSP Pack GmbH<\/h5>\t\t\t\t<\/div>\n\t\t\t\t<div class=\"elementor-element elementor-element-002fe29 elementor-widget elementor-widget-heading\" data-id=\"002fe29\" data-element_type=\"widget\" data-widget_type=\"heading.default\">\n\t\t\t\t\t<h6 class=\"elementor-heading-title elementor-size-default\"><b>Michael Schmidt<\/b>, , PSP Pack GmbH, Directeur d'exploitation<\/h6>\t\t\t\t<\/div>\n\t\t\t\t<\/div>\n\t\t<div class=\"elementor-element elementor-element-ecf19c4 e-con-full e-flex e-con e-child\" data-id=\"ecf19c4\" data-element_type=\"container\" data-settings=\"{&quot;background_background&quot;:&quot;classic&quot;}\">\n\t\t\t\t<div class=\"elementor-element elementor-element-2176ca0 elementor-widget elementor-widget-text-editor\" data-id=\"2176ca0\" data-element_type=\"widget\" data-widget_type=\"text-editor.default\">\n\t\t\t\t\t\t\t\t\t<p><em data-renderer-mark=\"true\">La communication directe et la mise en \u0153uvre orient\u00e9e vers les solutions caract\u00e9risent bartolome r\u00f6der AG.<\/em><\/p>\t\t\t\t\t\t\t\t<\/div>\n\t\t\t\t<div class=\"elementor-element elementor-element-b6bf8f8 elementor-widget elementor-widget-heading\" data-id=\"b6bf8f8\" data-element_type=\"widget\" data-widget_type=\"heading.default\">\n\t\t\t\t\t<h5 class=\"elementor-heading-title elementor-size-default\">Gabor Shoes AG<\/h5>\t\t\t\t<\/div>\n\t\t\t\t<div class=\"elementor-element elementor-element-d1e1301 elementor-widget elementor-widget-heading\" data-id=\"d1e1301\" data-element_type=\"widget\" data-widget_type=\"heading.default\">\n\t\t\t\t\t<h6 class=\"elementor-heading-title elementor-size-default\"><b>Marc Kitowski<\/b>, directeur informatique<\/h6>\t\t\t\t<\/div>\n\t\t\t\t<\/div>\n\t\t<div class=\"elementor-element elementor-element-4b0b719 e-con-full e-flex e-con e-child\" data-id=\"4b0b719\" data-element_type=\"container\" data-settings=\"{&quot;background_background&quot;:&quot;classic&quot;}\">\n\t\t\t\t<div class=\"elementor-element elementor-element-5d67fa8 elementor-widget elementor-widget-text-editor\" data-id=\"5d67fa8\" data-element_type=\"widget\" data-widget_type=\"text-editor.default\">\n\t\t\t\t\t\t\t\t\t<p><em data-renderer-mark=\"true\">En cas de probl\u00e8me, nous pouvons signaler le probl\u00e8me \u00e0 nos conseillers par une courte voie hi\u00e9rarchique, par e-mail, et la solution vient en g\u00e9n\u00e9ral assez rapidement de vos conseillers.<\/em><\/p>\t\t\t\t\t\t\t\t<\/div>\n\t\t\t\t<div class=\"elementor-element elementor-element-5010b68 elementor-widget elementor-widget-heading\" data-id=\"5010b68\" data-element_type=\"widget\" data-widget_type=\"heading.default\">\n\t\t\t\t\t<h5 class=\"elementor-heading-title elementor-size-default\">Gabor Shoes AG<\/h5>\t\t\t\t<\/div>\n\t\t\t\t<div class=\"elementor-element elementor-element-e86b83c elementor-widget elementor-widget-heading\" data-id=\"e86b83c\" data-element_type=\"widget\" data-widget_type=\"heading.default\">\n\t\t\t\t\t<h6 class=\"elementor-heading-title elementor-size-default\"><b>Georg Kirchbeck<\/b>, Finance<\/h6>\t\t\t\t<\/div>\n\t\t\t\t<\/div>\n\t\t<div class=\"elementor-element elementor-element-0e05500 e-con-full e-flex e-con e-child\" data-id=\"0e05500\" data-element_type=\"container\" data-settings=\"{&quot;background_background&quot;:&quot;classic&quot;}\">\n\t\t\t\t<div class=\"elementor-element elementor-element-a929f68 elementor-widget elementor-widget-text-editor\" data-id=\"a929f68\" data-element_type=\"widget\" data-widget_type=\"text-editor.default\">\n\t\t\t\t\t\t\t\t\t<p><em data-renderer-mark=\"true\">Ce que j'appr\u00e9cie le plus dans la collaboration avec bartolome r\u00f6der AG, c'est l'approche structur\u00e9e et la mani\u00e8re agr\u00e9able et professionnelle de travailler.<\/em><\/p>\t\t\t\t\t\t\t\t<\/div>\n\t\t\t\t<div class=\"elementor-element elementor-element-a2b1c20 elementor-widget elementor-widget-heading\" data-id=\"a2b1c20\" data-element_type=\"widget\" data-widget_type=\"heading.default\">\n\t\t\t\t\t<h5 class=\"elementor-heading-title elementor-size-default\">Ricosta Schuhfabriken GmbH<\/h5>\t\t\t\t<\/div>\n\t\t\t\t<div class=\"elementor-element elementor-element-a256c15 elementor-widget elementor-widget-heading\" data-id=\"a256c15\" data-element_type=\"widget\" data-widget_type=\"heading.default\">\n\t\t\t\t\t<h6 class=\"elementor-heading-title elementor-size-default\"><b>Martina Schneider<\/b>, direction du commerce \u00e9lectronique<\/h6>\t\t\t\t<\/div>\n\t\t\t\t<\/div>\n\t\t<div class=\"elementor-element elementor-element-d9557e3 e-con-full e-flex e-con e-child\" data-id=\"d9557e3\" data-element_type=\"container\" data-settings=\"{&quot;background_background&quot;:&quot;classic&quot;}\">\n\t\t\t\t<div class=\"elementor-element elementor-element-f17ef89 elementor-widget elementor-widget-text-editor\" data-id=\"f17ef89\" data-element_type=\"widget\" data-widget_type=\"text-editor.default\">\n\t\t\t\t\t\t\t\t\t<p><em data-renderer-mark=\"true\">Gr\u00e2ce aux conseils et \u00e0 la mise en \u0153uvre sympathiques et comp\u00e9tents lors de la migration ERP vers Microsoft Business Central, nous avons effectivement r\u00e9ussi \u00e0 introduire le nouvel ERP en moins de deux ans chez notre premi\u00e8re maison d'\u00e9dition.<\/em><\/p>\t\t\t\t\t\t\t\t<\/div>\n\t\t\t\t<div class=\"elementor-element elementor-element-2949ea0 elementor-widget elementor-widget-heading\" data-id=\"2949ea0\" data-element_type=\"widget\" data-widget_type=\"heading.default\">\n\t\t\t\t\t<h5 class=\"elementor-heading-title elementor-size-default\">Forum Media Group GmbH<\/h5>\t\t\t\t<\/div>\n\t\t\t\t<div class=\"elementor-element elementor-element-6d47dd6 elementor-widget elementor-widget-heading\" data-id=\"6d47dd6\" data-element_type=\"widget\" data-widget_type=\"heading.default\">\n\t\t\t\t\t<h6 class=\"elementor-heading-title elementor-size-default\"><b>Anne-Christin Amlinger<\/b>, directeur de l'information<\/h6>\t\t\t\t<\/div>\n\t\t\t\t<\/div>\n\t\t<div class=\"elementor-element elementor-element-66577e3 e-con-full e-flex e-con e-child\" data-id=\"66577e3\" data-element_type=\"container\" data-settings=\"{&quot;background_background&quot;:&quot;classic&quot;}\">\n\t\t\t\t<div class=\"elementor-element elementor-element-3b77ae9 elementor-widget elementor-widget-text-editor\" data-id=\"3b77ae9\" data-element_type=\"widget\" data-widget_type=\"text-editor.default\">\n\t\t\t\t\t\t\t\t\t<p><em data-renderer-mark=\"true\">Merci beaucoup pour vos conseils professionnels et la r\u00e9alisation de notre projet. Malgr\u00e9 un d\u00e9lai tr\u00e8s court, nous avons toujours pu compter sur votre soutien et \u00eatre en ligne \u00e0 temps !<\/em><\/p>\t\t\t\t\t\t\t\t<\/div>\n\t\t\t\t<div class=\"elementor-element elementor-element-c36ef13 elementor-widget elementor-widget-heading\" data-id=\"c36ef13\" data-element_type=\"widget\" data-widget_type=\"heading.default\">\n\t\t\t\t\t<h5 class=\"elementor-heading-title elementor-size-default\">Avanquest pdfforge GmbH<\/h5>\t\t\t\t<\/div>\n\t\t\t\t<div class=\"elementor-element elementor-element-6866572 elementor-widget elementor-widget-heading\" data-id=\"6866572\" data-element_type=\"widget\" data-widget_type=\"heading.default\">\n\t\t\t\t\t<h6 class=\"elementor-heading-title elementor-size-default\"><b>Claudia Helldobler<\/b>, Fond\u00e9e de pouvoir<\/h6>\t\t\t\t<\/div>\n\t\t\t\t<\/div>\n\t\t<div class=\"elementor-element elementor-element-62d9f71 e-con-full e-flex e-con e-child\" data-id=\"62d9f71\" data-element_type=\"container\" data-settings=\"{&quot;background_background&quot;:&quot;classic&quot;}\">\n\t\t\t\t<div class=\"elementor-element elementor-element-9f3eb6f elementor-widget elementor-widget-text-editor\" data-id=\"9f3eb6f\" data-element_type=\"widget\" data-widget_type=\"text-editor.default\">\n\t\t\t\t\t\t\t\t\t<p><em data-renderer-mark=\"true\">Avec bartolome r\u00f6der AG, nos exigences sp\u00e9cifiques \u00e0 la branche ont pu \u00eatre mises en \u0153uvre de mani\u00e8re comp\u00e9tente et conviviale dans les d\u00e9lais pr\u00e9vus lors de l'introduction de Dynamics 365 Business Central. M\u00eame les adaptations n\u00e9cessaires par la suite ont \u00e9t\u00e9 r\u00e9alis\u00e9es \u00e0 court terme.<\/em><\/p>\t\t\t\t\t\t\t\t<\/div>\n\t\t\t\t<div class=\"elementor-element elementor-element-0b0c43e elementor-widget elementor-widget-heading\" data-id=\"0b0c43e\" data-element_type=\"widget\" data-widget_type=\"heading.default\">\n\t\t\t\t\t<h5 class=\"elementor-heading-title elementor-size-default\">MERO Germany GmbH<\/h5>\t\t\t\t<\/div>\n\t\t\t\t<div class=\"elementor-element elementor-element-915dda0 elementor-widget elementor-widget-heading\" data-id=\"915dda0\" data-element_type=\"widget\" data-widget_type=\"heading.default\">\n\t\t\t\t\t<h6 class=\"elementor-heading-title elementor-size-default\"><b>Hanns-Joachim Roggenbuck<\/b>, directeur commercial<\/h6>\t\t\t\t<\/div>\n\t\t\t\t<\/div>\n\t\t<div class=\"elementor-element elementor-element-db17fb3 e-con-full e-flex e-con e-child\" data-id=\"db17fb3\" data-element_type=\"container\" data-settings=\"{&quot;background_background&quot;:&quot;classic&quot;}\">\n\t\t\t\t<div class=\"elementor-element elementor-element-f00eeff elementor-widget elementor-widget-text-editor\" data-id=\"f00eeff\" data-element_type=\"widget\" data-widget_type=\"text-editor.default\">\n\t\t\t\t\t\t\t\t\t<p><em data-renderer-mark=\"true\">Depuis plus de 10 ans, nous faisons confiance \u00e0 la comp\u00e9tence et \u00e0 la fiabilit\u00e9 de bartolome r\u00f6der AG. En tant que PME, nous profitons \u00e9norm\u00e9ment des conseils orient\u00e9s vers les solutions et des temps de r\u00e9action courts. Nous pouvons donc recommander vivement bartolome r\u00f6der AG comme partenaire informatique d'\u00e9gal \u00e0 \u00e9gal !<\/em><\/p>\t\t\t\t\t\t\t\t<\/div>\n\t\t\t\t<div class=\"elementor-element elementor-element-43dd50d elementor-widget elementor-widget-heading\" data-id=\"43dd50d\" data-element_type=\"widget\" data-widget_type=\"heading.default\">\n\t\t\t\t\t<h5 class=\"elementor-heading-title elementor-size-default\">M\u00fchlen Sohn GmbH &amp; Co. KG<\/h5>\t\t\t\t<\/div>\n\t\t\t\t<div class=\"elementor-element elementor-element-220af72 elementor-widget elementor-widget-heading\" data-id=\"220af72\" data-element_type=\"widget\" data-widget_type=\"heading.default\">\n\t\t\t\t\t<h6 class=\"elementor-heading-title elementor-size-default\"><b>Alexandra Hubmann<\/b>Prokuristin, responsable pour SCM, IT et service interne de vente<\/h6>\t\t\t\t<\/div>\n\t\t\t\t<\/div>\n\t\t<div class=\"elementor-element elementor-element-2344473 e-con-full e-flex e-con e-child\" data-id=\"2344473\" data-element_type=\"container\" data-settings=\"{&quot;background_background&quot;:&quot;classic&quot;}\">\n\t\t\t\t<div class=\"elementor-element elementor-element-653b01b elementor-widget elementor-widget-text-editor\" data-id=\"653b01b\" data-element_type=\"widget\" data-widget_type=\"text-editor.default\">\n\t\t\t\t\t\t\t\t\t<p><em data-renderer-mark=\"true\">Je ne taris pas d'\u00e9loges sur votre entreprise et sur le service exceptionnel que vous offrez. Je tiens \u00e0 souligner tout particuli\u00e8rement votre comp\u00e9tence, votre serviabilit\u00e9 et votre disponibilit\u00e9.<\/em><br \/><em data-renderer-mark=\"true\">Nous avons toujours \u00e9t\u00e9 soutenus dans tous les domaines, attentifs et \u00e0 l'\u00e9coute. Les probl\u00e8mes et les exigences que nous avons d\u00e9crits ont \u00e9t\u00e9 imm\u00e9diatement saisis et les solutions les meilleures et les plus r\u00e9alisables pour notre entreprise ont \u00e9t\u00e9 trouv\u00e9es sans exception avec bon sens et mises en \u0153uvre dans les plus brefs d\u00e9lais.<\/em><br \/><em data-renderer-mark=\"true\">Je suis vraiment ravie de votre service. C'est tr\u00e8s rare de nos jours.<\/em><\/p>\t\t\t\t\t\t\t\t<\/div>\n\t\t\t\t<div class=\"elementor-element elementor-element-949599a elementor-widget elementor-widget-heading\" data-id=\"949599a\" data-element_type=\"widget\" data-widget_type=\"heading.default\">\n\t\t\t\t\t<h5 class=\"elementor-heading-title elementor-size-default\">Dr. Wilfried M\u00fcller GmbH<\/h5>\t\t\t\t<\/div>\n\t\t\t\t<div class=\"elementor-element elementor-element-1cba83d elementor-widget elementor-widget-heading\" data-id=\"1cba83d\" data-element_type=\"widget\" data-widget_type=\"heading.default\">\n\t\t\t\t\t<h6 class=\"elementor-heading-title elementor-size-default\"><b>Carolin Junger <\/b>, assistante de vente et d'achat<\/h6>\t\t\t\t<\/div>\n\t\t\t\t<\/div>\n\t\t\t\t\t<\/div>\n\t\t\t\t<\/div>\n\t\t\t\t<\/div>","protected":false},"excerpt":{"rendered":"<p>Was unsere Kunden \u00fcber uns sagen Kundenstimmen Die Umsetzung komplexer Transformationen erfordert Erfahrungstr\u00e4ger, die gesch\u00e4ftliche Anforderungen, innovative Technologie und das dazugeh\u00f6rte Change Management beherrschen.Dies stellen unsere Partner von bartolome roeder in der t\u00e4glichen Zusammenarbeit unter Beweis. Siemens AG Michael Tobai, , Siemens AG Digital Industries, Business Transformation Lead Mit dem Wechsel von Navision zu Business [&hellip;]<\/p>","protected":false},"author":1,"featured_media":8567,"parent":0,"menu_order":0,"comment_status":"closed","ping_status":"closed","template":"","meta":{"_seopress_robots_primary_cat":"","_seopress_titles_title":"Erfahrungen mit bartolome r\u00f6der AG: Kompetenz und Support","_seopress_titles_desc":"Erleben Sie zuverl\u00e4ssige und innovative L\u00f6sungen mit der Bartolome R\u00f6der AG. Experten f\u00fcr Transformation, Change Management und ERP-Migration.","_seopress_robots_index":"","footnotes":""},"categories":[],"tags":[],"class_list":["post-8555","page","type-page","status-publish","has-post-thumbnail","hentry"],"_links":{"self":[{"href":"https:\/\/navision-beratung.de\/fr\/wp-json\/wp\/v2\/pages\/8555","targetHints":{"allow":["GET"]}}],"collection":[{"href":"https:\/\/navision-beratung.de\/fr\/wp-json\/wp\/v2\/pages"}],"about":[{"href":"https:\/\/navision-beratung.de\/fr\/wp-json\/wp\/v2\/types\/page"}],"author":[{"embeddable":true,"href":"https:\/\/navision-beratung.de\/fr\/wp-json\/wp\/v2\/users\/1"}],"replies":[{"embeddable":true,"href":"https:\/\/navision-beratung.de\/fr\/wp-json\/wp\/v2\/comments?post=8555"}],"version-history":[{"count":0,"href":"https:\/\/navision-beratung.de\/fr\/wp-json\/wp\/v2\/pages\/8555\/revisions"}],"wp:featuredmedia":[{"embeddable":true,"href":"https:\/\/navision-beratung.de\/fr\/wp-json\/"}],"wp:attachment":[{"href":"https:\/\/navision-beratung.de\/fr\/wp-json\/wp\/v2\/media?parent=8555"}],"wp:term":[{"taxonomy":"category","embeddable":true,"href":"https:\/\/navision-beratung.de\/fr\/wp-json\/wp\/v2\/categories?post=8555"},{"taxonomy":"post_tag","embeddable":true,"href":"https:\/\/navision-beratung.de\/fr\/wp-json\/wp\/v2\/tags?post=8555"}],"curies":[{"name":"wp","href":"https:\/\/api.w.org\/{rel}","templated":true}]}}