{"id":7381,"date":"2023-03-15T11:44:37","date_gmt":"2023-03-15T11:44:37","guid":{"rendered":"https:\/\/navision-beratung.de\/?page_id=7381"},"modified":"2025-05-26T10:35:04","modified_gmt":"2025-05-26T08:35:04","slug":"referenzprojekt-implementierung-projektmodul","status":"publish","type":"page","link":"https:\/\/navision-beratung.de\/fr\/referenzen\/referenzprojekt-implementierung-projektmodul\/","title":{"rendered":"Projet de r\u00e9f\u00e9rence : Mise en \u0153uvre du module de projet"},"content":{"rendered":"<p data-renderer-start-pos=\"1\">Aujourd'hui, nous souhaitons vous pr\u00e9senter un projet chez <strong data-renderer-mark=\"true\">EQS Group AG<\/strong>L'entreprise pr\u00e9sentera \u00e0 la presse son nouveau site web, un fournisseur de cloud international de premier plan dans les domaines de la conformit\u00e9 d'entreprise, des relations avec les investisseurs et des rapports sur le d\u00e9veloppement durable (ESG Tech), dont le si\u00e8ge est \u00e0 Munich.<\/p>\n<h2 id=\"Der-Scope\" data-renderer-start-pos=\"246\">Le scope<\/h2>\n<p data-renderer-start-pos=\"257\">Dans cette entreprise de services innovants pour les entreprises cot\u00e9es en bourse, qui compte environ 500 utilisateurs, il a \u00e9t\u00e9 d\u00e9cid\u00e9 de remplacer l'add-on EasyProject et d'impl\u00e9menter une saisie des temps centralis\u00e9e pour tous les projets dans tous les mandants.<\/p>\n<h2 id=\"Die-Zielsetzung\" data-renderer-start-pos=\"496\">L'objectif<\/h2>\n<p data-renderer-start-pos=\"513\">L'objectif \u00e9tait d'am\u00e9liorer l'efficacit\u00e9 et la pr\u00e9cision de la gestion des projets et de r\u00e9duire la charge de travail des collaborateurs.<\/p>\n<h2 id=\"Die-Implementierung\" data-renderer-start-pos=\"648\">La mise en \u0153uvre<\/h2>\n<p data-renderer-start-pos=\"669\">L'impl\u00e9mentation comprenait une cr\u00e9ation de donn\u00e9es de base pour les ressources, les groupes de ressources, les dimensions et d'autres informations n\u00e9cessaires dans un mandant central. Ces donn\u00e9es ont \u00e9t\u00e9 distribu\u00e9es automatiquement \u00e0 tous les mandants cibles via l'AddOn Multi Entity Management (MEM). La cr\u00e9ation des projets et des t\u00e2ches de projet avec les informations n\u00e9cessaires pour la saisie des temps a \u00e9galement \u00e9t\u00e9 effectu\u00e9e dans le mandant central. Les projets ont ainsi pu \u00eatre transf\u00e9r\u00e9s et enrichis de mani\u00e8re automatis\u00e9e vers les mandants cibles.<\/p>\n<p data-renderer-start-pos=\"1193\">Pour faciliter la compensation de projets interentreprises, le tableau des prix des groupes de ressources a \u00e9t\u00e9 compl\u00e9t\u00e9 par diff\u00e9rents taux de compensation. Une logique pour la compensation de projets interentreprises a \u00e9t\u00e9 impl\u00e9ment\u00e9e et la d\u00e9termination du prix a \u00e9t\u00e9 adapt\u00e9e afin de d\u00e9terminer le prix de compensation IC correct (p. ex. la ressource A du mandant A fournit un projet du mandant B).<\/p>\n<p data-renderer-start-pos=\"1562\">Une saisie centrale des temps de projet a \u00e9t\u00e9 introduite dans un mandant, de sorte que les collaborateurs ne doivent plus saisir les temps s\u00e9par\u00e9ment dans chaque mandant. Les lignes de timesheet sont d\u00e9sormais transf\u00e9r\u00e9es automatiquement dans le mandant de projet cible correspondant, o\u00f9 elles peuvent \u00eatre import\u00e9es et comptabilis\u00e9es dans une feuille de registre de projet via une fonction adapt\u00e9e, de sorte que les postes peuvent \u00eatre cr\u00e9\u00e9s et \u00e9valu\u00e9s dans le mandant cible. Afin d'afficher les totaux corrects (ouverts\/saisis\/approuv\u00e9s\/comptabilis\u00e9s) des feuilles de temps globales, les vues du projet et des t\u00e2ches ont \u00e9t\u00e9 adapt\u00e9es.<\/p>\n<p data-renderer-start-pos=\"2158\">Les responsables de projet b\u00e9n\u00e9ficient d\u00e9sormais d'une autorisation de temps de travail \u00e9tendue au niveau des lignes, ce qui facilite le processus d'autorisation. Des routines suppl\u00e9mentaires ont \u00e9t\u00e9 impl\u00e9ment\u00e9es pour transf\u00e9rer des projets complets, y compris les postes, vers un autre mandant. Entre autres, des mod\u00e8les Rapid-Start ont \u00e9t\u00e9 mis \u00e0 disposition pour importer rapidement les prix des groupes de ressources dans les mandants respectifs via Excel.<\/p>\n<p data-renderer-start-pos=\"2586\">Afin de soutenir de mani\u00e8re optimale les diff\u00e9rents domaines de t\u00e2ches ou r\u00f4les des collaborateurs, l'interface du client web (centre de r\u00f4les, barres de menus) a \u00e9t\u00e9 adapt\u00e9e aux exigences et aux autorisations des diff\u00e9rents groupes d'utilisateurs (chefs de projet, approbateurs ou collaborateurs de projet).<\/p>\n<h2 id=\"Der-Benefit-f\u00fcr-den-Kunden\" data-renderer-start-pos=\"2880\">L'avantage pour le client<\/h2>\n<p data-renderer-start-pos=\"2908\">L'impl\u00e9mentation d'une saisie centrale des temps et le remplacement de l'AddOn EasyProject am\u00e9lioreront consid\u00e9rablement l'efficacit\u00e9 et la pr\u00e9cision de la gestion des projets au sein d'EQS Group AG. La charge de travail des employ\u00e9s sera r\u00e9duite et l'administration sera plus efficace gr\u00e2ce \u00e0 l'automatisation des processus.<\/p>\n<p data-renderer-start-pos=\"3205\">","protected":false},"excerpt":{"rendered":"<p>Aujourd'hui, nous souhaitons vous pr\u00e9senter un projet men\u00e9 au sein d'EQS Group AG, l'un des principaux fournisseurs internationaux de services cloud dans les domaines de la conformit\u00e9 des entreprises, des relations avec les investisseurs et des rapports sur le d\u00e9veloppement durable (ESG Tech), dont le si\u00e8ge est \u00e0 Munich. Le scope Dans cette entreprise de services innovants pour les entreprises cot\u00e9es en bourse, qui compte environ 500 utilisateurs, il a \u00e9t\u00e9 d\u00e9cid\u00e9 de remplacer l'add-on EasyProject et de mettre en place une saisie centrale des temps [...].<\/p>","protected":false},"author":1,"featured_media":11834,"parent":8787,"menu_order":0,"comment_status":"closed","ping_status":"closed","template":"","meta":{"_seopress_robots_primary_cat":"","_seopress_titles_title":"Optimierte Projektzeitverwaltung bei EQS Group AG","_seopress_titles_desc":"Erfahren Sie, wie die neue zentrale Zeiterfassung die Projektverwaltung der EQS Group AG optimiert und den Mitarbeitern den Arbeitsalltag erleichtert.","_seopress_robots_index":"","footnotes":""},"categories":[52],"tags":[],"class_list":["post-7381","page","type-page","status-publish","has-post-thumbnail","hentry","category-referenzen"],"_links":{"self":[{"href":"https:\/\/navision-beratung.de\/fr\/wp-json\/wp\/v2\/pages\/7381","targetHints":{"allow":["GET"]}}],"collection":[{"href":"https:\/\/navision-beratung.de\/fr\/wp-json\/wp\/v2\/pages"}],"about":[{"href":"https:\/\/navision-beratung.de\/fr\/wp-json\/wp\/v2\/types\/page"}],"author":[{"embeddable":true,"href":"https:\/\/navision-beratung.de\/fr\/wp-json\/wp\/v2\/users\/1"}],"replies":[{"embeddable":true,"href":"https:\/\/navision-beratung.de\/fr\/wp-json\/wp\/v2\/comments?post=7381"}],"version-history":[{"count":0,"href":"https:\/\/navision-beratung.de\/fr\/wp-json\/wp\/v2\/pages\/7381\/revisions"}],"up":[{"embeddable":true,"href":"https:\/\/navision-beratung.de\/fr\/wp-json\/wp\/v2\/pages\/8787"}],"wp:featuredmedia":[{"embeddable":true,"href":"https:\/\/navision-beratung.de\/fr\/wp-json\/wp\/v2\/media\/11834"}],"wp:attachment":[{"href":"https:\/\/navision-beratung.de\/fr\/wp-json\/wp\/v2\/media?parent=7381"}],"wp:term":[{"taxonomy":"category","embeddable":true,"href":"https:\/\/navision-beratung.de\/fr\/wp-json\/wp\/v2\/categories?post=7381"},{"taxonomy":"post_tag","embeddable":true,"href":"https:\/\/navision-beratung.de\/fr\/wp-json\/wp\/v2\/tags?post=7381"}],"curies":[{"name":"wp","href":"https:\/\/api.w.org\/{rel}","templated":true}]}}