{"id":7243,"date":"2022-11-16T11:55:56","date_gmt":"2022-11-16T11:55:56","guid":{"rendered":"https:\/\/navision-beratung.de\/?page_id=7243"},"modified":"2022-11-16T11:55:56","modified_gmt":"2022-11-16T11:55:56","slug":"bartolome-roder-ag-sorgt-fur-marktplatz-intelligenz","status":"publish","type":"page","link":"https:\/\/navision-beratung.de\/fr\/bartolome-roder-ag-sorgt-fur-marktplatz-intelligenz\/","title":{"rendered":"bartolome r\u00f6der AG assure l'intelligence de la place de march\u00e9"},"content":{"rendered":"<figure id=\"attachment_7256\" aria-describedby=\"caption-attachment-7256\" style=\"width: 785px\" class=\"wp-caption alignnone\"><img alt=\"\" fetchpriority=\"high\" decoding=\"async\" class=\"size-full wp-image-7256\" src=\"https:\/\/navision-beratung.de\/wp-content\/uploads\/2022\/11\/gabor-unternehmen-zentrale-rosenheim.jpg\" width=\"785\" height=\"442\" srcset=\"https:\/\/navision-beratung.de\/wp-content\/uploads\/2022\/11\/gabor-unternehmen-zentrale-rosenheim.jpg 785w, https:\/\/navision-beratung.de\/wp-content\/uploads\/2022\/11\/gabor-unternehmen-zentrale-rosenheim-300x169.jpg 300w, https:\/\/navision-beratung.de\/wp-content\/uploads\/2022\/11\/gabor-unternehmen-zentrale-rosenheim-768x432.jpg 768w\" sizes=\"(max-width: 785px) 100vw, 785px\" \/><figcaption id=\"caption-attachment-7256\" class=\"wp-caption-text\">Source : Gabor Shoes AG<\/figcaption><\/figure>\n<h1 id=\"NL|ReferenzartikelGabor-\u201aKaufm\u00e4nnischesHerz\u2018verbindetGabor-Marktplatzmitstation\u00e4renHandelspartnern.1\"><strong>Le 'c\u0153ur commercial' relie la place de march\u00e9 Gabor aux partenaires commerciaux stationnaires<\/strong><\/h1>\n<p><strong>La marque de chaussures Gabor r\u00e9pond \u00e0 la tendance du direct-to-consumer \u00e0 sa mani\u00e8re : Sur\u00a0<a class=\"external-link extlink\" href=\"http:\/\/Gabor.de\" target=\"_blank\" rel=\"nofollow noopener\" data-ext-link-init=\"true\">Gabor.fr<\/a> les consommateurs peuvent commander tous les mod\u00e8les. Parall\u00e8lement, Gabor Shoes AG int\u00e8gre le commerce stationnaire dans la distribution num\u00e9rique. Cela est rendu possible par la solution intelligente de place de march\u00e9<a href=\"https:\/\/navision-beratung.de\/fr\/e4m-engine-4-marketplace-central-workflow-controller\/\">Engine 4 Marketplace' (E4M)<\/a>d\u00e9velopp\u00e9 par bartolome r\u00f6der AG.<\/strong><\/p>\n<p>Gabor Shoes AG fabrique des chaussures haut de gamme pour hommes et femmes et est l'une des marques de chaussures les plus connues dans les pays germanophones. Au cours de l'exercice 2020, l'entreprise, dont le si\u00e8ge se trouve \u00e0 Rosenheim en Bavi\u00e8re, a r\u00e9alis\u00e9 un chiffre d'affaires de 301 millions d'euros. Le commerce en ligne prend de plus en plus d'importance en tant que canal de vente. Gabor profite du rayonnement et de la notori\u00e9t\u00e9 de sa propre marque pour pr\u00e9senter l'ensemble de sa gamme de produits sur le web. Les amatrices et amateurs de chaussures trouveront sur <em><a class=\"external-link extlink\" href=\"http:\/\/Gabor.de\" target=\"_blank\" rel=\"nofollow noopener\" data-ext-link-init=\"true\">Gabor.fr<\/a><\/em> la marque Gabor pour les chaussures pour femmes ainsi que les marques rollingsoft et Pius Gabor, la marque de chaussures pour hommes de l'entreprise, ainsi que des sacs \u00e0 main de la marque Gabor bags.<\/p>\n<p>Alors que d'autres fabricants font concurrence \u00e0 leurs partenaires commerciaux traditionnels sur le web, Gabor emprunte une autre voie avec une place de march\u00e9 sp\u00e9cialement d\u00e9velopp\u00e9e : la boutique en ligne de Gabor int\u00e8gre les magasins de chaussures locaux en Allemagne, en Autriche et bient\u00f4t aux Pays-Bas dans la distribution num\u00e9rique. Lorsqu'une commande est pass\u00e9e via <a class=\"external-link extlink\" href=\"http:\/\/Gabor.de\" target=\"_blank\" rel=\"nofollow noopener\" data-ext-link-init=\"true\">Gabor.fr<\/a> est transmise \u00e0 une place de march\u00e9 partenaire de Gabor. Les d\u00e9taillants de chaussures stationnaires affili\u00e9s se chargent de l'ex\u00e9cution des commandes en ligne et r\u00e9alisent ainsi un chiffre d'affaires suppl\u00e9mentaire en ligne.<\/p>\n<h2>Le d\u00e9fi<\/h2>\n<p>Plusieurs participants sont impliqu\u00e9s sur la place de march\u00e9 : les commer\u00e7ants s\u00e9dentaires, les prestataires de services d'exp\u00e9dition, le prestataire de services de paiement et Gabor lui-m\u00eame. C'est pourquoi il fallait mettre en place un contr\u00f4le centralis\u00e9 des processus pour le traitement des commandes et des retours via la Marketplace de Gabor\", revient sur le pass\u00e9 Thorsten B\u00e4hre, responsable du commerce \u00e9lectronique chez Gabor Shoes AG.<\/p>\n<p>C'est ainsi que la d\u00e9cision a \u00e9t\u00e9 prise d'impl\u00e9menter une nouvelle solution. \"Nous avions besoin d'un 'c\u0153ur' commercial, d'un syst\u00e8me de gestion des marchandises qui reproduise toutes les op\u00e9rations\", explique B\u00e4hre. Il a fix\u00e9 trois objectifs \u00e0 la nouvelle solution : La s\u00e9curit\u00e9 des processus, la stabilit\u00e9 des processus et la capacit\u00e9 d'\u00e9voluer afin de pouvoir soutenir la croissance pr\u00e9vue du canal de distribution en ligne.<\/p>\n<h2>Gabor et bartolome r\u00f6der AG<\/h2>\n<p>En l'espace de trois mois, l'ancienne gestion des commandes a \u00e9t\u00e9 remplac\u00e9e par une nouvelle solution. Elle a \u00e9t\u00e9 con\u00e7ue et mise en \u0153uvre par le cabinet de conseil en management et en informatique bartolome r\u00f6der AG \u00e0 Munich. L'agence autrichienne de services Internet complets <a class=\"external-link extlink\" href=\"http:\/\/elements.at\" target=\"_blank\" rel=\"nofollow noopener\" data-ext-link-init=\"true\">elements.fr<\/a> New Media Solutions GmbH a fourni un nouveau front-end.<\/p>\n<h2>La solution<\/h2>\n<p>Avec E4M, bartolome r\u00f6der AG a d\u00e9velopp\u00e9 un syst\u00e8me central de traitement des commandes.<\/p>\n<p>E4M, le Central Workflow Controller, prend en charge, en tant qu'organe de contr\u00f4le central de la place de march\u00e9 de <a class=\"external-link extlink\" href=\"http:\/\/Gabor.de\" target=\"_blank\" rel=\"nofollow noopener\" data-ext-link-init=\"true\">Gabor.fr<\/a> t\u00e2ches telles que le routage des commandes ou le contr\u00f4le du processus de commande. Les distributeurs partagent <a class=\"external-link extlink\" href=\"http:\/\/Gabor.de\" target=\"_blank\" rel=\"nofollow noopener\" data-ext-link-init=\"true\">Gabor.fr<\/a> communiquent leurs stocks. Les commandes en ligne entrantes sont trait\u00e9es par <a class=\"external-link extlink\" href=\"http:\/\/Gabor.de\" target=\"_blank\" rel=\"nofollow noopener\" data-ext-link-init=\"true\">Gabor.fr<\/a> a \u00e9t\u00e9 transf\u00e9r\u00e9e aux partenaires. \"Gabor a r\u00e9ussi \u00e0 se lancer dans la distribution business-to-consumer tout en impliquant le commerce stationnaire\", explique B\u00e4hre pour d\u00e9crire la philosophie de distribution de l'entreprise.<\/p>\n<p>Si une commande en ligne rencontre <a class=\"external-link extlink\" href=\"http:\/\/Gabor.de\" target=\"_blank\" rel=\"nofollow noopener\" data-ext-link-init=\"true\">Gabor.fr<\/a> un algorithme d\u00e9cide quel partenaire de distribution ex\u00e9cute la commande. S'il accepte, la commande lui est transmise. Le distributeur envoie la marchandise de son entrep\u00f4t au client - bien entendu sous la marque de Gabor. Les clientes et clients re\u00e7oivent la facture de la commande en ligne de Gabor Shoes. \"Cette solution nous permet de repr\u00e9senter clairement un processus de vente \u00e0 plusieurs niveaux et tous les flux de documents - y compris l'exp\u00e9dition, le paiement et les retours\", explique Bernd R\u00f6der, partenaire chez bartolome r\u00f6der AG, \u00e0 propos de E4M.<\/p>\n<h2>Le r\u00e9sultat<\/h2>\n<p>Avec E4M, toutes les \u00e9tapes d'une commande sont d\u00e9sormais transparentes. \"Gr\u00e2ce \u00e0 cette solution, nous avons toujours une vue d'ensemble\", souligne le responsable du commerce \u00e9lectronique, B\u00e4hre. Il cite des exemples concrets : les bons stocks dans la boutique, l'\u00e9tat actuel des commandes, les bonnes donn\u00e9es client. B\u00e4hre est satisfait : \"Maintenant, nous pouvons surveiller tous les processus\". Le feedback interne est tr\u00e8s positif, rapporte-t-il. Les partenaires de distribution profitent \u00e9galement du principe de la place de march\u00e9 de Gabor. C'est justement pendant le lockdown d\u00fb \u00e0 la pand\u00e9mie de Corona que la place de march\u00e9 s'est av\u00e9r\u00e9e utile. <a class=\"external-link extlink\" href=\"http:\/\/Gabor.de\" target=\"_blank\" rel=\"nofollow noopener\" data-ext-link-init=\"true\">Gabor.fr<\/a> a fait ses preuves, dit B\u00e4hre.<\/p>\n<p>Il fait l'\u00e9loge de la collaboration avec bartolome r\u00f6der AG : \"Les partenaires sont d\u00e9cisifs dans un projet aussi complexe. Quelle compr\u00e9hension des processus apportent-ils ? Quelle est leur vision de la planification ? Nous avons besoin de solutions qui soient flexibles et rapides, et des t\u00eates correspondantes derri\u00e8re\". L'\u00e9quipe de projet compos\u00e9e de Gabor Shoes AG, bartolome r\u00f6der AG et <a class=\"external-link extlink\" href=\"http:\/\/elements.at\" target=\"_blank\" rel=\"nofollow noopener\" data-ext-link-init=\"true\">elements.fr<\/a> a collabor\u00e9 de mani\u00e8re \"sensationnelle\", se r\u00e9jouit B\u00e4hre.<\/p>\n<p>Deux des trois objectifs du projet sont d\u00e9sormais atteints : la solution fonctionne de mani\u00e8re stable et pr\u00e9sente tous les processus de mani\u00e8re transparente. Pour la suite, B\u00e4hre se concentre sur la croissance du canal en ligne.<\/p>\n<h2 id=\"NL|MicrosoftDynamics365BusinessCentralWave22022-HabenwirIhrInteressegeweckt?\">Nous avons \u00e9veill\u00e9 votre int\u00e9r\u00eat ?<\/h2>\n<p>Si vous vous int\u00e9ressez de plus pr\u00e8s \u00e0 notre <strong>Contr\u00f4leur de la place de march\u00e9'. <a href=\"https:\/\/navision-beratung.de\/fr\/e4m-engine-4-marketplace-central-workflow-controller\/\">Engine 4 Marketplace' (E4M)<\/a><\/strong> et que vous souhaitez obtenir de plus amples informations, n'h\u00e9sitez pas \u00e0 nous contacter !<\/p>\n<p><strong>T\u00e9l. : +49 (89) 21 111 848<\/strong><br \/>\n<strong>Courrier \u00e9lectronique :<\/strong> <a class=\"external-link extlink\" href=\"mailto:vertrieb@br-ag.com\" target=\"_blank\" rel=\"nofollow noopener\" data-ext-link-init=\"true\">vertrieb@br-ag.com<\/a><\/p>","protected":false},"excerpt":{"rendered":"<p>\u201aKaufm\u00e4nnisches Herz\u2018 verbindet Gabor-Marktplatz mit station\u00e4ren Handelspartnern Dem Direct-to-Consumer-Trend begegnet die Schuhmarke Gabor auf eigene Weise: Auf\u00a0Gabor.de k\u00f6nnen Verbraucherinnen und Verbraucher alle Modelle ordern. Gleichzeitig bindet die Gabor Shoes AG den station\u00e4ren Handel in den digitalen Vertrieb ein. M\u00f6glich wird das durch die intelligente Marktplatz-L\u00f6sung\u201a Engine 4 Marketplace\u2018 (E4M), entwickelt von der bartolome r\u00f6der AG. [&hellip;]<\/p>","protected":false},"author":1,"featured_media":7249,"parent":0,"menu_order":0,"comment_status":"closed","ping_status":"closed","template":"","meta":{"_seopress_robots_primary_cat":"","_seopress_titles_title":"Gabor: Marktplatz verbindet Online- und Einzelhandel","_seopress_titles_desc":"Entdecken Sie Gabor.de: Online Schuhe kaufen und gleichzeitig lokale H\u00e4ndler unterst\u00fctzen durch die innovative Engine 4 Marketplace-L\u00f6sung.","_seopress_robots_index":"","footnotes":""},"categories":[],"tags":[],"class_list":["post-7243","page","type-page","status-publish","has-post-thumbnail","hentry"],"_links":{"self":[{"href":"https:\/\/navision-beratung.de\/fr\/wp-json\/wp\/v2\/pages\/7243","targetHints":{"allow":["GET"]}}],"collection":[{"href":"https:\/\/navision-beratung.de\/fr\/wp-json\/wp\/v2\/pages"}],"about":[{"href":"https:\/\/navision-beratung.de\/fr\/wp-json\/wp\/v2\/types\/page"}],"author":[{"embeddable":true,"href":"https:\/\/navision-beratung.de\/fr\/wp-json\/wp\/v2\/users\/1"}],"replies":[{"embeddable":true,"href":"https:\/\/navision-beratung.de\/fr\/wp-json\/wp\/v2\/comments?post=7243"}],"version-history":[{"count":0,"href":"https:\/\/navision-beratung.de\/fr\/wp-json\/wp\/v2\/pages\/7243\/revisions"}],"wp:featuredmedia":[{"embeddable":true,"href":"https:\/\/navision-beratung.de\/fr\/wp-json\/wp\/v2\/media\/7249"}],"wp:attachment":[{"href":"https:\/\/navision-beratung.de\/fr\/wp-json\/wp\/v2\/media?parent=7243"}],"wp:term":[{"taxonomy":"category","embeddable":true,"href":"https:\/\/navision-beratung.de\/fr\/wp-json\/wp\/v2\/categories?post=7243"},{"taxonomy":"post_tag","embeddable":true,"href":"https:\/\/navision-beratung.de\/fr\/wp-json\/wp\/v2\/tags?post=7243"}],"curies":[{"name":"wp","href":"https:\/\/api.w.org\/{rel}","templated":true}]}}