{"id":7108,"date":"2022-09-15T08:02:47","date_gmt":"2022-09-15T08:02:47","guid":{"rendered":"https:\/\/navision-beratung.de\/?page_id=7108"},"modified":"2025-05-26T10:18:42","modified_gmt":"2025-05-26T08:18:42","slug":"referenzprojekt-eqs-group-ag","status":"publish","type":"page","link":"https:\/\/navision-beratung.de\/fr\/referenzen\/referenzprojekt-eqs-group-ag\/","title":{"rendered":"Projet de r\u00e9f\u00e9rence : nouveau lancement de Business Central version 18"},"content":{"rendered":"<p>Aujourd'hui, nous souhaitons vous pr\u00e9senter un projet chez <strong>EQS Group AG<\/strong>Le groupe a pr\u00e9sent\u00e9 son nouveau syst\u00e8me de gestion de la relation client (NAV) \u00e0 l'un des principaux fournisseurs internationaux de services en ligne dans les domaines de la conformit\u00e9 des entreprises, des relations avec les investisseurs et des rapports sur le d\u00e9veloppement durable (ESG Tech), dont le si\u00e8ge est \u00e0 Munich. L'entreprise, qui propose des services innovants aux entreprises cot\u00e9es en bourse et compte environ 500 utilisateurs, a proc\u00e9d\u00e9 \u00e0 la nouvelle introduction de Business Central version 18 ainsi qu'\u00e0 la reprise partielle des donn\u00e9es de l'ancien syst\u00e8me NAV.<\/p>\n<p><strong>Quel \u00e9tait le d\u00e9fi ?<\/strong><\/p>\n<p>EQS Group AG utilisait un syst\u00e8me hautement modifi\u00e9 avec de nombreux add-ons de fournisseurs tiers, de sorte qu'avant la mise \u00e0 niveau, les doutes n'\u00e9taient pas rares en raison de la grande complexit\u00e9.<br \/>Il s'agissait de ramener le plus possible au standard le logiciel utilis\u00e9 avec ses nombreuses interfaces et de proc\u00e9der \u00e0 la consolidation ou au remplacement des add-ons de tiers. En outre, les fonctionnalit\u00e9s existantes et toujours analys\u00e9es comme n\u00e9cessaires devaient \u00eatre r\u00e9parties judicieusement entre les diff\u00e9rentes apps\/extensions.<\/p>\n<p><strong>L'infrastructure technique<\/strong><\/p>\n<p>Le syst\u00e8me install\u00e9 est une installation sur site, h\u00e9berg\u00e9e par com:3000 IT-Services GmbH, dont le si\u00e8ge est \u00e0 F\u00fcrstenfeldbruck, r\u00e9partie sur plusieurs serveurs (serveurs de base de donn\u00e9es et d'applications) dans le cloud priv\u00e9.<\/p>\n<p><strong>Les points forts du projet<\/strong><\/p>\n<ul>\n<li>L'extension du module de contrat de service afin de pouvoir reproduire les types de contrats d'EQS Group AG.<\/li>\n<li>L'importation des donn\u00e9es clients et des donn\u00e9es contractuelles \u00e0 partir de Microsoft CRM \/ int\u00e9gration via Dateverse<\/li>\n<li>L'introduction de l'interface de service web pour l'importation ou le traitement des donn\u00e9es de transaction ou de facturation \u00e0 partir du portail cloud<\/li>\n<li>La connexion d'une solution d'achat externe<\/li>\n<li>La repr\u00e9sentation de la saisie du temps de projet inter-mandants dans un mandant central pour tous les projets<\/li>\n<li>Les adaptations introduites pour l'envoi automatis\u00e9 d'e-mails (mod\u00e8les d'e-mails diff\u00e9rents selon la langue et le groupe de clients)<\/li>\n<li>La mise en \u0153uvre d'un flux de travail de validation personnalis\u00e9 pour les documents entrants dans Continia Document Capture<\/li>\n<li>l'adaptation ou la cr\u00e9ation de profils de groupes d'utilisateurs et de concepts d'autorisation<\/li>\n<\/ul>\n<p><strong>Les caract\u00e9ristiques<\/strong><\/p>\n<p>Toutes les adaptations ont \u00e9t\u00e9 mises \u00e0 disposition sous forme d'Extension Apps. Comme aucune adaptation des objets standard n'a \u00e9t\u00e9 effectu\u00e9e, le client peut d\u00e9sormais b\u00e9n\u00e9ficier d'une mise \u00e0 niveau beaucoup plus facile. En outre, toutes les modifications de code sont contr\u00f4l\u00e9es par un syst\u00e8me de versionnement (Git). Les adaptations termin\u00e9es sont valid\u00e9es selon le principe du double contr\u00f4le et sont mises en \u0153uvre via DevOps dans le CI\/CD (<strong>C<\/strong>ontinuos <strong>I<\/strong>nt\u00e9gration, <strong>C<\/strong>ontinuos <strong>D<\/strong>eployment) est automatiquement mis \u00e0 disposition dans le syst\u00e8me de test. Apr\u00e8s le test et la validation des adaptations par EQS Group AG, le d\u00e9ploiement est effectu\u00e9 dans le syst\u00e8me r\u00e9el.<\/p>\n<p><strong>Modules compl\u00e9mentaires tiers utilis\u00e9s<\/strong><\/p>\n<p>Les add-ons suivants sont utilis\u00e9s par EQS Group AG :<\/p>\n<ul>\n<li>ForNAV<\/li>\n<li>OPplus<\/li>\n<li>Continia Document Capture<\/li>\n<li>XtensionIT - Gestion multi-entit\u00e9s<\/li>\n<\/ul>\n<p><strong>Le mod\u00e8le de projet<\/strong><\/p>\n<p>Apr\u00e8s l'analyse des besoins et la d\u00e9finition des paquets de migration, nous avons suivi un mod\u00e8le de d\u00e9veloppement agile en r\u00e9alisant et en montrant les adaptations de mani\u00e8re it\u00e9rative (prototypage it\u00e9ratif). La migration des donn\u00e9es s'est d\u00e9roul\u00e9e en plusieurs vagues. Apr\u00e8s la formation des collaborateurs et une phase de test \u00e9tendue avec des tests fonctionnels, d'int\u00e9gration et d'acceptation, la mise en service s'est d\u00e9roul\u00e9e comme pr\u00e9vu et avec succ\u00e8s.<\/p>\n\n\n<blockquote class=\"wp-block-quote is-layout-flow wp-block-quote-is-layout-flow\"><p><em>Avec le passage de Navision \u00e0 Business Central, BR AG nous a accompagn\u00e9s de la conception jusqu'au Go Live. Gr\u00e2ce \u00e0 des conseils comp\u00e9tents et \u00e0 des approches orient\u00e9es vers les solutions, nous avons pu mener \u00e0 bien le projet. BR AG continue \u00e0 nous soutenir en tant que partenaire et, gr\u00e2ce \u00e0 son support convivial et orient\u00e9 client, nous rel\u00e8verons ensemble les futurs d\u00e9fis du syst\u00e8me.<\/em>.<\/p><cite><strong>Clarissa J\u00f6rg, <\/strong>Responsable de la comptabilit\u00e9, EQS Group AG<\/cite><\/blockquote>","protected":false},"excerpt":{"rendered":"<p>Aujourd'hui, nous souhaitons vous pr\u00e9senter un projet r\u00e9alis\u00e9 chez EQS Group AG, un fournisseur international de services cloud leader dans les domaines de la conformit\u00e9 des entreprises, des relations avec les investisseurs et des rapports sur le d\u00e9veloppement durable (ESG Tech), dont le si\u00e8ge est \u00e0 Munich. Dans cette entreprise de services innovants pour les entreprises cot\u00e9es en bourse, qui compte environ 500 utilisateurs, la nouvelle introduction de Business Central version 18 ainsi que le transfert partiel des donn\u00e9es [...] ont \u00e9t\u00e9 r\u00e9alis\u00e9s.<\/p>","protected":false},"author":1,"featured_media":11496,"parent":8787,"menu_order":0,"comment_status":"closed","ping_status":"closed","template":"","meta":{"_seopress_robots_primary_cat":"","_seopress_titles_title":"EQS Group AG: Erfolgreiche Cloud-Integration bei ERP","_seopress_titles_desc":"Erleben Sie die erfolgreiche Einf\u00fchrung von Business Central bei EQS Group AG, einem f\u00fchrenden Cloud-Anbieter, und wie sie Komplexit\u00e4t meisterten.","_seopress_robots_index":"","footnotes":""},"categories":[52],"tags":[],"class_list":["post-7108","page","type-page","status-publish","has-post-thumbnail","hentry","category-referenzen"],"_links":{"self":[{"href":"https:\/\/navision-beratung.de\/fr\/wp-json\/wp\/v2\/pages\/7108","targetHints":{"allow":["GET"]}}],"collection":[{"href":"https:\/\/navision-beratung.de\/fr\/wp-json\/wp\/v2\/pages"}],"about":[{"href":"https:\/\/navision-beratung.de\/fr\/wp-json\/wp\/v2\/types\/page"}],"author":[{"embeddable":true,"href":"https:\/\/navision-beratung.de\/fr\/wp-json\/wp\/v2\/users\/1"}],"replies":[{"embeddable":true,"href":"https:\/\/navision-beratung.de\/fr\/wp-json\/wp\/v2\/comments?post=7108"}],"version-history":[{"count":0,"href":"https:\/\/navision-beratung.de\/fr\/wp-json\/wp\/v2\/pages\/7108\/revisions"}],"up":[{"embeddable":true,"href":"https:\/\/navision-beratung.de\/fr\/wp-json\/wp\/v2\/pages\/8787"}],"wp:featuredmedia":[{"embeddable":true,"href":"https:\/\/navision-beratung.de\/fr\/wp-json\/wp\/v2\/media\/11496"}],"wp:attachment":[{"href":"https:\/\/navision-beratung.de\/fr\/wp-json\/wp\/v2\/media?parent=7108"}],"wp:term":[{"taxonomy":"category","embeddable":true,"href":"https:\/\/navision-beratung.de\/fr\/wp-json\/wp\/v2\/categories?post=7108"},{"taxonomy":"post_tag","embeddable":true,"href":"https:\/\/navision-beratung.de\/fr\/wp-json\/wp\/v2\/tags?post=7108"}],"curies":[{"name":"wp","href":"https:\/\/api.w.org\/{rel}","templated":true}]}}