{"id":664,"date":"2024-09-01T13:40:00","date_gmt":"2024-09-01T13:40:00","guid":{"rendered":"http:\/\/navisionberatung.apps-1and1.net\/?page_id=664"},"modified":"2025-05-24T12:31:56","modified_gmt":"2025-05-24T10:31:56","slug":"add-ons","status":"publish","type":"page","link":"https:\/\/navision-beratung.de\/fr\/add-ons\/","title":{"rendered":"Modules compl\u00e9mentaires"},"content":{"rendered":"<div id=\"pl-664\" class=\"panel-layout\">\n<div id=\"pg-664-0\" class=\"panel-grid panel-no-style\">\n<div id=\"pgc-664-0-0\" class=\"panel-grid-cell\" data-weight=\"1\">\n<div id=\"panel-664-0-0-0\" class=\"so-panel widget widget_black-studio-tinymce widget_black_studio_tinymce panel-first-child panel-last-child\" data-index=\"0\" data-style=\"{&quot;background_image_attachment&quot;:false,&quot;background_display&quot;:&quot;tile&quot;}\">\n<h3 class=\"widget-title\">L\u00f6sungen, die Ihre Arbeit erleichtern<\/h3>\n<div class=\"textwidget\">\n<p>Die individuellen Anforderungen an Unternehmensl\u00f6sungen umfassen heute insbesondere auch die Anbindung von verschiedenen Drittsystemen. Auch der Mittelstand braucht L\u00f6sungen, die technologisch und funktional extrem hohen Anspr\u00fcchen unterliegen. Deshalb haben wir verschiedene L\u00f6sungen entwickelt, um Standard-Anbindungen zu schaffen und Mehrwert zu generieren.<\/p>\n<\/div>\n<\/div>\n<\/div>\n<\/div>\n<\/div>\n\n\n<div class=\"wp-block-columns is-layout-flex wp-container-core-columns-is-layout-28f84493 wp-block-columns-is-layout-flex\">\n<div class=\"wp-block-column is-layout-flow wp-block-column-is-layout-flow\">\n<figure class=\"wp-block-image size-full\"><a href=\"https:\/\/navision-beratung.de\/fr\/add-ons\/nav-magento-schnittstelle\/\"><img alt=\"\" fetchpriority=\"high\" decoding=\"async\" width=\"345\" height=\"300\" src=\"https:\/\/navision-beratung.de\/wp-content\/uploads\/2020\/06\/Magento-Interface-1.png\" class=\"wp-image-5834\" srcset=\"https:\/\/navision-beratung.de\/wp-content\/uploads\/2020\/06\/Magento-Interface-1.png 345w, https:\/\/navision-beratung.de\/wp-content\/uploads\/2020\/06\/Magento-Interface-1-300x261.png 300w\" sizes=\"(max-width: 345px) 100vw, 345px\" \/><\/a><\/figure>\n<\/div>\n\n\n\n<div class=\"wp-block-column is-layout-flow wp-block-column-is-layout-flow\">\n<figure class=\"wp-block-image size-full\"><a href=\"https:\/\/navision-beratung.de\/fr\/add-ons\/nav-datev-schnittstelle\/\"><img alt=\"\" decoding=\"async\" width=\"345\" height=\"300\" src=\"https:\/\/navision-beratung.de\/wp-content\/uploads\/2020\/06\/DATEV-1.png\" class=\"wp-image-5836\" srcset=\"https:\/\/navision-beratung.de\/wp-content\/uploads\/2020\/06\/DATEV-1.png 345w, https:\/\/navision-beratung.de\/wp-content\/uploads\/2020\/06\/DATEV-1-300x261.png 300w\" sizes=\"(max-width: 345px) 100vw, 345px\" \/><\/a><\/figure>\n<\/div>\n<\/div>\n\n\n\n<div class=\"wp-block-columns is-layout-flex wp-container-core-columns-is-layout-28f84493 wp-block-columns-is-layout-flex\">\n<div class=\"wp-block-column is-layout-flow wp-block-column-is-layout-flow\">\n<figure class=\"wp-block-image size-full\"><a href=\"https:\/\/navision-beratung.de\/fr\/add-ons\/nav-ebanf\/\"><img alt=\"\" decoding=\"async\" width=\"345\" height=\"300\" src=\"https:\/\/navision-beratung.de\/wp-content\/uploads\/2020\/06\/eBANF-2.png\" class=\"wp-image-5943\" srcset=\"https:\/\/navision-beratung.de\/wp-content\/uploads\/2020\/06\/eBANF-2.png 345w, https:\/\/navision-beratung.de\/wp-content\/uploads\/2020\/06\/eBANF-2-300x261.png 300w\" sizes=\"(max-width: 345px) 100vw, 345px\" \/><\/a><\/figure>\n<\/div>\n\n\n\n<div class=\"wp-block-column is-layout-flow wp-block-column-is-layout-flow\">\n<figure class=\"wp-block-image size-full\"><img alt=\"\" loading=\"lazy\" decoding=\"async\" width=\"345\" height=\"300\" src=\"https:\/\/navision-beratung.de\/wp-content\/uploads\/2024\/09\/eDoc-Module.png\" class=\"wp-image-8325\" srcset=\"https:\/\/navision-beratung.de\/wp-content\/uploads\/2024\/09\/eDoc-Module.png 345w, https:\/\/navision-beratung.de\/wp-content\/uploads\/2024\/09\/eDoc-Module-300x261.png 300w\" sizes=\"(max-width: 345px) 100vw, 345px\" \/><\/figure>\n<\/div>\n<\/div>\n\n\n\n<div class=\"wp-block-buttons is-layout-flex wp-block-buttons-is-layout-flex\">\n<div class=\"wp-block-button aligncenter\"><a class=\"wp-block-button__link has-vivid-green-cyan-background-color has-background wp-element-button\" href=\"https:\/\/docs.navision-beratung.de\/\" target=\"_blank\" rel=\"noreferrer noopener\">Aide en ligne<\/a><\/div>\n<\/div>\n\n\n\n<p><\/p>","protected":false},"excerpt":{"rendered":"<p>Die individuellen Anforderungen an Unternehmensl\u00f6sungen umfassen heute insbesondere auch die Anbindung von verschiedenen Drittsystemen. Auch der Mittelstand braucht L\u00f6sungen, die technologisch und funktional extrem hohen Anspr\u00fcchen unterliegen. Deshalb haben wir verschiedene L\u00f6sungen entwickelt, um Standard-Anbindungen zu schaffen und Mehrwert zu generieren.<\/p>","protected":false},"author":1,"featured_media":0,"parent":0,"menu_order":0,"comment_status":"closed","ping_status":"closed","template":"","meta":{"_seopress_robots_primary_cat":"","_seopress_titles_title":"Effiziente L\u00f6sungen f\u00fcr Unternehmen im Mittelstand","_seopress_titles_desc":"Entdecken Sie L\u00f6sungen, die Ihre Arbeit erleichtern und Standard-Anbindungen schaffen. Ideale Wahl f\u00fcr den Mittelstand.","_seopress_robots_index":"","footnotes":""},"categories":[],"tags":[],"class_list":["post-664","page","type-page","status-publish","hentry"],"_links":{"self":[{"href":"https:\/\/navision-beratung.de\/fr\/wp-json\/wp\/v2\/pages\/664","targetHints":{"allow":["GET"]}}],"collection":[{"href":"https:\/\/navision-beratung.de\/fr\/wp-json\/wp\/v2\/pages"}],"about":[{"href":"https:\/\/navision-beratung.de\/fr\/wp-json\/wp\/v2\/types\/page"}],"author":[{"embeddable":true,"href":"https:\/\/navision-beratung.de\/fr\/wp-json\/wp\/v2\/users\/1"}],"replies":[{"embeddable":true,"href":"https:\/\/navision-beratung.de\/fr\/wp-json\/wp\/v2\/comments?post=664"}],"version-history":[{"count":0,"href":"https:\/\/navision-beratung.de\/fr\/wp-json\/wp\/v2\/pages\/664\/revisions"}],"wp:attachment":[{"href":"https:\/\/navision-beratung.de\/fr\/wp-json\/wp\/v2\/media?parent=664"}],"wp:term":[{"taxonomy":"category","embeddable":true,"href":"https:\/\/navision-beratung.de\/fr\/wp-json\/wp\/v2\/categories?post=664"},{"taxonomy":"post_tag","embeddable":true,"href":"https:\/\/navision-beratung.de\/fr\/wp-json\/wp\/v2\/tags?post=664"}],"curies":[{"name":"wp","href":"https:\/\/api.w.org\/{rel}","templated":true}]}}