{"id":5616,"date":"2020-04-23T13:04:43","date_gmt":"2020-04-23T13:04:43","guid":{"rendered":"https:\/\/navision-beratung.de\/?page_id=5616"},"modified":"2025-05-26T10:27:12","modified_gmt":"2025-05-26T08:27:12","slug":"referenzprojekt-logistikloesung-in-dynamics-365-business-central-am-beispiel-eines-kunden","status":"publish","type":"page","link":"https:\/\/navision-beratung.de\/fr\/referenzen\/referenzprojekt-logistikloesung-in-dynamics-365-business-central-am-beispiel-eines-kunden\/","title":{"rendered":"Projet de r\u00e9f\u00e9rence : Solution logistique dans Dynamics 365 Business Central"},"content":{"rendered":"<p>Aujourd'hui, nous souhaitons vous pr\u00e9senter <strong>Solution logistique<\/strong> de notre client <strong>PSP Pack GmbH<\/strong>Nous avons le plaisir de vous pr\u00e9senter l'entreprise de services logistiques, entre autres pour le secteur automobile et l'industrie de l'\u00e9clairage, situ\u00e9e dans le district d'Eichst\u00e4tt, en Haute-Bavi\u00e8re, au c\u0153ur de la Bavi\u00e8re.<\/p>\n<p>La soci\u00e9t\u00e9 PSP Pack GmbH propose un service logistique complet, c'est-\u00e0-dire que la gestion compl\u00e8te de l'entrep\u00f4t (stockage, transfert, d\u00e9stockage, transport, etc.) peut \u00eatre repr\u00e9sent\u00e9e.<\/p>\n<p>Afin de pouvoir livrer ses gros clients JIT (\"just in time\"), PSP Pack GmbH a investi dans un grand entrep\u00f4t ultramoderne d'une capacit\u00e9 de stockage actuelle de 7000 emplacements pour europalettes. Chaque \u00e9quipe peut y effectuer 500 op\u00e9rations de stockage (chargement ou d\u00e9chargement de mat\u00e9riel). Tout au long de la journ\u00e9e, plusieurs trains de camions font l'aller-retour entre l'entrep\u00f4t et le client, afin de distribuer le mat\u00e9riel juste \u00e0 temps aux diff\u00e9rentes usines. Les camions approvisionnent les usines et sont \u00e9galement charg\u00e9s \u00e0 l'usine concern\u00e9e pour le retour avec des quantit\u00e9s incompl\u00e8tes qui doivent \u00eatre stock\u00e9es \u00e0 nouveau dans l'entrep\u00f4t.<\/p>\n<p>Le syst\u00e8me ERP utilis\u00e9 est Microsoft Dynamics 365 Business Central.<\/p>\n<h2>Quelle est la technologie utilis\u00e9e ?<\/h2>\n<p>Pour ce faire, PSP Pack GmbH s'appuie sur des technologies modernes permettant d'identifier clairement les emplacements de stockage et les mat\u00e9riaux, par exemple <strong>RFID (R<\/strong>adio-<strong>F<\/strong>requency<strong> Id<\/strong>entification<strong>) - Technologie, <\/strong>c'est-\u00e0-dire la localisation et l'identification automatique par ondes radio. Son utilisation n\u00e9cessite un syst\u00e8me compos\u00e9 d'un \u00e9metteur (transpondeur) et d'un r\u00e9cepteur (lecteur). Les \u00e9tiquettes et les tags RFID sur l'emplacement de stockage sont lus par des lecteurs sur le chariot \u00e9l\u00e9vateur en position fixe. En outre, diff\u00e9rents <strong>Lecteur de codes-barres<\/strong> pour automatiser au maximum la saisie mobile des donn\u00e9es.<\/p>\n<p>Le site <strong>connexion technique<\/strong> au client concern\u00e9 se fait par une connexion directe \u00e0 la base de donn\u00e9es via une interface. Cela signifie \u00e0 son tour que les <strong>Centre d'affaires<\/strong> La base de donn\u00e9es de PSP Pack GmbH est connect\u00e9e en permanence \u00e0 la base de donn\u00e9es externe du client via un tunnel VPN. Dans Business Central, ces tables de base de donn\u00e9es externes sont int\u00e9gr\u00e9es de mani\u00e8re transparente gr\u00e2ce \u00e0 des technologies sp\u00e9ciales.<\/p>\n<h2>Quels sont les messages transmis ?<\/h2>\n<ol>\n<li>Le client concern\u00e9 saisit chaque jour des r\u00e9servations (demandes de mat\u00e9riel). Il indique alors quel mat\u00e9riel est n\u00e9cessaire, en quelle quantit\u00e9 et \u00e0 quelle heure.<\/li>\n<li>Les retours qui sont retourn\u00e9s \u00e0 l'entrep\u00f4t par le client sont transmis.<\/li>\n<li>Les entr\u00e9es de marchandises provenant de fournisseurs externes sont transmises.<\/li>\n<li>Une fois par nuit (puisqu'il n'y a pas de mouvement de mat\u00e9riel), le stock actuel est transmis.<br \/>\nImportant : des demandes ad hoc sur l'\u00e9tat des stocks sont possibles \u00e0 tout moment !<\/li>\n<\/ol>\n<h2>Autres particularit\u00e9s de la solution logistique<\/h2>\n<ul>\n<li><strong>Pr\u00e9paration des commandes FEFO : <\/strong>Le pr\u00e9l\u00e8vement de mat\u00e9riel s'effectue selon le principe \"First Expired First Out\". C'est-\u00e0-dire que ce qui est stock\u00e9 depuis le plus longtemps est s\u00e9lectionn\u00e9 en premier pour le pr\u00e9l\u00e8vement de mat\u00e9riel. Ceci est r\u00e9alis\u00e9 par le biais de num\u00e9ros de lots avec une date d'expiration automatique.<\/li>\n<li><strong>Calcul de la quantit\u00e9 de mat\u00e9riaux :<\/strong> Les articles sont pr\u00e9lev\u00e9s de l'entrep\u00f4t par cartons, c'est-\u00e0-dire sous forme d'emballages complets. Or, un client a r\u00e9serv\u00e9 un nombre de pi\u00e8ces. Le syst\u00e8me calcule alors automatiquement le nombre d'emballages \u00e0 pr\u00e9lever en fonction du contenu concret de l'emplacement.<\/li>\n<li><strong>Diff\u00e9rents cockpits <\/strong>pour g\u00e9rer les r\u00e9servations, les retours et les entr\u00e9es de marchandises :<br \/>\n- Aper\u00e7u du statut<br \/>\n- Traitement des erreurs<br \/>\n- Recherche de stock (par ex. vues personnalis\u00e9es pour les num\u00e9ros de lot et les dates d'expiration)<br \/>\n- S\u00e9lection de r\u00e9servations en lots (traitement par lots) pour des livraisons de camions individuelles<br \/>\nConcr\u00e8tement, le processus se d\u00e9roule ainsi via le cockpit :<br \/>\nLe matin, l'employ\u00e9 de l'entrep\u00f4t v\u00e9rifie son cockpit dans Business Central. Il voit imm\u00e9diatement quels mat\u00e9riaux ont \u00e9t\u00e9 demand\u00e9s. Ensuite, il est tri\u00e9 par date et par heure et voit quels mat\u00e9riaux sont disponibles. Ensuite, une op\u00e9ration par lot peut \u00eatre cr\u00e9\u00e9e par camion et le processus de pr\u00e9paration de commandes peut commencer imm\u00e9diatement. Les employ\u00e9s de l'entrep\u00f4t voient leur \"r\u00e9serve de travail\" s'afficher directement sur leurs tablettes.<\/li>\n<li><strong>Centres de r\u00f4les personnalis\u00e9s :<\/strong> Chaque groupe de collaborateurs dispose d'un centre de r\u00f4le adapt\u00e9 (\u00e9cran d'accueil dans Business Central avec les fonctions dont il a besoin) pour le traitement logistique.<\/li>\n<li><strong>Cr\u00e9ation automatique de documents avec des codes-barres :<\/strong><br \/>\n- Documents sources : commandes d'achat, commandes de vente, r\u00e9clamations.<br \/>\n- Documents logistiques : entr\u00e9es de marchandises, sorties de marchandises, entr\u00e9es en stock et pr\u00e9parations de commandes,<br \/>\n\u00c9tiquettes<\/li>\n<li><strong>Propositions automatiques d'emplacements <\/strong>pour le pr\u00e9l\u00e8vement ainsi que pour le stockage.<\/li>\n<li><strong>Utilisation de terminaux mobiles (tablettes) avec fonction de lecture de codes-barres : <\/strong>PSP Pack GmbH utilise ici des tablettes industrielles avec un support sur le chariot \u00e9l\u00e9vateur \u00e0 fourche avec alimentation \u00e9lectrique. L'affichage des donn\u00e9es Business Central est adapt\u00e9 aux appareils mobiles.<\/li>\n<li><strong>Assurance qualit\u00e9 :<\/strong> Contr\u00f4le de plausibilit\u00e9 et d'int\u00e9gralit\u00e9 par scannage des codes-barres. Lors du pr\u00e9l\u00e8vement de la marchandise, on scanne si celle-ci est pr\u00e9lev\u00e9e dans le bon emplacement de stockage. En outre, l'article est scann\u00e9 pour savoir s'il s'agit du bon article.<\/li>\n<\/ul>\n<h2>Architecture technique<\/h2>\n<p>La soci\u00e9t\u00e9 PSP Pack GmbH a <strong>Microsoft Dynamics Business Central version 14<\/strong> on premise en service. Toutes les adaptations logistiques ont \u00e9t\u00e9 r\u00e9alis\u00e9es en tant que <strong>Extension App<\/strong> a \u00e9t\u00e9 r\u00e9alis\u00e9. Il a \u00e9t\u00e9 proc\u00e9d\u00e9 <strong>aucune modification des objets standard<\/strong>Il est donc beaucoup plus facile de passer \u00e0 des versions plus r\u00e9centes. Pour la cr\u00e9ation de documents avec des codes-barres, le <strong>Add-On ForNAV<\/strong> par exemple pour les \u00e9tiquettes d'entr\u00e9e et de sortie de stock.<\/p>\n<h2>Technique utilis\u00e9e<\/h2>\n<ul>\n<li>Etiquettes\/tags RFID sur le lieu de stockage, lecteur de la soci\u00e9t\u00e9 Sick (<a class=\"external-link extlink\" href=\"http:\/\/sick.com\" target=\"_blank\" rel=\"nofollow noopener noreferrer\" data-ext-link-init=\"true\">http:\/\/sick.com<\/a>) sur le chariot \u00e9l\u00e9vateur en position fixe<\/li>\n<li>Tablettes Windows 10 avec lecteur de codes-barres int\u00e9gr\u00e9 : Tablettes industrielles Bluechip (Tablette T11 Outdoor (<a class=\"external-link extlink\" href=\"https:\/\/www.bluechip.de\/mobil\/tablets\/12830\/bluechip-travelline-t11-i3-outdoor\" target=\"_blank\" rel=\"nofollow noopener noreferrer\" data-ext-link-init=\"true\">https:\/\/www.bluechip.de\/mobil\/tablets\/12830\/bluechip-travelline-t11-i3-outdoor<\/a>)), support sur chariot \u00e9l\u00e9vateur avec alimentation \u00e9lectrique<\/li>\n<li>Scanners \u00e0 main suppl\u00e9mentaires : Scanners Bluetooth : Zebra LI3678 (<a class=\"external-link extlink\" href=\"https:\/\/www.zebra.com\/de\/de\/products\/scanners\/ultra-rugged-scanners\/3600-series\/li36x8-sr.html\" target=\"_blank\" rel=\"nofollow noopener noreferrer\" data-ext-link-init=\"true\">https:\/\/www.zebra.com\/de\/de\/products\/scanners\/ultra-rugged-scanners\/3600-series\/li36x8-sr.html<\/a>)<\/li>\n<li>Imprimante d'\u00e9tiquettes : CAB (<a class=\"external-link extlink\" href=\"https:\/\/www.cab.de\/de\/kennzeichnung\/etikettendrucker\/\" target=\"_blank\" rel=\"nofollow noopener noreferrer\" data-ext-link-init=\"true\">https:\/\/www.cab.de\/de\/kennzeichnung\/etikettendrucker\/<\/a>)<\/li>\n<\/ul>\n<p>Vous \u00eates \u00e9galement int\u00e9ress\u00e9 par une solution logistique dans Business Central ou Dynamics NAV ou vous souhaitez externaliser votre gestion d'entrep\u00f4t ? N'h\u00e9sitez pas \u00e0 nous contacter \u00e0 l'adresse suivante <a href=\"zoiper:\/\/08921111848\">089 &#8211; 21 111 848<\/a> ou par e-mail \u00e0 <a class=\"external-link extlink\" href=\"mailto:vertrieb@br-ag.com\" target=\"_blank\" rel=\"nofollow noopener noreferrer\" data-ext-link-init=\"true\">vertrieb@br-ag.com<\/a> en contact avec nous ! Nous nous ferons un plaisir de vous conseiller !<\/p>","protected":false},"excerpt":{"rendered":"<p>Aujourd'hui, nous souhaitons vous pr\u00e9senter la solution logistique de notre client PSP Pack GmbH, un prestataire de services logistiques pour, entre autres, le secteur automobile et l'industrie de l'\u00e9clairage, situ\u00e9 dans le district d'Eichst\u00e4tt en Haute-Bavi\u00e8re, au c\u0153ur de la Bavi\u00e8re. La soci\u00e9t\u00e9 PSP Pack GmbH propose un service logistique complet, c'est-\u00e0-dire que la gestion compl\u00e8te de l'entrep\u00f4t (stockage, transfert, d\u00e9stockage, transport, etc.) peut \u00eatre repr\u00e9sent\u00e9e. Afin d'offrir \u00e0 ses gros clients JIT [...]<\/p>","protected":false},"author":1,"featured_media":11460,"parent":8787,"menu_order":0,"comment_status":"closed","ping_status":"closed","template":"","meta":{"_seopress_robots_primary_cat":"","_seopress_titles_title":"PSP Pack GmbH: Moderne Logistikl\u00f6sungen in Bayern","_seopress_titles_desc":"Erleben Sie effiziente Logistik mit unserer FEFO-Kommissionierung, RFID-Technologie und mehr. Perfekt f\u00fcr Automobil- und Beleuchtungsindustrie!","_seopress_robots_index":"","footnotes":""},"categories":[52],"tags":[],"class_list":["post-5616","page","type-page","status-publish","has-post-thumbnail","hentry","category-referenzen"],"_links":{"self":[{"href":"https:\/\/navision-beratung.de\/fr\/wp-json\/wp\/v2\/pages\/5616","targetHints":{"allow":["GET"]}}],"collection":[{"href":"https:\/\/navision-beratung.de\/fr\/wp-json\/wp\/v2\/pages"}],"about":[{"href":"https:\/\/navision-beratung.de\/fr\/wp-json\/wp\/v2\/types\/page"}],"author":[{"embeddable":true,"href":"https:\/\/navision-beratung.de\/fr\/wp-json\/wp\/v2\/users\/1"}],"replies":[{"embeddable":true,"href":"https:\/\/navision-beratung.de\/fr\/wp-json\/wp\/v2\/comments?post=5616"}],"version-history":[{"count":0,"href":"https:\/\/navision-beratung.de\/fr\/wp-json\/wp\/v2\/pages\/5616\/revisions"}],"up":[{"embeddable":true,"href":"https:\/\/navision-beratung.de\/fr\/wp-json\/wp\/v2\/pages\/8787"}],"wp:featuredmedia":[{"embeddable":true,"href":"https:\/\/navision-beratung.de\/fr\/wp-json\/wp\/v2\/media\/11460"}],"wp:attachment":[{"href":"https:\/\/navision-beratung.de\/fr\/wp-json\/wp\/v2\/media?parent=5616"}],"wp:term":[{"taxonomy":"category","embeddable":true,"href":"https:\/\/navision-beratung.de\/fr\/wp-json\/wp\/v2\/categories?post=5616"},{"taxonomy":"post_tag","embeddable":true,"href":"https:\/\/navision-beratung.de\/fr\/wp-json\/wp\/v2\/tags?post=5616"}],"curies":[{"name":"wp","href":"https:\/\/api.w.org\/{rel}","templated":true}]}}