{"id":5551,"date":"2020-01-26T12:39:32","date_gmt":"2020-01-26T12:39:32","guid":{"rendered":"https:\/\/navision-beratung.de\/?page_id=5551"},"modified":"2025-05-26T10:14:28","modified_gmt":"2025-05-26T08:14:28","slug":"referenzprojekt-ebanf","status":"publish","type":"page","link":"https:\/\/navision-beratung.de\/fr\/referenzen\/referenzprojekt-ebanf\/","title":{"rendered":"Projet de r\u00e9f\u00e9rence : eBANF"},"content":{"rendered":"<div id=\"main-content\" class=\"wiki-content\">\n<p>Dans notre newsletter d'avril, nous avons d\u00e9j\u00e0 parl\u00e9 en d\u00e9tail de la proc\u00e9dure d'autorisation dans le processus d'achat. Notre <strong>Solution eBANF pour Dynamics NAV\/Business Central<\/strong>La BANF, qui est une extension de la norme NAV\/BC, peut acc\u00e9l\u00e9rer votre processus d'approvisionnement gr\u00e2ce \u00e0 la saisie v\u00e9rifi\u00e9e des donn\u00e9es. Gr\u00e2ce \u00e0 des workflows d\u00e9finis, une BANF passe par une ou plusieurs \u00e9tapes d'approbation avant de pouvoir \u00eatre trait\u00e9e dans une commande.<\/p>\n<p>Quand une proc\u00e9dure BANF est-elle int\u00e9ressante ? En r\u00e8gle g\u00e9n\u00e9rale, les mat\u00e9riaux productifs ne sont pas soumis \u00e0 une proc\u00e9dure BANF. En revanche, les biens de consommation (p. ex. les fournitures de bureau) sont souvent soumis \u00e0 un processus d'approbation, une proc\u00e9dure BANF est \u00e9galement utilis\u00e9e dans la recherche et le d\u00e9veloppement et plus rarement dans la maintenance (p. ex. les pi\u00e8ces de rechange).<\/p>\n<p>Aujourd'hui, nous souhaitons vous pr\u00e9senter notre solution eBANF pour Dynamics NAV \/ Business Central \u00e0 travers l'exemple d'une grande entreprise. <strong>Groupe d'entreprises du secteur de la production<\/strong> qui utilise notre solution avec succ\u00e8s.<\/p>\n<p>La commande de produits informatiques de diff\u00e9rents types est un exemple d'application. Le client a choisi la proc\u00e9dure <strong>\"D\u00e9termination des points de validation selon un groupe de validation avec limite de valeur\".<\/strong> en cours d'utilisation. Qu'est-ce que cela signifie ?<br \/>La valeur du produit \u00e0 autoriser d\u00e9termine la proc\u00e9dure. Concr\u00e8tement, cela peut prendre la forme suivante :<\/p>\n<p>Jusqu'\u00e0 une valeur de marchandises de 10.000 euros, c'est la direction des achats qui valide, \u00e0 partir d'une valeur de marchandises de plus de 10.000 euros, c'est le service des achats et en plus la direction qui valide. La validation se fait donc ici en s\u00e9rie, deux \u00e9tapes de validation sont d\u00e9sormais n\u00e9cessaires \u00e0 partir d'une valeur de marchandises de 10.000 euros et plus.<\/p>\n<p>Le grand avantage de la proc\u00e9dure de validation d\u00e9crite ci-dessus est que les \u00e9tapes de validation et leurs approbateurs peuvent \u00eatre d\u00e9termin\u00e9s de mani\u00e8re dynamique. La gestion de la strat\u00e9gie de validation est volontairement tr\u00e8s simple.<\/p>\n<p>A cela s'oppose d'ailleurs l'autre strat\u00e9gie, dans laquelle les approbateurs sont d\u00e9termin\u00e9s en fonction des points de validation.<\/p>\n<p>La strat\u00e9gie d\u00e9termine donc le nombre et les \u00e9tapes de la proc\u00e9dure de validation qui seront appliqu\u00e9es. Le nombre de strat\u00e9gies que vous d\u00e9finissez pour votre entreprise d\u00e9pend de certains facteurs, par exemple<\/p>\n<ul>\n<li>Taille de l'entreprise<\/li>\n<li>Nombre de d\u00e9partements<\/li>\n<li>Achats centralis\u00e9s\/d\u00e9centralis\u00e9s<\/li>\n<\/ul>\n<p>Que se passe-t-il si un approbateur n'est pas disponible lors de la proc\u00e9dure de validation ? Pour cela, il existe un suppl\u00e9ant pour l'approbateur en question, que vous pouvez d\u00e9signer dans votre entreprise. Gr\u00e2ce \u00e0 la fonction \"D\u00e9l\u00e9guer\" dans Dynamics NAV, vous pouvez transf\u00e9rer l'approbation \u00e0 votre suppl\u00e9ant.<\/p>\n<p>Voici encore une fois les principaux avantages de notre solution eBANF pour NAV\/BC :<\/p>\n<ul>\n<li>Acc\u00e9l\u00e9ration du processus d'achat gr\u00e2ce \u00e0 la saisie v\u00e9rifi\u00e9e des donn\u00e9es et \u00e0 la suppression des \u00e9tapes manuelles<\/li>\n<li>D\u00e9termination automatique de l'agent suivant<\/li>\n<li>D\u00e9roulement sans papier de la proc\u00e9dure d'autorisation<\/li>\n<li>Notification automatique des \u00e9tapes de validation \u00e0 effectuer<\/li>\n<li>Uniformisation des processus organisationnels de l'expression des besoins<\/li>\n<li>Transparence et tra\u00e7abilit\u00e9 de la proc\u00e9dure d'autorisation \u00e0 tout moment<\/li>\n<li>Garantie du respect des voies d'autorisation<\/li>\n<li>Le processus de validation est soumis \u00e0 un contr\u00f4le permanent gr\u00e2ce \u00e0 la surveillance des d\u00e9lais des workflows \u00e0 tous les niveaux<\/li>\n<\/ul>\n<p>Avons-nous \u00e9veill\u00e9 votre int\u00e9r\u00eat et souhaitez-vous en savoir plus sur notre solution eBANF pour Dynamics NAV\/Business Central ? N'h\u00e9sitez pas \u00e0 nous contacter !<\/p>\n<\/div>\n\n\n<p><\/p>","protected":false},"excerpt":{"rendered":"<p>Dans notre lettre d'information d'avril, nous avons d\u00e9j\u00e0 parl\u00e9 en d\u00e9tail de la proc\u00e9dure d'approbation dans le processus d'achat. Notre solution eBANF pour Dynamics NAV\/Business Central, qui est une extension du standard NAV\/BC, peut acc\u00e9l\u00e9rer votre processus d'approvisionnement gr\u00e2ce \u00e0 une saisie de donn\u00e9es v\u00e9rifi\u00e9e. Gr\u00e2ce \u00e0 des flux de travail d\u00e9finis, une BANF passe par une ou plusieurs \u00e9tapes d'approbation avant de pouvoir \u00eatre trait\u00e9e en une commande. Quand une proc\u00e9dure BANF est-elle int\u00e9ressante ? [...]<\/p>","protected":false},"author":1,"featured_media":11476,"parent":8787,"menu_order":0,"comment_status":"closed","ping_status":"closed","template":"","meta":{"_seopress_robots_primary_cat":"","_seopress_titles_title":"Effiziente eBANF-L\u00f6sung f\u00fcr Dynamics NAV\/BC entdecken","_seopress_titles_desc":"Beschleunigen Sie Ihren Beschaffungsprozess in Dynamics NAV\/Business Central mit eBANF. Effiziente Genehmigungen und Transparenz garantiert!","_seopress_robots_index":"","footnotes":""},"categories":[52],"tags":[],"class_list":["post-5551","page","type-page","status-publish","has-post-thumbnail","hentry","category-referenzen"],"_links":{"self":[{"href":"https:\/\/navision-beratung.de\/fr\/wp-json\/wp\/v2\/pages\/5551","targetHints":{"allow":["GET"]}}],"collection":[{"href":"https:\/\/navision-beratung.de\/fr\/wp-json\/wp\/v2\/pages"}],"about":[{"href":"https:\/\/navision-beratung.de\/fr\/wp-json\/wp\/v2\/types\/page"}],"author":[{"embeddable":true,"href":"https:\/\/navision-beratung.de\/fr\/wp-json\/wp\/v2\/users\/1"}],"replies":[{"embeddable":true,"href":"https:\/\/navision-beratung.de\/fr\/wp-json\/wp\/v2\/comments?post=5551"}],"version-history":[{"count":0,"href":"https:\/\/navision-beratung.de\/fr\/wp-json\/wp\/v2\/pages\/5551\/revisions"}],"up":[{"embeddable":true,"href":"https:\/\/navision-beratung.de\/fr\/wp-json\/wp\/v2\/pages\/8787"}],"wp:featuredmedia":[{"embeddable":true,"href":"https:\/\/navision-beratung.de\/fr\/wp-json\/wp\/v2\/media\/11476"}],"wp:attachment":[{"href":"https:\/\/navision-beratung.de\/fr\/wp-json\/wp\/v2\/media?parent=5551"}],"wp:term":[{"taxonomy":"category","embeddable":true,"href":"https:\/\/navision-beratung.de\/fr\/wp-json\/wp\/v2\/categories?post=5551"},{"taxonomy":"post_tag","embeddable":true,"href":"https:\/\/navision-beratung.de\/fr\/wp-json\/wp\/v2\/tags?post=5551"}],"curies":[{"name":"wp","href":"https:\/\/api.w.org\/{rel}","templated":true}]}}