{"id":54,"date":"2024-04-24T09:33:49","date_gmt":"2024-04-24T09:33:49","guid":{"rendered":"http:\/\/navisionberatung.apps-1and1.net\/?page_id=54"},"modified":"2025-07-21T15:07:52","modified_gmt":"2025-07-21T13:07:52","slug":"produktsupport","status":"publish","type":"page","link":"https:\/\/navision-beratung.de\/fr\/produktsupport\/","title":{"rendered":"Intervalles de maintenance Microsoft par version de produit"},"content":{"rendered":"<div data-elementor-type=\"wp-page\" data-elementor-id=\"54\" class=\"elementor elementor-54\" data-elementor-post-type=\"page\">\n\t\t\t\t<div class=\"elementor-element elementor-element-7af935c e-flex e-con-boxed e-con e-parent\" data-id=\"7af935c\" data-element_type=\"container\" data-settings=\"{&quot;background_background&quot;:&quot;gradient&quot;}\">\n\t\t\t\t\t<div class=\"e-con-inner\">\n\t\t<div class=\"elementor-element elementor-element-9a04680 e-con-full e-flex e-con e-child\" data-id=\"9a04680\" data-element_type=\"container\" data-settings=\"{&quot;background_background&quot;:&quot;slideshow&quot;,&quot;background_slideshow_gallery&quot;:[{&quot;id&quot;:11539,&quot;url&quot;:&quot;https:\\\/\\\/navision-beratung.de\\\/wp-content\\\/uploads\\\/2025\\\/05\\\/br-AG-Stock-III-300.jpg&quot;},{&quot;id&quot;:11549,&quot;url&quot;:&quot;https:\\\/\\\/navision-beratung.de\\\/wp-content\\\/uploads\\\/2025\\\/05\\\/br-AG-Stock-III-310.jpg&quot;}],&quot;background_slideshow_slide_duration&quot;:8000,&quot;background_slideshow_transition_duration&quot;:1500,&quot;background_slideshow_ken_burns&quot;:&quot;yes&quot;,&quot;background_slideshow_loop&quot;:&quot;yes&quot;,&quot;background_slideshow_slide_transition&quot;:&quot;fade&quot;,&quot;background_slideshow_ken_burns_zoom_direction&quot;:&quot;in&quot;}\">\n\t\t\t\t<\/div>\n\t\t<div class=\"elementor-element elementor-element-5c90957 e-con-full e-flex e-con e-child\" data-id=\"5c90957\" data-element_type=\"container\">\n\t\t\t\t<div class=\"elementor-element elementor-element-c496c20 elementor-widget__width-initial elementor-widget elementor-widget-heading\" data-id=\"c496c20\" data-element_type=\"widget\" data-widget_type=\"heading.default\">\n\t\t\t\t\t<h2 class=\"elementor-heading-title elementor-size-default\">Intervalles de maintenance par version de produit<\/h2>\t\t\t\t<\/div>\n\t\t\t\t<\/div>\n\t\t\t\t\t<\/div>\n\t\t\t\t<\/div>\n\t\t<div class=\"elementor-element elementor-element-74bdcc1 e-flex e-con-boxed e-con e-parent\" data-id=\"74bdcc1\" data-element_type=\"container\" data-settings=\"{&quot;background_background&quot;:&quot;classic&quot;}\">\n\t\t\t\t\t<div class=\"e-con-inner\">\n\t\t\t\t<div class=\"elementor-element elementor-element-b6dfe6f elementor-widget__width-initial elementor-widget elementor-widget-heading\" data-id=\"b6dfe6f\" data-element_type=\"widget\" data-widget_type=\"heading.default\">\n\t\t\t\t\t<h2 class=\"elementor-heading-title elementor-size-default\">Cycle de vie de Dynamics NAV et BC\nMicrosoft <\/h2>\t\t\t\t<\/div>\n\t\t\t\t<div class=\"elementor-element elementor-element-278efac elementor-widget elementor-widget-text-editor\" data-id=\"278efac\" data-element_type=\"widget\" data-widget_type=\"text-editor.default\">\n\t\t\t\t\t\t\t\t\t<p>Microsoft Dynamics 365 Business Central suit - selon le mode de d\u00e9ploiement - soit la politique Modern Lifecycle (pour les versions Cloud et On-Prem actuelles), soit la politique Fixed Lifecycle (pour les anciennes versions On-Prem et NAV).<\/p>\n<p>Cela signifie que quiconque planifie, migre ou d\u00e9marre aujourd'hui doit conna\u00eetre pr\u00e9cis\u00e9ment les p\u00e9riodes de support de sa version. Vous trouverez ci-dessous un aper\u00e7u de toutes les versions actuelles de Business Central ainsi que les dur\u00e9es de support pour Dynamics NAV. Vous pouvez ainsi voir d'un coup d'\u0153il quelle version re\u00e7oit des mises \u00e0 jour et des correctifs de s\u00e9curit\u00e9 jusqu'\u00e0 quand - et quand un changement est \u00e0 pr\u00e9voir au plus tard.<\/p>\t\t\t\t\t\t\t\t<\/div>\n\t\t\t\t\t<\/div>\n\t\t\t\t<\/div>\n\t\t<div class=\"elementor-element elementor-element-4bfd2e5 e-flex e-con-boxed e-con e-parent\" data-id=\"4bfd2e5\" data-element_type=\"container\">\n\t\t\t\t\t<div class=\"e-con-inner\">\n\t\t<div class=\"elementor-element elementor-element-586fefe e-con-full e-flex e-con e-child\" data-id=\"586fefe\" data-element_type=\"container\">\n\t\t\t\t<div class=\"elementor-element elementor-element-58f6405 elementor-widget elementor-widget-image\" data-id=\"58f6405\" data-element_type=\"widget\" data-widget_type=\"image.default\">\n\t\t\t\t\t\t\t\t\t\t\t\t\t\t\t<img alt=\"\" fetchpriority=\"high\" decoding=\"async\" width=\"769\" height=\"525\" src=\"https:\/\/navision-beratung.de\/wp-content\/uploads\/2024\/04\/lifecycle-.png\" class=\"attachment-large size-large wp-image-7899\" srcset=\"https:\/\/navision-beratung.de\/wp-content\/uploads\/2024\/04\/lifecycle-.png 769w, https:\/\/navision-beratung.de\/wp-content\/uploads\/2024\/04\/lifecycle--300x205.png 300w\" sizes=\"(max-width: 769px) 100vw, 769px\" \/>\t\t\t\t\t\t\t\t\t\t\t\t\t\t\t<\/div>\n\t\t\t\t<\/div>\n\t\t<div class=\"elementor-element elementor-element-6a0d38c e-con-full e-flex e-con e-child\" data-id=\"6a0d38c\" data-element_type=\"container\">\n\t\t\t\t<div class=\"elementor-element elementor-element-108aaaa elementor-widget elementor-widget-heading\" data-id=\"108aaaa\" data-element_type=\"widget\" data-widget_type=\"heading.default\">\n\t\t\t\t\t<h3 class=\"elementor-heading-title elementor-size-default\">Politique de cycle de vie moderne<\/h3>\t\t\t\t<\/div>\n\t\t\t\t<div class=\"elementor-element elementor-element-e010e7f elementor-widget elementor-widget-text-editor\" data-id=\"e010e7f\" data-element_type=\"widget\" data-widget_type=\"text-editor.default\">\n\t\t\t\t\t\t\t\t\t<p>Microsoft publie tous les six mois une nouvelle version de Dynamics 365 Business Central. Chaque version est soutenue pendant 18 mois au total - dont 6 mois avec de nouvelles fonctions et ensuite 6 mois avec des corrections de s\u00e9curit\u00e9 et d'erreurs. Les personnes qui effectuent des mises \u00e0 jour r\u00e9guli\u00e8res restent durablement dans le support et profitent de toutes les am\u00e9liorations.<\/p>\n<p>Visitez la <a href=\"https:\/\/learn.microsoft.com\/de-de\/lifecycle\/products\/dynamics-365-business-central-onpremises-modern-policy\" target=\"_blank\" rel=\"noopener\">Page du cycle de vie<\/a>pour trouver des informations d\u00e9taill\u00e9es sur les diff\u00e9rents produits Microsoft.<\/p>\t\t\t\t\t\t\t\t<\/div>\n\t\t\t\t<\/div>\n\t\t\t\t\t<\/div>\n\t\t\t\t<\/div>\n\t\t<div class=\"elementor-element elementor-element-a5ef703 e-flex e-con-boxed e-con e-parent\" data-id=\"a5ef703\" data-element_type=\"container\">\n\t\t\t\t\t<div class=\"e-con-inner\">\n\t\t<div class=\"elementor-element elementor-element-1629080 e-con-full e-flex e-con e-child\" data-id=\"1629080\" data-element_type=\"container\">\n\t\t\t\t<div class=\"elementor-element elementor-element-c575676 elementor-widget elementor-widget-heading\" data-id=\"c575676\" data-element_type=\"widget\" data-widget_type=\"heading.default\">\n\t\t\t\t\t<h3 class=\"elementor-heading-title elementor-size-default\">P\u00e9riodes d'assistance - Modern Policy<\/h3>\t\t\t\t<\/div>\n\t\t\t\t<div class=\"elementor-element elementor-element-588c5b9 elementor-widget elementor-widget-text-editor\" data-id=\"588c5b9\" data-element_type=\"widget\" data-widget_type=\"text-editor.default\">\n\t\t\t\t\t\t\t\t\t<p>Microsoft publie Dynamics 365 Business Central \u00e0 un rythme semestriel. Chaque version est enti\u00e8rement prise en charge pendant 18 mois - avec de nouvelles fonctions, des mises \u00e0 jour de s\u00e9curit\u00e9 et des adaptations r\u00e9glementaires. L'aper\u00e7u suivant montre les dates officielles de d\u00e9but et de fin de chaque version selon la Modern Lifecycle Policy.<\/p>\t\t\t\t\t\t\t\t<\/div>\n\t\t\t\t<\/div>\n\t\t<div class=\"elementor-element elementor-element-7936067 e-con-full e-flex e-con e-child\" data-id=\"7936067\" data-element_type=\"container\">\n\t\t\t\t<div class=\"elementor-element elementor-element-025ae13 elementor-widget elementor-widget-image\" data-id=\"025ae13\" data-element_type=\"widget\" data-widget_type=\"image.default\">\n\t\t\t\t\t\t\t\t\t\t\t\t\t\t\t<img alt=\"\" decoding=\"async\" width=\"800\" height=\"800\" src=\"https:\/\/navision-beratung.de\/wp-content\/uploads\/2025\/05\/br-AG-Stock-III-square-230-1024x1024.jpg\" class=\"attachment-large size-large wp-image-11117\" srcset=\"https:\/\/navision-beratung.de\/wp-content\/uploads\/2025\/05\/br-AG-Stock-III-square-230-1024x1024.jpg 1024w, https:\/\/navision-beratung.de\/wp-content\/uploads\/2025\/05\/br-AG-Stock-III-square-230-300x300.jpg 300w, https:\/\/navision-beratung.de\/wp-content\/uploads\/2025\/05\/br-AG-Stock-III-square-230-150x150.jpg 150w, https:\/\/navision-beratung.de\/wp-content\/uploads\/2025\/05\/br-AG-Stock-III-square-230-768x768.jpg 768w, https:\/\/navision-beratung.de\/wp-content\/uploads\/2025\/05\/br-AG-Stock-III-square-230.jpg 1500w\" sizes=\"(max-width: 800px) 100vw, 800px\" \/>\t\t\t\t\t\t\t\t\t\t\t\t\t\t\t<\/div>\n\t\t\t\t<\/div>\n\t\t\t\t\t<\/div>\n\t\t\t\t<\/div>\n\t\t<div class=\"elementor-element elementor-element-c91f8af e-flex e-con-boxed e-con e-parent\" data-id=\"c91f8af\" data-element_type=\"container\">\n\t\t\t\t\t<div class=\"e-con-inner\">\n\t\t\t\t<div class=\"elementor-element elementor-element-d9c52ff elementor-widget elementor-widget-text-editor\" data-id=\"d9c52ff\" data-element_type=\"widget\" data-widget_type=\"text-editor.default\">\n\t\t\t\t\t\t\t\t\t<table class=\"table\" aria-label=\"Communiqu\u00e9s\">\n<thead>\n<tr>\n<th>Version<\/th>\n<th align=\"right\">Date de d\u00e9but<\/th>\n<th align=\"right\">Date de fin<\/th>\n<\/tr>\n<\/thead>\n<tbody>\n<tr>\n<td>2025 release wave 1, version 26.x<\/td>\n<td align=\"right\">1er avril 2025<\/td>\n<td align=\"right\">13 oct. 2026<\/td>\n<\/tr>\n<tr>\n<td>2024 release wave 2, version 25.x<\/td>\n<td align=\"right\">1er oct. 2024<\/td>\n<td align=\"right\">4 avr. 2026<\/td>\n<\/tr>\n<tr>\n<td>2024 release wave 1, version 24.x<\/td>\n<td align=\"right\">2 avr. 2024<\/td>\n<td align=\"right\">7 oct. 2025<\/td>\n<\/tr>\n<tr>\n<td>2023 release wave 2, version 23.x<\/td>\n<td align=\"right\">2 oct. 2023<\/td>\n<td align=\"right\">2 avr. 2025<\/td>\n<\/tr>\n<tr>\n<td>2023 release wave 1, version 22.x<\/td>\n<td align=\"right\">3 avr. 2023<\/td>\n<td align=\"right\">8 oct. 2024<\/td>\n<\/tr>\n<tr>\n<td>2022 release wave 2, version 21.x<\/td>\n<td align=\"right\">3 oct. 2022<\/td>\n<td align=\"right\">14 avr. 2024<\/td>\n<\/tr>\n<tr>\n<td>2022 release wave 1, version 20.x<\/td>\n<td align=\"right\">1er avril 2022<\/td>\n<td align=\"right\">10 oct. 2023<\/td>\n<\/tr>\n<\/tbody>\n<\/table>\t\t\t\t\t\t\t\t<\/div>\n\t\t\t\t\t<\/div>\n\t\t\t\t<\/div>\n\t\t<div class=\"elementor-element elementor-element-00cb9fa e-flex e-con-boxed e-con e-parent\" data-id=\"00cb9fa\" data-element_type=\"container\">\n\t\t\t\t\t<div class=\"e-con-inner\">\n\t\t<div class=\"elementor-element elementor-element-e9d0231 e-con-full e-flex e-con e-child\" data-id=\"e9d0231\" data-element_type=\"container\">\n\t\t\t\t<div class=\"elementor-element elementor-element-afe66c8 elementor-widget elementor-widget-image\" data-id=\"afe66c8\" data-element_type=\"widget\" data-widget_type=\"image.default\">\n\t\t\t\t\t\t\t\t\t\t\t\t\t\t\t<img decoding=\"async\" width=\"800\" height=\"800\" src=\"https:\/\/navision-beratung.de\/wp-content\/uploads\/2025\/07\/lifecycle-1024x1024.png\" class=\"attachment-large size-large wp-image-14500\" alt=\"lifecycle\" srcset=\"https:\/\/navision-beratung.de\/wp-content\/uploads\/2025\/07\/lifecycle-1024x1024.png 1024w, https:\/\/navision-beratung.de\/wp-content\/uploads\/2025\/07\/lifecycle-300x300.png 300w, https:\/\/navision-beratung.de\/wp-content\/uploads\/2025\/07\/lifecycle-150x150.png 150w, https:\/\/navision-beratung.de\/wp-content\/uploads\/2025\/07\/lifecycle-768x768.png 768w, https:\/\/navision-beratung.de\/wp-content\/uploads\/2025\/07\/lifecycle.png 1500w\" sizes=\"(max-width: 800px) 100vw, 800px\" \/>\t\t\t\t\t\t\t\t\t\t\t\t\t\t\t<\/div>\n\t\t\t\t<\/div>\n\t\t<div class=\"elementor-element elementor-element-df22f33 e-con-full e-flex e-con e-child\" data-id=\"df22f33\" data-element_type=\"container\">\n\t\t\t\t<div class=\"elementor-element elementor-element-8f18000 elementor-widget elementor-widget-heading\" data-id=\"8f18000\" data-element_type=\"widget\" data-widget_type=\"heading.default\">\n\t\t\t\t\t<h3 class=\"elementor-heading-title elementor-size-default\">Politique de cycle de vie fixe<\/h3>\t\t\t\t<\/div>\n\t\t\t\t<div class=\"elementor-element elementor-element-b9f077c elementor-widget elementor-widget-text-editor\" data-id=\"b9f077c\" data-element_type=\"widget\" data-widget_type=\"text-editor.default\">\n\t\t\t\t\t\t\t\t\t<p>Les versions d'octobre 18 et d'avril 19 de Dynamics 365 Business Central (On-Premises) sont encore soumises \u00e0 ce que l'on appelle la Fixed Lifecycle Policy.<\/p>\n<p>Contrairement \u00e0 la directive moderne, des p\u00e9riodes de support bien d\u00e9finies s'appliquent ici. Microsoft offre pour ces versions cinq ans de Mainstream Support avec des mises \u00e0 jour et de nouvelles fonctions, puis cinq ans de Extended Support avec des mises \u00e0 jour de s\u00e9curit\u00e9. Les entreprises qui utilisent encore ces versions devraient pr\u00e9voir une mise \u00e0 niveau afin de continuer \u00e0 b\u00e9n\u00e9ficier des \u00e9volutions et d'un support complet.<\/p>\t\t\t\t\t\t\t\t<\/div>\n\t\t\t\t<\/div>\n\t\t\t\t\t<\/div>\n\t\t\t\t<\/div>\n\t\t<div class=\"elementor-element elementor-element-ff41bc9 e-flex e-con-boxed e-con e-parent\" data-id=\"ff41bc9\" data-element_type=\"container\" data-settings=\"{&quot;background_background&quot;:&quot;classic&quot;}\">\n\t\t\t\t\t<div class=\"e-con-inner\">\n\t\t\t\t<div class=\"elementor-element elementor-element-4a3e2f9e elementor-widget elementor-widget-text-editor\" data-id=\"4a3e2f9e\" data-element_type=\"widget\" data-widget_type=\"text-editor.default\">\n\t\t\t\t\t\t\t\t\t\n<figure class=\"wp-block-table is-style-stripes\">\n<table>\n<thead>\n<tr>\n<th>Produits disponibles<\/th>\n<th>Date de d\u00e9but du cycle de vie<\/th>\n<th>Date de fin de l'assistance de base<\/th>\n<th>Date de fin de l'assistance \u00e9tendue<\/th>\n<\/tr>\n<\/thead>\n<tbody>\n<tr>\n<td>Dynamics 365 Business Central sur site<br \/>Version14.x (mise \u00e0 jour avril '19)<\/td>\n<td>\u00a0<\/td>\n<td>10.10.2023<\/td>\n<td>\u00a0<\/td>\n<\/tr>\n<tr>\n<td>Dynamics 365 Business Central (sur site)<br \/>Version 13.x (October'18 Update)<\/td>\n<td>\u00a0<\/td>\n<td>Pour b\u00e9n\u00e9ficier d'une assistance g\u00e9n\u00e9rale apr\u00e8s le 14 avril 2020, les clients doivent passer \u00e0 la version d'avril 2019 ou \u00e0 une mise \u00e0 jour ult\u00e9rieure pour la version d'avril 2019.<\/td>\n<td>\u00a0<\/td>\n<\/tr>\n<tr>\n<td>Microsoft Dynamics NAV 2018<\/td>\n<td>01.12.2017<\/td>\n<td>10.01.2023<\/td>\n<td>11.01.2028<\/td>\n<\/tr>\n<tr>\n<td>Microsoft Dynamics NAV 2017<\/td>\n<td>27.10.2016<\/td>\n<td>11.01.2022<\/td>\n<td>11.01.2027<\/td>\n<\/tr>\n<tr>\n<td>Microsoft Dynamics NAV 2016<\/td>\n<td>03.01.2016<\/td>\n<td>13.04.2021<\/td>\n<td>14.04.2026<\/td>\n<\/tr>\n<tr>\n<td>Microsoft Dynamics NAV 2015<\/td>\n<td>17.12.2014<\/td>\n<td>20.01.2020<\/td>\n<td>14.01.2025<\/td>\n<\/tr>\n<\/tbody>\n<\/table>\n<\/figure>\n\n\n\n<p>Vous trouverez la source et d'autres indications <a href=\"https:\/\/docs.microsoft.com\/en-us\/dynamics365\/business-central\/dev-itpro\/terms\/lifecycle-policy-on-premises\" target=\"_blank\" rel=\"noopener\">ici<\/a>.<\/p>\n\t\t\t\t\t\t\t\t<\/div>\n\t\t\t\t\t<\/div>\n\t\t\t\t<\/div>\n\t\t<div class=\"elementor-element elementor-element-902ab8e e-con-full e-flex e-con e-parent\" data-id=\"902ab8e\" data-element_type=\"container\">\n\t\t\t\t<div class=\"elementor-element elementor-element-4d28439 elementor-widget elementor-widget-template\" data-id=\"4d28439\" data-element_type=\"widget\" data-widget_type=\"template.default\">\n\t\t\t\t<div class=\"elementor-widget-container\">\n\t\t\t\t\t\t\t<div class=\"elementor-template\">\n\t\t\t\t\t<div data-elementor-type=\"container\" data-elementor-id=\"10222\" class=\"elementor elementor-10222\" data-elementor-post-type=\"elementor_library\">\n\t\t\t\t<div class=\"elementor-element elementor-element-2856d5c2 e-flex e-con-boxed e-con e-parent\" data-id=\"2856d5c2\" data-element_type=\"container\" data-settings=\"{&quot;background_background&quot;:&quot;gradient&quot;}\">\n\t\t\t\t\t<div class=\"e-con-inner\">\n\t\t<div class=\"elementor-element elementor-element-22a1c1c3 e-con-full e-flex e-con e-child\" data-id=\"22a1c1c3\" data-element_type=\"container\">\n\t\t\t\t<div class=\"elementor-element elementor-element-1b1be51 elementor-absolute elementor-widget elementor-widget-image\" data-id=\"1b1be51\" data-element_type=\"widget\" data-settings=\"{&quot;_position&quot;:&quot;absolute&quot;}\" data-widget_type=\"image.default\">\n\t\t\t\t\t\t\t\t\t\t\t\t\t\t\t<img alt=\"\" loading=\"lazy\" decoding=\"async\" width=\"758\" height=\"837\" src=\"https:\/\/navision-beratung.de\/wp-content\/uploads\/2025\/04\/brAG_Play-Icon_neg_RGB.svg\" class=\"attachment-large size-large wp-image-9175\" \/>\t\t\t\t\t\t\t\t\t\t\t\t\t\t\t<\/div>\n\t\t\t\t<div class=\"elementor-element elementor-element-22ced99b elementor-widget elementor-widget-image\" data-id=\"22ced99b\" data-element_type=\"widget\" data-widget_type=\"image.default\">\n\t\t\t\t\t\t\t\t\t\t\t\t\t\t\t<img loading=\"lazy\" decoding=\"async\" width=\"800\" height=\"642\" src=\"https:\/\/navision-beratung.de\/wp-content\/uploads\/2025\/07\/bc-beratung-1024x822.png\" class=\"attachment-large size-large wp-image-13048\" alt=\"bc beratung\" srcset=\"https:\/\/navision-beratung.de\/wp-content\/uploads\/2025\/07\/bc-beratung-1024x822.png 1024w, https:\/\/navision-beratung.de\/wp-content\/uploads\/2025\/07\/bc-beratung-300x241.png 300w, https:\/\/navision-beratung.de\/wp-content\/uploads\/2025\/07\/bc-beratung-768x617.png 768w, https:\/\/navision-beratung.de\/wp-content\/uploads\/2025\/07\/bc-beratung-1536x1233.png 1536w, https:\/\/navision-beratung.de\/wp-content\/uploads\/2025\/07\/bc-beratung.png 2000w\" sizes=\"(max-width: 800px) 100vw, 800px\" \/>\t\t\t\t\t\t\t\t\t\t\t\t\t\t\t<\/div>\n\t\t\t\t<\/div>\n\t\t<div class=\"elementor-element elementor-element-1e68351e e-con-full e-flex e-con e-child\" data-id=\"1e68351e\" data-element_type=\"container\">\n\t\t\t\t<div class=\"elementor-element elementor-element-35b8e3c6 elementor-widget elementor-widget-heading\" data-id=\"35b8e3c6\" data-element_type=\"widget\" data-widget_type=\"heading.default\">\n\t\t\t\t\t<h3 class=\"elementor-heading-title elementor-size-default\">Int\u00e9r\u00eat pour <br>Dynamics 365 Business Central ?<\/h3>\t\t\t\t<\/div>\n\t\t\t\t<div class=\"elementor-element elementor-element-42de9026 elementor-widget elementor-widget-text-editor\" data-id=\"42de9026\" data-element_type=\"widget\" data-widget_type=\"text-editor.default\">\n\t\t\t\t\t\t\t\t\t<p>Testez Dynamics 365 Business Central gratuitement pendant 30 jours - sous forme de d\u00e9mo cloud personnelle ou, si vous le souhaitez, de mani\u00e8re classique sur votre propre mat\u00e9riel.<\/p><p>Ou laissez-vous montrer les fonctions les plus importantes lors d'un bref webinaire - directement adapt\u00e9 \u00e0 vos besoins.<\/p>\t\t\t\t\t\t\t\t<\/div>\n\t\t\t\t<div class=\"elementor-element elementor-element-6e0ebe8 elementor-widget elementor-widget-button\" data-id=\"6e0ebe8\" data-element_type=\"widget\" data-widget_type=\"button.default\">\n\t\t\t\t\t\t\t\t\t\t<a class=\"elementor-button elementor-button-link elementor-size-sm\" href=\"https:\/\/navision-beratung.de\/fr\/kontakt\/\">\n\t\t\t\t\t\t<span class=\"elementor-button-content-wrapper\">\n\t\t\t\t\t\t<span class=\"elementor-button-icon\">\n\t\t\t\t<svg aria-hidden=\"true\" class=\"e-font-icon-svg e-fas-angle-right\" viewbox=\"0 0 256 512\" xmlns=\"http:\/\/www.w3.org\/2000\/svg\"><path d=\"M224.3 273l-136 136c-9.4 9.4-24.6 9.4-33.9 0l-22.6-22.6c-9.4-9.4-9.4-24.6 0-33.9l96.4-96.4-96.4-96.4c-9.4-9.4-9.4-24.6 0-33.9L54.3 103c9.4-9.4 24.6-9.4 33.9 0l136 136c9.5 9.4 9.5 24.6.1 34z\"><\/path><\/svg>\t\t\t<\/span>\n\t\t\t\t\t\t\t\t\t<span class=\"elementor-button-text\">Demander maintenant<\/span>\n\t\t\t\t\t<\/span>\n\t\t\t\t\t<\/a>\n\t\t\t\t\t\t\t\t<\/div>\n\t\t\t\t<\/div>\n\t\t\t\t\t<\/div>\n\t\t\t\t<\/div>\n\t\t\t\t<\/div>\n\t\t\t\t<\/div>\n\t\t\t\t\t\t<\/div>\n\t\t\t\t<\/div>\n\t\t\t\t<\/div>\n\t\t<div class=\"elementor-element elementor-element-1d3e712 e-flex e-con-boxed e-con e-parent\" data-id=\"1d3e712\" data-element_type=\"container\" data-settings=\"{&quot;background_background&quot;:&quot;classic&quot;}\">\n\t\t\t\t\t<div class=\"e-con-inner\">\n\t\t<div class=\"elementor-element elementor-element-e3ec8be e-con-full e-flex e-con e-child\" data-id=\"e3ec8be\" data-element_type=\"container\">\n\t\t<div class=\"elementor-element elementor-element-919106d e-con-full e-flex e-con e-child\" data-id=\"919106d\" data-element_type=\"container\">\n\t\t\t\t<div class=\"elementor-element elementor-element-fa7c791 elementor-widget__width-initial elementor-widget elementor-widget-heading\" data-id=\"fa7c791\" data-element_type=\"widget\" data-widget_type=\"heading.default\">\n\t\t\t\t\t<h5 class=\"elementor-heading-title elementor-size-default\">bartolome r\u00f6der AG<\/h5>\t\t\t\t<\/div>\n\t\t\t\t<div class=\"elementor-element elementor-element-e0bb3be elementor-widget__width-initial elementor-widget elementor-widget-heading\" data-id=\"e0bb3be\" data-element_type=\"widget\" data-widget_type=\"heading.default\">\n\t\t\t\t\t<h3 class=\"elementor-heading-title elementor-size-default\">Nous gardons un \u0153il sur votre version<\/h3>\t\t\t\t<\/div>\n\t\t\t\t<div class=\"elementor-element elementor-element-28ee2bf elementor-widget elementor-widget-text-editor\" data-id=\"28ee2bf\" data-element_type=\"widget\" data-widget_type=\"text-editor.default\">\n\t\t\t\t\t\t\t\t\t<p>Nous gardons pour vous une vue d'ensemble des d\u00e9lais de support, des cycles de mise \u00e0 jour et des directives Microsoft. Ensemble, nous v\u00e9rifions quelle version vous utilisez actuellement et combien de temps elle sera encore support\u00e9e - afin d'\u00e9viter les mauvaises surprises. Sur cette base, nous vous conseillons si une mise \u00e0 niveau est n\u00e9cessaire, quel serait le meilleur moment pour le faire et quelles sont les \u00e9tapes concr\u00e8tes \u00e0 suivre.<\/p>\n<p>Qu'il s'agisse de Modern Lifecycle ou de Fixed Policy, nous veillons \u00e0 ce que votre solution soit modernis\u00e9e \u00e0 temps, reste en support et puisse \u00eatre exploit\u00e9e en toute s\u00e9curit\u00e9 \u00e0 long terme. Nous ne nous chargeons pas seulement de la mise en \u0153uvre technique, mais nous vous accompagnons \u00e9galement de mani\u00e8re strat\u00e9gique lors de la transition.<\/p>\t\t\t\t\t\t\t\t<\/div>\n\t\t\t\t<div class=\"elementor-element elementor-element-0c6d85c elementor-widget elementor-widget-button\" data-id=\"0c6d85c\" data-element_type=\"widget\" data-widget_type=\"button.default\">\n\t\t\t\t\t\t\t\t\t\t<a class=\"elementor-button elementor-button-link elementor-size-sm\" href=\"https:\/\/navision-beratung.de\/fr\/bartolome-roeder-ag\/\">\n\t\t\t\t\t\t<span class=\"elementor-button-content-wrapper\">\n\t\t\t\t\t\t<span class=\"elementor-button-icon\">\n\t\t\t\t<svg aria-hidden=\"true\" class=\"e-font-icon-svg e-fas-angle-right\" viewbox=\"0 0 256 512\" xmlns=\"http:\/\/www.w3.org\/2000\/svg\"><path d=\"M224.3 273l-136 136c-9.4 9.4-24.6 9.4-33.9 0l-22.6-22.6c-9.4-9.4-9.4-24.6 0-33.9l96.4-96.4-96.4-96.4c-9.4-9.4-9.4-24.6 0-33.9L54.3 103c9.4-9.4 24.6-9.4 33.9 0l136 136c9.5 9.4 9.5 24.6.1 34z\"><\/path><\/svg>\t\t\t<\/span>\n\t\t\t\t\t\t\t\t\t<span class=\"elementor-button-text\">En savoir plus sur nous<\/span>\n\t\t\t\t\t<\/span>\n\t\t\t\t\t<\/a>\n\t\t\t\t\t\t\t\t<\/div>\n\t\t\t\t<\/div>\n\t\t\t\t<\/div>\n\t\t\t\t\t<\/div>\n\t\t\t\t<\/div>\n\t\t\t\t<\/div>","protected":false},"excerpt":{"rendered":"<p>Wartungsintervalle nach Produktversionen Lifecycle von Dynamics NAV und BC Microsoft Microsoft Dynamics 365 Business Central folgt \u2013 je nach Bereitstellungsform \u2013 entweder der Modern Lifecycle-Richtlinie (f\u00fcr Cloud- und aktuelle On-Prem-Versionen) oder der Fixed Lifecycle Policy (f\u00fcr \u00e4ltere On-Prem-Versionen und NAV). Das bedeutet: Wer heute plant, migriert oder neu startet, sollte die Supportzeitr\u00e4ume seiner Version genau [&hellip;]<\/p>","protected":false},"author":1,"featured_media":6501,"parent":0,"menu_order":0,"comment_status":"closed","ping_status":"closed","template":"","meta":{"_seopress_robots_primary_cat":"","_seopress_titles_title":"Microsoft Dynamics 365 BC: Support und Updates im \u00dcberblick","_seopress_titles_desc":"Erfahren Sie alles \u00fcber die Lifecycle-Policies und Supportzeitr\u00e4ume von Dynamics 365 Business Central und NAV. Bleiben Sie immer gut informiert!","_seopress_robots_index":"","footnotes":""},"categories":[],"tags":[],"class_list":["post-54","page","type-page","status-publish","has-post-thumbnail","hentry"],"_links":{"self":[{"href":"https:\/\/navision-beratung.de\/fr\/wp-json\/wp\/v2\/pages\/54","targetHints":{"allow":["GET"]}}],"collection":[{"href":"https:\/\/navision-beratung.de\/fr\/wp-json\/wp\/v2\/pages"}],"about":[{"href":"https:\/\/navision-beratung.de\/fr\/wp-json\/wp\/v2\/types\/page"}],"author":[{"embeddable":true,"href":"https:\/\/navision-beratung.de\/fr\/wp-json\/wp\/v2\/users\/1"}],"replies":[{"embeddable":true,"href":"https:\/\/navision-beratung.de\/fr\/wp-json\/wp\/v2\/comments?post=54"}],"version-history":[{"count":3,"href":"https:\/\/navision-beratung.de\/fr\/wp-json\/wp\/v2\/pages\/54\/revisions"}],"predecessor-version":[{"id":14507,"href":"https:\/\/navision-beratung.de\/fr\/wp-json\/wp\/v2\/pages\/54\/revisions\/14507"}],"wp:featuredmedia":[{"embeddable":true,"href":"https:\/\/navision-beratung.de\/fr\/wp-json\/wp\/v2\/media\/6501"}],"wp:attachment":[{"href":"https:\/\/navision-beratung.de\/fr\/wp-json\/wp\/v2\/media?parent=54"}],"wp:term":[{"taxonomy":"category","embeddable":true,"href":"https:\/\/navision-beratung.de\/fr\/wp-json\/wp\/v2\/categories?post=54"},{"taxonomy":"post_tag","embeddable":true,"href":"https:\/\/navision-beratung.de\/fr\/wp-json\/wp\/v2\/tags?post=54"}],"curies":[{"name":"wp","href":"https:\/\/api.w.org\/{rel}","templated":true}]}}