{"id":5314,"date":"2019-06-24T13:57:35","date_gmt":"2019-06-24T13:57:35","guid":{"rendered":"https:\/\/navision-beratung.de\/?page_id=5314"},"modified":"2025-05-26T10:28:03","modified_gmt":"2025-05-26T08:28:03","slug":"referenzprojekt-produktionsvorgang-mit-barcode-scanner","status":"publish","type":"page","link":"https:\/\/navision-beratung.de\/fr\/referenzen\/referenzprojekt-produktionsvorgang-mit-barcode-scanner\/","title":{"rendered":"Projet de r\u00e9f\u00e9rence : processus de production avec lecteur de code-barres"},"content":{"rendered":"<p id=\"bachmaierGmbH-Referenzanonymisiert-Referenzprojekt:ProduktionsvorgangmitBarcodeScanner\u2013VollintegrierteL\u00f6sungf\u00fcrMicrosoftDynamicsNAVamBeispieleinesGeh\u00f6rschutzexperten\"><strong>Solution enti\u00e8rement int\u00e9gr\u00e9e pour Microsoft Dynamics NAV : l'exemple d'un expert en protections auditives<\/strong><\/p>\n<p>Dans le secteur de la production en particulier, une saisie rapide des donn\u00e9es et un lien avec le syst\u00e8me ERP sont indispensables. Notre client de r\u00e9f\u00e9rence actuel - un expert en protections auditives - est pass\u00e9 \u00e0 l'\u00e8re num\u00e9rique. Malgr\u00e9 une fabrication individuelle et donc un travail important dans la production, les \u00e9tapes de travail peuvent d\u00e9sormais \u00eatre consult\u00e9es \u00e0 tout moment dans le syst\u00e8me.<\/p>\n<p>Le portefeuille de produits de l'entreprise, qui emploie actuellement 55 personnes et qui est en pleine croissance, comprend non seulement des protections auditives, mais aussi des otoplastiques et des \u00e9couteurs intra-auriculaires. La fabrication sur mesure est un crit\u00e8re de qualit\u00e9.<\/p>\n<p>Avec la <strong>Introduction de Dynamics NAV<\/strong> au printemps 2019, la technologie du lecteur de code-barres a \u00e9galement \u00e9t\u00e9 introduite. Cela signifie que chaque \u00e9tape de la production est d\u00e9sormais enregistr\u00e9e et num\u00e9ris\u00e9e via le code-barres.<\/p>\n<p>Gr\u00e2ce \u00e0 la fabrication \u00e0 l'unit\u00e9 des protections auditives sur mesure, le client re\u00e7oit de tr\u00e8s nombreuses commandes qui sont produites quotidiennement. Un processus de travail s\u00e9quentiel fait partie int\u00e9grante du travail quotidien.<\/p>\n<p>\u00c0 l'aide du <strong>Concepteur ForNAV<\/strong> des codes \u00e0 barres avec le num\u00e9ro de s\u00e9rie du produit sont g\u00e9n\u00e9r\u00e9s et imprim\u00e9s sur le bon de travail. Ce bon de travail est g\u00e9n\u00e9r\u00e9 et imprim\u00e9 automatiquement apr\u00e8s r\u00e9ception \u00e9lectronique de la commande du produit concern\u00e9.<\/p>\n<p>Les employ\u00e9s scannent le code-barres, qui contient les diff\u00e9rentes \u00e9tapes de travail, apr\u00e8s chaque op\u00e9ration de production. Chaque \u00e9tape de production est ainsi document\u00e9e et les donn\u00e9es arrivent directement dans le syst\u00e8me ERP Dynamics NAV. L'entreprise peut ainsi consulter \u00e0 tout moment et en temps r\u00e9el l'\u00e9tat de la production pour chaque produit.<\/p>\n<h2 id=\"bachmaierGmbH-Referenzanonymisiert-FassenwirdiewesentlichenElementedesVorgangszusammen:\">R\u00e9sumons les \u00e9l\u00e9ments essentiels de l'op\u00e9ration :<\/h2>\n<ol>\n<li>Entr\u00e9e de commande \u00e9lectronique via une interface dans Dynamics NAV<\/li>\n<li>Contr\u00f4le des commandes<\/li>\n<li>Lancement de la commande<br \/>\n-&gt; L'ordre de production est cr\u00e9\u00e9<br \/>\n-&gt; le bon de travail est imprim\u00e9 (automatis\u00e9)<\/li>\n<li>Apr\u00e8s chaque \u00e9tape de travail, le bon de travail est scann\u00e9 par l'employ\u00e9 via le code-barres, ce qui indique que l'\u00e9tape de travail est termin\u00e9e avec succ\u00e8s.<\/li>\n<li>Aper\u00e7u de l'\u00e9tat de la commande \u00e0 tout moment<\/li>\n<\/ol>\n<p>La technologie du lecteur de codes-barres joue \u00e9galement un r\u00f4le essentiel pour l'exp\u00e9dition. En scannant le bon de sortie des marchandises, l'employ\u00e9 est inform\u00e9 si d'autres produits du m\u00eame client sont en cours de production. Lorsque tous les produits sont fabriqu\u00e9s, ils passent au processus d'emballage.<\/p>\n<h2 id=\"bachmaierGmbH-Referenzanonymisiert-DiewesentlichenVorteilederBarcode-Scanner-Technologiehiernocheinmalinder\u00dcbersicht:\">Voici un aper\u00e7u des principaux avantages de la technologie des lecteurs de codes-barres :<\/h2>\n<ul>\n<li>\u00c9viter les erreurs de saisie gr\u00e2ce \u00e0 la technologie du lecteur de codes-barres<\/li>\n<li>Possibilit\u00e9 de consulter l'\u00e9tat de la production en temps r\u00e9el \u00e0 tout moment<\/li>\n<li>L'exp\u00e9dition des marchandises n'a lieu qu'apr\u00e8s l'ach\u00e8vement de toutes les fabrications de produits correspondantes.<\/li>\n<li>Acc\u00e9l\u00e9rer vos op\u00e9rations de production<\/li>\n<li>Les \u00e9tapes de travail inutiles sont \u00e9vit\u00e9es<\/li>\n<\/ul>\n<p>Vous aussi, vous \u00eates int\u00e9ress\u00e9 par l'optimisation de vos processus de production gr\u00e2ce \u00e0 la technologie des codes \u00e0 barres ? Nous vous conseillons volontiers au +49 (89) 211 11 848 ou contactez-nous par e-mail \u00e0 l'adresse suivante <a class=\"external-link extlink\" href=\"mailto:vertrieb@br-ag.com\" target=\"_blank\" rel=\"nofollow noopener noreferrer\" data-ext-link-init=\"true\">vertrieb@br-ag.com<\/a><\/p>","protected":false},"excerpt":{"rendered":"<p>Dans le secteur de la production en particulier, une saisie rapide des donn\u00e9es et un lien avec le syst\u00e8me ERP sont indispensables. Notre client de r\u00e9f\u00e9rence actuel - un expert en protections auditives - est pass\u00e9 \u00e0 l'\u00e8re num\u00e9rique. Malgr\u00e9 la fabrication individuelle et les co\u00fbts de production \u00e9lev\u00e9s qui y sont li\u00e9s, les \u00e9tapes de travail peuvent d\u00e9sormais \u00eatre consult\u00e9es \u00e0 tout moment dans le syst\u00e8me. Le portefeuille de produits de l'entreprise, qui emploie actuellement 55 personnes et est en croissance constante, comprend non seulement des protections auditives, mais aussi des embouts auriculaires et des \u00e9couteurs intra-auriculaires. La fabrication sur mesure est un crit\u00e8re de qualit\u00e9.<\/p>","protected":false},"author":1,"featured_media":11818,"parent":8787,"menu_order":0,"comment_status":"closed","ping_status":"closed","template":"","meta":{"_seopress_robots_primary_cat":"","_seopress_titles_title":"Effiziente Produktion mit Microsoft Dynamics NAV","_seopress_titles_desc":"Nutzen Sie die Barcode-Scanner-Technologie, um Produktionsdaten effizient mit Dynamics NAV zu verkn\u00fcpfen. Erfahren Sie Echtzeit-Produktions\u00fcbersicht!","_seopress_robots_index":"","footnotes":""},"categories":[52],"tags":[],"class_list":["post-5314","page","type-page","status-publish","has-post-thumbnail","hentry","category-referenzen"],"_links":{"self":[{"href":"https:\/\/navision-beratung.de\/fr\/wp-json\/wp\/v2\/pages\/5314","targetHints":{"allow":["GET"]}}],"collection":[{"href":"https:\/\/navision-beratung.de\/fr\/wp-json\/wp\/v2\/pages"}],"about":[{"href":"https:\/\/navision-beratung.de\/fr\/wp-json\/wp\/v2\/types\/page"}],"author":[{"embeddable":true,"href":"https:\/\/navision-beratung.de\/fr\/wp-json\/wp\/v2\/users\/1"}],"replies":[{"embeddable":true,"href":"https:\/\/navision-beratung.de\/fr\/wp-json\/wp\/v2\/comments?post=5314"}],"version-history":[{"count":0,"href":"https:\/\/navision-beratung.de\/fr\/wp-json\/wp\/v2\/pages\/5314\/revisions"}],"up":[{"embeddable":true,"href":"https:\/\/navision-beratung.de\/fr\/wp-json\/wp\/v2\/pages\/8787"}],"wp:featuredmedia":[{"embeddable":true,"href":"https:\/\/navision-beratung.de\/fr\/wp-json\/wp\/v2\/media\/11818"}],"wp:attachment":[{"href":"https:\/\/navision-beratung.de\/fr\/wp-json\/wp\/v2\/media?parent=5314"}],"wp:term":[{"taxonomy":"category","embeddable":true,"href":"https:\/\/navision-beratung.de\/fr\/wp-json\/wp\/v2\/categories?post=5314"},{"taxonomy":"post_tag","embeddable":true,"href":"https:\/\/navision-beratung.de\/fr\/wp-json\/wp\/v2\/tags?post=5314"}],"curies":[{"name":"wp","href":"https:\/\/api.w.org\/{rel}","templated":true}]}}