{"id":5250,"date":"2019-05-02T12:02:30","date_gmt":"2019-05-02T12:02:30","guid":{"rendered":"https:\/\/navision-beratung.de\/?page_id=5250"},"modified":"2019-05-02T12:02:30","modified_gmt":"2019-05-02T12:02:30","slug":"partner","status":"publish","type":"page","link":"https:\/\/navision-beratung.de\/fr\/partner\/","title":{"rendered":"Partenaires compl\u00e9mentaires"},"content":{"rendered":"<div id=\"pl-5250\"  class=\"panel-layout\" >\n<div id=\"pg-5250-0\"  class=\"panel-grid panel-no-style\"  data-style=\"{&quot;background_image_attachment&quot;:false,&quot;background_display&quot;:&quot;tile&quot;,&quot;cell_alignment&quot;:&quot;flex-start&quot;}\"  data-ratio=\"1\"  data-ratio-direction=\"right\" >\n<div id=\"pgc-5250-0-0\"  class=\"panel-grid-cell\"  data-weight=\"0.5\" >\n<div id=\"panel-5250-0-0-0\" class=\"so-panel widget widget_black-studio-tinymce widget_black_studio_tinymce panel-first-child\" data-index=\"0\" data-style=\"{&quot;background_image_attachment&quot;:false,&quot;background_display&quot;:&quot;tile&quot;,&quot;background_image_size&quot;:&quot;full&quot;,&quot;border_thickness&quot;:&quot;1px&quot;}\" >\n<div class=\"textwidget\"><img alt=\"\" decoding=\"async\" class=\"alignnone wp-image-7293 size-full\" src=\"https:\/\/navision-beratung.de\/wp-content\/uploads\/2022\/12\/continia_logo_2022.png\" width=\"250\" height=\"167\" \/><\/div>\n<\/div>\n<div id=\"panel-5250-0-0-1\" class=\"so-panel widget widget_black-studio-tinymce widget_black_studio_tinymce panel-last-child\" data-index=\"1\" data-style=\"{&quot;background_image_attachment&quot;:false,&quot;background_display&quot;:&quot;tile&quot;,&quot;background_image_size&quot;:&quot;full&quot;,&quot;border_thickness&quot;:&quot;1px&quot;}\" >\n<h3 class=\"widget-title\">Continia Software<\/h3>\n<div class=\"textwidget\"><strong>Continia<\/strong> d\u00e9veloppe des solutions compl\u00e9mentaires pour Microsoft Dynamics Business Central afin de rendre les processus financiers plus efficaces et de gagner du temps - It's About Time.<br \/>\nLes solutions <strong>Capture de documents<\/strong>, <strong>OPplus<\/strong>, <strong>Gestion des d\u00e9penses<\/strong>t et <strong>Sortie de documents<\/strong> offrent aux utilisateurs de Business Central du monde entier une valeur ajout\u00e9e dans leur travail quotidien.<\/div>\n<\/div>\n<\/div>\n<div id=\"pgc-5250-0-1\"  class=\"panel-grid-cell\"  data-weight=\"0.5\" >\n<div id=\"panel-5250-0-1-0\" class=\"so-panel widget widget_black-studio-tinymce widget_black_studio_tinymce panel-first-child\" data-index=\"2\" data-style=\"{&quot;background_image_attachment&quot;:false,&quot;background_display&quot;:&quot;tile&quot;}\" >\n<div class=\"textwidget\"><img alt=\"\" decoding=\"async\" class=\"size-full wp-image-5256 alignleft\" src=\"https:\/\/navision-beratung.de\/wp-content\/uploads\/2019\/05\/ForNAV-1.png\" width=\"250\" height=\"167\" \/><\/div>\n<\/div>\n<div id=\"panel-5250-0-1-1\" class=\"so-panel widget widget_black-studio-tinymce widget_black_studio_tinymce panel-last-child\" data-index=\"3\" data-style=\"{&quot;background_image_attachment&quot;:false,&quot;background_display&quot;:&quot;tile&quot;}\" >\n<h3 class=\"widget-title\">ForNAV Allemagne<\/h3>\n<div class=\"textwidget\">\n<p style=\"text-align: left;\">Le \"Reports ForNAV Designer\" ainsi que le \"Reports ForNAV Converter\" de notre partenaire Add-On <strong>ForNAV Allemagne<\/strong> sont des outils extr\u00eamement utiles pour cr\u00e9er et modifier des rapports dans Dynamics 365 Business Central ou Dynamics NAV.<\/p>\n<\/div>\n<\/div>\n<\/div>\n<\/div>\n<div id=\"pg-5250-1\"  class=\"panel-grid panel-no-style\"  data-style=\"{&quot;background_image_attachment&quot;:false,&quot;background_display&quot;:&quot;tile&quot;,&quot;cell_alignment&quot;:&quot;flex-start&quot;}\"  data-ratio=\"1\"  data-ratio-direction=\"right\" >\n<div id=\"pgc-5250-1-0\"  class=\"panel-grid-cell\"  data-weight=\"0.5\" >\n<div id=\"panel-5250-1-0-0\" class=\"so-panel widget widget_black-studio-tinymce widget_black_studio_tinymce panel-first-child\" data-index=\"4\" data-style=\"{&quot;background_image_attachment&quot;:false,&quot;background_display&quot;:&quot;tile&quot;}\" >\n<div class=\"textwidget\"><img alt=\"\" decoding=\"async\" class=\"size-full wp-image-5255 alignleft\" src=\"https:\/\/navision-beratung.de\/wp-content\/uploads\/2019\/05\/CKL.png\" width=\"250\" height=\"167\" \/><\/div>\n<\/div>\n<div id=\"panel-5250-1-0-1\" class=\"so-panel widget widget_black-studio-tinymce widget_black_studio_tinymce panel-last-child\" data-index=\"5\" data-style=\"{&quot;background_image_attachment&quot;:false,&quot;background_display&quot;:&quot;tile&quot;}\" >\n<h3 class=\"widget-title\">CKL<\/h3>\n<div class=\"textwidget\"><strong>CKL<\/strong> est un sp\u00e9cialiste de la comptabilit\u00e9 financi\u00e8re et des flux de valeurs, en particulier de la comptabilit\u00e9 analytique et de la r\u00e9gulation des stocks, qui font partie des points forts de notre partenaire Add-On.<\/div>\n<\/div>\n<\/div>\n<div id=\"pgc-5250-1-1\"  class=\"panel-grid-cell\"  data-weight=\"0.5\" >\n<div id=\"panel-5250-1-1-0\" class=\"so-panel widget widget_black-studio-tinymce widget_black_studio_tinymce panel-first-child\" data-index=\"6\" data-style=\"{&quot;background_image_attachment&quot;:false,&quot;background_display&quot;:&quot;tile&quot;}\" >\n<div class=\"textwidget\"><img alt=\"\" loading=\"lazy\" decoding=\"async\" src=\"https:\/\/navision-beratung.de\/wp-content\/uploads\/2019\/05\/windata.png\" width=\"250\" height=\"167\" class=\"alignnone size-full wp-image-5271\" \/><\/div>\n<\/div>\n<div id=\"panel-5250-1-1-1\" class=\"so-panel widget widget_black-studio-tinymce widget_black_studio_tinymce panel-last-child\" data-index=\"7\" data-style=\"{&quot;background_image_attachment&quot;:false,&quot;background_display&quot;:&quot;tile&quot;}\" >\n<h3 class=\"widget-title\">windata<\/h3>\n<div class=\"textwidget\">Avec des solutions modulaires, notre partenaire Add-On vous offre <strong>windata GmbH &amp; Co. KG<\/strong> Solutions pour le trafic des paiements nationaux et internationaux avec les derni\u00e8res normes de paiement et les proc\u00e9dures de s\u00e9curit\u00e9 actuelles, dont konfipay en tant que service web pour l'automatisation de vos processus commerciaux dans le trafic des paiements num\u00e9riques.<\/div>\n<\/div>\n<\/div>\n<\/div>\n<div id=\"pg-5250-2\"  class=\"panel-grid panel-no-style\"  data-style=\"{&quot;background_image_attachment&quot;:false,&quot;background_display&quot;:&quot;tile&quot;,&quot;cell_alignment&quot;:&quot;flex-start&quot;}\"  data-ratio=\"1\"  data-ratio-direction=\"right\" >\n<div id=\"pgc-5250-2-0\"  class=\"panel-grid-cell\"  data-weight=\"0.5\" >\n<div id=\"panel-5250-2-0-0\" class=\"so-panel widget widget_black-studio-tinymce widget_black_studio_tinymce panel-first-child\" data-index=\"8\" data-style=\"{&quot;background_image_attachment&quot;:false,&quot;background_display&quot;:&quot;tile&quot;}\" >\n<div class=\"textwidget\"><img alt=\"\" loading=\"lazy\" decoding=\"async\" class=\"size-full wp-image-5262 alignleft\" src=\"https:\/\/navision-beratung.de\/wp-content\/uploads\/2019\/05\/haveldata.png\" width=\"250\" height=\"167\" \/><\/div>\n<\/div>\n<div id=\"panel-5250-2-0-1\" class=\"so-panel widget widget_black-studio-tinymce widget_black_studio_tinymce panel-last-child\" data-index=\"9\" data-style=\"{&quot;background_image_attachment&quot;:false,&quot;background_display&quot;:&quot;tile&quot;}\" >\n<h3 class=\"widget-title\">haveldata GmbH<\/h3>\n<div class=\"textwidget\">Avec \"NACO6-Kostenrechnung\" pour toutes les t\u00e2ches de comptabilit\u00e9 interne et \"NAPA3-Personalwirtschaft\" pour la gestion du personnel, la gestion du temps et la paie, notre partenaire Add-On offre <strong>haveldata GmbH<\/strong> deux solutions compl\u00e8tes et performantes pour votre application Dynamics 365 Business Central ou NAV.<\/div>\n<\/div>\n<\/div>\n<div id=\"pgc-5250-2-1\"  class=\"panel-grid-cell\"  data-weight=\"0.5\" >\n<div id=\"panel-5250-2-1-0\" class=\"so-panel widget widget_black-studio-tinymce widget_black_studio_tinymce panel-first-child\" data-index=\"10\" data-style=\"{&quot;background_image_attachment&quot;:false,&quot;background_display&quot;:&quot;tile&quot;}\" >\n<div class=\"textwidget\"><img alt=\"\" loading=\"lazy\" decoding=\"async\" class=\"alignnone size-full wp-image-5310\" src=\"https:\/\/navision-beratung.de\/wp-content\/uploads\/2019\/05\/idyn_logo.png\" width=\"250\" height=\"167\" \/><\/div>\n<\/div>\n<div id=\"panel-5250-2-1-1\" class=\"so-panel widget widget_black-studio-tinymce widget_black_studio_tinymce panel-last-child\" data-index=\"11\" data-style=\"{&quot;background_image_attachment&quot;:false,&quot;background_display&quot;:&quot;tile&quot;}\" >\n<h3 class=\"widget-title\">idyn<\/h3>\n<div class=\"textwidget\">Notre partenaire add-on <strong>idyn<\/strong> met \u00e0 la disposition des d\u00e9veloppeurs Dynamics NAV un outil puissant, \"Object Mangager Advanced\" (en abr\u00e9g\u00e9 : OMA) - vous pouvez ainsi am\u00e9liorer consid\u00e9rablement la qualit\u00e9 de votre travail de d\u00e9veloppement.<\/div>\n<\/div>\n<\/div>\n<\/div>\n<div id=\"pg-5250-3\"  class=\"panel-grid panel-no-style\"  data-style=\"{&quot;background_image_attachment&quot;:false,&quot;background_display&quot;:&quot;tile&quot;,&quot;cell_alignment&quot;:&quot;flex-start&quot;}\"  data-ratio=\"1\"  data-ratio-direction=\"right\" >\n<div id=\"pgc-5250-3-0\"  class=\"panel-grid-cell panel-grid-cell-mobile-last\"  data-weight=\"0.5\" >\n<div id=\"panel-5250-3-0-0\" class=\"so-panel widget widget_black-studio-tinymce widget_black_studio_tinymce panel-first-child\" data-index=\"12\" data-style=\"{&quot;background_image_attachment&quot;:false,&quot;background_display&quot;:&quot;tile&quot;}\" >\n<div class=\"textwidget\"><img alt=\"\" loading=\"lazy\" decoding=\"async\" class=\"alignnone size-full wp-image-5274\" src=\"https:\/\/navision-beratung.de\/wp-content\/uploads\/2019\/05\/sana.png\" width=\"250\" height=\"167\" \/><\/div>\n<\/div>\n<div id=\"panel-5250-3-0-1\" class=\"so-panel widget widget_black-studio-tinymce widget_black_studio_tinymce panel-last-child\" data-index=\"13\" data-style=\"{&quot;background_image_attachment&quot;:false,&quot;background_display&quot;:&quot;tile&quot;}\" >\n<h3 class=\"widget-title\">Sana Commerce<\/h3>\n<div class=\"textwidget\">Notre partenaire Add-On <strong>Sana Commerce EMEA B.V.<\/strong> offre avec Sana Commerce une solution de boutique en ligne pour B2B et B2C qui s'int\u00e8gre parfaitement dans votre paysage Dynamics 365 Business Central ou NAV - pour une interaction parfaite entre ERP et boutique en ligne.<\/div>\n<\/div>\n<\/div>\n<div id=\"pgc-5250-3-1\"  class=\"panel-grid-cell panel-grid-cell-empty\"  data-weight=\"0.5\" ><\/div>\n<\/div>\n<\/div>","protected":false},"excerpt":{"rendered":"<p>Continia Software Continia entwickelt Add-on L\u00f6sungen f\u00fcr Microsoft Dynamics Business Central zur effizienten und zeitsparenden Gestaltung von Finanzprozessen \u2013 It\u2019s About Time. Die L\u00f6sungen Document Capture, OPplus, Expense Management und Document Output bieten Business Central Anwendern weltweit einen Mehrwert in ihrer t\u00e4glichen Arbeit. ForNAV Deutschland Der \u201eReports ForNAV Designer\u201c sowie der \u201eReports ForNAV Converter\u201c unseres [&hellip;]<\/p>","protected":false},"author":1,"featured_media":3019,"parent":0,"menu_order":0,"comment_status":"closed","ping_status":"closed","template":"","meta":{"_seopress_robots_primary_cat":"","_seopress_titles_title":"Effiziente Add-ons f\u00fcr Dynamics Business Central","_seopress_titles_desc":"Entdecken Sie leistungsstarke Add-ons f\u00fcr Microsoft Dynamics Business Central. Optimieren Sie Finanzprozesse mit Document Capture und mehr!","_seopress_robots_index":"","footnotes":""},"categories":[],"tags":[],"class_list":["post-5250","page","type-page","status-publish","has-post-thumbnail","hentry"],"_links":{"self":[{"href":"https:\/\/navision-beratung.de\/fr\/wp-json\/wp\/v2\/pages\/5250","targetHints":{"allow":["GET"]}}],"collection":[{"href":"https:\/\/navision-beratung.de\/fr\/wp-json\/wp\/v2\/pages"}],"about":[{"href":"https:\/\/navision-beratung.de\/fr\/wp-json\/wp\/v2\/types\/page"}],"author":[{"embeddable":true,"href":"https:\/\/navision-beratung.de\/fr\/wp-json\/wp\/v2\/users\/1"}],"replies":[{"embeddable":true,"href":"https:\/\/navision-beratung.de\/fr\/wp-json\/wp\/v2\/comments?post=5250"}],"version-history":[{"count":0,"href":"https:\/\/navision-beratung.de\/fr\/wp-json\/wp\/v2\/pages\/5250\/revisions"}],"wp:featuredmedia":[{"embeddable":true,"href":"https:\/\/navision-beratung.de\/fr\/wp-json\/wp\/v2\/media\/3019"}],"wp:attachment":[{"href":"https:\/\/navision-beratung.de\/fr\/wp-json\/wp\/v2\/media?parent=5250"}],"wp:term":[{"taxonomy":"category","embeddable":true,"href":"https:\/\/navision-beratung.de\/fr\/wp-json\/wp\/v2\/categories?post=5250"},{"taxonomy":"post_tag","embeddable":true,"href":"https:\/\/navision-beratung.de\/fr\/wp-json\/wp\/v2\/tags?post=5250"}],"curies":[{"name":"wp","href":"https:\/\/api.w.org\/{rel}","templated":true}]}}