{"id":5190,"date":"2019-04-17T11:15:19","date_gmt":"2019-04-17T11:15:19","guid":{"rendered":"https:\/\/navision-beratung.de\/?page_id=5190"},"modified":"2025-05-26T10:25:58","modified_gmt":"2025-05-26T08:25:58","slug":"referenzprojekte-der-br-ag-bioenergie-branche","status":"publish","type":"page","link":"https:\/\/navision-beratung.de\/fr\/referenzen\/referenzprojekte-der-br-ag-bioenergie-branche\/","title":{"rendered":"Projets de r\u00e9f\u00e9rence de br AG : secteur de la bio\u00e9nergie"},"content":{"rendered":"<p>Notre journ\u00e9e <strong>Projet de r\u00e9f\u00e9rence<\/strong> de bartolome r\u00f6der AG, que nous aimerions vous pr\u00e9senter \u00e0 titre d'exemple, comprend l'introduction de Microsoft Dynamics NAV 2016 dans la <strong>Secteur de la bio\u00e9nergie<\/strong>.<br \/>\nL'entreprise, qui exploite de grandes installations de biogaz, emploie environ 50 personnes, dont 10 sont des utilisateurs de Dynamics NAV.<\/p>\n<p>Avec Dynamics NAV, un processus ERP a \u00e9t\u00e9 introduit pour la premi\u00e8re fois dans l'entreprise, apr\u00e8s que les processus commerciaux quotidiens l'aient exig\u00e9, car un traitement manuel n'\u00e9tait plus \u00e9conomique et g\u00e9rable. L'objectif avant le lancement du projet \u00e9tait de d\u00e9velopper une solution sectorielle pour le secteur des installations de biogaz afin de standardiser et d'automatiser le traitement des processus d'achat et de facturation.<\/p>\n<h3><strong><u>Challenge<\/u><\/strong><\/h3>\n<p>Le d\u00e9fi de ce projet r\u00e9sidait d'une part dans les particularit\u00e9s du syst\u00e8me de d\u00e9compte, car les dettes sont cr\u00e9\u00e9es au cours d'une proc\u00e9dure d'avoir et le fournisseur n'\u00e9tablit g\u00e9n\u00e9ralement pas de facture directe pour les livraisons de marchandises. D'autre part, la d\u00e9termination des prix est influenc\u00e9e par de nombreux facteurs externes qui devaient \u00eatre visibles et modifiables tout au long de la cha\u00eene de processus.<\/p>\n<h3><strong><u>Les points forts du projet<\/u><\/strong><\/h3>\n<p>Ci-apr\u00e8s, \u00e0 titre d'exemple, les<strong> Points forts du projet<\/strong> sont pr\u00e9sent\u00e9s.<\/p>\n<p>Le site <strong>Gestion des contrats de r\u00e9colte<\/strong> avec les fournisseurs de substrats permet un envoi automatis\u00e9 de courriers pour la consultation annuelle des surfaces cultiv\u00e9es.<\/p>\n<p>Dans le domaine de l'imagerie et <strong>Gestion des parcelles<\/strong> une visualisation sur Google-Earth est mise \u00e0 disposition avec Google-Maps, ce qui constitue une aide importante pour le collaborateur lors de la planification des interventions et des r\u00e9coltes afin d'optimiser les trajets.<\/p>\n<p>En outre, un <strong>Syst\u00e8me BANF de r\u00e9colte<\/strong> qui permet de g\u00e9rer les contrats de r\u00e9colte avec les agriculteurs. Il est par exemple possible de saisir quels fruits l'agriculteur met \u00e0 disposition, dans quel volume et \u00e0 quel prix.<br \/>\nSur la base d'\u00e9chantillons de laboratoire pr\u00e9lev\u00e9s sur les livraisons entrantes, il est possible de d\u00e9terminer la qualit\u00e9 et de g\u00e9n\u00e9rer ainsi des majorations ou des r\u00e9ductions sur le prix de base dans Dynamics NAV.<\/p>\n<p>Une autre fonctionnalit\u00e9 est la <strong>Planification de la campagne de r\u00e9colte<\/strong> de la r\u00e9colte. Par exemple, la p\u00e9riode de r\u00e9colte est d\u00e9termin\u00e9e \u00e0 l'avance. Si nous prenons l'exemple de la \"r\u00e9colte d'herbe\" et de la p\u00e9riode du 01.04 au 30.04, la campagne de r\u00e9colte d'herbe est planifi\u00e9e avec des agriculteurs d\u00e9finis. Dynamics NAV peut alors envoyer une lettre automatique de demande de surface aux agriculteurs concern\u00e9s. Les BANF peuvent \u00eatre r\u00e9cup\u00e9r\u00e9es \u00e0 partir des contrats existants avec les agriculteurs. Il est possible de voir imm\u00e9diatement quels agriculteurs entrent en ligne de compte. Les BANF servent alors d'objet de planification. La quantit\u00e9 peut alors \u00eatre planifi\u00e9e sur la base de la BANF, par exemple 2 hectares d'herbe avec la quantit\u00e9 planifi\u00e9e correspondante. Ceci est enti\u00e8rement enregistr\u00e9 dans la NAV.<br \/>\nDivers <strong>Services de r\u00e9colte<\/strong>Les services n\u00e9cessaires peuvent \u00eatre planifi\u00e9s et cr\u00e9\u00e9s sous forme de nomenclatures. Les commandes sont automatiquement g\u00e9n\u00e9r\u00e9es par NAV \u00e0 partir de ces planifications de services. A partir de la <strong>Planification du mat\u00e9riel<\/strong> des agriculteurs, les commandes de mat\u00e9riel sont g\u00e9n\u00e9r\u00e9es.<\/p>\n<p>Un autre point fort du projet a \u00e9t\u00e9 la mise en place d'une <strong>interface g\u00e9n\u00e9rique pour l'importation de donn\u00e9es de pesage<\/strong> \u00e0 partir de syst\u00e8mes de pesage. Ainsi, les livraisons des agriculteurs ou des prestataires de services sont enregistr\u00e9es et les pes\u00e9es peuvent \u00eatre import\u00e9es dans une fiche de pes\u00e9e dans Dynamics NAV. Gr\u00e2ce \u00e0 un num\u00e9ro de r\u00e9f\u00e9rence, une pes\u00e9e peut \u00eatre automatiquement attribu\u00e9e \u00e0 une commande. Les \u00e9chantillons de laboratoire dont il a \u00e9t\u00e9 question plus t\u00f4t sont \u00e9galement li\u00e9s \u00e0 ces num\u00e9ros de r\u00e9f\u00e9rence. La base de donn\u00e9es externe du laboratoire est reli\u00e9e \u00e0 Dynamics NAV, ce qui permet d'attribuer directement des valeurs.<\/p>\n<h2><strong><u>R\u00e9alisation du projet<\/u><\/strong><\/h2>\n<p>Le projet a pu \u00eatre r\u00e9alis\u00e9 en l'espace de cinq mois. Dynamics NAV a \u00e9t\u00e9 impl\u00e9ment\u00e9 sous forme de prototype dans le cadre d'une proc\u00e9dure it\u00e9rative et a \u00e9t\u00e9 compl\u00e9t\u00e9 au fur et \u00e0 mesure par les fonctions n\u00e9cessaires.<\/p>","protected":false},"excerpt":{"rendered":"<p>Notre projet de r\u00e9f\u00e9rence d'aujourd'hui de bartolome r\u00f6der AG, que nous souhaitons vous pr\u00e9senter \u00e0 titre d'exemple, comprend l'introduction de Microsoft Dynamics NAV 2016 dans le secteur de la bio\u00e9nergie. L'entreprise, qui exploite de grandes installations de biogaz, emploie environ 50 personnes, dont 10 sont des utilisateurs de Dynamics NAV. Avec Dynamics NAV, un processus ERP a \u00e9t\u00e9 introduit pour la premi\u00e8re fois dans l'entreprise, apr\u00e8s que les processus commerciaux quotidiens [...].<\/p>","protected":false},"author":1,"featured_media":11826,"parent":8787,"menu_order":0,"comment_status":"closed","ping_status":"closed","template":"","meta":{"_seopress_robots_primary_cat":"","_seopress_titles_title":"ERP-L\u00f6sung in Biogas: Effizienz mit Dynamics NAV","_seopress_titles_desc":"Optimieren Sie Ihre Bioenergieprozesse mit Microsoft Dynamics NAV 2016. Entdecken Sie innovative L\u00f6sungen f\u00fcr effiziente Gesch\u00e4ftsabl\u00e4ufe im Biogasanlagenbetrieb.","_seopress_robots_index":"","footnotes":""},"categories":[52],"tags":[],"class_list":["post-5190","page","type-page","status-publish","has-post-thumbnail","hentry","category-referenzen"],"_links":{"self":[{"href":"https:\/\/navision-beratung.de\/fr\/wp-json\/wp\/v2\/pages\/5190","targetHints":{"allow":["GET"]}}],"collection":[{"href":"https:\/\/navision-beratung.de\/fr\/wp-json\/wp\/v2\/pages"}],"about":[{"href":"https:\/\/navision-beratung.de\/fr\/wp-json\/wp\/v2\/types\/page"}],"author":[{"embeddable":true,"href":"https:\/\/navision-beratung.de\/fr\/wp-json\/wp\/v2\/users\/1"}],"replies":[{"embeddable":true,"href":"https:\/\/navision-beratung.de\/fr\/wp-json\/wp\/v2\/comments?post=5190"}],"version-history":[{"count":0,"href":"https:\/\/navision-beratung.de\/fr\/wp-json\/wp\/v2\/pages\/5190\/revisions"}],"up":[{"embeddable":true,"href":"https:\/\/navision-beratung.de\/fr\/wp-json\/wp\/v2\/pages\/8787"}],"wp:featuredmedia":[{"embeddable":true,"href":"https:\/\/navision-beratung.de\/fr\/wp-json\/wp\/v2\/media\/11826"}],"wp:attachment":[{"href":"https:\/\/navision-beratung.de\/fr\/wp-json\/wp\/v2\/media?parent=5190"}],"wp:term":[{"taxonomy":"category","embeddable":true,"href":"https:\/\/navision-beratung.de\/fr\/wp-json\/wp\/v2\/categories?post=5190"},{"taxonomy":"post_tag","embeddable":true,"href":"https:\/\/navision-beratung.de\/fr\/wp-json\/wp\/v2\/tags?post=5190"}],"curies":[{"name":"wp","href":"https:\/\/api.w.org\/{rel}","templated":true}]}}